{"id":2774,"date":"2022-11-06T15:22:09","date_gmt":"2022-11-06T15:22:09","guid":{"rendered":"https:\/\/ecuremapcenter.com\/?post_type=product&#038;p=2774"},"modified":"2026-01-16T11:59:21","modified_gmt":"2026-01-16T10:59:21","slug":"kess3-flashing-tool-master","status":"publish","type":"product","link":"https:\/\/ecuremapcenter.com\/de\/geschaft\/kess3-flashing-tool-master\/","title":{"rendered":"KESS3 Flashing Tool MASTER"},"content":{"rendered":"<p><strong>KESS3 vereint 3 Betriebsarten in einem Werkzeug. OBD-, Bench- und Boot-Modus.<\/strong><br \/>\nJeder Aspekt von KESS3 wurde sorgf\u00e4ltig entwickelt, um Leistung, betriebliche Flexibilit\u00e4t und Benutzerfreundlichkeit zu gew\u00e4hrleisten. Neuer Mikroprozessor, I\/O-Schnittstellen der neuesten Generation, neue integrierte Sensoren und leistungsstarke EEPROM- und FLASH-Speicher sind die Hauptmerkmale von KESS3.<\/p>\n<h5>Kofferinhalt<\/h5>\n<p><strong>KESS3-Hardware<\/strong><br \/>\n<strong>USB-Kabel<\/strong>, erforderlich f\u00fcr die Verbindung mit dem KESS3-Instrument \u00fcber den PC<br \/>\n<strong>Das OBD-Kabel der neuen Generation<\/strong><br \/>\n(Integriert alle Kommunikationsleitungen der verschiedenen Automobilhersteller; \u2013 kommunikationsf\u00e4hig mit Honda, Volvo, Lotus und Toyota.)<br \/>\n<strong>1400SWALIM<\/strong> Netzteil, das ausreichend Strom und Spannung liefern kann, um auf stabile und sichere Weise mit den elektronischen Steuereinheiten zu kommunizieren.<br \/>\n<strong>144300TALI<\/strong> Kabel, um das Instrument \u00fcber ein Tischnetzteil mit Strom zu versorgen (das Netzteil ist hingegen separat erh\u00e4ltlich)<br \/>\n<strong>144300KBNC<\/strong> Kabel zur Kommunikation mit den Steuerger\u00e4ten direkt auf der Werkbank<br \/>\n<strong>144300 KTER<\/strong> Paket, das alle f\u00fcr den Anschluss im BENCH- oder BOOT-Modus n\u00fctzlichen Kabel enth\u00e4lt. (Verl\u00e4ngerung).<br \/>\n<strong>144300T104<\/strong> Rainbow-Kabel IDC 26-10, bestehend aus 10 Dr\u00e4hten, zum direkten Anschluss an die Elektronikplatine der Steuereinheit.<br \/>\n<strong>144300T105<\/strong> Rainbow-Kabel IDC 26-16, bestehend aus 16 Dr\u00e4hten, zum direkten Anschluss an die Elektronikplatine der Steuereinheit.<br \/>\n<strong>144300T106<\/strong> Rainbow-Kabel IDC 26-26, bestehend aus 26 Dr\u00e4hten, zum direkten Anschluss an die Elektronikplatine der Steuereinheit.<\/p>","protected":false},"excerpt":{"rendered":"<p>Als All-in-One-Tool f\u00fcr OBD- und BENCH-BOOT-Verfahren verf\u00fcgt KESS3 nun \u00fcber eine v\u00f6llig neue Architektur, die um ein Vielfaches schnellere Verfahren als die alte Generation erm\u00f6glicht.<br \/>\nInklusive Koffer, s\u00e4mtlichem Zubeh\u00f6r und einem Jahr Support-Abonnement.<\/p>\n<h5><strong><br \/>\n<\/strong>Bitte w\u00e4hlen Sie Ihre Konfiguration:<\/h5>","protected":false},"featured_media":2800,"template":"","meta":[],"product_brand":[69],"product_cat":[119,41],"product_tag":[],"tool_configuration":[84],"tool_interface":[96,97,95],"flashing_tools":[88],"vehicle_types":[82,80,79,83,81],"class_list":{"0":"post-2774","1":"product","2":"type-product","3":"status-publish","4":"has-post-thumbnail","6":"product_brand-alientech","7":"product_cat-all-products","8":"product_cat-pro-tools","9":"product_shipping_class-heavy-items","10":"tool_configuration-master","11":"tool_interface-bench","12":"tool_interface-boot","13":"tool_interface-obd","14":"flashing_tools-kess3","15":"vehicle_types-agriculture","16":"vehicle_types-bike-atv","17":"vehicle_types-cars-lcv","18":"vehicle_types-marine","19":"vehicle_types-truck-bus","21":"first","22":"instock","23":"featured","24":"sold-individually","25":"taxable","26":"shipping-taxable","27":"purchasable","28":"product-type-bundle"},"bundled_by":[],"bundle_stock_status":"instock","bundle_stock_quantity":"","bundle_virtual":false,"bundle_layout":"default","bundle_add_to_cart_form_location":"default","bundle_editable_in_cart":true,"bundle_sold_individually_context":"product","bundle_item_grouping":"parent","bundle_min_size":1,"bundle_max_size":10,"bundle_price":{"price":{"min":{"incl_tax":"700","excl_tax":"700"},"max":{"incl_tax":"27414","excl_tax":"27414"}},"regular_price":{"min":{"incl_tax":"700","excl_tax":"700"},"max":{"incl_tax":"32590","excl_tax":"32590"}}},"bundled_items":[{"bundled_item_id":41,"product_id":4396,"menu_order":0,"quantity_min":1,"quantity_max":1,"quantity_default":1,"priced_individually":true,"shipped_individually":false,"override_title":true,"title":"KESS3-Flash-Tool-Hardware","override_description":true,"description":"","optional":false,"hide_thumbnail":false,"discount":"","override_variations":false,"allowed_variations":[],"override_default_variation_attributes":false,"default_variation_attributes":[],"single_product_visibility":"visible","cart_visibility":"visible","order_visibility":"visible","single_product_price_visibility":"visible","cart_price_visibility":"visible","order_price_visibility":"visible","stock_status":"in_stock"},{"bundled_item_id":1,"product_id":2779,"menu_order":1,"quantity_min":1,"quantity_max":1,"quantity_default":1,"priced_individually":true,"shipped_individually":true,"override_title":false,"title":"Aktivierung der KESS3 Master \u2013 Auto \u2013 LCV-OBD-Protokolle","override_description":false,"description":"","optional":true,"hide_thumbnail":true,"discount":"","override_variations":false,"allowed_variations":[],"override_default_variation_attributes":false,"default_variation_attributes":[],"single_product_visibility":"visible","cart_visibility":"visible","order_visibility":"visible","single_product_price_visibility":"visible","cart_price_visibility":"visible","order_price_visibility":"visible","stock_status":"in_stock"},{"bundled_item_id":6,"product_id":2934,"menu_order":2,"quantity_min":1,"quantity_max":1,"quantity_default":1,"priced_individually":true,"shipped_individually":true,"override_title":false,"title":"Aktivierung der Protokolle KESS3 Master \u2013 Auto \u2013 LCV Bench-Boot","override_description":false,"description":"","optional":true,"hide_thumbnail":false,"discount":"","override_variations":false,"allowed_variations":[],"override_default_variation_attributes":false,"default_variation_attributes":[],"single_product_visibility":"visible","cart_visibility":"visible","order_visibility":"visible","single_product_price_visibility":"visible","cart_price_visibility":"visible","order_price_visibility":"visible","stock_status":"in_stock"},{"bundled_item_id":129,"product_id":7793,"menu_order":3,"quantity_min":1,"quantity_max":1,"quantity_default":1,"priced_individually":true,"shipped_individually":true,"override_title":false,"title":"KESS3 Master \u2013 Car \u2013 LCV OBD & Bench-Boot Protocols activation Bundle","override_description":true,"description":"","optional":true,"hide_thumbnail":false,"discount":"","override_variations":false,"allowed_variations":[],"override_default_variation_attributes":false,"default_variation_attributes":[],"single_product_visibility":"visible","cart_visibility":"visible","order_visibility":"visible","single_product_price_visibility":"visible","cart_price_visibility":"visible","order_price_visibility":"visible","stock_status":"in_stock"},{"bundled_item_id":3,"product_id":2782,"menu_order":4,"quantity_min":1,"quantity_max":1,"quantity_default":1,"priced_individually":true,"shipped_individually":true,"override_title":false,"title":"Aktivierung der OBD-Protokolle f\u00fcr KESS3 Master \u2013 Landwirtschaft \u2013 LKW und Busse","override_description":false,"description":"","optional":true,"hide_thumbnail":true,"discount":"","override_variations":false,"allowed_variations":[],"override_default_variation_attributes":false,"default_variation_attributes":[],"single_product_visibility":"visible","cart_visibility":"visible","order_visibility":"visible","single_product_price_visibility":"visible","cart_price_visibility":"visible","order_price_visibility":"visible","stock_status":"in_stock"},{"bundled_item_id":8,"product_id":2939,"menu_order":5,"quantity_min":1,"quantity_max":1,"quantity_default":1,"priced_individually":true,"shipped_individually":true,"override_title":false,"title":"KESS3 Master \u2013 Aktivierung der Bench-Boot-Protokolle f\u00fcr Landwirtschaft \u2013 LKW und Busse","override_description":false,"description":"","optional":true,"hide_thumbnail":false,"discount":"","override_variations":false,"allowed_variations":[],"override_default_variation_attributes":false,"default_variation_attributes":[],"single_product_visibility":"visible","cart_visibility":"visible","order_visibility":"visible","single_product_price_visibility":"visible","cart_price_visibility":"visible","order_price_visibility":"visible","stock_status":"in_stock"},{"bundled_item_id":130,"product_id":7054,"menu_order":6,"quantity_min":1,"quantity_max":1,"quantity_default":1,"priced_individually":true,"shipped_individually":true,"override_title":false,"title":"KESS3 Master - Agriculture - Truck & Buses OBD & Bench-Boot Protocols activation Bundle","override_description":true,"description":"","optional":true,"hide_thumbnail":false,"discount":"","override_variations":false,"allowed_variations":[],"override_default_variation_attributes":false,"default_variation_attributes":[],"single_product_visibility":"visible","cart_visibility":"visible","order_visibility":"visible","single_product_price_visibility":"visible","cart_price_visibility":"visible","order_price_visibility":"visible","stock_status":"in_stock"},{"bundled_item_id":2,"product_id":2781,"menu_order":7,"quantity_min":1,"quantity_max":1,"quantity_default":1,"priced_individually":true,"shipped_individually":true,"override_title":false,"title":"Aktivierung der KESS3 Master \u2013 Bike \u2013 ATV- und UTV-OBD-Protokolle","override_description":false,"description":"","optional":true,"hide_thumbnail":true,"discount":"","override_variations":false,"allowed_variations":[],"override_default_variation_attributes":false,"default_variation_attributes":[],"single_product_visibility":"visible","cart_visibility":"visible","order_visibility":"visible","single_product_price_visibility":"visible","cart_price_visibility":"visible","order_price_visibility":"visible","stock_status":"in_stock"},{"bundled_item_id":7,"product_id":2937,"menu_order":8,"quantity_min":1,"quantity_max":1,"quantity_default":1,"priced_individually":true,"shipped_individually":true,"override_title":false,"title":"KESS3 Master \u2013 Bike \u2013 Aktivierung der ATV- und UTV-Bench-Boot-Protokolle","override_description":false,"description":"","optional":true,"hide_thumbnail":false,"discount":"","override_variations":false,"allowed_variations":[],"override_default_variation_attributes":false,"default_variation_attributes":[],"single_product_visibility":"visible","cart_visibility":"visible","order_visibility":"visible","single_product_price_visibility":"visible","cart_price_visibility":"visible","order_price_visibility":"visible","stock_status":"in_stock"},{"bundled_item_id":131,"product_id":8732,"menu_order":9,"quantity_min":1,"quantity_max":1,"quantity_default":1,"priced_individually":true,"shipped_individually":true,"override_title":false,"title":"KESS3 Master \u2013 Bike - ATV & UTV OBD & Bench-Boot Protocols activation Bundle","override_description":true,"description":"","optional":true,"hide_thumbnail":false,"discount":"","override_variations":false,"allowed_variations":[],"override_default_variation_attributes":false,"default_variation_attributes":[],"single_product_visibility":"visible","cart_visibility":"visible","order_visibility":"visible","single_product_price_visibility":"visible","cart_price_visibility":"visible","order_price_visibility":"visible","stock_status":"in_stock"},{"bundled_item_id":5,"product_id":2932,"menu_order":10,"quantity_min":1,"quantity_max":1,"quantity_default":1,"priced_individually":true,"shipped_individually":true,"override_title":false,"title":"KESS3 Master \u2013 Aktivierung der Marine- und PWC-OBD-Protokolle","override_description":false,"description":"","optional":true,"hide_thumbnail":false,"discount":"","override_variations":false,"allowed_variations":[],"override_default_variation_attributes":false,"default_variation_attributes":[],"single_product_visibility":"visible","cart_visibility":"visible","order_visibility":"visible","single_product_price_visibility":"visible","cart_price_visibility":"visible","order_price_visibility":"visible","stock_status":"in_stock"},{"bundled_item_id":9,"product_id":2941,"menu_order":11,"quantity_min":1,"quantity_max":1,"quantity_default":1,"priced_individually":true,"shipped_individually":true,"override_title":false,"title":"KESS3 Master \u2013 Aktivierung der Marine- und PWC-Bench-Boot-Protokolle","override_description":false,"description":"","optional":true,"hide_thumbnail":false,"discount":"","override_variations":false,"allowed_variations":[],"override_default_variation_attributes":false,"default_variation_attributes":[],"single_product_visibility":"visible","cart_visibility":"visible","order_visibility":"visible","single_product_price_visibility":"visible","cart_price_visibility":"visible","order_price_visibility":"visible","stock_status":"in_stock"},{"bundled_item_id":132,"product_id":8733,"menu_order":12,"quantity_min":1,"quantity_max":1,"quantity_default":1,"priced_individually":true,"shipped_individually":true,"override_title":false,"title":"KESS3 Master -  Marine & PWC OBD & Bench-Boot Protocols activation Bundle","override_description":true,"description":"","optional":true,"hide_thumbnail":false,"discount":"","override_variations":false,"allowed_variations":[],"override_default_variation_attributes":false,"default_variation_attributes":[],"single_product_visibility":"visible","cart_visibility":"visible","order_visibility":"visible","single_product_price_visibility":"visible","cart_price_visibility":"visible","order_price_visibility":"visible","stock_status":"in_stock"},{"bundled_item_id":94,"product_id":7579,"menu_order":13,"quantity_min":1,"quantity_max":1,"quantity_default":1,"priced_individually":true,"shipped_individually":true,"override_title":false,"title":"KESS3 Master - FULL OBD Protocols activation","override_description":true,"description":"","optional":true,"hide_thumbnail":false,"discount":"","override_variations":false,"allowed_variations":[],"override_default_variation_attributes":false,"default_variation_attributes":[],"single_product_visibility":"visible","cart_visibility":"visible","order_visibility":"visible","single_product_price_visibility":"visible","cart_price_visibility":"visible","order_price_visibility":"visible","stock_status":"in_stock"},{"bundled_item_id":133,"product_id":8727,"menu_order":14,"quantity_min":1,"quantity_max":1,"quantity_default":1,"priced_individually":true,"shipped_individually":true,"override_title":false,"title":"KESS3 Master - FULL Bench-BOOT Protocols activation","override_description":true,"description":"","optional":true,"hide_thumbnail":false,"discount":"","override_variations":false,"allowed_variations":[],"override_default_variation_attributes":false,"default_variation_attributes":[],"single_product_visibility":"visible","cart_visibility":"visible","order_visibility":"visible","single_product_price_visibility":"visible","cart_price_visibility":"visible","order_price_visibility":"visible","stock_status":"in_stock"},{"bundled_item_id":80,"product_id":6434,"menu_order":15,"quantity_min":1,"quantity_max":1,"quantity_default":1,"priced_individually":true,"shipped_individually":true,"override_title":false,"title":"DynoDrive","override_description":false,"description":"","optional":true,"hide_thumbnail":false,"discount":"","override_variations":false,"allowed_variations":[],"override_default_variation_attributes":false,"default_variation_attributes":[],"single_product_visibility":"visible","cart_visibility":"visible","order_visibility":"visible","single_product_price_visibility":"visible","cart_price_visibility":"visible","order_price_visibility":"visible","stock_status":"in_stock"}],"bundle_sell_ids":[],"group_of_quantity":0,"min_quantity":0,"max_quantity":"","exclude_order_quantity_value_rules":"no","exclude_category_quantity_rules":"no","combine_variations":"no","acf":[],"yoast_head":"<!-- This site is optimized with the Yoast SEO plugin v27.5 - https:\/\/yoast.com\/product\/yoast-seo-wordpress\/ -->\n<title>KESS3 Flashing Tool MASTER | ECU Remap Center<\/title>\n<meta name=\"robots\" content=\"index, follow, max-snippet:-1, max-image-preview:large, max-video-preview:-1\" \/>\n<link rel=\"canonical\" href=\"https:\/\/ecuremapcenter.com\/de\/geschaft\/kess3-flashing-tool-master\/\" \/>\n<meta property=\"og:locale\" content=\"de_DE\" \/>\n<meta property=\"og:type\" content=\"article\" \/>\n<meta property=\"og:title\" content=\"KESS3 Flashing Tool MASTER | ECU Remap Center\" \/>\n<meta property=\"og:description\" content=\"Now as an all-in-one tool for OBD and BENCH-BOOT procedures, KESS3 is here with a completely new arhitecture that allows multiple times faster procedures then old generation. Includes suitcase, all accessories and one year of support subscription.  Please choose your configuration:\" \/>\n<meta property=\"og:url\" content=\"https:\/\/ecuremapcenter.com\/de\/geschaft\/kess3-flashing-tool-master\/\" \/>\n<meta property=\"og:site_name\" content=\"ECU Remap Center\" \/>\n<meta property=\"article:publisher\" content=\"https:\/\/www.facebook.com\/ecuremapcenter\" \/>\n<meta property=\"article:modified_time\" content=\"2026-01-16T10:59:21+00:00\" \/>\n<meta property=\"og:image\" content=\"https:\/\/ecuremapcenter.com\/wp-content\/uploads\/2022\/11\/kess3-01.jpg\" \/>\n\t<meta property=\"og:image:width\" content=\"1000\" \/>\n\t<meta property=\"og:image:height\" content=\"1000\" \/>\n\t<meta property=\"og:image:type\" content=\"image\/jpeg\" \/>\n<meta name=\"twitter:card\" content=\"summary_large_image\" \/>\n<meta name=\"twitter:label1\" content=\"Gesch\u00e4tzte Lesezeit\" \/>\n\t<meta name=\"twitter:data1\" content=\"2\u00a0Minuten\" \/>\n<script type=\"application\/ld+json\" class=\"yoast-schema-graph\">{\"@context\":\"https:\\\/\\\/schema.org\",\"@graph\":[{\"@type\":\"WebPage\",\"@id\":\"https:\\\/\\\/ecuremapcenter.com\\\/shop\\\/kess3-flashing-tool-master\\\/\",\"url\":\"https:\\\/\\\/ecuremapcenter.com\\\/shop\\\/kess3-flashing-tool-master\\\/\",\"name\":\"KESS3 Flashing Tool MASTER | ECU Remap Center\",\"isPartOf\":{\"@id\":\"https:\\\/\\\/ecuremapcenter.com\\\/#website\"},\"primaryImageOfPage\":{\"@id\":\"https:\\\/\\\/ecuremapcenter.com\\\/shop\\\/kess3-flashing-tool-master\\\/#primaryimage\"},\"image\":{\"@id\":\"https:\\\/\\\/ecuremapcenter.com\\\/shop\\\/kess3-flashing-tool-master\\\/#primaryimage\"},\"thumbnailUrl\":\"https:\\\/\\\/ecuremapcenter.com\\\/wp-content\\\/uploads\\\/2022\\\/11\\\/kess3-01.jpg\",\"datePublished\":\"2022-11-06T15:22:09+00:00\",\"dateModified\":\"2026-01-16T10:59:21+00:00\",\"breadcrumb\":{\"@id\":\"https:\\\/\\\/ecuremapcenter.com\\\/shop\\\/kess3-flashing-tool-master\\\/#breadcrumb\"},\"inLanguage\":\"de\",\"potentialAction\":[{\"@type\":\"ReadAction\",\"target\":[\"https:\\\/\\\/ecuremapcenter.com\\\/shop\\\/kess3-flashing-tool-master\\\/\"]}]},{\"@type\":\"ImageObject\",\"inLanguage\":\"de\",\"@id\":\"https:\\\/\\\/ecuremapcenter.com\\\/shop\\\/kess3-flashing-tool-master\\\/#primaryimage\",\"url\":\"https:\\\/\\\/ecuremapcenter.com\\\/wp-content\\\/uploads\\\/2022\\\/11\\\/kess3-01.jpg\",\"contentUrl\":\"https:\\\/\\\/ecuremapcenter.com\\\/wp-content\\\/uploads\\\/2022\\\/11\\\/kess3-01.jpg\",\"width\":1000,\"height\":1000},{\"@type\":\"BreadcrumbList\",\"@id\":\"https:\\\/\\\/ecuremapcenter.com\\\/shop\\\/kess3-flashing-tool-master\\\/#breadcrumb\",\"itemListElement\":[{\"@type\":\"ListItem\",\"position\":1,\"name\":\"Home\",\"item\":\"https:\\\/\\\/ecuremapcenter.com\\\/\"},{\"@type\":\"ListItem\",\"position\":2,\"name\":\"Shop\",\"item\":\"https:\\\/\\\/ecuremapcenter.com\\\/shop\\\/\"},{\"@type\":\"ListItem\",\"position\":3,\"name\":\"KESS3 Flashing Tool MASTER\"}]},{\"@type\":\"WebSite\",\"@id\":\"https:\\\/\\\/ecuremapcenter.com\\\/#website\",\"url\":\"https:\\\/\\\/ecuremapcenter.com\\\/\",\"name\":\"ECU Remap Center\",\"description\":\"High quality ECU, TCU remaps and DPF Off, EGR Off, SCR Off solutions for chip tuning professionals\",\"publisher\":{\"@id\":\"https:\\\/\\\/ecuremapcenter.com\\\/#organization\"},\"alternateName\":\"ERC\",\"potentialAction\":[{\"@type\":\"SearchAction\",\"target\":{\"@type\":\"EntryPoint\",\"urlTemplate\":\"https:\\\/\\\/ecuremapcenter.com\\\/?s={search_term_string}\"},\"query-input\":{\"@type\":\"PropertyValueSpecification\",\"valueRequired\":true,\"valueName\":\"search_term_string\"}}],\"inLanguage\":\"de\"},{\"@type\":\"Organization\",\"@id\":\"https:\\\/\\\/ecuremapcenter.com\\\/#organization\",\"name\":\"ECU Remap Center\",\"alternateName\":\"ERC\",\"url\":\"https:\\\/\\\/ecuremapcenter.com\\\/\",\"logo\":{\"@type\":\"ImageObject\",\"inLanguage\":\"de\",\"@id\":\"https:\\\/\\\/ecuremapcenter.com\\\/#\\\/schema\\\/logo\\\/image\\\/\",\"url\":\"https:\\\/\\\/ecuremapcenter.com\\\/wp-content\\\/uploads\\\/2021\\\/06\\\/erc-logo.svg\",\"contentUrl\":\"https:\\\/\\\/ecuremapcenter.com\\\/wp-content\\\/uploads\\\/2021\\\/06\\\/erc-logo.svg\",\"width\":780,\"height\":236,\"caption\":\"ECU Remap Center\"},\"image\":{\"@id\":\"https:\\\/\\\/ecuremapcenter.com\\\/#\\\/schema\\\/logo\\\/image\\\/\"},\"sameAs\":[\"https:\\\/\\\/www.facebook.com\\\/ecuremapcenter\",\"https:\\\/\\\/www.instagram.com\\\/ecuremapcenter\\\/\"]}]}<\/script>\n<!-- \/ Yoast SEO plugin. -->","yoast_head_json":{"title":"KESS3 Flashing Tool MASTER | ECU-Remap-Center","robots":{"index":"index","follow":"follow","max-snippet":"max-snippet:-1","max-image-preview":"max-image-preview:large","max-video-preview":"max-video-preview:-1"},"canonical":"https:\/\/ecuremapcenter.com\/de\/geschaft\/kess3-flashing-tool-master\/","og_locale":"de_DE","og_type":"article","og_title":"KESS3 Flashing Tool MASTER | ECU Remap Center","og_description":"Now as an all-in-one tool for OBD and BENCH-BOOT procedures, KESS3 is here with a completely new arhitecture that allows multiple times faster procedures then old generation. Includes suitcase, all accessories and one year of support subscription.  Please choose your configuration:","og_url":"https:\/\/ecuremapcenter.com\/de\/geschaft\/kess3-flashing-tool-master\/","og_site_name":"ECU Remap Center","article_publisher":"https:\/\/www.facebook.com\/ecuremapcenter","article_modified_time":"2026-01-16T10:59:21+00:00","og_image":[{"width":1000,"height":1000,"url":"https:\/\/ecuremapcenter.com\/wp-content\/uploads\/2022\/11\/kess3-01.jpg","type":"image\/jpeg"}],"twitter_card":"summary_large_image","twitter_misc":{"Gesch\u00e4tzte Lesezeit":"2\u00a0Minuten"},"schema":{"@context":"https:\/\/schema.org","@graph":[{"@type":"WebPage","@id":"https:\/\/ecuremapcenter.com\/shop\/kess3-flashing-tool-master\/","url":"https:\/\/ecuremapcenter.com\/shop\/kess3-flashing-tool-master\/","name":"KESS3 Flashing Tool MASTER | ECU-Remap-Center","isPartOf":{"@id":"https:\/\/ecuremapcenter.com\/#website"},"primaryImageOfPage":{"@id":"https:\/\/ecuremapcenter.com\/shop\/kess3-flashing-tool-master\/#primaryimage"},"image":{"@id":"https:\/\/ecuremapcenter.com\/shop\/kess3-flashing-tool-master\/#primaryimage"},"thumbnailUrl":"https:\/\/ecuremapcenter.com\/wp-content\/uploads\/2022\/11\/kess3-01.jpg","datePublished":"2022-11-06T15:22:09+00:00","dateModified":"2026-01-16T10:59:21+00:00","breadcrumb":{"@id":"https:\/\/ecuremapcenter.com\/shop\/kess3-flashing-tool-master\/#breadcrumb"},"inLanguage":"de","potentialAction":[{"@type":"ReadAction","target":["https:\/\/ecuremapcenter.com\/shop\/kess3-flashing-tool-master\/"]}]},{"@type":"ImageObject","inLanguage":"de","@id":"https:\/\/ecuremapcenter.com\/shop\/kess3-flashing-tool-master\/#primaryimage","url":"https:\/\/ecuremapcenter.com\/wp-content\/uploads\/2022\/11\/kess3-01.jpg","contentUrl":"https:\/\/ecuremapcenter.com\/wp-content\/uploads\/2022\/11\/kess3-01.jpg","width":1000,"height":1000},{"@type":"BreadcrumbList","@id":"https:\/\/ecuremapcenter.com\/shop\/kess3-flashing-tool-master\/#breadcrumb","itemListElement":[{"@type":"ListItem","position":1,"name":"Home","item":"https:\/\/ecuremapcenter.com\/"},{"@type":"ListItem","position":2,"name":"Shop","item":"https:\/\/ecuremapcenter.com\/shop\/"},{"@type":"ListItem","position":3,"name":"KESS3 Flashing Tool MASTER"}]},{"@type":"WebSite","@id":"https:\/\/ecuremapcenter.com\/#website","url":"https:\/\/ecuremapcenter.com\/","name":"ECU-Remap-Center","description":"Hochwertige ECU- und TCU-Neuzuordnungen sowie DPF-Off-, EGR-Off- und SCR-Off-L\u00f6sungen f\u00fcr Chiptuning-Profis","publisher":{"@id":"https:\/\/ecuremapcenter.com\/#organization"},"alternateName":"ERC","potentialAction":[{"@type":"SearchAction","target":{"@type":"EntryPoint","urlTemplate":"https:\/\/ecuremapcenter.com\/?s={search_term_string}"},"query-input":{"@type":"PropertyValueSpecification","valueRequired":true,"valueName":"search_term_string"}}],"inLanguage":"de"},{"@type":"Organization","@id":"https:\/\/ecuremapcenter.com\/#organization","name":"ECU-Remap-Center","alternateName":"ERC","url":"https:\/\/ecuremapcenter.com\/","logo":{"@type":"ImageObject","inLanguage":"de","@id":"https:\/\/ecuremapcenter.com\/#\/schema\/logo\/image\/","url":"https:\/\/ecuremapcenter.com\/wp-content\/uploads\/2021\/06\/erc-logo.svg","contentUrl":"https:\/\/ecuremapcenter.com\/wp-content\/uploads\/2021\/06\/erc-logo.svg","width":780,"height":236,"caption":"ECU Remap Center"},"image":{"@id":"https:\/\/ecuremapcenter.com\/#\/schema\/logo\/image\/"},"sameAs":["https:\/\/www.facebook.com\/ecuremapcenter","https:\/\/www.instagram.com\/ecuremapcenter\/"]}]}},"_links":{"self":[{"href":"https:\/\/ecuremapcenter.com\/de\/wp-json\/wp\/v2\/product\/2774","targetHints":{"allow":["GET"]}}],"collection":[{"href":"https:\/\/ecuremapcenter.com\/de\/wp-json\/wp\/v2\/product"}],"about":[{"href":"https:\/\/ecuremapcenter.com\/de\/wp-json\/wp\/v2\/types\/product"}],"wp:featuredmedia":[{"embeddable":true,"href":"https:\/\/ecuremapcenter.com\/de\/wp-json\/wp\/v2\/media\/2800"}],"wp:attachment":[{"href":"https:\/\/ecuremapcenter.com\/de\/wp-json\/wp\/v2\/media?parent=2774"}],"wp:term":[{"taxonomy":"product_brand","embeddable":true,"href":"https:\/\/ecuremapcenter.com\/de\/wp-json\/wp\/v2\/product_brand?post=2774"},{"taxonomy":"product_cat","embeddable":true,"href":"https:\/\/ecuremapcenter.com\/de\/wp-json\/wp\/v2\/product_cat?post=2774"},{"taxonomy":"product_tag","embeddable":true,"href":"https:\/\/ecuremapcenter.com\/de\/wp-json\/wp\/v2\/product_tag?post=2774"},{"taxonomy":"tool_configuration","embeddable":true,"href":"https:\/\/ecuremapcenter.com\/de\/wp-json\/wp\/v2\/tool_configuration?post=2774"},{"taxonomy":"tool_interface","embeddable":true,"href":"https:\/\/ecuremapcenter.com\/de\/wp-json\/wp\/v2\/tool_interface?post=2774"},{"taxonomy":"flashing_tools","embeddable":true,"href":"https:\/\/ecuremapcenter.com\/de\/wp-json\/wp\/v2\/flashing_tools?post=2774"},{"taxonomy":"vehicle_types","embeddable":true,"href":"https:\/\/ecuremapcenter.com\/de\/wp-json\/wp\/v2\/vehicle_types?post=2774"}],"curies":[{"name":"wp","href":"https:\/\/api.w.org\/{rel}","templated":true}]}}