{"id":4096,"date":"2023-02-06T14:13:53","date_gmt":"2023-02-06T13:13:53","guid":{"rendered":"https:\/\/ecuremapcenter.com\/?post_type=product&#038;p=4096"},"modified":"2024-10-25T14:59:21","modified_gmt":"2024-10-25T13:59:21","slug":"bei-silikonhulle","status":"publish","type":"product","link":"https:\/\/ecuremapcenter.com\/de\/geschaft\/bei-silikonhulle\/","title":{"rendered":"Autotuner-Silikonh\u00fclle"},"content":{"rendered":"<p>Die Autotuner-Silikonschutzh\u00fclle ist ein Muss f\u00fcr jeden vorsichtigen Tuner. Es ist sto\u00dffest und liegt gut in der Hand, sodass Ihr wertvolles Autotuner-Werkzeug sicher und gesch\u00fctzt aufbewahrt wird.<\/p>","protected":false},"excerpt":{"rendered":"<p>Diese Silikonschutzh\u00fclle ist sto\u00dffest und hat einen guten Griff. Sie bewahrt Ihr wertvolles Autotuner-Werkzeug sicher auf.<\/p>","protected":false},"featured_media":4191,"template":"","meta":[],"product_brand":[71],"product_cat":[42,119],"product_tag":[],"tool_configuration":[],"tool_interface":[],"flashing_tools":[89],"vehicle_types":[],"class_list":{"0":"post-4096","1":"product","2":"type-product","3":"status-publish","4":"has-post-thumbnail","6":"product_brand-autotuner","7":"product_cat-accessories","8":"product_cat-all-products","9":"flashing_tools-autotuner","11":"first","12":"onbackorder","13":"taxable","14":"shipping-taxable","15":"purchasable","16":"product-type-simple"},"bundled_by":[],"bundle_stock_status":"onbackorder","bundle_stock_quantity":0,"bundle_virtual":false,"bundle_layout":"","bundle_add_to_cart_form_location":"","bundle_editable_in_cart":false,"bundle_sold_individually_context":"","bundle_item_grouping":"","bundle_min_size":"","bundle_max_size":"","bundle_price":[],"bundled_items":[],"bundle_sell_ids":[],"group_of_quantity":0,"min_quantity":0,"max_quantity":"","exclude_order_quantity_value_rules":"no","exclude_category_quantity_rules":"no","combine_variations":"no","acf":[],"yoast_head":"<!-- This site is optimized with the Yoast SEO plugin v27.3 - https:\/\/yoast.com\/product\/yoast-seo-wordpress\/ -->\n<title>Autotuner Silicone Case | ECU Remap Center<\/title>\n<meta name=\"robots\" content=\"index, follow, max-snippet:-1, max-image-preview:large, max-video-preview:-1\" \/>\n<link rel=\"canonical\" href=\"https:\/\/ecuremapcenter.com\/de\/geschaft\/bei-silikonhulle\/\" \/>\n<meta property=\"og:locale\" content=\"de_DE\" \/>\n<meta property=\"og:type\" content=\"article\" \/>\n<meta property=\"og:title\" content=\"Autotuner Silicone Case | ECU Remap Center\" \/>\n<meta property=\"og:description\" content=\"Shock proof and with a nice grip, this silicone protection case will keep your precious Autotuner tool safe and sound.\" \/>\n<meta property=\"og:url\" content=\"https:\/\/ecuremapcenter.com\/de\/geschaft\/bei-silikonhulle\/\" \/>\n<meta property=\"og:site_name\" content=\"ECU Remap Center\" \/>\n<meta property=\"article:publisher\" content=\"https:\/\/www.facebook.com\/ecuremapcenter\" \/>\n<meta property=\"article:modified_time\" content=\"2024-10-25T13:59:21+00:00\" \/>\n<meta property=\"og:image\" content=\"https:\/\/ecuremapcenter.com\/wp-content\/uploads\/2023\/02\/autotuner-sillicone-case.jpg\" \/>\n\t<meta property=\"og:image:width\" content=\"1000\" \/>\n\t<meta property=\"og:image:height\" content=\"1000\" \/>\n\t<meta property=\"og:image:type\" content=\"image\/jpeg\" \/>\n<meta name=\"twitter:card\" content=\"summary_large_image\" \/>\n<meta name=\"twitter:label1\" content=\"Gesch\u00e4tzte Lesezeit\" \/>\n\t<meta name=\"twitter:data1\" content=\"1\u00a0Minute\" \/>\n<script type=\"application\/ld+json\" class=\"yoast-schema-graph\">{\"@context\":\"https:\\\/\\\/schema.org\",\"@graph\":[{\"@type\":\"WebPage\",\"@id\":\"https:\\\/\\\/ecuremapcenter.com\\\/shop\\\/at-silicone-case\\\/\",\"url\":\"https:\\\/\\\/ecuremapcenter.com\\\/shop\\\/at-silicone-case\\\/\",\"name\":\"Autotuner Silicone Case | ECU Remap Center\",\"isPartOf\":{\"@id\":\"https:\\\/\\\/ecuremapcenter.com\\\/#website\"},\"primaryImageOfPage\":{\"@id\":\"https:\\\/\\\/ecuremapcenter.com\\\/shop\\\/at-silicone-case\\\/#primaryimage\"},\"image\":{\"@id\":\"https:\\\/\\\/ecuremapcenter.com\\\/shop\\\/at-silicone-case\\\/#primaryimage\"},\"thumbnailUrl\":\"https:\\\/\\\/ecuremapcenter.com\\\/wp-content\\\/uploads\\\/2023\\\/02\\\/autotuner-sillicone-case.jpg\",\"datePublished\":\"2023-02-06T13:13:53+00:00\",\"dateModified\":\"2024-10-25T13:59:21+00:00\",\"breadcrumb\":{\"@id\":\"https:\\\/\\\/ecuremapcenter.com\\\/shop\\\/at-silicone-case\\\/#breadcrumb\"},\"inLanguage\":\"de\",\"potentialAction\":[{\"@type\":\"ReadAction\",\"target\":[\"https:\\\/\\\/ecuremapcenter.com\\\/shop\\\/at-silicone-case\\\/\"]}]},{\"@type\":\"ImageObject\",\"inLanguage\":\"de\",\"@id\":\"https:\\\/\\\/ecuremapcenter.com\\\/shop\\\/at-silicone-case\\\/#primaryimage\",\"url\":\"https:\\\/\\\/ecuremapcenter.com\\\/wp-content\\\/uploads\\\/2023\\\/02\\\/autotuner-sillicone-case.jpg\",\"contentUrl\":\"https:\\\/\\\/ecuremapcenter.com\\\/wp-content\\\/uploads\\\/2023\\\/02\\\/autotuner-sillicone-case.jpg\",\"width\":1000,\"height\":1000},{\"@type\":\"BreadcrumbList\",\"@id\":\"https:\\\/\\\/ecuremapcenter.com\\\/shop\\\/at-silicone-case\\\/#breadcrumb\",\"itemListElement\":[{\"@type\":\"ListItem\",\"position\":1,\"name\":\"Home\",\"item\":\"https:\\\/\\\/ecuremapcenter.com\\\/\"},{\"@type\":\"ListItem\",\"position\":2,\"name\":\"Shop\",\"item\":\"https:\\\/\\\/ecuremapcenter.com\\\/shop\\\/\"},{\"@type\":\"ListItem\",\"position\":3,\"name\":\"Autotuner Silicone Case\"}]},{\"@type\":\"WebSite\",\"@id\":\"https:\\\/\\\/ecuremapcenter.com\\\/#website\",\"url\":\"https:\\\/\\\/ecuremapcenter.com\\\/\",\"name\":\"ECU Remap Center\",\"description\":\"High quality ECU, TCU remaps and DPF Off, EGR Off, SCR Off solutions for chip tuning professionals\",\"publisher\":{\"@id\":\"https:\\\/\\\/ecuremapcenter.com\\\/#organization\"},\"alternateName\":\"ERC\",\"potentialAction\":[{\"@type\":\"SearchAction\",\"target\":{\"@type\":\"EntryPoint\",\"urlTemplate\":\"https:\\\/\\\/ecuremapcenter.com\\\/?s={search_term_string}\"},\"query-input\":{\"@type\":\"PropertyValueSpecification\",\"valueRequired\":true,\"valueName\":\"search_term_string\"}}],\"inLanguage\":\"de\"},{\"@type\":\"Organization\",\"@id\":\"https:\\\/\\\/ecuremapcenter.com\\\/#organization\",\"name\":\"ECU Remap Center\",\"alternateName\":\"ERC\",\"url\":\"https:\\\/\\\/ecuremapcenter.com\\\/\",\"logo\":{\"@type\":\"ImageObject\",\"inLanguage\":\"de\",\"@id\":\"https:\\\/\\\/ecuremapcenter.com\\\/#\\\/schema\\\/logo\\\/image\\\/\",\"url\":\"https:\\\/\\\/ecuremapcenter.com\\\/wp-content\\\/uploads\\\/2021\\\/06\\\/erc-logo.svg\",\"contentUrl\":\"https:\\\/\\\/ecuremapcenter.com\\\/wp-content\\\/uploads\\\/2021\\\/06\\\/erc-logo.svg\",\"width\":780,\"height\":236,\"caption\":\"ECU Remap Center\"},\"image\":{\"@id\":\"https:\\\/\\\/ecuremapcenter.com\\\/#\\\/schema\\\/logo\\\/image\\\/\"},\"sameAs\":[\"https:\\\/\\\/www.facebook.com\\\/ecuremapcenter\",\"https:\\\/\\\/www.instagram.com\\\/ecuremapcenter\\\/\"]}]}<\/script>\n<!-- \/ Yoast SEO plugin. -->","yoast_head_json":{"title":"Autotuner Silikonh\u00fclle | ECU-Remap-Center","robots":{"index":"index","follow":"follow","max-snippet":"max-snippet:-1","max-image-preview":"max-image-preview:large","max-video-preview":"max-video-preview:-1"},"canonical":"https:\/\/ecuremapcenter.com\/de\/geschaft\/bei-silikonhulle\/","og_locale":"de_DE","og_type":"article","og_title":"Autotuner Silicone Case | ECU Remap Center","og_description":"Shock proof and with a nice grip, this silicone protection case will keep your precious Autotuner tool safe and sound.","og_url":"https:\/\/ecuremapcenter.com\/de\/geschaft\/bei-silikonhulle\/","og_site_name":"ECU Remap Center","article_publisher":"https:\/\/www.facebook.com\/ecuremapcenter","article_modified_time":"2024-10-25T13:59:21+00:00","og_image":[{"width":1000,"height":1000,"url":"https:\/\/ecuremapcenter.com\/wp-content\/uploads\/2023\/02\/autotuner-sillicone-case.jpg","type":"image\/jpeg"}],"twitter_card":"summary_large_image","twitter_misc":{"Gesch\u00e4tzte Lesezeit":"1\u00a0Minute"},"schema":{"@context":"https:\/\/schema.org","@graph":[{"@type":"WebPage","@id":"https:\/\/ecuremapcenter.com\/shop\/at-silicone-case\/","url":"https:\/\/ecuremapcenter.com\/shop\/at-silicone-case\/","name":"Autotuner Silikonh\u00fclle | ECU-Remap-Center","isPartOf":{"@id":"https:\/\/ecuremapcenter.com\/#website"},"primaryImageOfPage":{"@id":"https:\/\/ecuremapcenter.com\/shop\/at-silicone-case\/#primaryimage"},"image":{"@id":"https:\/\/ecuremapcenter.com\/shop\/at-silicone-case\/#primaryimage"},"thumbnailUrl":"https:\/\/ecuremapcenter.com\/wp-content\/uploads\/2023\/02\/autotuner-sillicone-case.jpg","datePublished":"2023-02-06T13:13:53+00:00","dateModified":"2024-10-25T13:59:21+00:00","breadcrumb":{"@id":"https:\/\/ecuremapcenter.com\/shop\/at-silicone-case\/#breadcrumb"},"inLanguage":"de","potentialAction":[{"@type":"ReadAction","target":["https:\/\/ecuremapcenter.com\/shop\/at-silicone-case\/"]}]},{"@type":"ImageObject","inLanguage":"de","@id":"https:\/\/ecuremapcenter.com\/shop\/at-silicone-case\/#primaryimage","url":"https:\/\/ecuremapcenter.com\/wp-content\/uploads\/2023\/02\/autotuner-sillicone-case.jpg","contentUrl":"https:\/\/ecuremapcenter.com\/wp-content\/uploads\/2023\/02\/autotuner-sillicone-case.jpg","width":1000,"height":1000},{"@type":"BreadcrumbList","@id":"https:\/\/ecuremapcenter.com\/shop\/at-silicone-case\/#breadcrumb","itemListElement":[{"@type":"ListItem","position":1,"name":"Home","item":"https:\/\/ecuremapcenter.com\/"},{"@type":"ListItem","position":2,"name":"Shop","item":"https:\/\/ecuremapcenter.com\/shop\/"},{"@type":"ListItem","position":3,"name":"Autotuner Silicone Case"}]},{"@type":"WebSite","@id":"https:\/\/ecuremapcenter.com\/#website","url":"https:\/\/ecuremapcenter.com\/","name":"ECU-Remap-Center","description":"Hochwertige ECU- und TCU-Neuzuordnungen sowie DPF-Off-, EGR-Off- und SCR-Off-L\u00f6sungen f\u00fcr Chiptuning-Profis","publisher":{"@id":"https:\/\/ecuremapcenter.com\/#organization"},"alternateName":"ERC","potentialAction":[{"@type":"SearchAction","target":{"@type":"EntryPoint","urlTemplate":"https:\/\/ecuremapcenter.com\/?s={search_term_string}"},"query-input":{"@type":"PropertyValueSpecification","valueRequired":true,"valueName":"search_term_string"}}],"inLanguage":"de"},{"@type":"Organization","@id":"https:\/\/ecuremapcenter.com\/#organization","name":"ECU-Remap-Center","alternateName":"ERC","url":"https:\/\/ecuremapcenter.com\/","logo":{"@type":"ImageObject","inLanguage":"de","@id":"https:\/\/ecuremapcenter.com\/#\/schema\/logo\/image\/","url":"https:\/\/ecuremapcenter.com\/wp-content\/uploads\/2021\/06\/erc-logo.svg","contentUrl":"https:\/\/ecuremapcenter.com\/wp-content\/uploads\/2021\/06\/erc-logo.svg","width":780,"height":236,"caption":"ECU Remap Center"},"image":{"@id":"https:\/\/ecuremapcenter.com\/#\/schema\/logo\/image\/"},"sameAs":["https:\/\/www.facebook.com\/ecuremapcenter","https:\/\/www.instagram.com\/ecuremapcenter\/"]}]}},"_links":{"self":[{"href":"https:\/\/ecuremapcenter.com\/de\/wp-json\/wp\/v2\/product\/4096","targetHints":{"allow":["GET"]}}],"collection":[{"href":"https:\/\/ecuremapcenter.com\/de\/wp-json\/wp\/v2\/product"}],"about":[{"href":"https:\/\/ecuremapcenter.com\/de\/wp-json\/wp\/v2\/types\/product"}],"wp:featuredmedia":[{"embeddable":true,"href":"https:\/\/ecuremapcenter.com\/de\/wp-json\/wp\/v2\/media\/4191"}],"wp:attachment":[{"href":"https:\/\/ecuremapcenter.com\/de\/wp-json\/wp\/v2\/media?parent=4096"}],"wp:term":[{"taxonomy":"product_brand","embeddable":true,"href":"https:\/\/ecuremapcenter.com\/de\/wp-json\/wp\/v2\/product_brand?post=4096"},{"taxonomy":"product_cat","embeddable":true,"href":"https:\/\/ecuremapcenter.com\/de\/wp-json\/wp\/v2\/product_cat?post=4096"},{"taxonomy":"product_tag","embeddable":true,"href":"https:\/\/ecuremapcenter.com\/de\/wp-json\/wp\/v2\/product_tag?post=4096"},{"taxonomy":"tool_configuration","embeddable":true,"href":"https:\/\/ecuremapcenter.com\/de\/wp-json\/wp\/v2\/tool_configuration?post=4096"},{"taxonomy":"tool_interface","embeddable":true,"href":"https:\/\/ecuremapcenter.com\/de\/wp-json\/wp\/v2\/tool_interface?post=4096"},{"taxonomy":"flashing_tools","embeddable":true,"href":"https:\/\/ecuremapcenter.com\/de\/wp-json\/wp\/v2\/flashing_tools?post=4096"},{"taxonomy":"vehicle_types","embeddable":true,"href":"https:\/\/ecuremapcenter.com\/de\/wp-json\/wp\/v2\/vehicle_types?post=4096"}],"curies":[{"name":"wp","href":"https:\/\/api.w.org\/{rel}","templated":true}]}}