{"id":4946,"date":"2025-04-01T12:06:52","date_gmt":"2025-04-01T11:06:52","guid":{"rendered":"https:\/\/ecuremapcenter.com\/?post_type=product&#038;p=4946"},"modified":"2026-02-20T10:55:14","modified_gmt":"2026-02-20T09:55:14","slug":"erc-pwg3-tune-my-car-kit","status":"publish","type":"product","link":"https:\/\/ecuremapcenter.com\/de\/geschaft\/erc-pwg3-tune-my-car-kit\/","title":{"rendered":"ERC PWG3+ Tune My Car Kit"},"content":{"rendered":"<p>ERC TUNE YOUR CAR Kit mit Alientech Powergate 3+<\/p>\n<p><strong>Beinhaltet:<\/strong><br \/>\nPowergate 3+ ECU-Blinkger\u00e4t f\u00fcr Autos<br \/>\nStandard 16-Pin-OBD2-Kabel<br \/>\nUSB-Kabel<br \/>\nProtokolle nur f\u00fcr CARS<br \/>\nOriginal file and a custom Power Stage 1 or Power Stage 2 file for your car (file uploading via laptop needed).<br \/>\nZus\u00e4tzliche Tunings oder Deaktivierungen k\u00f6nnen separat erworben werden.<\/p>\n<p><strong>Notiz:<\/strong> <strong>Dieses Ger\u00e4t wird bei der ersten Verwendung an ein einzelnes Fahrzeug gebunden!<\/strong><\/p>","protected":false},"excerpt":{"rendered":"<p>ERC TUNE YOUR CAR Kit mit Alientech Powergate 3+<\/p>\n<p><strong>Beinhaltet:<\/strong><br \/>\nPowergate 3+ ECU-Blinkger\u00e4t f\u00fcr Autos<br \/>\nStandard 16-Pin-OBD2-Kabel<br \/>\nUSB-Kabel<br \/>\nProtokolle nur f\u00fcr CARS<br \/>\nOriginaldatei und eine benutzerdefinierte Power Stage 1- oder Power Stage 2-Datei f\u00fcr Ihr Auto (Dateihochladen \u00fcber PC und Verarbeitung erforderlich).<\/p>\n<p><strong>Notiz:<\/strong> Dieses Ger\u00e4t wird bei der ersten Verwendung an ein einzelnes Fahrzeug gebunden!<\/p>\n<p><em><strong>F\u00fcr eine Kompatibilit\u00e4tspr\u00fcfung finden Sie die Fahrzeugliste im Abschnitt \u201eDownloads\u201c oder kontaktieren Sie uns unter <a href=\"mailto:sales@ecuremapcenter.com\">sales@ecuremapcenter.com<\/a> mit Ihren Fahrzeugdaten!<\/strong><\/em><\/p>","protected":false},"featured_media":4439,"template":"","meta":[],"product_brand":[69],"product_cat":[119,104,132],"product_tag":[],"tool_configuration":[85],"tool_interface":[95],"flashing_tools":[121],"vehicle_types":[79],"class_list":{"0":"post-4946","1":"product","2":"type-product","3":"status-publish","4":"has-post-thumbnail","6":"product_brand-alientech","7":"product_cat-all-products","8":"product_cat-erc","9":"product_cat-tune-my-vehicle-kits","10":"product_shipping_class-small-items","11":"tool_configuration-slave","12":"tool_interface-obd","13":"flashing_tools-powergate-3","14":"vehicle_types-cars-lcv","16":"first","17":"instock","18":"sale","19":"featured","20":"sold-individually","21":"taxable","22":"shipping-taxable","23":"purchasable","24":"product-type-bundle"},"bundled_by":[],"bundle_stock_status":"instock","bundle_stock_quantity":2,"bundle_virtual":false,"bundle_layout":"default","bundle_add_to_cart_form_location":"default","bundle_editable_in_cart":false,"bundle_sold_individually_context":"product","bundle_item_grouping":"noindent","bundle_min_size":"","bundle_max_size":"","bundle_price":{"price":{"min":{"incl_tax":"149","excl_tax":"149"},"max":{"incl_tax":"149","excl_tax":"149"}},"regular_price":{"min":{"incl_tax":"280","excl_tax":"280"},"max":{"incl_tax":"280","excl_tax":"280"}}},"bundled_items":[{"bundled_item_id":62,"product_id":3971,"menu_order":0,"quantity_min":1,"quantity_max":1,"quantity_default":1,"priced_individually":false,"shipped_individually":false,"override_title":false,"title":"POWERGATE 3+ Benutzereinheit f\u00fcr Autos","override_description":false,"description":"","optional":false,"hide_thumbnail":false,"discount":"","override_variations":false,"allowed_variations":[],"override_default_variation_attributes":false,"default_variation_attributes":[],"single_product_visibility":"hidden","cart_visibility":"hidden","order_visibility":"hidden","single_product_price_visibility":"visible","cart_price_visibility":"visible","order_price_visibility":"visible","stock_status":"in_stock"}],"bundle_sell_ids":[],"group_of_quantity":0,"min_quantity":1,"max_quantity":1,"exclude_order_quantity_value_rules":"no","exclude_category_quantity_rules":"no","combine_variations":"no","acf":[],"yoast_head":"<!-- This site is optimized with the Yoast SEO plugin v27.4 - https:\/\/yoast.com\/product\/yoast-seo-wordpress\/ -->\n<title>ERC PWG3+ Tune My Car Kit | ECU Remap Center<\/title>\n<meta name=\"robots\" content=\"index, follow, max-snippet:-1, max-image-preview:large, max-video-preview:-1\" \/>\n<link rel=\"canonical\" href=\"https:\/\/ecuremapcenter.com\/de\/geschaft\/erc-pwg3-tune-my-car-kit\/\" \/>\n<meta property=\"og:locale\" content=\"de_DE\" \/>\n<meta property=\"og:type\" content=\"article\" \/>\n<meta property=\"og:title\" content=\"ERC PWG3+ Tune My Car Kit | ECU Remap Center\" \/>\n<meta property=\"og:description\" content=\"ERC TUNE YOUR CAR Kit powered by Alientech Powergate 3+  Includes: Powergate 3+ ECU flashing device for Cars Standard 16 pin OBD2 cable USB Cable Protocols for CARS only Original file and a custom Power Stage 1 or Power Stage 2 file for your car (file uploading via PC and processing needed).  Note: This device will be VIN LOCKED to a single vehicle on first use!  For a compatibility check, please find vehicle list under Downloads section or contact us on sales@ecuremapcenter.com with your vehicle details!\" \/>\n<meta property=\"og:url\" content=\"https:\/\/ecuremapcenter.com\/de\/geschaft\/erc-pwg3-tune-my-car-kit\/\" \/>\n<meta property=\"og:site_name\" content=\"ECU Remap Center\" \/>\n<meta property=\"article:publisher\" content=\"https:\/\/www.facebook.com\/ecuremapcenter\" \/>\n<meta property=\"article:modified_time\" content=\"2026-02-20T09:55:14+00:00\" \/>\n<meta property=\"og:image\" content=\"https:\/\/ecuremapcenter.com\/wp-content\/uploads\/2023\/02\/powergate3-car-01.jpg\" \/>\n\t<meta property=\"og:image:width\" content=\"1200\" \/>\n\t<meta property=\"og:image:height\" content=\"1200\" \/>\n\t<meta property=\"og:image:type\" content=\"image\/jpeg\" \/>\n<meta name=\"twitter:card\" content=\"summary_large_image\" \/>\n<meta name=\"twitter:label1\" content=\"Gesch\u00e4tzte Lesezeit\" \/>\n\t<meta name=\"twitter:data1\" content=\"2\u00a0Minuten\" \/>\n<script type=\"application\/ld+json\" class=\"yoast-schema-graph\">{\"@context\":\"https:\\\/\\\/schema.org\",\"@graph\":[{\"@type\":\"WebPage\",\"@id\":\"https:\\\/\\\/ecuremapcenter.com\\\/shop\\\/erc-pwg3-tune-my-car-kit\\\/\",\"url\":\"https:\\\/\\\/ecuremapcenter.com\\\/shop\\\/erc-pwg3-tune-my-car-kit\\\/\",\"name\":\"ERC PWG3+ Tune My Car Kit | ECU Remap Center\",\"isPartOf\":{\"@id\":\"https:\\\/\\\/ecuremapcenter.com\\\/#website\"},\"primaryImageOfPage\":{\"@id\":\"https:\\\/\\\/ecuremapcenter.com\\\/shop\\\/erc-pwg3-tune-my-car-kit\\\/#primaryimage\"},\"image\":{\"@id\":\"https:\\\/\\\/ecuremapcenter.com\\\/shop\\\/erc-pwg3-tune-my-car-kit\\\/#primaryimage\"},\"thumbnailUrl\":\"https:\\\/\\\/ecuremapcenter.com\\\/wp-content\\\/uploads\\\/2023\\\/02\\\/powergate3-car-01.jpg\",\"datePublished\":\"2025-04-01T11:06:52+00:00\",\"dateModified\":\"2026-02-20T09:55:14+00:00\",\"breadcrumb\":{\"@id\":\"https:\\\/\\\/ecuremapcenter.com\\\/shop\\\/erc-pwg3-tune-my-car-kit\\\/#breadcrumb\"},\"inLanguage\":\"de\",\"potentialAction\":[{\"@type\":\"ReadAction\",\"target\":[\"https:\\\/\\\/ecuremapcenter.com\\\/shop\\\/erc-pwg3-tune-my-car-kit\\\/\"]}]},{\"@type\":\"ImageObject\",\"inLanguage\":\"de\",\"@id\":\"https:\\\/\\\/ecuremapcenter.com\\\/shop\\\/erc-pwg3-tune-my-car-kit\\\/#primaryimage\",\"url\":\"https:\\\/\\\/ecuremapcenter.com\\\/wp-content\\\/uploads\\\/2023\\\/02\\\/powergate3-car-01.jpg\",\"contentUrl\":\"https:\\\/\\\/ecuremapcenter.com\\\/wp-content\\\/uploads\\\/2023\\\/02\\\/powergate3-car-01.jpg\",\"width\":1200,\"height\":1200},{\"@type\":\"BreadcrumbList\",\"@id\":\"https:\\\/\\\/ecuremapcenter.com\\\/shop\\\/erc-pwg3-tune-my-car-kit\\\/#breadcrumb\",\"itemListElement\":[{\"@type\":\"ListItem\",\"position\":1,\"name\":\"Home\",\"item\":\"https:\\\/\\\/ecuremapcenter.com\\\/\"},{\"@type\":\"ListItem\",\"position\":2,\"name\":\"Shop\",\"item\":\"https:\\\/\\\/ecuremapcenter.com\\\/shop\\\/\"},{\"@type\":\"ListItem\",\"position\":3,\"name\":\"ERC PWG3+ Tune My Car Kit\"}]},{\"@type\":\"WebSite\",\"@id\":\"https:\\\/\\\/ecuremapcenter.com\\\/#website\",\"url\":\"https:\\\/\\\/ecuremapcenter.com\\\/\",\"name\":\"ECU Remap Center\",\"description\":\"High quality ECU, TCU remaps and DPF Off, EGR Off, SCR Off solutions for chip tuning professionals\",\"publisher\":{\"@id\":\"https:\\\/\\\/ecuremapcenter.com\\\/#organization\"},\"alternateName\":\"ERC\",\"potentialAction\":[{\"@type\":\"SearchAction\",\"target\":{\"@type\":\"EntryPoint\",\"urlTemplate\":\"https:\\\/\\\/ecuremapcenter.com\\\/?s={search_term_string}\"},\"query-input\":{\"@type\":\"PropertyValueSpecification\",\"valueRequired\":true,\"valueName\":\"search_term_string\"}}],\"inLanguage\":\"de\"},{\"@type\":\"Organization\",\"@id\":\"https:\\\/\\\/ecuremapcenter.com\\\/#organization\",\"name\":\"ECU Remap Center\",\"alternateName\":\"ERC\",\"url\":\"https:\\\/\\\/ecuremapcenter.com\\\/\",\"logo\":{\"@type\":\"ImageObject\",\"inLanguage\":\"de\",\"@id\":\"https:\\\/\\\/ecuremapcenter.com\\\/#\\\/schema\\\/logo\\\/image\\\/\",\"url\":\"https:\\\/\\\/ecuremapcenter.com\\\/wp-content\\\/uploads\\\/2021\\\/06\\\/erc-logo.svg\",\"contentUrl\":\"https:\\\/\\\/ecuremapcenter.com\\\/wp-content\\\/uploads\\\/2021\\\/06\\\/erc-logo.svg\",\"width\":780,\"height\":236,\"caption\":\"ECU Remap Center\"},\"image\":{\"@id\":\"https:\\\/\\\/ecuremapcenter.com\\\/#\\\/schema\\\/logo\\\/image\\\/\"},\"sameAs\":[\"https:\\\/\\\/www.facebook.com\\\/ecuremapcenter\",\"https:\\\/\\\/www.instagram.com\\\/ecuremapcenter\\\/\"]}]}<\/script>\n<!-- \/ Yoast SEO plugin. -->","yoast_head_json":{"title":"ERC PWG3+ Tune My Car Kit | ECU Remap Center","robots":{"index":"index","follow":"follow","max-snippet":"max-snippet:-1","max-image-preview":"max-image-preview:large","max-video-preview":"max-video-preview:-1"},"canonical":"https:\/\/ecuremapcenter.com\/de\/geschaft\/erc-pwg3-tune-my-car-kit\/","og_locale":"de_DE","og_type":"article","og_title":"ERC PWG3+ Tune My Car Kit | ECU Remap Center","og_description":"ERC TUNE YOUR CAR Kit powered by Alientech Powergate 3+  Includes: Powergate 3+ ECU flashing device for Cars Standard 16 pin OBD2 cable USB Cable Protocols for CARS only Original file and a custom Power Stage 1 or Power Stage 2 file for your car (file uploading via PC and processing needed).  Note: This device will be VIN LOCKED to a single vehicle on first use!  For a compatibility check, please find vehicle list under Downloads section or contact us on sales@ecuremapcenter.com with your vehicle details!","og_url":"https:\/\/ecuremapcenter.com\/de\/geschaft\/erc-pwg3-tune-my-car-kit\/","og_site_name":"ECU Remap Center","article_publisher":"https:\/\/www.facebook.com\/ecuremapcenter","article_modified_time":"2026-02-20T09:55:14+00:00","og_image":[{"width":1200,"height":1200,"url":"https:\/\/ecuremapcenter.com\/wp-content\/uploads\/2023\/02\/powergate3-car-01.jpg","type":"image\/jpeg"}],"twitter_card":"summary_large_image","twitter_misc":{"Gesch\u00e4tzte Lesezeit":"2\u00a0Minuten"},"schema":{"@context":"https:\/\/schema.org","@graph":[{"@type":"WebPage","@id":"https:\/\/ecuremapcenter.com\/shop\/erc-pwg3-tune-my-car-kit\/","url":"https:\/\/ecuremapcenter.com\/shop\/erc-pwg3-tune-my-car-kit\/","name":"ERC PWG3+ Tune My Car Kit | ECU Remap Center","isPartOf":{"@id":"https:\/\/ecuremapcenter.com\/#website"},"primaryImageOfPage":{"@id":"https:\/\/ecuremapcenter.com\/shop\/erc-pwg3-tune-my-car-kit\/#primaryimage"},"image":{"@id":"https:\/\/ecuremapcenter.com\/shop\/erc-pwg3-tune-my-car-kit\/#primaryimage"},"thumbnailUrl":"https:\/\/ecuremapcenter.com\/wp-content\/uploads\/2023\/02\/powergate3-car-01.jpg","datePublished":"2025-04-01T11:06:52+00:00","dateModified":"2026-02-20T09:55:14+00:00","breadcrumb":{"@id":"https:\/\/ecuremapcenter.com\/shop\/erc-pwg3-tune-my-car-kit\/#breadcrumb"},"inLanguage":"de","potentialAction":[{"@type":"ReadAction","target":["https:\/\/ecuremapcenter.com\/shop\/erc-pwg3-tune-my-car-kit\/"]}]},{"@type":"ImageObject","inLanguage":"de","@id":"https:\/\/ecuremapcenter.com\/shop\/erc-pwg3-tune-my-car-kit\/#primaryimage","url":"https:\/\/ecuremapcenter.com\/wp-content\/uploads\/2023\/02\/powergate3-car-01.jpg","contentUrl":"https:\/\/ecuremapcenter.com\/wp-content\/uploads\/2023\/02\/powergate3-car-01.jpg","width":1200,"height":1200},{"@type":"BreadcrumbList","@id":"https:\/\/ecuremapcenter.com\/shop\/erc-pwg3-tune-my-car-kit\/#breadcrumb","itemListElement":[{"@type":"ListItem","position":1,"name":"Home","item":"https:\/\/ecuremapcenter.com\/"},{"@type":"ListItem","position":2,"name":"Shop","item":"https:\/\/ecuremapcenter.com\/shop\/"},{"@type":"ListItem","position":3,"name":"ERC PWG3+ Tune My Car Kit"}]},{"@type":"WebSite","@id":"https:\/\/ecuremapcenter.com\/#website","url":"https:\/\/ecuremapcenter.com\/","name":"ECU-Remap-Center","description":"Hochwertige ECU- und TCU-Neuzuordnungen sowie DPF-Off-, EGR-Off- und SCR-Off-L\u00f6sungen f\u00fcr Chiptuning-Profis","publisher":{"@id":"https:\/\/ecuremapcenter.com\/#organization"},"alternateName":"ERC","potentialAction":[{"@type":"SearchAction","target":{"@type":"EntryPoint","urlTemplate":"https:\/\/ecuremapcenter.com\/?s={search_term_string}"},"query-input":{"@type":"PropertyValueSpecification","valueRequired":true,"valueName":"search_term_string"}}],"inLanguage":"de"},{"@type":"Organization","@id":"https:\/\/ecuremapcenter.com\/#organization","name":"ECU-Remap-Center","alternateName":"ERC","url":"https:\/\/ecuremapcenter.com\/","logo":{"@type":"ImageObject","inLanguage":"de","@id":"https:\/\/ecuremapcenter.com\/#\/schema\/logo\/image\/","url":"https:\/\/ecuremapcenter.com\/wp-content\/uploads\/2021\/06\/erc-logo.svg","contentUrl":"https:\/\/ecuremapcenter.com\/wp-content\/uploads\/2021\/06\/erc-logo.svg","width":780,"height":236,"caption":"ECU Remap Center"},"image":{"@id":"https:\/\/ecuremapcenter.com\/#\/schema\/logo\/image\/"},"sameAs":["https:\/\/www.facebook.com\/ecuremapcenter","https:\/\/www.instagram.com\/ecuremapcenter\/"]}]}},"_links":{"self":[{"href":"https:\/\/ecuremapcenter.com\/de\/wp-json\/wp\/v2\/product\/4946","targetHints":{"allow":["GET"]}}],"collection":[{"href":"https:\/\/ecuremapcenter.com\/de\/wp-json\/wp\/v2\/product"}],"about":[{"href":"https:\/\/ecuremapcenter.com\/de\/wp-json\/wp\/v2\/types\/product"}],"wp:featuredmedia":[{"embeddable":true,"href":"https:\/\/ecuremapcenter.com\/de\/wp-json\/wp\/v2\/media\/4439"}],"wp:attachment":[{"href":"https:\/\/ecuremapcenter.com\/de\/wp-json\/wp\/v2\/media?parent=4946"}],"wp:term":[{"taxonomy":"product_brand","embeddable":true,"href":"https:\/\/ecuremapcenter.com\/de\/wp-json\/wp\/v2\/product_brand?post=4946"},{"taxonomy":"product_cat","embeddable":true,"href":"https:\/\/ecuremapcenter.com\/de\/wp-json\/wp\/v2\/product_cat?post=4946"},{"taxonomy":"product_tag","embeddable":true,"href":"https:\/\/ecuremapcenter.com\/de\/wp-json\/wp\/v2\/product_tag?post=4946"},{"taxonomy":"tool_configuration","embeddable":true,"href":"https:\/\/ecuremapcenter.com\/de\/wp-json\/wp\/v2\/tool_configuration?post=4946"},{"taxonomy":"tool_interface","embeddable":true,"href":"https:\/\/ecuremapcenter.com\/de\/wp-json\/wp\/v2\/tool_interface?post=4946"},{"taxonomy":"flashing_tools","embeddable":true,"href":"https:\/\/ecuremapcenter.com\/de\/wp-json\/wp\/v2\/flashing_tools?post=4946"},{"taxonomy":"vehicle_types","embeddable":true,"href":"https:\/\/ecuremapcenter.com\/de\/wp-json\/wp\/v2\/vehicle_types?post=4946"}],"curies":[{"name":"wp","href":"https:\/\/api.w.org\/{rel}","templated":true}]}}