{"id":6373,"date":"2024-06-07T14:32:40","date_gmt":"2024-06-07T13:32:40","guid":{"rendered":"https:\/\/ecuremapcenter.com\/?post_type=product&#038;p=6373"},"modified":"2024-10-25T14:59:06","modified_gmt":"2024-10-25T13:59:06","slug":"ecu-tuning-in-der-werkstatt-2","status":"publish","type":"product","link":"https:\/\/ecuremapcenter.com\/de\/geschaft\/ecu-tuning-in-der-werkstatt-2\/","title":{"rendered":"ECU-Tuning in der Werkstatt"},"content":{"rendered":"<p>Senden Sie uns Ihr Steuerger\u00e4t zur R\u00fcckversetzung in den Originalzustand oder zum Tuning zu.<br \/>\nBitte kontaktieren Sie uns, um vor der Bestellung alles zu \u00fcberpr\u00fcfen und zu best\u00e4tigen!<\/p>","protected":false},"excerpt":{"rendered":"<p>Senden Sie uns Ihr Steuerger\u00e4t zur Wiederherstellung des Originalzustands oder zum Tuning. Bitte kontaktieren Sie uns, um alles vor der Bestellung zu \u00fcberpr\u00fcfen und zu best\u00e4tigen!<\/p>","protected":false},"featured_media":2322,"template":"","meta":[],"product_brand":[],"product_cat":[119,104],"product_tag":[],"tool_configuration":[],"tool_interface":[],"flashing_tools":[],"vehicle_types":[],"class_list":{"0":"post-6373","1":"product","2":"type-product","3":"status-publish","4":"has-post-thumbnail","6":"product_cat-all-products","7":"product_cat-erc","9":"first","10":"instock","11":"virtual","12":"sold-individually","13":"taxable","14":"purchasable","15":"product-type-simple"},"bundled_by":[],"bundle_stock_status":"instock","bundle_stock_quantity":null,"bundle_virtual":false,"bundle_layout":"","bundle_add_to_cart_form_location":"","bundle_editable_in_cart":false,"bundle_sold_individually_context":"","bundle_item_grouping":"","bundle_min_size":"","bundle_max_size":"","bundle_price":[],"bundled_items":[],"bundle_sell_ids":[],"group_of_quantity":0,"min_quantity":0,"max_quantity":"","exclude_order_quantity_value_rules":"no","exclude_category_quantity_rules":"no","combine_variations":"no","acf":[],"yoast_head":"<!-- This site is optimized with the Yoast SEO plugin v27.5 - https:\/\/yoast.com\/product\/yoast-seo-wordpress\/ -->\n<title>ECU Tuning in Workshop | ECU Remap Center<\/title>\n<meta name=\"robots\" content=\"index, follow, max-snippet:-1, max-image-preview:large, max-video-preview:-1\" \/>\n<link rel=\"canonical\" href=\"https:\/\/ecuremapcenter.com\/de\/geschaft\/ecu-tuning-in-der-werkstatt-2\/\" \/>\n<meta property=\"og:locale\" content=\"de_DE\" \/>\n<meta property=\"og:type\" content=\"article\" \/>\n<meta property=\"og:title\" content=\"ECU Tuning in Workshop | ECU Remap Center\" \/>\n<meta property=\"og:description\" content=\"Send us your ECU for returning to original or for tuning. Please contact us to check and validate everything before ordering!\" \/>\n<meta property=\"og:url\" content=\"https:\/\/ecuremapcenter.com\/de\/geschaft\/ecu-tuning-in-der-werkstatt-2\/\" \/>\n<meta property=\"og:site_name\" content=\"ECU Remap Center\" \/>\n<meta property=\"article:publisher\" content=\"https:\/\/www.facebook.com\/ecuremapcenter\" \/>\n<meta property=\"article:modified_time\" content=\"2024-10-25T13:59:06+00:00\" \/>\n<meta property=\"og:image\" content=\"https:\/\/ecuremapcenter.com\/wp-content\/uploads\/2022\/05\/ecu_erc.webp\" \/>\n\t<meta property=\"og:image:width\" content=\"700\" \/>\n\t<meta property=\"og:image:height\" content=\"500\" \/>\n\t<meta property=\"og:image:type\" content=\"image\/webp\" \/>\n<meta name=\"twitter:card\" content=\"summary_large_image\" \/>\n<meta name=\"twitter:label1\" content=\"Gesch\u00e4tzte Lesezeit\" \/>\n\t<meta name=\"twitter:data1\" content=\"1\u00a0Minute\" \/>\n<script type=\"application\/ld+json\" class=\"yoast-schema-graph\">{\"@context\":\"https:\\\/\\\/schema.org\",\"@graph\":[{\"@type\":\"WebPage\",\"@id\":\"https:\\\/\\\/ecuremapcenter.com\\\/shop\\\/ecu-tuning-in-workshop\\\/\",\"url\":\"https:\\\/\\\/ecuremapcenter.com\\\/shop\\\/ecu-tuning-in-workshop\\\/\",\"name\":\"ECU Tuning in Workshop | ECU Remap Center\",\"isPartOf\":{\"@id\":\"https:\\\/\\\/ecuremapcenter.com\\\/#website\"},\"primaryImageOfPage\":{\"@id\":\"https:\\\/\\\/ecuremapcenter.com\\\/shop\\\/ecu-tuning-in-workshop\\\/#primaryimage\"},\"image\":{\"@id\":\"https:\\\/\\\/ecuremapcenter.com\\\/shop\\\/ecu-tuning-in-workshop\\\/#primaryimage\"},\"thumbnailUrl\":\"https:\\\/\\\/ecuremapcenter.com\\\/wp-content\\\/uploads\\\/2022\\\/05\\\/ecu_erc.webp\",\"datePublished\":\"2024-06-07T13:32:40+00:00\",\"dateModified\":\"2024-10-25T13:59:06+00:00\",\"breadcrumb\":{\"@id\":\"https:\\\/\\\/ecuremapcenter.com\\\/shop\\\/ecu-tuning-in-workshop\\\/#breadcrumb\"},\"inLanguage\":\"de\",\"potentialAction\":[{\"@type\":\"ReadAction\",\"target\":[\"https:\\\/\\\/ecuremapcenter.com\\\/shop\\\/ecu-tuning-in-workshop\\\/\"]}]},{\"@type\":\"ImageObject\",\"inLanguage\":\"de\",\"@id\":\"https:\\\/\\\/ecuremapcenter.com\\\/shop\\\/ecu-tuning-in-workshop\\\/#primaryimage\",\"url\":\"https:\\\/\\\/ecuremapcenter.com\\\/wp-content\\\/uploads\\\/2022\\\/05\\\/ecu_erc.webp\",\"contentUrl\":\"https:\\\/\\\/ecuremapcenter.com\\\/wp-content\\\/uploads\\\/2022\\\/05\\\/ecu_erc.webp\",\"width\":700,\"height\":500,\"caption\":\"ECU Files\"},{\"@type\":\"BreadcrumbList\",\"@id\":\"https:\\\/\\\/ecuremapcenter.com\\\/shop\\\/ecu-tuning-in-workshop\\\/#breadcrumb\",\"itemListElement\":[{\"@type\":\"ListItem\",\"position\":1,\"name\":\"Home\",\"item\":\"https:\\\/\\\/ecuremapcenter.com\\\/\"},{\"@type\":\"ListItem\",\"position\":2,\"name\":\"Shop\",\"item\":\"https:\\\/\\\/ecuremapcenter.com\\\/shop\\\/\"},{\"@type\":\"ListItem\",\"position\":3,\"name\":\"ECU Tuning in Workshop\"}]},{\"@type\":\"WebSite\",\"@id\":\"https:\\\/\\\/ecuremapcenter.com\\\/#website\",\"url\":\"https:\\\/\\\/ecuremapcenter.com\\\/\",\"name\":\"ECU Remap Center\",\"description\":\"High quality ECU, TCU remaps and DPF Off, EGR Off, SCR Off solutions for chip tuning professionals\",\"publisher\":{\"@id\":\"https:\\\/\\\/ecuremapcenter.com\\\/#organization\"},\"alternateName\":\"ERC\",\"potentialAction\":[{\"@type\":\"SearchAction\",\"target\":{\"@type\":\"EntryPoint\",\"urlTemplate\":\"https:\\\/\\\/ecuremapcenter.com\\\/?s={search_term_string}\"},\"query-input\":{\"@type\":\"PropertyValueSpecification\",\"valueRequired\":true,\"valueName\":\"search_term_string\"}}],\"inLanguage\":\"de\"},{\"@type\":\"Organization\",\"@id\":\"https:\\\/\\\/ecuremapcenter.com\\\/#organization\",\"name\":\"ECU Remap Center\",\"alternateName\":\"ERC\",\"url\":\"https:\\\/\\\/ecuremapcenter.com\\\/\",\"logo\":{\"@type\":\"ImageObject\",\"inLanguage\":\"de\",\"@id\":\"https:\\\/\\\/ecuremapcenter.com\\\/#\\\/schema\\\/logo\\\/image\\\/\",\"url\":\"https:\\\/\\\/ecuremapcenter.com\\\/wp-content\\\/uploads\\\/2021\\\/06\\\/erc-logo.svg\",\"contentUrl\":\"https:\\\/\\\/ecuremapcenter.com\\\/wp-content\\\/uploads\\\/2021\\\/06\\\/erc-logo.svg\",\"width\":780,\"height\":236,\"caption\":\"ECU Remap Center\"},\"image\":{\"@id\":\"https:\\\/\\\/ecuremapcenter.com\\\/#\\\/schema\\\/logo\\\/image\\\/\"},\"sameAs\":[\"https:\\\/\\\/www.facebook.com\\\/ecuremapcenter\",\"https:\\\/\\\/www.instagram.com\\\/ecuremapcenter\\\/\"]}]}<\/script>\n<!-- \/ Yoast SEO plugin. -->","yoast_head_json":{"title":"ECU-Tuning in der Werkstatt | ECU Remap Center","robots":{"index":"index","follow":"follow","max-snippet":"max-snippet:-1","max-image-preview":"max-image-preview:large","max-video-preview":"max-video-preview:-1"},"canonical":"https:\/\/ecuremapcenter.com\/de\/geschaft\/ecu-tuning-in-der-werkstatt-2\/","og_locale":"de_DE","og_type":"article","og_title":"ECU Tuning in Workshop | ECU Remap Center","og_description":"Send us your ECU for returning to original or for tuning. Please contact us to check and validate everything before ordering!","og_url":"https:\/\/ecuremapcenter.com\/de\/geschaft\/ecu-tuning-in-der-werkstatt-2\/","og_site_name":"ECU Remap Center","article_publisher":"https:\/\/www.facebook.com\/ecuremapcenter","article_modified_time":"2024-10-25T13:59:06+00:00","og_image":[{"width":700,"height":500,"url":"https:\/\/ecuremapcenter.com\/wp-content\/uploads\/2022\/05\/ecu_erc.webp","type":"image\/webp"}],"twitter_card":"summary_large_image","twitter_misc":{"Gesch\u00e4tzte Lesezeit":"1\u00a0Minute"},"schema":{"@context":"https:\/\/schema.org","@graph":[{"@type":"WebPage","@id":"https:\/\/ecuremapcenter.com\/shop\/ecu-tuning-in-workshop\/","url":"https:\/\/ecuremapcenter.com\/shop\/ecu-tuning-in-workshop\/","name":"ECU-Tuning in der Werkstatt | ECU Remap Center","isPartOf":{"@id":"https:\/\/ecuremapcenter.com\/#website"},"primaryImageOfPage":{"@id":"https:\/\/ecuremapcenter.com\/shop\/ecu-tuning-in-workshop\/#primaryimage"},"image":{"@id":"https:\/\/ecuremapcenter.com\/shop\/ecu-tuning-in-workshop\/#primaryimage"},"thumbnailUrl":"https:\/\/ecuremapcenter.com\/wp-content\/uploads\/2022\/05\/ecu_erc.webp","datePublished":"2024-06-07T13:32:40+00:00","dateModified":"2024-10-25T13:59:06+00:00","breadcrumb":{"@id":"https:\/\/ecuremapcenter.com\/shop\/ecu-tuning-in-workshop\/#breadcrumb"},"inLanguage":"de","potentialAction":[{"@type":"ReadAction","target":["https:\/\/ecuremapcenter.com\/shop\/ecu-tuning-in-workshop\/"]}]},{"@type":"ImageObject","inLanguage":"de","@id":"https:\/\/ecuremapcenter.com\/shop\/ecu-tuning-in-workshop\/#primaryimage","url":"https:\/\/ecuremapcenter.com\/wp-content\/uploads\/2022\/05\/ecu_erc.webp","contentUrl":"https:\/\/ecuremapcenter.com\/wp-content\/uploads\/2022\/05\/ecu_erc.webp","width":700,"height":500,"caption":"ECU Files"},{"@type":"BreadcrumbList","@id":"https:\/\/ecuremapcenter.com\/shop\/ecu-tuning-in-workshop\/#breadcrumb","itemListElement":[{"@type":"ListItem","position":1,"name":"Home","item":"https:\/\/ecuremapcenter.com\/"},{"@type":"ListItem","position":2,"name":"Shop","item":"https:\/\/ecuremapcenter.com\/shop\/"},{"@type":"ListItem","position":3,"name":"ECU Tuning in Workshop"}]},{"@type":"WebSite","@id":"https:\/\/ecuremapcenter.com\/#website","url":"https:\/\/ecuremapcenter.com\/","name":"ECU-Remap-Center","description":"Hochwertige ECU- und TCU-Neuzuordnungen sowie DPF-Off-, EGR-Off- und SCR-Off-L\u00f6sungen f\u00fcr Chiptuning-Profis","publisher":{"@id":"https:\/\/ecuremapcenter.com\/#organization"},"alternateName":"ERC","potentialAction":[{"@type":"SearchAction","target":{"@type":"EntryPoint","urlTemplate":"https:\/\/ecuremapcenter.com\/?s={search_term_string}"},"query-input":{"@type":"PropertyValueSpecification","valueRequired":true,"valueName":"search_term_string"}}],"inLanguage":"de"},{"@type":"Organization","@id":"https:\/\/ecuremapcenter.com\/#organization","name":"ECU-Remap-Center","alternateName":"ERC","url":"https:\/\/ecuremapcenter.com\/","logo":{"@type":"ImageObject","inLanguage":"de","@id":"https:\/\/ecuremapcenter.com\/#\/schema\/logo\/image\/","url":"https:\/\/ecuremapcenter.com\/wp-content\/uploads\/2021\/06\/erc-logo.svg","contentUrl":"https:\/\/ecuremapcenter.com\/wp-content\/uploads\/2021\/06\/erc-logo.svg","width":780,"height":236,"caption":"ECU Remap Center"},"image":{"@id":"https:\/\/ecuremapcenter.com\/#\/schema\/logo\/image\/"},"sameAs":["https:\/\/www.facebook.com\/ecuremapcenter","https:\/\/www.instagram.com\/ecuremapcenter\/"]}]}},"_links":{"self":[{"href":"https:\/\/ecuremapcenter.com\/de\/wp-json\/wp\/v2\/product\/6373","targetHints":{"allow":["GET"]}}],"collection":[{"href":"https:\/\/ecuremapcenter.com\/de\/wp-json\/wp\/v2\/product"}],"about":[{"href":"https:\/\/ecuremapcenter.com\/de\/wp-json\/wp\/v2\/types\/product"}],"wp:featuredmedia":[{"embeddable":true,"href":"https:\/\/ecuremapcenter.com\/de\/wp-json\/wp\/v2\/media\/2322"}],"wp:attachment":[{"href":"https:\/\/ecuremapcenter.com\/de\/wp-json\/wp\/v2\/media?parent=6373"}],"wp:term":[{"taxonomy":"product_brand","embeddable":true,"href":"https:\/\/ecuremapcenter.com\/de\/wp-json\/wp\/v2\/product_brand?post=6373"},{"taxonomy":"product_cat","embeddable":true,"href":"https:\/\/ecuremapcenter.com\/de\/wp-json\/wp\/v2\/product_cat?post=6373"},{"taxonomy":"product_tag","embeddable":true,"href":"https:\/\/ecuremapcenter.com\/de\/wp-json\/wp\/v2\/product_tag?post=6373"},{"taxonomy":"tool_configuration","embeddable":true,"href":"https:\/\/ecuremapcenter.com\/de\/wp-json\/wp\/v2\/tool_configuration?post=6373"},{"taxonomy":"tool_interface","embeddable":true,"href":"https:\/\/ecuremapcenter.com\/de\/wp-json\/wp\/v2\/tool_interface?post=6373"},{"taxonomy":"flashing_tools","embeddable":true,"href":"https:\/\/ecuremapcenter.com\/de\/wp-json\/wp\/v2\/flashing_tools?post=6373"},{"taxonomy":"vehicle_types","embeddable":true,"href":"https:\/\/ecuremapcenter.com\/de\/wp-json\/wp\/v2\/vehicle_types?post=6373"}],"curies":[{"name":"wp","href":"https:\/\/api.w.org\/{rel}","templated":true}]}}