{"id":7636,"date":"2025-03-03T17:14:18","date_gmt":"2025-03-03T16:14:18","guid":{"rendered":"https:\/\/ecuremapcenter.com\/?post_type=product&#038;p=7636"},"modified":"2025-03-05T16:36:25","modified_gmt":"2025-03-05T15:36:25","slug":"flex-chiptuning-tool-hardware","status":"publish","type":"product","link":"https:\/\/ecuremapcenter.com\/de\/geschaft\/flex-chiptuning-tool-hardware\/","title":{"rendered":"Flex Chiptuning Tool Hardware"},"content":{"rendered":"<p>Mit Flex haben Sie alles, was Sie f\u00fcr den Einstieg in die Chiptuning-Welt ben\u00f6tigen und k\u00f6nnen Ihr Gesch\u00e4ft mit zahlreichen Services und L\u00f6sungen in Ihrer Mechatronik-Werkstatt ankurbeln.<\/p>\n<p><strong>Die Arbeit mit Flex ist extrem einfach<\/strong>: W\u00e4hlen Sie die Fahrzeugmarke und das Modell oder geben Sie den ECU- oder TCU-Code ein. Die Software zeigt automatisch die verf\u00fcgbaren Verbindungsmodi an.<\/p>\n<p>Mit Flex haben Sie alles unter Kontrolle dank der\u00a0<strong>Datenloggerfunktion<\/strong>, wodurch Sie bis zu 60.000 Parameter in Echtzeit erfassen k\u00f6nnen, wie beispielsweise Druck, Drehmoment, Luft, Kraftstoff, Abgastemperatur, Geschwindigkeit, Drehzahl und vieles mehr.<\/p>\n<p>Auch mit\u00a0<strong>Magisches Schloss<\/strong>\u00a0Ihre Arbeit ist sicher: Sie k\u00f6nnen nicht autorisierten Personen den Zugriff auf in Engine-Einheiten gespeicherte Dateien verweigern.<\/p>\n<h4><strong><span id=\"EEJ833W\">WAS IST IM FLEX-KIT<\/span><\/strong><\/h4>\n<p>Das Hardware-Kit ist jetzt noch vollst\u00e4ndiger. Es enth\u00e4lt den Flex-Programmierer, das Zusatzmodul Flexbox und grundlegende Verbindungskabel.<br \/>\n<strong>Es enth\u00e4lt jetzt auch das FLX2.14-Kabel und das Adapterkit zum Anschluss an jede Steuereinheit.<\/strong><\/p>","protected":false},"excerpt":{"rendered":"<p>Flex ist ein innovativer Programmierer f\u00fcr Mechatronik-Werkst\u00e4tten, der die neuesten Entwicklungen in der Tuning- und Fahrzeugreparaturbranche voll unterst\u00fctzt. Jetzt vollst\u00e4ndig anpassbar. W\u00e4hlen Sie Ihre Software, laden Sie Ihr Firmenlogo hoch und erstellen Sie Ihr Chiptuning-Tool.<\/p>\n<p><strong>Haupteigenschaften:<\/strong><\/p>\n<p>\u2013 ECU- und TCU-Programmierer<\/p>\n<p>\u2013 \u00dcber 25.000 unterst\u00fctzte Fahrzeuge<\/p>\n<p>\u2013 Intuitive Software<\/p>\n<p>\u2013 Eingeschr\u00e4nkte lebenslange Garantie<\/p>\n<p>\u2013 Technischer Support<\/p>","protected":false},"featured_media":7638,"template":"","meta":[],"product_brand":[127],"product_cat":[41],"product_tag":[],"tool_configuration":[84,85],"tool_interface":[],"flashing_tools":[90],"vehicle_types":[82,80,79,83,81],"class_list":{"0":"post-7636","1":"product","2":"type-product","3":"status-publish","4":"has-post-thumbnail","6":"product_brand-magic-motorsport","7":"product_cat-pro-tools","8":"product_shipping_class-heavy-items","9":"tool_configuration-master","10":"tool_configuration-slave","11":"flashing_tools-flex","12":"vehicle_types-agriculture","13":"vehicle_types-bike-atv","14":"vehicle_types-cars-lcv","15":"vehicle_types-marine","16":"vehicle_types-truck-bus","18":"first","19":"instock","20":"taxable","21":"shipping-taxable","22":"purchasable","23":"product-type-simple"},"bundled_by":["7668","7669","7696"],"bundle_stock_status":"instock","bundle_stock_quantity":9,"bundle_virtual":false,"bundle_layout":"","bundle_add_to_cart_form_location":"","bundle_editable_in_cart":false,"bundle_sold_individually_context":"","bundle_item_grouping":"","bundle_min_size":"","bundle_max_size":"","bundle_price":[],"bundled_items":[],"bundle_sell_ids":[],"group_of_quantity":0,"min_quantity":0,"max_quantity":"","exclude_order_quantity_value_rules":"no","exclude_category_quantity_rules":"no","combine_variations":"no","acf":[],"yoast_head":"<!-- This site is optimized with the Yoast SEO plugin v27.4 - https:\/\/yoast.com\/product\/yoast-seo-wordpress\/ -->\n<title>Flex Chiptuning Tool Hardware | ECU Remap Center<\/title>\n<meta name=\"robots\" content=\"index, follow, max-snippet:-1, max-image-preview:large, max-video-preview:-1\" \/>\n<link rel=\"canonical\" href=\"https:\/\/ecuremapcenter.com\/de\/geschaft\/flex-chiptuning-tool-hardware\/\" \/>\n<meta property=\"og:locale\" content=\"de_DE\" \/>\n<meta property=\"og:type\" content=\"article\" \/>\n<meta property=\"og:title\" content=\"Flex Chiptuning Tool Hardware | ECU Remap Center\" \/>\n<meta property=\"og:description\" content=\"Flex is an innovative programmer for mechatronic workshops that fully supports the latest developments in the tuning and vehicle repair industry. Now fully customizable. Choose your software, upload your company logo and create your chiptuning tool.  Main features:  - ECU &amp; TCU Programmer  - Over 25,000 Supported Vehicles  - Intuitive Software  - Limited Lifetime Warranty  - Tech Support\" \/>\n<meta property=\"og:url\" content=\"https:\/\/ecuremapcenter.com\/de\/geschaft\/flex-chiptuning-tool-hardware\/\" \/>\n<meta property=\"og:site_name\" content=\"ECU Remap Center\" \/>\n<meta property=\"article:publisher\" content=\"https:\/\/www.facebook.com\/ecuremapcenter\" \/>\n<meta property=\"article:modified_time\" content=\"2025-03-05T15:36:25+00:00\" \/>\n<meta property=\"og:image\" content=\"https:\/\/ecuremapcenter.com\/wp-content\/uploads\/2025\/03\/flex-chiptuning-tool-2.png\" \/>\n\t<meta property=\"og:image:width\" content=\"1200\" \/>\n\t<meta property=\"og:image:height\" content=\"1200\" \/>\n\t<meta property=\"og:image:type\" content=\"image\/png\" \/>\n<meta name=\"twitter:card\" content=\"summary_large_image\" \/>\n<meta name=\"twitter:label1\" content=\"Gesch\u00e4tzte Lesezeit\" \/>\n\t<meta name=\"twitter:data1\" content=\"2\u00a0Minuten\" \/>\n<script type=\"application\/ld+json\" class=\"yoast-schema-graph\">{\"@context\":\"https:\\\/\\\/schema.org\",\"@graph\":[{\"@type\":\"WebPage\",\"@id\":\"https:\\\/\\\/ecuremapcenter.com\\\/shop\\\/flex-chiptuning-tool-hardware\\\/\",\"url\":\"https:\\\/\\\/ecuremapcenter.com\\\/shop\\\/flex-chiptuning-tool-hardware\\\/\",\"name\":\"Flex Chiptuning Tool Hardware | ECU Remap Center\",\"isPartOf\":{\"@id\":\"https:\\\/\\\/ecuremapcenter.com\\\/#website\"},\"primaryImageOfPage\":{\"@id\":\"https:\\\/\\\/ecuremapcenter.com\\\/shop\\\/flex-chiptuning-tool-hardware\\\/#primaryimage\"},\"image\":{\"@id\":\"https:\\\/\\\/ecuremapcenter.com\\\/shop\\\/flex-chiptuning-tool-hardware\\\/#primaryimage\"},\"thumbnailUrl\":\"https:\\\/\\\/ecuremapcenter.com\\\/wp-content\\\/uploads\\\/2025\\\/03\\\/flex-chiptuning-tool-2.png\",\"datePublished\":\"2025-03-03T16:14:18+00:00\",\"dateModified\":\"2025-03-05T15:36:25+00:00\",\"breadcrumb\":{\"@id\":\"https:\\\/\\\/ecuremapcenter.com\\\/shop\\\/flex-chiptuning-tool-hardware\\\/#breadcrumb\"},\"inLanguage\":\"de\",\"potentialAction\":[{\"@type\":\"ReadAction\",\"target\":[\"https:\\\/\\\/ecuremapcenter.com\\\/shop\\\/flex-chiptuning-tool-hardware\\\/\"]}]},{\"@type\":\"ImageObject\",\"inLanguage\":\"de\",\"@id\":\"https:\\\/\\\/ecuremapcenter.com\\\/shop\\\/flex-chiptuning-tool-hardware\\\/#primaryimage\",\"url\":\"https:\\\/\\\/ecuremapcenter.com\\\/wp-content\\\/uploads\\\/2025\\\/03\\\/flex-chiptuning-tool-2.png\",\"contentUrl\":\"https:\\\/\\\/ecuremapcenter.com\\\/wp-content\\\/uploads\\\/2025\\\/03\\\/flex-chiptuning-tool-2.png\",\"width\":1200,\"height\":1200},{\"@type\":\"BreadcrumbList\",\"@id\":\"https:\\\/\\\/ecuremapcenter.com\\\/shop\\\/flex-chiptuning-tool-hardware\\\/#breadcrumb\",\"itemListElement\":[{\"@type\":\"ListItem\",\"position\":1,\"name\":\"Home\",\"item\":\"https:\\\/\\\/ecuremapcenter.com\\\/\"},{\"@type\":\"ListItem\",\"position\":2,\"name\":\"Shop\",\"item\":\"https:\\\/\\\/ecuremapcenter.com\\\/shop\\\/\"},{\"@type\":\"ListItem\",\"position\":3,\"name\":\"Flex Chiptuning Tool Hardware\"}]},{\"@type\":\"WebSite\",\"@id\":\"https:\\\/\\\/ecuremapcenter.com\\\/#website\",\"url\":\"https:\\\/\\\/ecuremapcenter.com\\\/\",\"name\":\"ECU Remap Center\",\"description\":\"High quality ECU, TCU remaps and DPF Off, EGR Off, SCR Off solutions for chip tuning professionals\",\"publisher\":{\"@id\":\"https:\\\/\\\/ecuremapcenter.com\\\/#organization\"},\"alternateName\":\"ERC\",\"potentialAction\":[{\"@type\":\"SearchAction\",\"target\":{\"@type\":\"EntryPoint\",\"urlTemplate\":\"https:\\\/\\\/ecuremapcenter.com\\\/?s={search_term_string}\"},\"query-input\":{\"@type\":\"PropertyValueSpecification\",\"valueRequired\":true,\"valueName\":\"search_term_string\"}}],\"inLanguage\":\"de\"},{\"@type\":\"Organization\",\"@id\":\"https:\\\/\\\/ecuremapcenter.com\\\/#organization\",\"name\":\"ECU Remap Center\",\"alternateName\":\"ERC\",\"url\":\"https:\\\/\\\/ecuremapcenter.com\\\/\",\"logo\":{\"@type\":\"ImageObject\",\"inLanguage\":\"de\",\"@id\":\"https:\\\/\\\/ecuremapcenter.com\\\/#\\\/schema\\\/logo\\\/image\\\/\",\"url\":\"https:\\\/\\\/ecuremapcenter.com\\\/wp-content\\\/uploads\\\/2021\\\/06\\\/erc-logo.svg\",\"contentUrl\":\"https:\\\/\\\/ecuremapcenter.com\\\/wp-content\\\/uploads\\\/2021\\\/06\\\/erc-logo.svg\",\"width\":780,\"height\":236,\"caption\":\"ECU Remap Center\"},\"image\":{\"@id\":\"https:\\\/\\\/ecuremapcenter.com\\\/#\\\/schema\\\/logo\\\/image\\\/\"},\"sameAs\":[\"https:\\\/\\\/www.facebook.com\\\/ecuremapcenter\",\"https:\\\/\\\/www.instagram.com\\\/ecuremapcenter\\\/\"]}]}<\/script>\n<!-- \/ Yoast SEO plugin. -->","yoast_head_json":{"title":"Flex Chiptuning Tool Hardware | ECU Remap Center","robots":{"index":"index","follow":"follow","max-snippet":"max-snippet:-1","max-image-preview":"max-image-preview:large","max-video-preview":"max-video-preview:-1"},"canonical":"https:\/\/ecuremapcenter.com\/de\/geschaft\/flex-chiptuning-tool-hardware\/","og_locale":"de_DE","og_type":"article","og_title":"Flex Chiptuning Tool Hardware | ECU Remap Center","og_description":"Flex is an innovative programmer for mechatronic workshops that fully supports the latest developments in the tuning and vehicle repair industry. Now fully customizable. Choose your software, upload your company logo and create your chiptuning tool.  Main features:  - ECU &amp; TCU Programmer  - Over 25,000 Supported Vehicles  - Intuitive Software  - Limited Lifetime Warranty  - Tech Support","og_url":"https:\/\/ecuremapcenter.com\/de\/geschaft\/flex-chiptuning-tool-hardware\/","og_site_name":"ECU Remap Center","article_publisher":"https:\/\/www.facebook.com\/ecuremapcenter","article_modified_time":"2025-03-05T15:36:25+00:00","og_image":[{"width":1200,"height":1200,"url":"https:\/\/ecuremapcenter.com\/wp-content\/uploads\/2025\/03\/flex-chiptuning-tool-2.png","type":"image\/png"}],"twitter_card":"summary_large_image","twitter_misc":{"Gesch\u00e4tzte Lesezeit":"2\u00a0Minuten"},"schema":{"@context":"https:\/\/schema.org","@graph":[{"@type":"WebPage","@id":"https:\/\/ecuremapcenter.com\/shop\/flex-chiptuning-tool-hardware\/","url":"https:\/\/ecuremapcenter.com\/shop\/flex-chiptuning-tool-hardware\/","name":"Flex Chiptuning Tool Hardware | ECU Remap Center","isPartOf":{"@id":"https:\/\/ecuremapcenter.com\/#website"},"primaryImageOfPage":{"@id":"https:\/\/ecuremapcenter.com\/shop\/flex-chiptuning-tool-hardware\/#primaryimage"},"image":{"@id":"https:\/\/ecuremapcenter.com\/shop\/flex-chiptuning-tool-hardware\/#primaryimage"},"thumbnailUrl":"https:\/\/ecuremapcenter.com\/wp-content\/uploads\/2025\/03\/flex-chiptuning-tool-2.png","datePublished":"2025-03-03T16:14:18+00:00","dateModified":"2025-03-05T15:36:25+00:00","breadcrumb":{"@id":"https:\/\/ecuremapcenter.com\/shop\/flex-chiptuning-tool-hardware\/#breadcrumb"},"inLanguage":"de","potentialAction":[{"@type":"ReadAction","target":["https:\/\/ecuremapcenter.com\/shop\/flex-chiptuning-tool-hardware\/"]}]},{"@type":"ImageObject","inLanguage":"de","@id":"https:\/\/ecuremapcenter.com\/shop\/flex-chiptuning-tool-hardware\/#primaryimage","url":"https:\/\/ecuremapcenter.com\/wp-content\/uploads\/2025\/03\/flex-chiptuning-tool-2.png","contentUrl":"https:\/\/ecuremapcenter.com\/wp-content\/uploads\/2025\/03\/flex-chiptuning-tool-2.png","width":1200,"height":1200},{"@type":"BreadcrumbList","@id":"https:\/\/ecuremapcenter.com\/shop\/flex-chiptuning-tool-hardware\/#breadcrumb","itemListElement":[{"@type":"ListItem","position":1,"name":"Home","item":"https:\/\/ecuremapcenter.com\/"},{"@type":"ListItem","position":2,"name":"Shop","item":"https:\/\/ecuremapcenter.com\/shop\/"},{"@type":"ListItem","position":3,"name":"Flex Chiptuning Tool Hardware"}]},{"@type":"WebSite","@id":"https:\/\/ecuremapcenter.com\/#website","url":"https:\/\/ecuremapcenter.com\/","name":"ECU-Remap-Center","description":"Hochwertige ECU- und TCU-Neuzuordnungen sowie DPF-Off-, EGR-Off- und SCR-Off-L\u00f6sungen f\u00fcr Chiptuning-Profis","publisher":{"@id":"https:\/\/ecuremapcenter.com\/#organization"},"alternateName":"ERC","potentialAction":[{"@type":"SearchAction","target":{"@type":"EntryPoint","urlTemplate":"https:\/\/ecuremapcenter.com\/?s={search_term_string}"},"query-input":{"@type":"PropertyValueSpecification","valueRequired":true,"valueName":"search_term_string"}}],"inLanguage":"de"},{"@type":"Organization","@id":"https:\/\/ecuremapcenter.com\/#organization","name":"ECU-Remap-Center","alternateName":"ERC","url":"https:\/\/ecuremapcenter.com\/","logo":{"@type":"ImageObject","inLanguage":"de","@id":"https:\/\/ecuremapcenter.com\/#\/schema\/logo\/image\/","url":"https:\/\/ecuremapcenter.com\/wp-content\/uploads\/2021\/06\/erc-logo.svg","contentUrl":"https:\/\/ecuremapcenter.com\/wp-content\/uploads\/2021\/06\/erc-logo.svg","width":780,"height":236,"caption":"ECU Remap Center"},"image":{"@id":"https:\/\/ecuremapcenter.com\/#\/schema\/logo\/image\/"},"sameAs":["https:\/\/www.facebook.com\/ecuremapcenter","https:\/\/www.instagram.com\/ecuremapcenter\/"]}]}},"_links":{"self":[{"href":"https:\/\/ecuremapcenter.com\/de\/wp-json\/wp\/v2\/product\/7636","targetHints":{"allow":["GET"]}}],"collection":[{"href":"https:\/\/ecuremapcenter.com\/de\/wp-json\/wp\/v2\/product"}],"about":[{"href":"https:\/\/ecuremapcenter.com\/de\/wp-json\/wp\/v2\/types\/product"}],"wp:featuredmedia":[{"embeddable":true,"href":"https:\/\/ecuremapcenter.com\/de\/wp-json\/wp\/v2\/media\/7638"}],"wp:attachment":[{"href":"https:\/\/ecuremapcenter.com\/de\/wp-json\/wp\/v2\/media?parent=7636"}],"wp:term":[{"taxonomy":"product_brand","embeddable":true,"href":"https:\/\/ecuremapcenter.com\/de\/wp-json\/wp\/v2\/product_brand?post=7636"},{"taxonomy":"product_cat","embeddable":true,"href":"https:\/\/ecuremapcenter.com\/de\/wp-json\/wp\/v2\/product_cat?post=7636"},{"taxonomy":"product_tag","embeddable":true,"href":"https:\/\/ecuremapcenter.com\/de\/wp-json\/wp\/v2\/product_tag?post=7636"},{"taxonomy":"tool_configuration","embeddable":true,"href":"https:\/\/ecuremapcenter.com\/de\/wp-json\/wp\/v2\/tool_configuration?post=7636"},{"taxonomy":"tool_interface","embeddable":true,"href":"https:\/\/ecuremapcenter.com\/de\/wp-json\/wp\/v2\/tool_interface?post=7636"},{"taxonomy":"flashing_tools","embeddable":true,"href":"https:\/\/ecuremapcenter.com\/de\/wp-json\/wp\/v2\/flashing_tools?post=7636"},{"taxonomy":"vehicle_types","embeddable":true,"href":"https:\/\/ecuremapcenter.com\/de\/wp-json\/wp\/v2\/vehicle_types?post=7636"}],"curies":[{"name":"wp","href":"https:\/\/api.w.org\/{rel}","templated":true}]}}