{"id":7680,"date":"2025-03-08T09:58:41","date_gmt":"2025-03-08T08:58:41","guid":{"rendered":"https:\/\/ecuremapcenter.com\/?post_type=product&#038;p=7680"},"modified":"2025-03-12T11:26:42","modified_gmt":"2025-03-12T10:26:42","slug":"gysflash-100-12-hf-5m-kabel","status":"publish","type":"product","link":"https:\/\/ecuremapcenter.com\/de\/geschaft\/gysflash-100-12-hf-5m-kabel\/","title":{"rendered":"Gysflash 100-12 HF (5M Kabel)"},"content":{"rendered":"<p class=\"desc\">Gysflash 100-12 HF ist eine stabilisierte Stromversorgung mit 100 A und hoher Leistung mit Wechselrichtertechnologie zum Laden von Blei- (versiegelt, fl\u00fcssig, AGM\u2026) oder Lithium-Starterbatterien (LiFePO4) mit 5 Funktionen:<\/p>\n<ul class=\"specs\">\n<li>Batterieunterst\u00fctzung: versorgt die 12-V-Autobatterie (Fl\u00fcssigkeit oder Gel) w\u00e4hrend der Diagnosearbeiten<\/li>\n<li>Advance Batterieladeger\u00e4t: sorgt f\u00fcr einen optimalen Ladezyklus zur Batteriepflege f\u00fcr modernste Fahrzeuge<\/li>\n<li>Showroom-Modus: pflegt Batterien in Showroom-Fahrzeugen<\/li>\n<li>Im Modus \u201eBatteriewechsel\u201c wird die Stromversorgung aufrechterhalten, um die Fahrzeugspeichereinstellungen zu erhalten<\/li>\n<li>Stabilisierte Hochleistungsversorgung: Spannung und Strom einstellbar<\/li>\n<\/ul>\n<p><strong><span class=\"specs-caption ft-bld\">Hauptmerkmale:<\/span><\/strong><\/p>\n<ul class=\"specs\">\n<li><strong>Nur mit 220-240 V AC kompatibel<\/strong><\/li>\n<li><strong>5,0 m Kabel im Lieferumfang enthalten<\/strong><\/li>\n<li>Automatischer Neustart<\/li>\n<li>Kabelkontrolle und Kalibrierung<\/li>\n<li>Im Showroom-Modus sperren<\/li>\n<li>M\u00f6glichkeit des vereinfachten Ladens mit Easy-Modus<\/li>\n<li>Aktivieren und konfigurieren Sie eine \u201eExperten\u201c-Lastkurve<\/li>\n<li>Automatische SOS-Wiederherstellung f\u00fcr sulfatierte Batterien<\/li>\n<\/ul>","protected":false},"excerpt":{"rendered":"<p>Gysflash 100-12 HF ist eine stabilisierte 100-A-Hochleistungsversorgung mit Wechselrichtertechnologie zum Laden von Blei- (versiegelt, fl\u00fcssig, AGM usw.) oder Lithium-Starterbatterien (LiFePO4) mit 5 Funktionen.<\/p>","protected":false},"featured_media":7684,"template":"","meta":[],"product_brand":[128],"product_cat":[42],"product_tag":[],"tool_configuration":[],"tool_interface":[],"flashing_tools":[103],"vehicle_types":[],"class_list":{"0":"post-7680","1":"product","2":"type-product","3":"status-publish","4":"has-post-thumbnail","6":"product_brand-gys","7":"product_cat-accessories","8":"product_shipping_class-heavy-items","9":"flashing_tools-universal","11":"first","12":"onbackorder","13":"sale","14":"featured","15":"sold-individually","16":"taxable","17":"shipping-taxable","18":"purchasable","19":"product-type-simple"},"bundled_by":[],"bundle_stock_status":"onbackorder","bundle_stock_quantity":0,"bundle_virtual":false,"bundle_layout":"","bundle_add_to_cart_form_location":"","bundle_editable_in_cart":false,"bundle_sold_individually_context":"","bundle_item_grouping":"","bundle_min_size":"","bundle_max_size":"","bundle_price":[],"bundled_items":[],"bundle_sell_ids":[],"group_of_quantity":0,"min_quantity":0,"max_quantity":"","exclude_order_quantity_value_rules":"no","exclude_category_quantity_rules":"no","combine_variations":"no","acf":[],"yoast_head":"<!-- This site is optimized with the Yoast SEO plugin v27.5 - https:\/\/yoast.com\/product\/yoast-seo-wordpress\/ -->\n<title>Gysflash 100-12 HF (5M cables) | ECU Remap Center<\/title>\n<meta name=\"robots\" content=\"index, follow, max-snippet:-1, max-image-preview:large, max-video-preview:-1\" \/>\n<link rel=\"canonical\" href=\"https:\/\/ecuremapcenter.com\/de\/geschaft\/gysflash-100-12-hf-5m-kabel\/\" \/>\n<meta property=\"og:locale\" content=\"de_DE\" \/>\n<meta property=\"og:type\" content=\"article\" \/>\n<meta property=\"og:title\" content=\"Gysflash 100-12 HF (5M cables) | ECU Remap Center\" \/>\n<meta property=\"og:description\" content=\"Gysflash 100-12 HF is a 100A high power stabilized supply incorporating Inverter technology for charging lead (sealed, liquid, AGM...) or lithium (LiFePO4) starter batteries with 5 functions.\" \/>\n<meta property=\"og:url\" content=\"https:\/\/ecuremapcenter.com\/de\/geschaft\/gysflash-100-12-hf-5m-kabel\/\" \/>\n<meta property=\"og:site_name\" content=\"ECU Remap Center\" \/>\n<meta property=\"article:publisher\" content=\"https:\/\/www.facebook.com\/ecuremapcenter\" \/>\n<meta property=\"article:modified_time\" content=\"2025-03-12T10:26:42+00:00\" \/>\n<meta property=\"og:image\" content=\"https:\/\/ecuremapcenter.com\/wp-content\/uploads\/2025\/03\/gys_100-12hf_029415_1.webp\" \/>\n\t<meta property=\"og:image:width\" content=\"1200\" \/>\n\t<meta property=\"og:image:height\" content=\"1200\" \/>\n\t<meta property=\"og:image:type\" content=\"image\/webp\" \/>\n<meta name=\"twitter:card\" content=\"summary_large_image\" \/>\n<meta name=\"twitter:label1\" content=\"Gesch\u00e4tzte Lesezeit\" \/>\n\t<meta name=\"twitter:data1\" content=\"2\u00a0Minuten\" \/>\n<script type=\"application\/ld+json\" class=\"yoast-schema-graph\">{\"@context\":\"https:\\\/\\\/schema.org\",\"@graph\":[{\"@type\":\"WebPage\",\"@id\":\"https:\\\/\\\/ecuremapcenter.com\\\/shop\\\/gysflash-100-12-hf-5m-cables\\\/\",\"url\":\"https:\\\/\\\/ecuremapcenter.com\\\/shop\\\/gysflash-100-12-hf-5m-cables\\\/\",\"name\":\"Gysflash 100-12 HF (5M cables) | ECU Remap Center\",\"isPartOf\":{\"@id\":\"https:\\\/\\\/ecuremapcenter.com\\\/#website\"},\"primaryImageOfPage\":{\"@id\":\"https:\\\/\\\/ecuremapcenter.com\\\/shop\\\/gysflash-100-12-hf-5m-cables\\\/#primaryimage\"},\"image\":{\"@id\":\"https:\\\/\\\/ecuremapcenter.com\\\/shop\\\/gysflash-100-12-hf-5m-cables\\\/#primaryimage\"},\"thumbnailUrl\":\"https:\\\/\\\/ecuremapcenter.com\\\/wp-content\\\/uploads\\\/2025\\\/03\\\/gys_100-12hf_029415_1.webp\",\"datePublished\":\"2025-03-08T08:58:41+00:00\",\"dateModified\":\"2025-03-12T10:26:42+00:00\",\"breadcrumb\":{\"@id\":\"https:\\\/\\\/ecuremapcenter.com\\\/shop\\\/gysflash-100-12-hf-5m-cables\\\/#breadcrumb\"},\"inLanguage\":\"de\",\"potentialAction\":[{\"@type\":\"ReadAction\",\"target\":[\"https:\\\/\\\/ecuremapcenter.com\\\/shop\\\/gysflash-100-12-hf-5m-cables\\\/\"]}]},{\"@type\":\"ImageObject\",\"inLanguage\":\"de\",\"@id\":\"https:\\\/\\\/ecuremapcenter.com\\\/shop\\\/gysflash-100-12-hf-5m-cables\\\/#primaryimage\",\"url\":\"https:\\\/\\\/ecuremapcenter.com\\\/wp-content\\\/uploads\\\/2025\\\/03\\\/gys_100-12hf_029415_1.webp\",\"contentUrl\":\"https:\\\/\\\/ecuremapcenter.com\\\/wp-content\\\/uploads\\\/2025\\\/03\\\/gys_100-12hf_029415_1.webp\",\"width\":1200,\"height\":1200},{\"@type\":\"BreadcrumbList\",\"@id\":\"https:\\\/\\\/ecuremapcenter.com\\\/shop\\\/gysflash-100-12-hf-5m-cables\\\/#breadcrumb\",\"itemListElement\":[{\"@type\":\"ListItem\",\"position\":1,\"name\":\"Home\",\"item\":\"https:\\\/\\\/ecuremapcenter.com\\\/\"},{\"@type\":\"ListItem\",\"position\":2,\"name\":\"Shop\",\"item\":\"https:\\\/\\\/ecuremapcenter.com\\\/shop\\\/\"},{\"@type\":\"ListItem\",\"position\":3,\"name\":\"Gysflash 100-12 HF (5M cables)\"}]},{\"@type\":\"WebSite\",\"@id\":\"https:\\\/\\\/ecuremapcenter.com\\\/#website\",\"url\":\"https:\\\/\\\/ecuremapcenter.com\\\/\",\"name\":\"ECU Remap Center\",\"description\":\"High quality ECU, TCU remaps and DPF Off, EGR Off, SCR Off solutions for chip tuning professionals\",\"publisher\":{\"@id\":\"https:\\\/\\\/ecuremapcenter.com\\\/#organization\"},\"alternateName\":\"ERC\",\"potentialAction\":[{\"@type\":\"SearchAction\",\"target\":{\"@type\":\"EntryPoint\",\"urlTemplate\":\"https:\\\/\\\/ecuremapcenter.com\\\/?s={search_term_string}\"},\"query-input\":{\"@type\":\"PropertyValueSpecification\",\"valueRequired\":true,\"valueName\":\"search_term_string\"}}],\"inLanguage\":\"de\"},{\"@type\":\"Organization\",\"@id\":\"https:\\\/\\\/ecuremapcenter.com\\\/#organization\",\"name\":\"ECU Remap Center\",\"alternateName\":\"ERC\",\"url\":\"https:\\\/\\\/ecuremapcenter.com\\\/\",\"logo\":{\"@type\":\"ImageObject\",\"inLanguage\":\"de\",\"@id\":\"https:\\\/\\\/ecuremapcenter.com\\\/#\\\/schema\\\/logo\\\/image\\\/\",\"url\":\"https:\\\/\\\/ecuremapcenter.com\\\/wp-content\\\/uploads\\\/2021\\\/06\\\/erc-logo.svg\",\"contentUrl\":\"https:\\\/\\\/ecuremapcenter.com\\\/wp-content\\\/uploads\\\/2021\\\/06\\\/erc-logo.svg\",\"width\":780,\"height\":236,\"caption\":\"ECU Remap Center\"},\"image\":{\"@id\":\"https:\\\/\\\/ecuremapcenter.com\\\/#\\\/schema\\\/logo\\\/image\\\/\"},\"sameAs\":[\"https:\\\/\\\/www.facebook.com\\\/ecuremapcenter\",\"https:\\\/\\\/www.instagram.com\\\/ecuremapcenter\\\/\"]}]}<\/script>\n<!-- \/ Yoast SEO plugin. -->","yoast_head_json":{"title":"Gysflash 100-12 HF (5M Kabel) | ECU Remap Center","robots":{"index":"index","follow":"follow","max-snippet":"max-snippet:-1","max-image-preview":"max-image-preview:large","max-video-preview":"max-video-preview:-1"},"canonical":"https:\/\/ecuremapcenter.com\/de\/geschaft\/gysflash-100-12-hf-5m-kabel\/","og_locale":"de_DE","og_type":"article","og_title":"Gysflash 100-12 HF (5M cables) | ECU Remap Center","og_description":"Gysflash 100-12 HF is a 100A high power stabilized supply incorporating Inverter technology for charging lead (sealed, liquid, AGM...) or lithium (LiFePO4) starter batteries with 5 functions.","og_url":"https:\/\/ecuremapcenter.com\/de\/geschaft\/gysflash-100-12-hf-5m-kabel\/","og_site_name":"ECU Remap Center","article_publisher":"https:\/\/www.facebook.com\/ecuremapcenter","article_modified_time":"2025-03-12T10:26:42+00:00","og_image":[{"width":1200,"height":1200,"url":"https:\/\/ecuremapcenter.com\/wp-content\/uploads\/2025\/03\/gys_100-12hf_029415_1.webp","type":"image\/webp"}],"twitter_card":"summary_large_image","twitter_misc":{"Gesch\u00e4tzte Lesezeit":"2\u00a0Minuten"},"schema":{"@context":"https:\/\/schema.org","@graph":[{"@type":"WebPage","@id":"https:\/\/ecuremapcenter.com\/shop\/gysflash-100-12-hf-5m-cables\/","url":"https:\/\/ecuremapcenter.com\/shop\/gysflash-100-12-hf-5m-cables\/","name":"Gysflash 100-12 HF (5M Kabel) | ECU Remap Center","isPartOf":{"@id":"https:\/\/ecuremapcenter.com\/#website"},"primaryImageOfPage":{"@id":"https:\/\/ecuremapcenter.com\/shop\/gysflash-100-12-hf-5m-cables\/#primaryimage"},"image":{"@id":"https:\/\/ecuremapcenter.com\/shop\/gysflash-100-12-hf-5m-cables\/#primaryimage"},"thumbnailUrl":"https:\/\/ecuremapcenter.com\/wp-content\/uploads\/2025\/03\/gys_100-12hf_029415_1.webp","datePublished":"2025-03-08T08:58:41+00:00","dateModified":"2025-03-12T10:26:42+00:00","breadcrumb":{"@id":"https:\/\/ecuremapcenter.com\/shop\/gysflash-100-12-hf-5m-cables\/#breadcrumb"},"inLanguage":"de","potentialAction":[{"@type":"ReadAction","target":["https:\/\/ecuremapcenter.com\/shop\/gysflash-100-12-hf-5m-cables\/"]}]},{"@type":"ImageObject","inLanguage":"de","@id":"https:\/\/ecuremapcenter.com\/shop\/gysflash-100-12-hf-5m-cables\/#primaryimage","url":"https:\/\/ecuremapcenter.com\/wp-content\/uploads\/2025\/03\/gys_100-12hf_029415_1.webp","contentUrl":"https:\/\/ecuremapcenter.com\/wp-content\/uploads\/2025\/03\/gys_100-12hf_029415_1.webp","width":1200,"height":1200},{"@type":"BreadcrumbList","@id":"https:\/\/ecuremapcenter.com\/shop\/gysflash-100-12-hf-5m-cables\/#breadcrumb","itemListElement":[{"@type":"ListItem","position":1,"name":"Home","item":"https:\/\/ecuremapcenter.com\/"},{"@type":"ListItem","position":2,"name":"Shop","item":"https:\/\/ecuremapcenter.com\/shop\/"},{"@type":"ListItem","position":3,"name":"Gysflash 100-12 HF (5M cables)"}]},{"@type":"WebSite","@id":"https:\/\/ecuremapcenter.com\/#website","url":"https:\/\/ecuremapcenter.com\/","name":"ECU-Remap-Center","description":"Hochwertige ECU- und TCU-Neuzuordnungen sowie DPF-Off-, EGR-Off- und SCR-Off-L\u00f6sungen f\u00fcr Chiptuning-Profis","publisher":{"@id":"https:\/\/ecuremapcenter.com\/#organization"},"alternateName":"ERC","potentialAction":[{"@type":"SearchAction","target":{"@type":"EntryPoint","urlTemplate":"https:\/\/ecuremapcenter.com\/?s={search_term_string}"},"query-input":{"@type":"PropertyValueSpecification","valueRequired":true,"valueName":"search_term_string"}}],"inLanguage":"de"},{"@type":"Organization","@id":"https:\/\/ecuremapcenter.com\/#organization","name":"ECU-Remap-Center","alternateName":"ERC","url":"https:\/\/ecuremapcenter.com\/","logo":{"@type":"ImageObject","inLanguage":"de","@id":"https:\/\/ecuremapcenter.com\/#\/schema\/logo\/image\/","url":"https:\/\/ecuremapcenter.com\/wp-content\/uploads\/2021\/06\/erc-logo.svg","contentUrl":"https:\/\/ecuremapcenter.com\/wp-content\/uploads\/2021\/06\/erc-logo.svg","width":780,"height":236,"caption":"ECU Remap Center"},"image":{"@id":"https:\/\/ecuremapcenter.com\/#\/schema\/logo\/image\/"},"sameAs":["https:\/\/www.facebook.com\/ecuremapcenter","https:\/\/www.instagram.com\/ecuremapcenter\/"]}]}},"_links":{"self":[{"href":"https:\/\/ecuremapcenter.com\/de\/wp-json\/wp\/v2\/product\/7680","targetHints":{"allow":["GET"]}}],"collection":[{"href":"https:\/\/ecuremapcenter.com\/de\/wp-json\/wp\/v2\/product"}],"about":[{"href":"https:\/\/ecuremapcenter.com\/de\/wp-json\/wp\/v2\/types\/product"}],"wp:featuredmedia":[{"embeddable":true,"href":"https:\/\/ecuremapcenter.com\/de\/wp-json\/wp\/v2\/media\/7684"}],"wp:attachment":[{"href":"https:\/\/ecuremapcenter.com\/de\/wp-json\/wp\/v2\/media?parent=7680"}],"wp:term":[{"taxonomy":"product_brand","embeddable":true,"href":"https:\/\/ecuremapcenter.com\/de\/wp-json\/wp\/v2\/product_brand?post=7680"},{"taxonomy":"product_cat","embeddable":true,"href":"https:\/\/ecuremapcenter.com\/de\/wp-json\/wp\/v2\/product_cat?post=7680"},{"taxonomy":"product_tag","embeddable":true,"href":"https:\/\/ecuremapcenter.com\/de\/wp-json\/wp\/v2\/product_tag?post=7680"},{"taxonomy":"tool_configuration","embeddable":true,"href":"https:\/\/ecuremapcenter.com\/de\/wp-json\/wp\/v2\/tool_configuration?post=7680"},{"taxonomy":"tool_interface","embeddable":true,"href":"https:\/\/ecuremapcenter.com\/de\/wp-json\/wp\/v2\/tool_interface?post=7680"},{"taxonomy":"flashing_tools","embeddable":true,"href":"https:\/\/ecuremapcenter.com\/de\/wp-json\/wp\/v2\/flashing_tools?post=7680"},{"taxonomy":"vehicle_types","embeddable":true,"href":"https:\/\/ecuremapcenter.com\/de\/wp-json\/wp\/v2\/vehicle_types?post=7680"}],"curies":[{"name":"wp","href":"https:\/\/api.w.org\/{rel}","templated":true}]}}