{"id":7735,"date":"2025-02-14T10:45:47","date_gmt":"2025-02-14T09:45:47","guid":{"rendered":"https:\/\/ecuremapcenter.com\/?post_type=product&#038;p=7735"},"modified":"2025-09-25T11:12:05","modified_gmt":"2025-09-25T10:12:05","slug":"topdon-phoenix-elite","status":"publish","type":"product","link":"https:\/\/ecuremapcenter.com\/de\/geschaft\/topdon-phoenix-elite\/","title":{"rendered":"Topdon Phoenix Elite"},"content":{"rendered":"<p>Der Phoenix Elite ist ein professioneller Diagnosescanner mit OE-Level-Funktionen. Mit einem 10,1-Zoll-LCD-Bildschirm, einem 4-Core-2,0-GHz-Prozessor und Android 10-Betriebssystem bietet dieses Tool schnelle und pr\u00e4zise Diagnosefunktionen. Dank der Topologiefunktion erhalten Techniker einen klaren \u00dcberblick \u00fcber die Sensorsysteme des Fahrzeugs und k\u00f6nnen Kommunikationsprobleme oder Fehlercodes schnell identifizieren. Der Elite bietet spezielle Wartungsfunktionen und Online-Codierung f\u00fcr verschiedene Marken. Das Tool kann aktive Tests, Codierungen, Initialisierungen, Speicherresets und vieles mehr durchf\u00fchren.<\/p>\n<h5>Merkmale<\/h5>\n<p><strong>VERBINDEN SIE SICH MIT DEN NEUESTEN FAHRZEUGEN<br \/>\n<\/strong>Die Fahrzeugkommunikation wird durch die meisten aktuellen Kommunikationsprotokolle verbessert. Der Phoenix Elite ist mit drahtlosen VCI- und CAN-FD-Funktionen ausgestattet.<\/p>\n<p><strong>ALLE DATEN AUF EINEM BILDSCHIRM<br \/>\n<\/strong>Die Topologiezuordnung zeigt zugeh\u00f6rige Fahrzeugsysteme und das CAN-Netzwerk an.<br \/>\nDiagnostizieren Sie Kommunikationsprobleme sofort.<br \/>\nFarbcodierte Zuordnung des Kommunikationsstatus jedes Moduls.<br \/>\nBieten Sie aktive Tests, Sonderfunktionen, Codierung, Initialisierung und Speicherr\u00fccksetzungen an.<\/p>\n<p><strong>GEF\u00dcHRTE FUNKTIONEN F\u00dcR VAG-FAHRZEUGE<\/strong><br \/>\nSchritt-f\u00fcr-Schritt-gef\u00fchrte Diagnoseverfahren basierend auf Code f\u00fcr VW- und Audi-Fahrzeuge.<\/p>\n<p><strong>FAHRZEUG-AUTO-FIN UND AUTODETECT<\/strong><br \/>\nDer Phoenix Elite erfasst automatisch die Fahrgestellnummer (VIN) des Fahrzeugs und ermittelt alle relevanten Informationen dazu. Nutzen Sie diese Funktion, um Zeit zu sparen und Fehler zu vermeiden.<\/p>\n<p><strong>BERICHTERSTATTUNG VOR UND NACH DEM SCAN<\/strong><br \/>\nMit den Funktionen \u201ePre-Scan\u201c und \u201ePost-Scan\u201c kann der Techniker die Codes vor der Reparatur aufzeichnen. So k\u00f6nnen Kopien an Versicherungen und Kunden zur Genehmigung der Reparatur weitergegeben werden.<br \/>\nWenn die Reparaturen abgeschlossen sind, kann ein Post-Scan-Bericht aufgezeichnet werden, der zeigt, dass alle Codes klar sind und das Fahrzeug somit in einwandfreiem Zustand ist.<\/p>\n<p><strong>ERWEITERN SIE IHRE M\u00d6GLICHKEITEN MIT ADAS-KALIBRIERUNG<\/strong><br \/>\nDer Phoenix Elite geht \u00fcber die Diagnose hinaus und bietet Autowerkst\u00e4tten ADAS-Funktionen. Laden Sie die ADAS-Upgrades herunter und koppeln Sie ihn mit einem Phoenix ADAS-System, um Ihren Phoenix Elite in eine Kalibrierstation zu verwandeln und so eine neue Einnahmequelle f\u00fcr Autowerkst\u00e4tten zu schaffen.<\/p>\n<h4>Technische Daten<\/h4>\n<p><strong>Phoenix Elite:<\/strong><\/p>\n<ul>\n<li>Anzeige: LCD 10,1-Zoll-Touchscreen, 1280 x 800<\/li>\n<li>CPU: 4-Core-Prozessor, 2,0 GHz, Android 10.0<\/li>\n<li>Arbeitsspeicher: 4 GB<\/li>\n<li>ROM 64G<\/li>\n<li>Batterie: 12000 mAh \/ 3,8 V<\/li>\n<li>Betriebsspannung: 9~18V<\/li>\n<li>Lagertemperatur: -20 \u00b0C bis 60 \u00b0C (-4 \u00b0F bis 140 \u00b0F)<\/li>\n<li>Betriebstemperatur: 0 \u00b0C bis 50 \u00b0C (32 \u00b0F bis 122 \u00b0F).<\/li>\n<li>Abmessungen: 278*191*48 mm (10,94*7,52*1,89\u2033)<\/li>\n<li>Verpackungsgr\u00f6\u00dfe: 468 x 320 x 143 mm (18,43 x 12,60 x 5,63 Zoll)<\/li>\n<li>Mehrsprachige Unterst\u00fctzung: 24 Sprachen<br \/>\nEnglisch, Deutsch, Spanisch, Franz\u00f6sisch, Italienisch, Japanisch, Portugiesisch, Russisch, Polnisch, T\u00fcrkisch, Niederl\u00e4ndisch, Ungarisch, Chinesisch (traditionell), Koreanisch, Finnisch, Griechisch, Slowakisch, Rum\u00e4nisch, Arabisch, Kroatisch, Slowenisch, Tschechisch, D\u00e4nisch, Norwegisch<\/li>\n<\/ul>\n<p><strong>Phoenix VCI:<\/strong><\/p>\n<ul>\n<li>Betriebstemperatur: -10 \u00b0C bis 50 \u00b0C (14 \u00b0F bis 122 \u00b0F)<\/li>\n<li>Betriebsspannung: 9 bis 18 V<\/li>\n<li>Arbeitsstrom: \u2266 150 mA<\/li>\n<li>Abmessungen: 127 x 82 x 36 mm (5 x 3,22 x 1,42 Zoll)<\/li>\n<li>Neues unterst\u00fctztes Protokoll: CANFD<\/li>\n<\/ul>\n<h4>Packliste<\/h4>\n<ul>\n<li>1* Phoenix Elite<\/li>\n<li>1 * Phoenix MDCI (VCI-Dongle)<\/li>\n<li>1 * OBDI Adapter BOX \u00dcbertragungsleitung<\/li>\n<li>1 * OBDII-Verl\u00e4ngerungskabel<\/li>\n<li>1 * Zigarettenanz\u00fcnderkabel<\/li>\n<li>1 * Typ-C-zu-USB-Kabel<\/li>\n<li>1 * Batterieklemmen\/Kabelsatz<\/li>\n<li>1 * Netzteil<\/li>\n<li>1 * Benutzerhandbuch<\/li>\n<li>1 * Passwortumschlag<\/li>\n<li>10 * Nicht-16-poliges Adapterkabel-Kit<\/li>\n<li>4 * Sicherung (\u03c65*20mm)<\/li>\n<li>2 * Sicherung (\u03c66*30mm)<\/li>\n<li>1 * BMW F-Chassis Programmierkabel<\/li>\n<\/ul>\n<h4>Garantie und Updates<\/h4>\n<p>Zwei Jahre Garantie.<br \/>\nZwei Jahre kostenlose Software-Updates.<\/p>","protected":false},"excerpt":{"rendered":"<p>Schalten Sie erweiterte Diagnosefunktionen mit dem TOPDON Phoenix Plus 2 frei, einer verbesserten Version des Phoenix Plus.<br \/>\nMit der neuen CAN-FD-Unterst\u00fctzung deckt dieses Tool jetzt eine gr\u00f6\u00dfere Bandbreite moderner Fahrzeuge ab.<\/p>","protected":false},"featured_media":7736,"template":"","meta":[],"product_brand":[130],"product_cat":[129],"product_tag":[],"tool_configuration":[],"tool_interface":[],"flashing_tools":[103],"vehicle_types":[],"class_list":{"0":"post-7735","1":"product","2":"type-product","3":"status-publish","4":"has-post-thumbnail","6":"product_brand-topdon","7":"product_cat-diagnostic","8":"product_shipping_class-heavy-items","9":"flashing_tools-universal","11":"first","12":"instock","13":"sale","14":"featured","15":"taxable","16":"shipping-taxable","17":"purchasable","18":"product-type-simple"},"bundled_by":[],"bundle_stock_status":"instock","bundle_stock_quantity":1,"bundle_virtual":false,"bundle_layout":"","bundle_add_to_cart_form_location":"","bundle_editable_in_cart":false,"bundle_sold_individually_context":"","bundle_item_grouping":"","bundle_min_size":"","bundle_max_size":"","bundle_price":[],"bundled_items":[],"bundle_sell_ids":[],"group_of_quantity":0,"min_quantity":0,"max_quantity":"","exclude_order_quantity_value_rules":"no","exclude_category_quantity_rules":"no","combine_variations":"no","acf":[],"yoast_head":"<!-- This site is optimized with the Yoast SEO plugin v27.5 - https:\/\/yoast.com\/product\/yoast-seo-wordpress\/ -->\n<title>Topdon Phoenix Elite | ECU Remap Center<\/title>\n<meta name=\"robots\" content=\"index, follow, max-snippet:-1, max-image-preview:large, max-video-preview:-1\" \/>\n<link rel=\"canonical\" href=\"https:\/\/ecuremapcenter.com\/de\/geschaft\/topdon-phoenix-elite\/\" \/>\n<meta property=\"og:locale\" content=\"de_DE\" \/>\n<meta property=\"og:type\" content=\"article\" \/>\n<meta property=\"og:title\" content=\"Topdon Phoenix Elite | ECU Remap Center\" \/>\n<meta property=\"og:description\" content=\"Unlock advanced diagnostics with the TOPDON Phoenix Plus 2, an enhanced version of the Phoenix Plus. With new CAN-FD support, this tool now covers a broader range of modern vehicles.\" \/>\n<meta property=\"og:url\" content=\"https:\/\/ecuremapcenter.com\/de\/geschaft\/topdon-phoenix-elite\/\" \/>\n<meta property=\"og:site_name\" content=\"ECU Remap Center\" \/>\n<meta property=\"article:publisher\" content=\"https:\/\/www.facebook.com\/ecuremapcenter\" \/>\n<meta property=\"article:modified_time\" content=\"2025-09-25T10:12:05+00:00\" \/>\n<meta property=\"og:image\" content=\"https:\/\/ecuremapcenter.com\/wp-content\/uploads\/2025\/03\/topdon_phoenix_elite_1.jpg\" \/>\n\t<meta property=\"og:image:width\" content=\"1200\" \/>\n\t<meta property=\"og:image:height\" content=\"1200\" \/>\n\t<meta property=\"og:image:type\" content=\"image\/jpeg\" \/>\n<meta name=\"twitter:card\" content=\"summary_large_image\" \/>\n<meta name=\"twitter:label1\" content=\"Gesch\u00e4tzte Lesezeit\" \/>\n\t<meta name=\"twitter:data1\" content=\"4\u00a0Minuten\" \/>\n<script type=\"application\/ld+json\" class=\"yoast-schema-graph\">{\"@context\":\"https:\\\/\\\/schema.org\",\"@graph\":[{\"@type\":\"WebPage\",\"@id\":\"https:\\\/\\\/ecuremapcenter.com\\\/shop\\\/topdon-phoenix-elite\\\/\",\"url\":\"https:\\\/\\\/ecuremapcenter.com\\\/shop\\\/topdon-phoenix-elite\\\/\",\"name\":\"Topdon Phoenix Elite | ECU Remap Center\",\"isPartOf\":{\"@id\":\"https:\\\/\\\/ecuremapcenter.com\\\/#website\"},\"primaryImageOfPage\":{\"@id\":\"https:\\\/\\\/ecuremapcenter.com\\\/shop\\\/topdon-phoenix-elite\\\/#primaryimage\"},\"image\":{\"@id\":\"https:\\\/\\\/ecuremapcenter.com\\\/shop\\\/topdon-phoenix-elite\\\/#primaryimage\"},\"thumbnailUrl\":\"https:\\\/\\\/ecuremapcenter.com\\\/wp-content\\\/uploads\\\/2025\\\/03\\\/topdon_phoenix_elite_1.jpg\",\"datePublished\":\"2025-02-14T09:45:47+00:00\",\"dateModified\":\"2025-09-25T10:12:05+00:00\",\"breadcrumb\":{\"@id\":\"https:\\\/\\\/ecuremapcenter.com\\\/shop\\\/topdon-phoenix-elite\\\/#breadcrumb\"},\"inLanguage\":\"de\",\"potentialAction\":[{\"@type\":\"ReadAction\",\"target\":[\"https:\\\/\\\/ecuremapcenter.com\\\/shop\\\/topdon-phoenix-elite\\\/\"]}]},{\"@type\":\"ImageObject\",\"inLanguage\":\"de\",\"@id\":\"https:\\\/\\\/ecuremapcenter.com\\\/shop\\\/topdon-phoenix-elite\\\/#primaryimage\",\"url\":\"https:\\\/\\\/ecuremapcenter.com\\\/wp-content\\\/uploads\\\/2025\\\/03\\\/topdon_phoenix_elite_1.jpg\",\"contentUrl\":\"https:\\\/\\\/ecuremapcenter.com\\\/wp-content\\\/uploads\\\/2025\\\/03\\\/topdon_phoenix_elite_1.jpg\",\"width\":1200,\"height\":1200,\"caption\":\"topdon phoenix elite diagnostic device - product photo\"},{\"@type\":\"BreadcrumbList\",\"@id\":\"https:\\\/\\\/ecuremapcenter.com\\\/shop\\\/topdon-phoenix-elite\\\/#breadcrumb\",\"itemListElement\":[{\"@type\":\"ListItem\",\"position\":1,\"name\":\"Home\",\"item\":\"https:\\\/\\\/ecuremapcenter.com\\\/\"},{\"@type\":\"ListItem\",\"position\":2,\"name\":\"Shop\",\"item\":\"https:\\\/\\\/ecuremapcenter.com\\\/shop\\\/\"},{\"@type\":\"ListItem\",\"position\":3,\"name\":\"Topdon Phoenix Elite\"}]},{\"@type\":\"WebSite\",\"@id\":\"https:\\\/\\\/ecuremapcenter.com\\\/#website\",\"url\":\"https:\\\/\\\/ecuremapcenter.com\\\/\",\"name\":\"ECU Remap Center\",\"description\":\"High quality ECU, TCU remaps and DPF Off, EGR Off, SCR Off solutions for chip tuning professionals\",\"publisher\":{\"@id\":\"https:\\\/\\\/ecuremapcenter.com\\\/#organization\"},\"alternateName\":\"ERC\",\"potentialAction\":[{\"@type\":\"SearchAction\",\"target\":{\"@type\":\"EntryPoint\",\"urlTemplate\":\"https:\\\/\\\/ecuremapcenter.com\\\/?s={search_term_string}\"},\"query-input\":{\"@type\":\"PropertyValueSpecification\",\"valueRequired\":true,\"valueName\":\"search_term_string\"}}],\"inLanguage\":\"de\"},{\"@type\":\"Organization\",\"@id\":\"https:\\\/\\\/ecuremapcenter.com\\\/#organization\",\"name\":\"ECU Remap Center\",\"alternateName\":\"ERC\",\"url\":\"https:\\\/\\\/ecuremapcenter.com\\\/\",\"logo\":{\"@type\":\"ImageObject\",\"inLanguage\":\"de\",\"@id\":\"https:\\\/\\\/ecuremapcenter.com\\\/#\\\/schema\\\/logo\\\/image\\\/\",\"url\":\"https:\\\/\\\/ecuremapcenter.com\\\/wp-content\\\/uploads\\\/2021\\\/06\\\/erc-logo.svg\",\"contentUrl\":\"https:\\\/\\\/ecuremapcenter.com\\\/wp-content\\\/uploads\\\/2021\\\/06\\\/erc-logo.svg\",\"width\":780,\"height\":236,\"caption\":\"ECU Remap Center\"},\"image\":{\"@id\":\"https:\\\/\\\/ecuremapcenter.com\\\/#\\\/schema\\\/logo\\\/image\\\/\"},\"sameAs\":[\"https:\\\/\\\/www.facebook.com\\\/ecuremapcenter\",\"https:\\\/\\\/www.instagram.com\\\/ecuremapcenter\\\/\"]}]}<\/script>\n<!-- \/ Yoast SEO plugin. -->","yoast_head_json":{"title":"Topdon Phoenix Elite | ECU-Neuzuordnungszentrum","robots":{"index":"index","follow":"follow","max-snippet":"max-snippet:-1","max-image-preview":"max-image-preview:large","max-video-preview":"max-video-preview:-1"},"canonical":"https:\/\/ecuremapcenter.com\/de\/geschaft\/topdon-phoenix-elite\/","og_locale":"de_DE","og_type":"article","og_title":"Topdon Phoenix Elite | ECU Remap Center","og_description":"Unlock advanced diagnostics with the TOPDON Phoenix Plus 2, an enhanced version of the Phoenix Plus. With new CAN-FD support, this tool now covers a broader range of modern vehicles.","og_url":"https:\/\/ecuremapcenter.com\/de\/geschaft\/topdon-phoenix-elite\/","og_site_name":"ECU Remap Center","article_publisher":"https:\/\/www.facebook.com\/ecuremapcenter","article_modified_time":"2025-09-25T10:12:05+00:00","og_image":[{"width":1200,"height":1200,"url":"https:\/\/ecuremapcenter.com\/wp-content\/uploads\/2025\/03\/topdon_phoenix_elite_1.jpg","type":"image\/jpeg"}],"twitter_card":"summary_large_image","twitter_misc":{"Gesch\u00e4tzte Lesezeit":"4\u00a0Minuten"},"schema":{"@context":"https:\/\/schema.org","@graph":[{"@type":"WebPage","@id":"https:\/\/ecuremapcenter.com\/shop\/topdon-phoenix-elite\/","url":"https:\/\/ecuremapcenter.com\/shop\/topdon-phoenix-elite\/","name":"Topdon Phoenix Elite | ECU-Neuzuordnungszentrum","isPartOf":{"@id":"https:\/\/ecuremapcenter.com\/#website"},"primaryImageOfPage":{"@id":"https:\/\/ecuremapcenter.com\/shop\/topdon-phoenix-elite\/#primaryimage"},"image":{"@id":"https:\/\/ecuremapcenter.com\/shop\/topdon-phoenix-elite\/#primaryimage"},"thumbnailUrl":"https:\/\/ecuremapcenter.com\/wp-content\/uploads\/2025\/03\/topdon_phoenix_elite_1.jpg","datePublished":"2025-02-14T09:45:47+00:00","dateModified":"2025-09-25T10:12:05+00:00","breadcrumb":{"@id":"https:\/\/ecuremapcenter.com\/shop\/topdon-phoenix-elite\/#breadcrumb"},"inLanguage":"de","potentialAction":[{"@type":"ReadAction","target":["https:\/\/ecuremapcenter.com\/shop\/topdon-phoenix-elite\/"]}]},{"@type":"ImageObject","inLanguage":"de","@id":"https:\/\/ecuremapcenter.com\/shop\/topdon-phoenix-elite\/#primaryimage","url":"https:\/\/ecuremapcenter.com\/wp-content\/uploads\/2025\/03\/topdon_phoenix_elite_1.jpg","contentUrl":"https:\/\/ecuremapcenter.com\/wp-content\/uploads\/2025\/03\/topdon_phoenix_elite_1.jpg","width":1200,"height":1200,"caption":"topdon phoenix elite diagnostic device - product photo"},{"@type":"BreadcrumbList","@id":"https:\/\/ecuremapcenter.com\/shop\/topdon-phoenix-elite\/#breadcrumb","itemListElement":[{"@type":"ListItem","position":1,"name":"Home","item":"https:\/\/ecuremapcenter.com\/"},{"@type":"ListItem","position":2,"name":"Shop","item":"https:\/\/ecuremapcenter.com\/shop\/"},{"@type":"ListItem","position":3,"name":"Topdon Phoenix Elite"}]},{"@type":"WebSite","@id":"https:\/\/ecuremapcenter.com\/#website","url":"https:\/\/ecuremapcenter.com\/","name":"ECU-Remap-Center","description":"Hochwertige ECU- und TCU-Neuzuordnungen sowie DPF-Off-, EGR-Off- und SCR-Off-L\u00f6sungen f\u00fcr Chiptuning-Profis","publisher":{"@id":"https:\/\/ecuremapcenter.com\/#organization"},"alternateName":"ERC","potentialAction":[{"@type":"SearchAction","target":{"@type":"EntryPoint","urlTemplate":"https:\/\/ecuremapcenter.com\/?s={search_term_string}"},"query-input":{"@type":"PropertyValueSpecification","valueRequired":true,"valueName":"search_term_string"}}],"inLanguage":"de"},{"@type":"Organization","@id":"https:\/\/ecuremapcenter.com\/#organization","name":"ECU-Remap-Center","alternateName":"ERC","url":"https:\/\/ecuremapcenter.com\/","logo":{"@type":"ImageObject","inLanguage":"de","@id":"https:\/\/ecuremapcenter.com\/#\/schema\/logo\/image\/","url":"https:\/\/ecuremapcenter.com\/wp-content\/uploads\/2021\/06\/erc-logo.svg","contentUrl":"https:\/\/ecuremapcenter.com\/wp-content\/uploads\/2021\/06\/erc-logo.svg","width":780,"height":236,"caption":"ECU Remap Center"},"image":{"@id":"https:\/\/ecuremapcenter.com\/#\/schema\/logo\/image\/"},"sameAs":["https:\/\/www.facebook.com\/ecuremapcenter","https:\/\/www.instagram.com\/ecuremapcenter\/"]}]}},"_links":{"self":[{"href":"https:\/\/ecuremapcenter.com\/de\/wp-json\/wp\/v2\/product\/7735","targetHints":{"allow":["GET"]}}],"collection":[{"href":"https:\/\/ecuremapcenter.com\/de\/wp-json\/wp\/v2\/product"}],"about":[{"href":"https:\/\/ecuremapcenter.com\/de\/wp-json\/wp\/v2\/types\/product"}],"wp:featuredmedia":[{"embeddable":true,"href":"https:\/\/ecuremapcenter.com\/de\/wp-json\/wp\/v2\/media\/7736"}],"wp:attachment":[{"href":"https:\/\/ecuremapcenter.com\/de\/wp-json\/wp\/v2\/media?parent=7735"}],"wp:term":[{"taxonomy":"product_brand","embeddable":true,"href":"https:\/\/ecuremapcenter.com\/de\/wp-json\/wp\/v2\/product_brand?post=7735"},{"taxonomy":"product_cat","embeddable":true,"href":"https:\/\/ecuremapcenter.com\/de\/wp-json\/wp\/v2\/product_cat?post=7735"},{"taxonomy":"product_tag","embeddable":true,"href":"https:\/\/ecuremapcenter.com\/de\/wp-json\/wp\/v2\/product_tag?post=7735"},{"taxonomy":"tool_configuration","embeddable":true,"href":"https:\/\/ecuremapcenter.com\/de\/wp-json\/wp\/v2\/tool_configuration?post=7735"},{"taxonomy":"tool_interface","embeddable":true,"href":"https:\/\/ecuremapcenter.com\/de\/wp-json\/wp\/v2\/tool_interface?post=7735"},{"taxonomy":"flashing_tools","embeddable":true,"href":"https:\/\/ecuremapcenter.com\/de\/wp-json\/wp\/v2\/flashing_tools?post=7735"},{"taxonomy":"vehicle_types","embeddable":true,"href":"https:\/\/ecuremapcenter.com\/de\/wp-json\/wp\/v2\/vehicle_types?post=7735"}],"curies":[{"name":"wp","href":"https:\/\/api.w.org\/{rel}","templated":true}]}}