{"id":8829,"date":"2026-03-11T12:13:05","date_gmt":"2026-03-11T11:13:05","guid":{"rendered":"https:\/\/ecuremapcenter.com\/?post_type=product&#038;p=8829"},"modified":"2026-03-11T13:00:04","modified_gmt":"2026-03-11T12:00:04","slug":"kess3-full-erc-tuner-kit-obd-bench-boot","status":"publish","type":"product","link":"https:\/\/ecuremapcenter.com\/de\/geschaft\/kess3-full-erc-tuner-kit-obd-bench-boot\/","title":{"rendered":"KESS3 FULL ERC TUNER KIT (OBD, Bench &#038; Boot)"},"content":{"rendered":"<p><strong>KESS3 vereint 3 Betriebsarten in einem Werkzeug. OBD-, Bench- und Boot-Modus.<\/strong><br \/>\nJeder Aspekt von KESS3 wurde sorgf\u00e4ltig entwickelt, um Leistung, betriebliche Flexibilit\u00e4t und Benutzerfreundlichkeit zu gew\u00e4hrleisten. Neuer Mikroprozessor, I\/O-Schnittstellen der neuesten Generation, neue integrierte Sensoren und leistungsstarke EEPROM- und FLASH-Speicher sind die Hauptmerkmale von KESS3.<\/p>\n<h5>Kofferinhalt<\/h5>\n<p><strong>KESS3-Slave-Hardware<\/strong><br \/>\n<strong>USB-Kabel<\/strong>, erforderlich f\u00fcr die Verbindung mit dem KESS3-Instrument \u00fcber den PC<br \/>\n<strong>Das OBD-Kabel der neuen Generation<\/strong><br \/>\n(Integriert alle Kommunikationsleitungen der verschiedenen Automobilhersteller; \u2013 kommunikationsf\u00e4hig mit Honda, Volvo, Lotus und Toyota.)<br \/>\n<strong>1400SWALIM<\/strong>\u00a0Netzteil, das ausreichend Strom und Spannung liefern kann, um auf stabile und sichere Weise mit den elektronischen Steuereinheiten zu kommunizieren.<br \/>\n<strong>144300TALI<\/strong>\u00a0Kabel, um das Instrument \u00fcber ein Tischnetzteil mit Strom zu versorgen (das Netzteil ist hingegen separat erh\u00e4ltlich)<br \/>\n<strong>144300KBNC<\/strong>\u00a0Kabel zur Kommunikation mit den Steuerger\u00e4ten direkt auf der Werkbank<br \/>\n<strong>144300 KTER<\/strong>\u00a0Paket, das alle f\u00fcr den Anschluss im BENCH- oder BOOT-Modus n\u00fctzlichen Kabel enth\u00e4lt. (Verl\u00e4ngerung).<br \/>\n<strong>144300T104<\/strong>\u00a0Rainbow-Kabel IDC 26-10, bestehend aus 10 Dr\u00e4hten, zum direkten Anschluss an die Elektronikplatine der Steuereinheit.<br \/>\n<strong>144300T105<\/strong>\u00a0Rainbow-Kabel IDC 26-16, bestehend aus 16 Dr\u00e4hten, zum direkten Anschluss an die Elektronikplatine der Steuereinheit.<br \/>\n<strong>144300T106<\/strong>\u00a0Rainbow-Kabel IDC 26-26, bestehend aus 26 Dr\u00e4hten, zum direkten Anschluss an die Elektronikplatine der Steuereinheit.<\/p>\n<p><em>* Bonusguthaben sind nur f\u00fcr den Kauf eines Tuner-Kits durch ein Unternehmen oder eine Einzelperson zur Gr\u00fcndung eines Unternehmens g\u00fcltig.<br \/>\nF\u00fcr besondere Bedingungen beim Kauf mehrerer Kits kontaktieren Sie uns zun\u00e4chst unter <a href=\"mailto:sales@ecuremapcenter.com\">sales@ecuremapcenter.com<\/a>!<br \/>\n<\/em><\/p>","protected":false},"excerpt":{"rendered":"<p>KESS3 ist ein All-in-One-Tool f\u00fcr OBD- und BENCH-BOOT-Verfahren und verf\u00fcgt \u00fcber eine v\u00f6llig neue Architektur, die um ein Vielfaches schnellere Lese- und Schreibvorg\u00e4nge f\u00fcr Steuerger\u00e4te als bei der alten Generation erm\u00f6glicht. Unterst\u00fctzt durch die neue, benutzerfreundliche Cloud-Version der Alientech SUITE-Software!<\/p>\n<p>Enth\u00e4lt ein KESS3-Slave-Ger\u00e4t, einen Koffer, Kabel, s\u00e4mtliches Zubeh\u00f6r und ein Jahr Support-Abonnement.<\/p>\n<p><strong>KESS3 FULL ERC TUNER KIT (OBD, Bench &amp; Boot)<\/strong> kommt mit <strong>OBD, Bench and BOOT protocols for ALL VEHICLE TYPES <\/strong>and a <strong>Bonus von 120 Tuning-Token* <\/strong>So k\u00f6nnen Sie ohne weitere Investitionen mit dem Tuning beginnen!<\/p>\n<p><em><br \/>\n* Bonus-Token m\u00fcssen innerhalb von 6 Monaten nach dem Kauf des Werkzeugs ausgegeben werden.<\/em><\/p>","protected":false},"featured_media":8830,"template":"","meta":[],"product_brand":[69],"product_cat":[119,45],"product_tag":[],"tool_configuration":[85],"tool_interface":[96,97,95],"flashing_tools":[88],"vehicle_types":[82,80,79,83,81],"class_list":{"0":"post-8829","1":"product","2":"type-product","3":"status-publish","4":"has-post-thumbnail","6":"product_brand-alientech","7":"product_cat-all-products","8":"product_cat-erc-tuner-kits","9":"product_shipping_class-erc-dealer-kits","10":"tool_configuration-slave","11":"tool_interface-bench","12":"tool_interface-boot","13":"tool_interface-obd","14":"flashing_tools-kess3","15":"vehicle_types-agriculture","16":"vehicle_types-bike-atv","17":"vehicle_types-cars-lcv","18":"vehicle_types-marine","19":"vehicle_types-truck-bus","21":"first","22":"instock","23":"sale","24":"featured","25":"sold-individually","26":"taxable","27":"shipping-taxable","28":"purchasable","29":"product-type-bundle"},"bundled_by":[],"bundle_stock_status":"instock","bundle_stock_quantity":"","bundle_virtual":false,"bundle_layout":"tabular","bundle_add_to_cart_form_location":"default","bundle_editable_in_cart":false,"bundle_sold_individually_context":"product","bundle_item_grouping":"parent","bundle_min_size":"","bundle_max_size":"","bundle_price":{"price":{"min":{"incl_tax":"4291","excl_tax":"4291"},"max":{"incl_tax":"4291","excl_tax":"4291"}},"regular_price":{"min":{"incl_tax":"4480","excl_tax":"4480"},"max":{"incl_tax":"4480","excl_tax":"4480"}}},"bundled_items":[{"bundled_item_id":136,"product_id":4396,"menu_order":0,"quantity_min":1,"quantity_max":1,"quantity_default":1,"priced_individually":false,"shipped_individually":false,"override_title":false,"title":"KESS3-Flash-Tool-Hardware","override_description":false,"description":"","optional":false,"hide_thumbnail":false,"discount":"","override_variations":false,"allowed_variations":[],"override_default_variation_attributes":false,"default_variation_attributes":[],"single_product_visibility":"hidden","cart_visibility":"hidden","order_visibility":"hidden","single_product_price_visibility":"visible","cart_price_visibility":"visible","order_price_visibility":"visible","stock_status":"in_stock"},{"bundled_item_id":138,"product_id":8728,"menu_order":1,"quantity_min":1,"quantity_max":1,"quantity_default":1,"priced_individually":false,"shipped_individually":true,"override_title":false,"title":"KESS3 Slave - FULL OBD Protocols activation","override_description":false,"description":"","optional":false,"hide_thumbnail":false,"discount":"","override_variations":false,"allowed_variations":[],"override_default_variation_attributes":false,"default_variation_attributes":[],"single_product_visibility":"hidden","cart_visibility":"hidden","order_visibility":"hidden","single_product_price_visibility":"visible","cart_price_visibility":"visible","order_price_visibility":"visible","stock_status":"in_stock"},{"bundled_item_id":139,"product_id":8729,"menu_order":2,"quantity_min":1,"quantity_max":1,"quantity_default":1,"priced_individually":false,"shipped_individually":true,"override_title":false,"title":"KESS3 Slave - FULL Bench-BOOT Protocols activation","override_description":false,"description":"","optional":false,"hide_thumbnail":false,"discount":"","override_variations":false,"allowed_variations":[],"override_default_variation_attributes":false,"default_variation_attributes":[],"single_product_visibility":"hidden","cart_visibility":"hidden","order_visibility":"hidden","single_product_price_visibility":"visible","cart_price_visibility":"visible","order_price_visibility":"visible","stock_status":"in_stock"}],"bundle_sell_ids":[],"group_of_quantity":0,"min_quantity":1,"max_quantity":1,"exclude_order_quantity_value_rules":"no","exclude_category_quantity_rules":"no","combine_variations":"no","acf":[],"yoast_head":"<!-- This site is optimized with the Yoast SEO plugin v27.4 - https:\/\/yoast.com\/product\/yoast-seo-wordpress\/ -->\n<title>KESS3 FULL ERC TUNER KIT (OBD, Bench &amp; Boot) | ECU Remap Center<\/title>\n<meta name=\"robots\" content=\"index, follow, max-snippet:-1, max-image-preview:large, max-video-preview:-1\" \/>\n<link rel=\"canonical\" href=\"https:\/\/ecuremapcenter.com\/de\/geschaft\/kess3-full-erc-tuner-kit-obd-bench-boot\/\" \/>\n<meta property=\"og:locale\" content=\"de_DE\" \/>\n<meta property=\"og:type\" content=\"article\" \/>\n<meta property=\"og:title\" content=\"KESS3 FULL ERC TUNER KIT (OBD, Bench &amp; Boot) | ECU Remap Center\" \/>\n<meta property=\"og:description\" content=\"An all-in-one tool for OBD and BENCH-BOOT procedures, KESS3 is here with a completely new arhitecture that allows multiple times faster ECU reading and writing procedures then old generation. Supported by the new, easy to use, cloud version of Alientech SUITE software!  Includes KESS3 Slave Device, suitcase, cables, all accessories and one year of support subscription.  KESS3 FULL ERC TUNER KIT (OBD, Bench &amp; Boot) comes with OBD, Bench and BOOT protocols for ALL VEHICLE TYPES and a bonus of 120 tuning tokens* so you can start with tuning without any further investment!   * Bonus tokens have to be spent within 6 months of the tool purchase.\" \/>\n<meta property=\"og:url\" content=\"https:\/\/ecuremapcenter.com\/de\/geschaft\/kess3-full-erc-tuner-kit-obd-bench-boot\/\" \/>\n<meta property=\"og:site_name\" content=\"ECU Remap Center\" \/>\n<meta property=\"article:publisher\" content=\"https:\/\/www.facebook.com\/ecuremapcenter\" \/>\n<meta property=\"article:modified_time\" content=\"2026-03-11T12:00:04+00:00\" \/>\n<meta property=\"og:image\" content=\"https:\/\/ecuremapcenter.com\/wp-content\/uploads\/2026\/03\/kess3-dealer-kit-full.jpg\" \/>\n\t<meta property=\"og:image:width\" content=\"1200\" \/>\n\t<meta property=\"og:image:height\" content=\"1200\" \/>\n\t<meta property=\"og:image:type\" content=\"image\/jpeg\" \/>\n<meta name=\"twitter:card\" content=\"summary_large_image\" \/>\n<meta name=\"twitter:label1\" content=\"Gesch\u00e4tzte Lesezeit\" \/>\n\t<meta name=\"twitter:data1\" content=\"3\u00a0Minuten\" \/>\n<script type=\"application\/ld+json\" class=\"yoast-schema-graph\">{\"@context\":\"https:\\\/\\\/schema.org\",\"@graph\":[{\"@type\":\"WebPage\",\"@id\":\"https:\\\/\\\/ecuremapcenter.com\\\/shop\\\/kess3-full-erc-tuner-kit-obd-bench-boot\\\/\",\"url\":\"https:\\\/\\\/ecuremapcenter.com\\\/shop\\\/kess3-full-erc-tuner-kit-obd-bench-boot\\\/\",\"name\":\"KESS3 FULL ERC TUNER KIT (OBD, Bench & Boot) | ECU Remap Center\",\"isPartOf\":{\"@id\":\"https:\\\/\\\/ecuremapcenter.com\\\/#website\"},\"primaryImageOfPage\":{\"@id\":\"https:\\\/\\\/ecuremapcenter.com\\\/shop\\\/kess3-full-erc-tuner-kit-obd-bench-boot\\\/#primaryimage\"},\"image\":{\"@id\":\"https:\\\/\\\/ecuremapcenter.com\\\/shop\\\/kess3-full-erc-tuner-kit-obd-bench-boot\\\/#primaryimage\"},\"thumbnailUrl\":\"https:\\\/\\\/ecuremapcenter.com\\\/wp-content\\\/uploads\\\/2026\\\/03\\\/kess3-dealer-kit-full.jpg\",\"datePublished\":\"2026-03-11T11:13:05+00:00\",\"dateModified\":\"2026-03-11T12:00:04+00:00\",\"breadcrumb\":{\"@id\":\"https:\\\/\\\/ecuremapcenter.com\\\/shop\\\/kess3-full-erc-tuner-kit-obd-bench-boot\\\/#breadcrumb\"},\"inLanguage\":\"de\",\"potentialAction\":[{\"@type\":\"ReadAction\",\"target\":[\"https:\\\/\\\/ecuremapcenter.com\\\/shop\\\/kess3-full-erc-tuner-kit-obd-bench-boot\\\/\"]}]},{\"@type\":\"ImageObject\",\"inLanguage\":\"de\",\"@id\":\"https:\\\/\\\/ecuremapcenter.com\\\/shop\\\/kess3-full-erc-tuner-kit-obd-bench-boot\\\/#primaryimage\",\"url\":\"https:\\\/\\\/ecuremapcenter.com\\\/wp-content\\\/uploads\\\/2026\\\/03\\\/kess3-dealer-kit-full.jpg\",\"contentUrl\":\"https:\\\/\\\/ecuremapcenter.com\\\/wp-content\\\/uploads\\\/2026\\\/03\\\/kess3-dealer-kit-full.jpg\",\"width\":1200,\"height\":1200},{\"@type\":\"BreadcrumbList\",\"@id\":\"https:\\\/\\\/ecuremapcenter.com\\\/shop\\\/kess3-full-erc-tuner-kit-obd-bench-boot\\\/#breadcrumb\",\"itemListElement\":[{\"@type\":\"ListItem\",\"position\":1,\"name\":\"Home\",\"item\":\"https:\\\/\\\/ecuremapcenter.com\\\/\"},{\"@type\":\"ListItem\",\"position\":2,\"name\":\"Shop\",\"item\":\"https:\\\/\\\/ecuremapcenter.com\\\/shop\\\/\"},{\"@type\":\"ListItem\",\"position\":3,\"name\":\"KESS3 FULL ERC TUNER KIT (OBD, Bench &#038; Boot)\"}]},{\"@type\":\"WebSite\",\"@id\":\"https:\\\/\\\/ecuremapcenter.com\\\/#website\",\"url\":\"https:\\\/\\\/ecuremapcenter.com\\\/\",\"name\":\"ECU Remap Center\",\"description\":\"High quality ECU, TCU remaps and DPF Off, EGR Off, SCR Off solutions for chip tuning professionals\",\"publisher\":{\"@id\":\"https:\\\/\\\/ecuremapcenter.com\\\/#organization\"},\"alternateName\":\"ERC\",\"potentialAction\":[{\"@type\":\"SearchAction\",\"target\":{\"@type\":\"EntryPoint\",\"urlTemplate\":\"https:\\\/\\\/ecuremapcenter.com\\\/?s={search_term_string}\"},\"query-input\":{\"@type\":\"PropertyValueSpecification\",\"valueRequired\":true,\"valueName\":\"search_term_string\"}}],\"inLanguage\":\"de\"},{\"@type\":\"Organization\",\"@id\":\"https:\\\/\\\/ecuremapcenter.com\\\/#organization\",\"name\":\"ECU Remap Center\",\"alternateName\":\"ERC\",\"url\":\"https:\\\/\\\/ecuremapcenter.com\\\/\",\"logo\":{\"@type\":\"ImageObject\",\"inLanguage\":\"de\",\"@id\":\"https:\\\/\\\/ecuremapcenter.com\\\/#\\\/schema\\\/logo\\\/image\\\/\",\"url\":\"https:\\\/\\\/ecuremapcenter.com\\\/wp-content\\\/uploads\\\/2021\\\/06\\\/erc-logo.svg\",\"contentUrl\":\"https:\\\/\\\/ecuremapcenter.com\\\/wp-content\\\/uploads\\\/2021\\\/06\\\/erc-logo.svg\",\"width\":780,\"height\":236,\"caption\":\"ECU Remap Center\"},\"image\":{\"@id\":\"https:\\\/\\\/ecuremapcenter.com\\\/#\\\/schema\\\/logo\\\/image\\\/\"},\"sameAs\":[\"https:\\\/\\\/www.facebook.com\\\/ecuremapcenter\",\"https:\\\/\\\/www.instagram.com\\\/ecuremapcenter\\\/\"]}]}<\/script>\n<!-- \/ Yoast SEO plugin. -->","yoast_head_json":{"title":"KESS3 FULL ERC TUNER KIT (OBD, Bench & Boot) | ECU Remap Center","robots":{"index":"index","follow":"follow","max-snippet":"max-snippet:-1","max-image-preview":"max-image-preview:large","max-video-preview":"max-video-preview:-1"},"canonical":"https:\/\/ecuremapcenter.com\/de\/geschaft\/kess3-full-erc-tuner-kit-obd-bench-boot\/","og_locale":"de_DE","og_type":"article","og_title":"KESS3 FULL ERC TUNER KIT (OBD, Bench & Boot) | ECU Remap Center","og_description":"An all-in-one tool for OBD and BENCH-BOOT procedures, KESS3 is here with a completely new arhitecture that allows multiple times faster ECU reading and writing procedures then old generation. Supported by the new, easy to use, cloud version of Alientech SUITE software!  Includes KESS3 Slave Device, suitcase, cables, all accessories and one year of support subscription.  KESS3 FULL ERC TUNER KIT (OBD, Bench &amp; Boot) comes with OBD, Bench and BOOT protocols for ALL VEHICLE TYPES and a bonus of 120 tuning tokens* so you can start with tuning without any further investment!   * Bonus tokens have to be spent within 6 months of the tool purchase.","og_url":"https:\/\/ecuremapcenter.com\/de\/geschaft\/kess3-full-erc-tuner-kit-obd-bench-boot\/","og_site_name":"ECU Remap Center","article_publisher":"https:\/\/www.facebook.com\/ecuremapcenter","article_modified_time":"2026-03-11T12:00:04+00:00","og_image":[{"width":1200,"height":1200,"url":"https:\/\/ecuremapcenter.com\/wp-content\/uploads\/2026\/03\/kess3-dealer-kit-full.jpg","type":"image\/jpeg"}],"twitter_card":"summary_large_image","twitter_misc":{"Gesch\u00e4tzte Lesezeit":"3\u00a0Minuten"},"schema":{"@context":"https:\/\/schema.org","@graph":[{"@type":"WebPage","@id":"https:\/\/ecuremapcenter.com\/shop\/kess3-full-erc-tuner-kit-obd-bench-boot\/","url":"https:\/\/ecuremapcenter.com\/shop\/kess3-full-erc-tuner-kit-obd-bench-boot\/","name":"KESS3 FULL ERC TUNER KIT (OBD, Bench & Boot) | ECU Remap Center","isPartOf":{"@id":"https:\/\/ecuremapcenter.com\/#website"},"primaryImageOfPage":{"@id":"https:\/\/ecuremapcenter.com\/shop\/kess3-full-erc-tuner-kit-obd-bench-boot\/#primaryimage"},"image":{"@id":"https:\/\/ecuremapcenter.com\/shop\/kess3-full-erc-tuner-kit-obd-bench-boot\/#primaryimage"},"thumbnailUrl":"https:\/\/ecuremapcenter.com\/wp-content\/uploads\/2026\/03\/kess3-dealer-kit-full.jpg","datePublished":"2026-03-11T11:13:05+00:00","dateModified":"2026-03-11T12:00:04+00:00","breadcrumb":{"@id":"https:\/\/ecuremapcenter.com\/shop\/kess3-full-erc-tuner-kit-obd-bench-boot\/#breadcrumb"},"inLanguage":"de","potentialAction":[{"@type":"ReadAction","target":["https:\/\/ecuremapcenter.com\/shop\/kess3-full-erc-tuner-kit-obd-bench-boot\/"]}]},{"@type":"ImageObject","inLanguage":"de","@id":"https:\/\/ecuremapcenter.com\/shop\/kess3-full-erc-tuner-kit-obd-bench-boot\/#primaryimage","url":"https:\/\/ecuremapcenter.com\/wp-content\/uploads\/2026\/03\/kess3-dealer-kit-full.jpg","contentUrl":"https:\/\/ecuremapcenter.com\/wp-content\/uploads\/2026\/03\/kess3-dealer-kit-full.jpg","width":1200,"height":1200},{"@type":"BreadcrumbList","@id":"https:\/\/ecuremapcenter.com\/shop\/kess3-full-erc-tuner-kit-obd-bench-boot\/#breadcrumb","itemListElement":[{"@type":"ListItem","position":1,"name":"Home","item":"https:\/\/ecuremapcenter.com\/"},{"@type":"ListItem","position":2,"name":"Shop","item":"https:\/\/ecuremapcenter.com\/shop\/"},{"@type":"ListItem","position":3,"name":"KESS3 FULL ERC TUNER KIT (OBD, Bench &#038; Boot)"}]},{"@type":"WebSite","@id":"https:\/\/ecuremapcenter.com\/#website","url":"https:\/\/ecuremapcenter.com\/","name":"ECU-Remap-Center","description":"Hochwertige ECU- und TCU-Neuzuordnungen sowie DPF-Off-, EGR-Off- und SCR-Off-L\u00f6sungen f\u00fcr Chiptuning-Profis","publisher":{"@id":"https:\/\/ecuremapcenter.com\/#organization"},"alternateName":"ERC","potentialAction":[{"@type":"SearchAction","target":{"@type":"EntryPoint","urlTemplate":"https:\/\/ecuremapcenter.com\/?s={search_term_string}"},"query-input":{"@type":"PropertyValueSpecification","valueRequired":true,"valueName":"search_term_string"}}],"inLanguage":"de"},{"@type":"Organization","@id":"https:\/\/ecuremapcenter.com\/#organization","name":"ECU-Remap-Center","alternateName":"ERC","url":"https:\/\/ecuremapcenter.com\/","logo":{"@type":"ImageObject","inLanguage":"de","@id":"https:\/\/ecuremapcenter.com\/#\/schema\/logo\/image\/","url":"https:\/\/ecuremapcenter.com\/wp-content\/uploads\/2021\/06\/erc-logo.svg","contentUrl":"https:\/\/ecuremapcenter.com\/wp-content\/uploads\/2021\/06\/erc-logo.svg","width":780,"height":236,"caption":"ECU Remap Center"},"image":{"@id":"https:\/\/ecuremapcenter.com\/#\/schema\/logo\/image\/"},"sameAs":["https:\/\/www.facebook.com\/ecuremapcenter","https:\/\/www.instagram.com\/ecuremapcenter\/"]}]}},"_links":{"self":[{"href":"https:\/\/ecuremapcenter.com\/de\/wp-json\/wp\/v2\/product\/8829","targetHints":{"allow":["GET"]}}],"collection":[{"href":"https:\/\/ecuremapcenter.com\/de\/wp-json\/wp\/v2\/product"}],"about":[{"href":"https:\/\/ecuremapcenter.com\/de\/wp-json\/wp\/v2\/types\/product"}],"wp:featuredmedia":[{"embeddable":true,"href":"https:\/\/ecuremapcenter.com\/de\/wp-json\/wp\/v2\/media\/8830"}],"wp:attachment":[{"href":"https:\/\/ecuremapcenter.com\/de\/wp-json\/wp\/v2\/media?parent=8829"}],"wp:term":[{"taxonomy":"product_brand","embeddable":true,"href":"https:\/\/ecuremapcenter.com\/de\/wp-json\/wp\/v2\/product_brand?post=8829"},{"taxonomy":"product_cat","embeddable":true,"href":"https:\/\/ecuremapcenter.com\/de\/wp-json\/wp\/v2\/product_cat?post=8829"},{"taxonomy":"product_tag","embeddable":true,"href":"https:\/\/ecuremapcenter.com\/de\/wp-json\/wp\/v2\/product_tag?post=8829"},{"taxonomy":"tool_configuration","embeddable":true,"href":"https:\/\/ecuremapcenter.com\/de\/wp-json\/wp\/v2\/tool_configuration?post=8829"},{"taxonomy":"tool_interface","embeddable":true,"href":"https:\/\/ecuremapcenter.com\/de\/wp-json\/wp\/v2\/tool_interface?post=8829"},{"taxonomy":"flashing_tools","embeddable":true,"href":"https:\/\/ecuremapcenter.com\/de\/wp-json\/wp\/v2\/flashing_tools?post=8829"},{"taxonomy":"vehicle_types","embeddable":true,"href":"https:\/\/ecuremapcenter.com\/de\/wp-json\/wp\/v2\/vehicle_types?post=8829"}],"curies":[{"name":"wp","href":"https:\/\/api.w.org\/{rel}","templated":true}]}}