{"id":3951,"date":"2023-02-03T12:27:18","date_gmt":"2023-02-03T11:27:18","guid":{"rendered":"https:\/\/ecuremapcenter.com\/?post_type=product&#038;p=3951"},"modified":"2026-01-13T02:14:56","modified_gmt":"2026-01-13T01:14:56","slug":"version-promocional-completa-de-titanio-ecm","status":"publish","type":"product","link":"https:\/\/ecuremapcenter.com\/es\/comercio\/version-promocional-completa-de-titanio-ecm\/","title":{"rendered":"ECM Titanium \u2013 Versi\u00f3n promocional completa"},"content":{"rendered":"<p>Dongle USB Alientech ECM Titanium Flash con promoci\u00f3n de activaci\u00f3n completa de controladores para propietarios de herramientas KESS3 Master. Esta versi\u00f3n promocional tiene todas las caracter\u00edsticas de la versi\u00f3n completa, pero requiere propiedad previa de la herramienta maestra KESS3 y estar\u00e1 vinculada al n\u00famero de serie de esa herramienta.<\/p>\n<p><strong>Tenga en cuenta que deber\u00e1 proporcionarnos el n\u00famero de serie de su herramienta KESS3 Master original.<\/strong><\/p>\n<p>Incluye 12 meses de suscripci\u00f3n.<\/p>","protected":false},"excerpt":{"rendered":"<p>Dongle USB Alientech ECM Titanium Flash con promoci\u00f3n de activaci\u00f3n completa de controladores para propietarios de herramientas KESS3 Master. Esta versi\u00f3n promocional tiene todas las caracter\u00edsticas de la versi\u00f3n completa, pero requiere propiedad previa de la herramienta maestra KESS3 y estar\u00e1 vinculada al n\u00famero de serie de esa herramienta.<\/p>\n<p><strong>Tenga en cuenta que deber\u00e1 proporcionarnos el n\u00famero de serie de su herramienta KESS3 Master original.<\/strong><\/p>\n<p>Incluye 12 meses de suscripci\u00f3n.<\/p>","protected":false},"featured_media":6144,"template":"","meta":[],"product_brand":[69],"product_cat":[119,78],"product_tag":[],"tool_configuration":[],"tool_interface":[],"flashing_tools":[],"vehicle_types":[],"class_list":{"0":"post-3951","1":"product","2":"type-product","3":"status-publish","4":"has-post-thumbnail","6":"product_brand-alientech","7":"product_cat-all-products","8":"product_cat-software","9":"product_shipping_class-small-items","11":"first","12":"instock","13":"taxable","14":"shipping-taxable","15":"purchasable","16":"product-type-simple"},"bundled_by":[],"bundle_stock_status":"instock","bundle_stock_quantity":3,"bundle_virtual":false,"bundle_layout":"","bundle_add_to_cart_form_location":"","bundle_editable_in_cart":false,"bundle_sold_individually_context":"","bundle_item_grouping":"","bundle_min_size":"","bundle_max_size":"","bundle_price":[],"bundled_items":[],"bundle_sell_ids":[],"group_of_quantity":0,"min_quantity":0,"max_quantity":"","exclude_order_quantity_value_rules":"no","exclude_category_quantity_rules":"no","combine_variations":"no","acf":[],"yoast_head":"<!-- This site is optimized with the Yoast SEO plugin v27.4 - https:\/\/yoast.com\/product\/yoast-seo-wordpress\/ -->\n<title>ECM Titanium - Full Promo Version | ECU Remap Center<\/title>\n<meta name=\"robots\" content=\"index, follow, max-snippet:-1, max-image-preview:large, max-video-preview:-1\" \/>\n<link rel=\"canonical\" href=\"https:\/\/ecuremapcenter.com\/es\/comercio\/version-promocional-completa-de-titanio-ecm\/\" \/>\n<meta property=\"og:locale\" content=\"es_ES\" \/>\n<meta property=\"og:type\" content=\"article\" \/>\n<meta property=\"og:title\" content=\"ECM Titanium - Full Promo Version | ECU Remap Center\" \/>\n<meta property=\"og:description\" content=\"Alientech ECM Titanium Flash USB Dongle with Promo Full Drivers Activation for KESS3 Master tool owners. This promotional version has all the features of the full version, but requires previous ownership of the KESS3 Master Tool and will be linked to that tool&#039;s serial number.  Please note that you will need to provide us with the serial number of your original KESS3 Master tool.  Includes 12 months of subscription.\" \/>\n<meta property=\"og:url\" content=\"https:\/\/ecuremapcenter.com\/es\/comercio\/version-promocional-completa-de-titanio-ecm\/\" \/>\n<meta property=\"og:site_name\" content=\"ECU Remap Center\" \/>\n<meta property=\"article:publisher\" content=\"https:\/\/www.facebook.com\/ecuremapcenter\" \/>\n<meta property=\"article:modified_time\" content=\"2026-01-13T01:14:56+00:00\" \/>\n<meta property=\"og:image\" content=\"https:\/\/ecuremapcenter.com\/wp-content\/uploads\/2023\/02\/149757ECM9.jpg\" \/>\n\t<meta property=\"og:image:width\" content=\"1200\" \/>\n\t<meta property=\"og:image:height\" content=\"1200\" \/>\n\t<meta property=\"og:image:type\" content=\"image\/jpeg\" \/>\n<meta name=\"twitter:card\" content=\"summary_large_image\" \/>\n<meta name=\"twitter:label1\" content=\"Tiempo de lectura\" \/>\n\t<meta name=\"twitter:data1\" content=\"1 minuto\" \/>\n<script type=\"application\/ld+json\" class=\"yoast-schema-graph\">{\"@context\":\"https:\\\/\\\/schema.org\",\"@graph\":[{\"@type\":\"WebPage\",\"@id\":\"https:\\\/\\\/ecuremapcenter.com\\\/shop\\\/ecm-titanium-full-promo-version\\\/\",\"url\":\"https:\\\/\\\/ecuremapcenter.com\\\/shop\\\/ecm-titanium-full-promo-version\\\/\",\"name\":\"ECM Titanium - Full Promo Version | ECU Remap Center\",\"isPartOf\":{\"@id\":\"https:\\\/\\\/ecuremapcenter.com\\\/#website\"},\"primaryImageOfPage\":{\"@id\":\"https:\\\/\\\/ecuremapcenter.com\\\/shop\\\/ecm-titanium-full-promo-version\\\/#primaryimage\"},\"image\":{\"@id\":\"https:\\\/\\\/ecuremapcenter.com\\\/shop\\\/ecm-titanium-full-promo-version\\\/#primaryimage\"},\"thumbnailUrl\":\"https:\\\/\\\/ecuremapcenter.com\\\/wp-content\\\/uploads\\\/2023\\\/02\\\/149757ECM9.jpg\",\"datePublished\":\"2023-02-03T11:27:18+00:00\",\"dateModified\":\"2026-01-13T01:14:56+00:00\",\"breadcrumb\":{\"@id\":\"https:\\\/\\\/ecuremapcenter.com\\\/shop\\\/ecm-titanium-full-promo-version\\\/#breadcrumb\"},\"inLanguage\":\"es\",\"potentialAction\":[{\"@type\":\"ReadAction\",\"target\":[\"https:\\\/\\\/ecuremapcenter.com\\\/shop\\\/ecm-titanium-full-promo-version\\\/\"]}]},{\"@type\":\"ImageObject\",\"inLanguage\":\"es\",\"@id\":\"https:\\\/\\\/ecuremapcenter.com\\\/shop\\\/ecm-titanium-full-promo-version\\\/#primaryimage\",\"url\":\"https:\\\/\\\/ecuremapcenter.com\\\/wp-content\\\/uploads\\\/2023\\\/02\\\/149757ECM9.jpg\",\"contentUrl\":\"https:\\\/\\\/ecuremapcenter.com\\\/wp-content\\\/uploads\\\/2023\\\/02\\\/149757ECM9.jpg\",\"width\":1200,\"height\":1200},{\"@type\":\"BreadcrumbList\",\"@id\":\"https:\\\/\\\/ecuremapcenter.com\\\/shop\\\/ecm-titanium-full-promo-version\\\/#breadcrumb\",\"itemListElement\":[{\"@type\":\"ListItem\",\"position\":1,\"name\":\"Home\",\"item\":\"https:\\\/\\\/ecuremapcenter.com\\\/\"},{\"@type\":\"ListItem\",\"position\":2,\"name\":\"Shop\",\"item\":\"https:\\\/\\\/ecuremapcenter.com\\\/shop\\\/\"},{\"@type\":\"ListItem\",\"position\":3,\"name\":\"ECM Titanium &#8211; Full Promo Version\"}]},{\"@type\":\"WebSite\",\"@id\":\"https:\\\/\\\/ecuremapcenter.com\\\/#website\",\"url\":\"https:\\\/\\\/ecuremapcenter.com\\\/\",\"name\":\"ECU Remap Center\",\"description\":\"High quality ECU, TCU remaps and DPF Off, EGR Off, SCR Off solutions for chip tuning professionals\",\"publisher\":{\"@id\":\"https:\\\/\\\/ecuremapcenter.com\\\/#organization\"},\"alternateName\":\"ERC\",\"potentialAction\":[{\"@type\":\"SearchAction\",\"target\":{\"@type\":\"EntryPoint\",\"urlTemplate\":\"https:\\\/\\\/ecuremapcenter.com\\\/?s={search_term_string}\"},\"query-input\":{\"@type\":\"PropertyValueSpecification\",\"valueRequired\":true,\"valueName\":\"search_term_string\"}}],\"inLanguage\":\"es\"},{\"@type\":\"Organization\",\"@id\":\"https:\\\/\\\/ecuremapcenter.com\\\/#organization\",\"name\":\"ECU Remap Center\",\"alternateName\":\"ERC\",\"url\":\"https:\\\/\\\/ecuremapcenter.com\\\/\",\"logo\":{\"@type\":\"ImageObject\",\"inLanguage\":\"es\",\"@id\":\"https:\\\/\\\/ecuremapcenter.com\\\/#\\\/schema\\\/logo\\\/image\\\/\",\"url\":\"https:\\\/\\\/ecuremapcenter.com\\\/wp-content\\\/uploads\\\/2021\\\/06\\\/erc-logo.svg\",\"contentUrl\":\"https:\\\/\\\/ecuremapcenter.com\\\/wp-content\\\/uploads\\\/2021\\\/06\\\/erc-logo.svg\",\"width\":780,\"height\":236,\"caption\":\"ECU Remap Center\"},\"image\":{\"@id\":\"https:\\\/\\\/ecuremapcenter.com\\\/#\\\/schema\\\/logo\\\/image\\\/\"},\"sameAs\":[\"https:\\\/\\\/www.facebook.com\\\/ecuremapcenter\",\"https:\\\/\\\/www.instagram.com\\\/ecuremapcenter\\\/\"]}]}<\/script>\n<!-- \/ Yoast SEO plugin. -->","yoast_head_json":{"title":"ECM Titanium - Versi\u00f3n promocional completa | Centro de reasignaci\u00f3n de ECU","robots":{"index":"index","follow":"follow","max-snippet":"max-snippet:-1","max-image-preview":"max-image-preview:large","max-video-preview":"max-video-preview:-1"},"canonical":"https:\/\/ecuremapcenter.com\/es\/comercio\/version-promocional-completa-de-titanio-ecm\/","og_locale":"es_ES","og_type":"article","og_title":"ECM Titanium - Full Promo Version | ECU Remap Center","og_description":"Alientech ECM Titanium Flash USB Dongle with Promo Full Drivers Activation for KESS3 Master tool owners. This promotional version has all the features of the full version, but requires previous ownership of the KESS3 Master Tool and will be linked to that tool's serial number.  Please note that you will need to provide us with the serial number of your original KESS3 Master tool.  Includes 12 months of subscription.","og_url":"https:\/\/ecuremapcenter.com\/es\/comercio\/version-promocional-completa-de-titanio-ecm\/","og_site_name":"ECU Remap Center","article_publisher":"https:\/\/www.facebook.com\/ecuremapcenter","article_modified_time":"2026-01-13T01:14:56+00:00","og_image":[{"width":1200,"height":1200,"url":"https:\/\/ecuremapcenter.com\/wp-content\/uploads\/2023\/02\/149757ECM9.jpg","type":"image\/jpeg"}],"twitter_card":"summary_large_image","twitter_misc":{"Tiempo de lectura":"1 minuto"},"schema":{"@context":"https:\/\/schema.org","@graph":[{"@type":"WebPage","@id":"https:\/\/ecuremapcenter.com\/shop\/ecm-titanium-full-promo-version\/","url":"https:\/\/ecuremapcenter.com\/shop\/ecm-titanium-full-promo-version\/","name":"ECM Titanium - Versi\u00f3n promocional completa | Centro de reasignaci\u00f3n de ECU","isPartOf":{"@id":"https:\/\/ecuremapcenter.com\/#website"},"primaryImageOfPage":{"@id":"https:\/\/ecuremapcenter.com\/shop\/ecm-titanium-full-promo-version\/#primaryimage"},"image":{"@id":"https:\/\/ecuremapcenter.com\/shop\/ecm-titanium-full-promo-version\/#primaryimage"},"thumbnailUrl":"https:\/\/ecuremapcenter.com\/wp-content\/uploads\/2023\/02\/149757ECM9.jpg","datePublished":"2023-02-03T11:27:18+00:00","dateModified":"2026-01-13T01:14:56+00:00","breadcrumb":{"@id":"https:\/\/ecuremapcenter.com\/shop\/ecm-titanium-full-promo-version\/#breadcrumb"},"inLanguage":"es","potentialAction":[{"@type":"ReadAction","target":["https:\/\/ecuremapcenter.com\/shop\/ecm-titanium-full-promo-version\/"]}]},{"@type":"ImageObject","inLanguage":"es","@id":"https:\/\/ecuremapcenter.com\/shop\/ecm-titanium-full-promo-version\/#primaryimage","url":"https:\/\/ecuremapcenter.com\/wp-content\/uploads\/2023\/02\/149757ECM9.jpg","contentUrl":"https:\/\/ecuremapcenter.com\/wp-content\/uploads\/2023\/02\/149757ECM9.jpg","width":1200,"height":1200},{"@type":"BreadcrumbList","@id":"https:\/\/ecuremapcenter.com\/shop\/ecm-titanium-full-promo-version\/#breadcrumb","itemListElement":[{"@type":"ListItem","position":1,"name":"Home","item":"https:\/\/ecuremapcenter.com\/"},{"@type":"ListItem","position":2,"name":"Shop","item":"https:\/\/ecuremapcenter.com\/shop\/"},{"@type":"ListItem","position":3,"name":"ECM Titanium &#8211; Full Promo Version"}]},{"@type":"WebSite","@id":"https:\/\/ecuremapcenter.com\/#website","url":"https:\/\/ecuremapcenter.com\/","name":"Centro de reasignaci\u00f3n de ECU","description":"ECU de alta calidad, reasignaciones de TCU y soluciones DPF Off, EGR Off, SCR Off para profesionales del ajuste de chips","publisher":{"@id":"https:\/\/ecuremapcenter.com\/#organization"},"alternateName":"ERC","potentialAction":[{"@type":"SearchAction","target":{"@type":"EntryPoint","urlTemplate":"https:\/\/ecuremapcenter.com\/?s={search_term_string}"},"query-input":{"@type":"PropertyValueSpecification","valueRequired":true,"valueName":"search_term_string"}}],"inLanguage":"es"},{"@type":"Organization","@id":"https:\/\/ecuremapcenter.com\/#organization","name":"Centro de reasignaci\u00f3n de ECU","alternateName":"ERC","url":"https:\/\/ecuremapcenter.com\/","logo":{"@type":"ImageObject","inLanguage":"es","@id":"https:\/\/ecuremapcenter.com\/#\/schema\/logo\/image\/","url":"https:\/\/ecuremapcenter.com\/wp-content\/uploads\/2021\/06\/erc-logo.svg","contentUrl":"https:\/\/ecuremapcenter.com\/wp-content\/uploads\/2021\/06\/erc-logo.svg","width":780,"height":236,"caption":"ECU Remap Center"},"image":{"@id":"https:\/\/ecuremapcenter.com\/#\/schema\/logo\/image\/"},"sameAs":["https:\/\/www.facebook.com\/ecuremapcenter","https:\/\/www.instagram.com\/ecuremapcenter\/"]}]}},"_links":{"self":[{"href":"https:\/\/ecuremapcenter.com\/es\/wp-json\/wp\/v2\/product\/3951","targetHints":{"allow":["GET"]}}],"collection":[{"href":"https:\/\/ecuremapcenter.com\/es\/wp-json\/wp\/v2\/product"}],"about":[{"href":"https:\/\/ecuremapcenter.com\/es\/wp-json\/wp\/v2\/types\/product"}],"wp:featuredmedia":[{"embeddable":true,"href":"https:\/\/ecuremapcenter.com\/es\/wp-json\/wp\/v2\/media\/6144"}],"wp:attachment":[{"href":"https:\/\/ecuremapcenter.com\/es\/wp-json\/wp\/v2\/media?parent=3951"}],"wp:term":[{"taxonomy":"product_brand","embeddable":true,"href":"https:\/\/ecuremapcenter.com\/es\/wp-json\/wp\/v2\/product_brand?post=3951"},{"taxonomy":"product_cat","embeddable":true,"href":"https:\/\/ecuremapcenter.com\/es\/wp-json\/wp\/v2\/product_cat?post=3951"},{"taxonomy":"product_tag","embeddable":true,"href":"https:\/\/ecuremapcenter.com\/es\/wp-json\/wp\/v2\/product_tag?post=3951"},{"taxonomy":"tool_configuration","embeddable":true,"href":"https:\/\/ecuremapcenter.com\/es\/wp-json\/wp\/v2\/tool_configuration?post=3951"},{"taxonomy":"tool_interface","embeddable":true,"href":"https:\/\/ecuremapcenter.com\/es\/wp-json\/wp\/v2\/tool_interface?post=3951"},{"taxonomy":"flashing_tools","embeddable":true,"href":"https:\/\/ecuremapcenter.com\/es\/wp-json\/wp\/v2\/flashing_tools?post=3951"},{"taxonomy":"vehicle_types","embeddable":true,"href":"https:\/\/ecuremapcenter.com\/es\/wp-json\/wp\/v2\/vehicle_types?post=3951"}],"curies":[{"name":"wp","href":"https:\/\/api.w.org\/{rel}","templated":true}]}}