{"id":3959,"date":"2023-02-03T14:50:43","date_gmt":"2023-02-03T13:50:43","guid":{"rendered":"https:\/\/ecuremapcenter.com\/?post_type=product&#038;p=3959"},"modified":"2025-12-21T13:56:38","modified_gmt":"2025-12-21T12:56:38","slug":"ecm-titanio-1x-credito-de-descarga","status":"publish","type":"product","link":"https:\/\/ecuremapcenter.com\/es\/comercio\/ecm-titanio-1x-credito-de-descarga\/","title":{"rendered":"ECM Titanium \u2013 1x cr\u00e9dito de descarga"},"content":{"rendered":"<p>1 x Activaci\u00f3n de cr\u00e9dito Alientech ECM Titanium para descargar el controlador y\/o la suma de comprobaci\u00f3n.<\/p>","protected":false},"excerpt":{"rendered":"<p>1 x Activaci\u00f3n de cr\u00e9dito Alientech ECM Titanium para descargar el controlador y\/o la suma de comprobaci\u00f3n.<\/p>\n<p><strong><span style=\"color: #db0000;\">IMPORTANT NOTE!<\/span><br \/>\nWe can activate credits only if you have ECM Titanium purchased from ERC!<br \/>\nIn case of wrong purchase we won&#8217;t be able to refund the order!<\/strong><\/p>","protected":false},"featured_media":6160,"template":"","meta":[],"product_brand":[69],"product_cat":[119,78],"product_tag":[],"tool_configuration":[],"tool_interface":[],"flashing_tools":[],"vehicle_types":[],"class_list":{"0":"post-3959","1":"product","2":"type-product","3":"status-publish","4":"has-post-thumbnail","6":"product_brand-alientech","7":"product_cat-all-products","8":"product_cat-software","10":"first","11":"instock","12":"virtual","13":"taxable","14":"purchasable","15":"product-type-simple"},"bundled_by":[],"bundle_stock_status":"instock","bundle_stock_quantity":977,"bundle_virtual":false,"bundle_layout":"","bundle_add_to_cart_form_location":"","bundle_editable_in_cart":false,"bundle_sold_individually_context":"","bundle_item_grouping":"","bundle_min_size":"","bundle_max_size":"","bundle_price":[],"bundled_items":[],"bundle_sell_ids":[],"group_of_quantity":0,"min_quantity":5,"max_quantity":"","exclude_order_quantity_value_rules":"no","exclude_category_quantity_rules":"no","combine_variations":"no","acf":[],"yoast_head":"<!-- This site is optimized with the Yoast SEO plugin v27.4 - https:\/\/yoast.com\/product\/yoast-seo-wordpress\/ -->\n<title>ECM Titanium - 1x Download Credit | ECU Remap Center<\/title>\n<meta name=\"robots\" content=\"index, follow, max-snippet:-1, max-image-preview:large, max-video-preview:-1\" \/>\n<link rel=\"canonical\" href=\"https:\/\/ecuremapcenter.com\/es\/comercio\/ecm-titanio-1x-credito-de-descarga\/\" \/>\n<meta property=\"og:locale\" content=\"es_ES\" \/>\n<meta property=\"og:type\" content=\"article\" \/>\n<meta property=\"og:title\" content=\"ECM Titanium - 1x Download Credit | ECU Remap Center\" \/>\n<meta property=\"og:description\" content=\"1 x Alientech ECM Titanium Credit Activation to download Driver and\/or checksum.  IMPORTANT NOTE! We can activate credits only if you have ECM Titanium purchased from ERC! In case of wrong purchase we won&#039;t be able to refund the order!\" \/>\n<meta property=\"og:url\" content=\"https:\/\/ecuremapcenter.com\/es\/comercio\/ecm-titanio-1x-credito-de-descarga\/\" \/>\n<meta property=\"og:site_name\" content=\"ECU Remap Center\" \/>\n<meta property=\"article:publisher\" content=\"https:\/\/www.facebook.com\/ecuremapcenter\" \/>\n<meta property=\"article:modified_time\" content=\"2025-12-21T12:56:38+00:00\" \/>\n<meta property=\"og:image\" content=\"https:\/\/ecuremapcenter.com\/wp-content\/uploads\/2024\/04\/149757EC12.jpg\" \/>\n\t<meta property=\"og:image:width\" content=\"1200\" \/>\n\t<meta property=\"og:image:height\" content=\"1200\" \/>\n\t<meta property=\"og:image:type\" content=\"image\/jpeg\" \/>\n<meta name=\"twitter:card\" content=\"summary_large_image\" \/>\n<meta name=\"twitter:label1\" content=\"Tiempo de lectura\" \/>\n\t<meta name=\"twitter:data1\" content=\"1 minuto\" \/>\n<script type=\"application\/ld+json\" class=\"yoast-schema-graph\">{\"@context\":\"https:\\\/\\\/schema.org\",\"@graph\":[{\"@type\":\"WebPage\",\"@id\":\"https:\\\/\\\/ecuremapcenter.com\\\/shop\\\/ecm-titanium-1x-download-credit\\\/\",\"url\":\"https:\\\/\\\/ecuremapcenter.com\\\/shop\\\/ecm-titanium-1x-download-credit\\\/\",\"name\":\"ECM Titanium - 1x Download Credit | ECU Remap Center\",\"isPartOf\":{\"@id\":\"https:\\\/\\\/ecuremapcenter.com\\\/#website\"},\"primaryImageOfPage\":{\"@id\":\"https:\\\/\\\/ecuremapcenter.com\\\/shop\\\/ecm-titanium-1x-download-credit\\\/#primaryimage\"},\"image\":{\"@id\":\"https:\\\/\\\/ecuremapcenter.com\\\/shop\\\/ecm-titanium-1x-download-credit\\\/#primaryimage\"},\"thumbnailUrl\":\"https:\\\/\\\/ecuremapcenter.com\\\/wp-content\\\/uploads\\\/2024\\\/04\\\/149757EC12.jpg\",\"datePublished\":\"2023-02-03T13:50:43+00:00\",\"dateModified\":\"2025-12-21T12:56:38+00:00\",\"breadcrumb\":{\"@id\":\"https:\\\/\\\/ecuremapcenter.com\\\/shop\\\/ecm-titanium-1x-download-credit\\\/#breadcrumb\"},\"inLanguage\":\"es\",\"potentialAction\":[{\"@type\":\"ReadAction\",\"target\":[\"https:\\\/\\\/ecuremapcenter.com\\\/shop\\\/ecm-titanium-1x-download-credit\\\/\"]}]},{\"@type\":\"ImageObject\",\"inLanguage\":\"es\",\"@id\":\"https:\\\/\\\/ecuremapcenter.com\\\/shop\\\/ecm-titanium-1x-download-credit\\\/#primaryimage\",\"url\":\"https:\\\/\\\/ecuremapcenter.com\\\/wp-content\\\/uploads\\\/2024\\\/04\\\/149757EC12.jpg\",\"contentUrl\":\"https:\\\/\\\/ecuremapcenter.com\\\/wp-content\\\/uploads\\\/2024\\\/04\\\/149757EC12.jpg\",\"width\":1200,\"height\":1200},{\"@type\":\"BreadcrumbList\",\"@id\":\"https:\\\/\\\/ecuremapcenter.com\\\/shop\\\/ecm-titanium-1x-download-credit\\\/#breadcrumb\",\"itemListElement\":[{\"@type\":\"ListItem\",\"position\":1,\"name\":\"Home\",\"item\":\"https:\\\/\\\/ecuremapcenter.com\\\/\"},{\"@type\":\"ListItem\",\"position\":2,\"name\":\"Shop\",\"item\":\"https:\\\/\\\/ecuremapcenter.com\\\/shop\\\/\"},{\"@type\":\"ListItem\",\"position\":3,\"name\":\"ECM Titanium &#8211; 1x Download Credit\"}]},{\"@type\":\"WebSite\",\"@id\":\"https:\\\/\\\/ecuremapcenter.com\\\/#website\",\"url\":\"https:\\\/\\\/ecuremapcenter.com\\\/\",\"name\":\"ECU Remap Center\",\"description\":\"High quality ECU, TCU remaps and DPF Off, EGR Off, SCR Off solutions for chip tuning professionals\",\"publisher\":{\"@id\":\"https:\\\/\\\/ecuremapcenter.com\\\/#organization\"},\"alternateName\":\"ERC\",\"potentialAction\":[{\"@type\":\"SearchAction\",\"target\":{\"@type\":\"EntryPoint\",\"urlTemplate\":\"https:\\\/\\\/ecuremapcenter.com\\\/?s={search_term_string}\"},\"query-input\":{\"@type\":\"PropertyValueSpecification\",\"valueRequired\":true,\"valueName\":\"search_term_string\"}}],\"inLanguage\":\"es\"},{\"@type\":\"Organization\",\"@id\":\"https:\\\/\\\/ecuremapcenter.com\\\/#organization\",\"name\":\"ECU Remap Center\",\"alternateName\":\"ERC\",\"url\":\"https:\\\/\\\/ecuremapcenter.com\\\/\",\"logo\":{\"@type\":\"ImageObject\",\"inLanguage\":\"es\",\"@id\":\"https:\\\/\\\/ecuremapcenter.com\\\/#\\\/schema\\\/logo\\\/image\\\/\",\"url\":\"https:\\\/\\\/ecuremapcenter.com\\\/wp-content\\\/uploads\\\/2021\\\/06\\\/erc-logo.svg\",\"contentUrl\":\"https:\\\/\\\/ecuremapcenter.com\\\/wp-content\\\/uploads\\\/2021\\\/06\\\/erc-logo.svg\",\"width\":780,\"height\":236,\"caption\":\"ECU Remap Center\"},\"image\":{\"@id\":\"https:\\\/\\\/ecuremapcenter.com\\\/#\\\/schema\\\/logo\\\/image\\\/\"},\"sameAs\":[\"https:\\\/\\\/www.facebook.com\\\/ecuremapcenter\",\"https:\\\/\\\/www.instagram.com\\\/ecuremapcenter\\\/\"]}]}<\/script>\n<!-- \/ Yoast SEO plugin. -->","yoast_head_json":{"title":"ECM Titanio - 1x Cr\u00e9dito de descarga | Centro de reasignaci\u00f3n de ECU","robots":{"index":"index","follow":"follow","max-snippet":"max-snippet:-1","max-image-preview":"max-image-preview:large","max-video-preview":"max-video-preview:-1"},"canonical":"https:\/\/ecuremapcenter.com\/es\/comercio\/ecm-titanio-1x-credito-de-descarga\/","og_locale":"es_ES","og_type":"article","og_title":"ECM Titanium - 1x Download Credit | ECU Remap Center","og_description":"1 x Alientech ECM Titanium Credit Activation to download Driver and\/or checksum.  IMPORTANT NOTE! We can activate credits only if you have ECM Titanium purchased from ERC! In case of wrong purchase we won't be able to refund the order!","og_url":"https:\/\/ecuremapcenter.com\/es\/comercio\/ecm-titanio-1x-credito-de-descarga\/","og_site_name":"ECU Remap Center","article_publisher":"https:\/\/www.facebook.com\/ecuremapcenter","article_modified_time":"2025-12-21T12:56:38+00:00","og_image":[{"width":1200,"height":1200,"url":"https:\/\/ecuremapcenter.com\/wp-content\/uploads\/2024\/04\/149757EC12.jpg","type":"image\/jpeg"}],"twitter_card":"summary_large_image","twitter_misc":{"Tiempo de lectura":"1 minuto"},"schema":{"@context":"https:\/\/schema.org","@graph":[{"@type":"WebPage","@id":"https:\/\/ecuremapcenter.com\/shop\/ecm-titanium-1x-download-credit\/","url":"https:\/\/ecuremapcenter.com\/shop\/ecm-titanium-1x-download-credit\/","name":"ECM Titanio - 1x Cr\u00e9dito de descarga | Centro de reasignaci\u00f3n de ECU","isPartOf":{"@id":"https:\/\/ecuremapcenter.com\/#website"},"primaryImageOfPage":{"@id":"https:\/\/ecuremapcenter.com\/shop\/ecm-titanium-1x-download-credit\/#primaryimage"},"image":{"@id":"https:\/\/ecuremapcenter.com\/shop\/ecm-titanium-1x-download-credit\/#primaryimage"},"thumbnailUrl":"https:\/\/ecuremapcenter.com\/wp-content\/uploads\/2024\/04\/149757EC12.jpg","datePublished":"2023-02-03T13:50:43+00:00","dateModified":"2025-12-21T12:56:38+00:00","breadcrumb":{"@id":"https:\/\/ecuremapcenter.com\/shop\/ecm-titanium-1x-download-credit\/#breadcrumb"},"inLanguage":"es","potentialAction":[{"@type":"ReadAction","target":["https:\/\/ecuremapcenter.com\/shop\/ecm-titanium-1x-download-credit\/"]}]},{"@type":"ImageObject","inLanguage":"es","@id":"https:\/\/ecuremapcenter.com\/shop\/ecm-titanium-1x-download-credit\/#primaryimage","url":"https:\/\/ecuremapcenter.com\/wp-content\/uploads\/2024\/04\/149757EC12.jpg","contentUrl":"https:\/\/ecuremapcenter.com\/wp-content\/uploads\/2024\/04\/149757EC12.jpg","width":1200,"height":1200},{"@type":"BreadcrumbList","@id":"https:\/\/ecuremapcenter.com\/shop\/ecm-titanium-1x-download-credit\/#breadcrumb","itemListElement":[{"@type":"ListItem","position":1,"name":"Home","item":"https:\/\/ecuremapcenter.com\/"},{"@type":"ListItem","position":2,"name":"Shop","item":"https:\/\/ecuremapcenter.com\/shop\/"},{"@type":"ListItem","position":3,"name":"ECM Titanium &#8211; 1x Download Credit"}]},{"@type":"WebSite","@id":"https:\/\/ecuremapcenter.com\/#website","url":"https:\/\/ecuremapcenter.com\/","name":"Centro de reasignaci\u00f3n de ECU","description":"ECU de alta calidad, reasignaciones de TCU y soluciones DPF Off, EGR Off, SCR Off para profesionales del ajuste de chips","publisher":{"@id":"https:\/\/ecuremapcenter.com\/#organization"},"alternateName":"ERC","potentialAction":[{"@type":"SearchAction","target":{"@type":"EntryPoint","urlTemplate":"https:\/\/ecuremapcenter.com\/?s={search_term_string}"},"query-input":{"@type":"PropertyValueSpecification","valueRequired":true,"valueName":"search_term_string"}}],"inLanguage":"es"},{"@type":"Organization","@id":"https:\/\/ecuremapcenter.com\/#organization","name":"Centro de reasignaci\u00f3n de ECU","alternateName":"ERC","url":"https:\/\/ecuremapcenter.com\/","logo":{"@type":"ImageObject","inLanguage":"es","@id":"https:\/\/ecuremapcenter.com\/#\/schema\/logo\/image\/","url":"https:\/\/ecuremapcenter.com\/wp-content\/uploads\/2021\/06\/erc-logo.svg","contentUrl":"https:\/\/ecuremapcenter.com\/wp-content\/uploads\/2021\/06\/erc-logo.svg","width":780,"height":236,"caption":"ECU Remap Center"},"image":{"@id":"https:\/\/ecuremapcenter.com\/#\/schema\/logo\/image\/"},"sameAs":["https:\/\/www.facebook.com\/ecuremapcenter","https:\/\/www.instagram.com\/ecuremapcenter\/"]}]}},"_links":{"self":[{"href":"https:\/\/ecuremapcenter.com\/es\/wp-json\/wp\/v2\/product\/3959","targetHints":{"allow":["GET"]}}],"collection":[{"href":"https:\/\/ecuremapcenter.com\/es\/wp-json\/wp\/v2\/product"}],"about":[{"href":"https:\/\/ecuremapcenter.com\/es\/wp-json\/wp\/v2\/types\/product"}],"wp:featuredmedia":[{"embeddable":true,"href":"https:\/\/ecuremapcenter.com\/es\/wp-json\/wp\/v2\/media\/6160"}],"wp:attachment":[{"href":"https:\/\/ecuremapcenter.com\/es\/wp-json\/wp\/v2\/media?parent=3959"}],"wp:term":[{"taxonomy":"product_brand","embeddable":true,"href":"https:\/\/ecuremapcenter.com\/es\/wp-json\/wp\/v2\/product_brand?post=3959"},{"taxonomy":"product_cat","embeddable":true,"href":"https:\/\/ecuremapcenter.com\/es\/wp-json\/wp\/v2\/product_cat?post=3959"},{"taxonomy":"product_tag","embeddable":true,"href":"https:\/\/ecuremapcenter.com\/es\/wp-json\/wp\/v2\/product_tag?post=3959"},{"taxonomy":"tool_configuration","embeddable":true,"href":"https:\/\/ecuremapcenter.com\/es\/wp-json\/wp\/v2\/tool_configuration?post=3959"},{"taxonomy":"tool_interface","embeddable":true,"href":"https:\/\/ecuremapcenter.com\/es\/wp-json\/wp\/v2\/tool_interface?post=3959"},{"taxonomy":"flashing_tools","embeddable":true,"href":"https:\/\/ecuremapcenter.com\/es\/wp-json\/wp\/v2\/flashing_tools?post=3959"},{"taxonomy":"vehicle_types","embeddable":true,"href":"https:\/\/ecuremapcenter.com\/es\/wp-json\/wp\/v2\/vehicle_types?post=3959"}],"curies":[{"name":"wp","href":"https:\/\/api.w.org\/{rel}","templated":true}]}}