{"id":4396,"date":"2023-03-01T13:24:03","date_gmt":"2023-03-01T12:24:03","guid":{"rendered":"https:\/\/ecuremapcenter.com\/?post_type=product&#038;p=4396"},"modified":"2025-05-14T19:02:25","modified_gmt":"2025-05-14T18:02:25","slug":"kess3-flashing-herramienta-hardware","status":"publish","type":"product","link":"https:\/\/ecuremapcenter.com\/es\/comercio\/kess3-flashing-herramienta-hardware\/","title":{"rendered":"Herrajes para herramientas de tapajuntas KESS3"},"content":{"rendered":"<p><strong>KESS3 combina 3 modos de funcionamiento en una sola herramienta. Modo OBD, Banco y Arranque.<\/strong><br \/>\nCada aspecto de KESS3 est\u00e1 cuidadosamente dise\u00f1ado para lograr rendimiento, flexibilidad operativa y facilidad de uso. Nuevo microprocesador, interfaces de E\/S de \u00faltima generaci\u00f3n, nuevos sensores incorporados y memorias EEPROM y FLASH de alto rendimiento son las principales caracter\u00edsticas de KESS3.<\/p>\n<h4>Contenido del caso<\/h4>\n<p><strong>Herrajes KESS3<\/strong><br \/>\n<strong>cable USB<\/strong>, necesario para interactuar con el instrumento KESS3 a trav\u00e9s de la PC<br \/>\n<strong>El cable OBD de nueva generaci\u00f3n<\/strong><br \/>\n(integra todas las l\u00edneas de comunicaci\u00f3n utilizadas por los distintos fabricantes de autom\u00f3viles; capaz de comunicarse con Honda, Volvo, Lotus y Toyota).<br \/>\n<strong>1400SWALIM<\/strong> fuente de alimentaci\u00f3n, capaz de proporcionar suficiente corriente y voltaje para comunicarse con las unidades de control electr\u00f3nico, de manera estable y segura.<br \/>\n<strong>144300TALI<\/strong> cable, para alimentar el instrumento mediante una fuente de alimentaci\u00f3n de banco (la fuente de alimentaci\u00f3n, por otro lado, se vende por separado)<br \/>\n<strong>144300KBNC<\/strong> cable para comunicarse con las unidades de control directamente en el banco<br \/>\n<strong>144300KTER<\/strong> pack que contiene todos los cables \u00fatiles para la conexi\u00f3n en modo BENCH o BOOT. (extensor).<br \/>\n<strong>144300T104<\/strong> cable rainbow IDC 26-10 compuesto por 10 hilos, utilizado para conectar directamente a la placa electr\u00f3nica de la unidad de control.<br \/>\n<strong>144300T105<\/strong> cable rainbow IDC 26-16 compuesto por 16 hilos, utilizado para conectar directamente a la placa electr\u00f3nica de la centralita.<br \/>\n<strong>144300T106<\/strong> cable rainbow IDC 26-26 compuesto por 26 hilos, utilizado para conectar directamente a la placa electr\u00f3nica de la centralita.<\/p>","protected":false},"excerpt":{"rendered":"<p>Ahora, como una herramienta todo en uno para los procedimientos OBD y BENCH-BOOT, KESS3 est\u00e1 aqu\u00ed con una arquitectura completamente nueva que permite procedimientos varias veces m\u00e1s r\u00e1pidos que la generaci\u00f3n anterior.<br \/>\n\u00a1Todo eso es compatible con la nueva versi\u00f3n en la nube de Alientech SUITE!<br \/>\nIncluye maleta, todos los accesorios y un a\u00f1o de suscripci\u00f3n de soporte.<\/p>\n<p><strong><br \/>\nNo olvides comprar protocolos SLAVE o MASTER <a href=\"https:\/\/ecuremapcenter.com\/es\/categoria-de-producto\/activaciones\/\">AQU\u00cd<\/a>.<\/strong><\/p>","protected":false},"featured_media":2800,"template":"","meta":[],"product_brand":[69],"product_cat":[119,41],"product_tag":[],"tool_configuration":[84,85],"tool_interface":[96,97,95],"flashing_tools":[88],"vehicle_types":[82,80,79,83,81],"class_list":{"0":"post-4396","1":"product","2":"type-product","3":"status-publish","4":"has-post-thumbnail","6":"product_brand-alientech","7":"product_cat-all-products","8":"product_cat-pro-tools","9":"product_shipping_class-heavy-items","10":"tool_configuration-master","11":"tool_configuration-slave","12":"tool_interface-bench","13":"tool_interface-boot","14":"tool_interface-obd","15":"flashing_tools-kess3","16":"vehicle_types-agriculture","17":"vehicle_types-bike-atv","18":"vehicle_types-cars-lcv","19":"vehicle_types-marine","20":"vehicle_types-truck-bus","22":"first","23":"instock","24":"sold-individually","25":"taxable","26":"shipping-taxable","27":"purchasable","28":"product-type-simple"},"bundled_by":["2774","3398","4476","4519","4799","7040","7045","8626","8829"],"bundle_stock_status":"instock","bundle_stock_quantity":4,"bundle_virtual":false,"bundle_layout":"","bundle_add_to_cart_form_location":"","bundle_editable_in_cart":false,"bundle_sold_individually_context":"","bundle_item_grouping":"","bundle_min_size":"","bundle_max_size":"","bundle_price":[],"bundled_items":[],"bundle_sell_ids":[],"group_of_quantity":0,"min_quantity":0,"max_quantity":"","exclude_order_quantity_value_rules":"no","exclude_category_quantity_rules":"no","combine_variations":"no","acf":[],"yoast_head":"<!-- This site is optimized with the Yoast SEO plugin v27.3 - https:\/\/yoast.com\/product\/yoast-seo-wordpress\/ -->\n<title>KESS3 Flashing Tool Hardware | ECU Remap Center<\/title>\n<meta name=\"robots\" content=\"index, follow, max-snippet:-1, max-image-preview:large, max-video-preview:-1\" \/>\n<link rel=\"canonical\" href=\"https:\/\/ecuremapcenter.com\/es\/comercio\/kess3-flashing-herramienta-hardware\/\" \/>\n<meta property=\"og:locale\" content=\"es_ES\" \/>\n<meta property=\"og:type\" content=\"article\" \/>\n<meta property=\"og:title\" content=\"KESS3 Flashing Tool Hardware | ECU Remap Center\" \/>\n<meta property=\"og:description\" content=\"Now as an all-in-one tool for OBD and BENCH-BOOT procedures, KESS3 is here with a completely new arhitecture that allows multiple times faster procedures then old generation. All of that is supported by the new cloud version of Alientech SUITE! Includes suitcase, all accessories and one year of support subscription.   Don&#039;t forget to purchase SLAVE or MASTER protocols HERE.\" \/>\n<meta property=\"og:url\" content=\"https:\/\/ecuremapcenter.com\/es\/comercio\/kess3-flashing-herramienta-hardware\/\" \/>\n<meta property=\"og:site_name\" content=\"ECU Remap Center\" \/>\n<meta property=\"article:publisher\" content=\"https:\/\/www.facebook.com\/ecuremapcenter\" \/>\n<meta property=\"article:modified_time\" content=\"2025-05-14T18:02:25+00:00\" \/>\n<meta property=\"og:image\" content=\"https:\/\/ecuremapcenter.com\/wp-content\/uploads\/2022\/11\/kess3-01.jpg\" \/>\n\t<meta property=\"og:image:width\" content=\"1000\" \/>\n\t<meta property=\"og:image:height\" content=\"1000\" \/>\n\t<meta property=\"og:image:type\" content=\"image\/jpeg\" \/>\n<meta name=\"twitter:card\" content=\"summary_large_image\" \/>\n<meta name=\"twitter:label1\" content=\"Tiempo de lectura\" \/>\n\t<meta name=\"twitter:data1\" content=\"1 minuto\" \/>\n<script type=\"application\/ld+json\" class=\"yoast-schema-graph\">{\"@context\":\"https:\\\/\\\/schema.org\",\"@graph\":[{\"@type\":\"WebPage\",\"@id\":\"https:\\\/\\\/ecuremapcenter.com\\\/shop\\\/kess3-flashing-tool-hardware\\\/\",\"url\":\"https:\\\/\\\/ecuremapcenter.com\\\/shop\\\/kess3-flashing-tool-hardware\\\/\",\"name\":\"KESS3 Flashing Tool Hardware | ECU Remap Center\",\"isPartOf\":{\"@id\":\"https:\\\/\\\/ecuremapcenter.com\\\/#website\"},\"primaryImageOfPage\":{\"@id\":\"https:\\\/\\\/ecuremapcenter.com\\\/shop\\\/kess3-flashing-tool-hardware\\\/#primaryimage\"},\"image\":{\"@id\":\"https:\\\/\\\/ecuremapcenter.com\\\/shop\\\/kess3-flashing-tool-hardware\\\/#primaryimage\"},\"thumbnailUrl\":\"https:\\\/\\\/ecuremapcenter.com\\\/wp-content\\\/uploads\\\/2022\\\/11\\\/kess3-01.jpg\",\"datePublished\":\"2023-03-01T12:24:03+00:00\",\"dateModified\":\"2025-05-14T18:02:25+00:00\",\"breadcrumb\":{\"@id\":\"https:\\\/\\\/ecuremapcenter.com\\\/shop\\\/kess3-flashing-tool-hardware\\\/#breadcrumb\"},\"inLanguage\":\"es\",\"potentialAction\":[{\"@type\":\"ReadAction\",\"target\":[\"https:\\\/\\\/ecuremapcenter.com\\\/shop\\\/kess3-flashing-tool-hardware\\\/\"]}]},{\"@type\":\"ImageObject\",\"inLanguage\":\"es\",\"@id\":\"https:\\\/\\\/ecuremapcenter.com\\\/shop\\\/kess3-flashing-tool-hardware\\\/#primaryimage\",\"url\":\"https:\\\/\\\/ecuremapcenter.com\\\/wp-content\\\/uploads\\\/2022\\\/11\\\/kess3-01.jpg\",\"contentUrl\":\"https:\\\/\\\/ecuremapcenter.com\\\/wp-content\\\/uploads\\\/2022\\\/11\\\/kess3-01.jpg\",\"width\":1000,\"height\":1000},{\"@type\":\"BreadcrumbList\",\"@id\":\"https:\\\/\\\/ecuremapcenter.com\\\/shop\\\/kess3-flashing-tool-hardware\\\/#breadcrumb\",\"itemListElement\":[{\"@type\":\"ListItem\",\"position\":1,\"name\":\"Home\",\"item\":\"https:\\\/\\\/ecuremapcenter.com\\\/\"},{\"@type\":\"ListItem\",\"position\":2,\"name\":\"Shop\",\"item\":\"https:\\\/\\\/ecuremapcenter.com\\\/shop\\\/\"},{\"@type\":\"ListItem\",\"position\":3,\"name\":\"KESS3 Flashing Tool Hardware\"}]},{\"@type\":\"WebSite\",\"@id\":\"https:\\\/\\\/ecuremapcenter.com\\\/#website\",\"url\":\"https:\\\/\\\/ecuremapcenter.com\\\/\",\"name\":\"ECU Remap Center\",\"description\":\"High quality ECU, TCU remaps and DPF Off, EGR Off, SCR Off solutions for chip tuning professionals\",\"publisher\":{\"@id\":\"https:\\\/\\\/ecuremapcenter.com\\\/#organization\"},\"alternateName\":\"ERC\",\"potentialAction\":[{\"@type\":\"SearchAction\",\"target\":{\"@type\":\"EntryPoint\",\"urlTemplate\":\"https:\\\/\\\/ecuremapcenter.com\\\/?s={search_term_string}\"},\"query-input\":{\"@type\":\"PropertyValueSpecification\",\"valueRequired\":true,\"valueName\":\"search_term_string\"}}],\"inLanguage\":\"es\"},{\"@type\":\"Organization\",\"@id\":\"https:\\\/\\\/ecuremapcenter.com\\\/#organization\",\"name\":\"ECU Remap Center\",\"alternateName\":\"ERC\",\"url\":\"https:\\\/\\\/ecuremapcenter.com\\\/\",\"logo\":{\"@type\":\"ImageObject\",\"inLanguage\":\"es\",\"@id\":\"https:\\\/\\\/ecuremapcenter.com\\\/#\\\/schema\\\/logo\\\/image\\\/\",\"url\":\"https:\\\/\\\/ecuremapcenter.com\\\/wp-content\\\/uploads\\\/2021\\\/06\\\/erc-logo.svg\",\"contentUrl\":\"https:\\\/\\\/ecuremapcenter.com\\\/wp-content\\\/uploads\\\/2021\\\/06\\\/erc-logo.svg\",\"width\":780,\"height\":236,\"caption\":\"ECU Remap Center\"},\"image\":{\"@id\":\"https:\\\/\\\/ecuremapcenter.com\\\/#\\\/schema\\\/logo\\\/image\\\/\"},\"sameAs\":[\"https:\\\/\\\/www.facebook.com\\\/ecuremapcenter\",\"https:\\\/\\\/www.instagram.com\\\/ecuremapcenter\\\/\"]}]}<\/script>\n<!-- \/ Yoast SEO plugin. -->","yoast_head_json":{"title":"Herrajes para herramientas de tapajuntas KESS3 | Centro de reasignaci\u00f3n de ECU","robots":{"index":"index","follow":"follow","max-snippet":"max-snippet:-1","max-image-preview":"max-image-preview:large","max-video-preview":"max-video-preview:-1"},"canonical":"https:\/\/ecuremapcenter.com\/es\/comercio\/kess3-flashing-herramienta-hardware\/","og_locale":"es_ES","og_type":"article","og_title":"KESS3 Flashing Tool Hardware | ECU Remap Center","og_description":"Now as an all-in-one tool for OBD and BENCH-BOOT procedures, KESS3 is here with a completely new arhitecture that allows multiple times faster procedures then old generation. All of that is supported by the new cloud version of Alientech SUITE! Includes suitcase, all accessories and one year of support subscription.   Don't forget to purchase SLAVE or MASTER protocols HERE.","og_url":"https:\/\/ecuremapcenter.com\/es\/comercio\/kess3-flashing-herramienta-hardware\/","og_site_name":"ECU Remap Center","article_publisher":"https:\/\/www.facebook.com\/ecuremapcenter","article_modified_time":"2025-05-14T18:02:25+00:00","og_image":[{"width":1000,"height":1000,"url":"https:\/\/ecuremapcenter.com\/wp-content\/uploads\/2022\/11\/kess3-01.jpg","type":"image\/jpeg"}],"twitter_card":"summary_large_image","twitter_misc":{"Tiempo de lectura":"1 minuto"},"schema":{"@context":"https:\/\/schema.org","@graph":[{"@type":"WebPage","@id":"https:\/\/ecuremapcenter.com\/shop\/kess3-flashing-tool-hardware\/","url":"https:\/\/ecuremapcenter.com\/shop\/kess3-flashing-tool-hardware\/","name":"Herrajes para herramientas de tapajuntas KESS3 | Centro de reasignaci\u00f3n de ECU","isPartOf":{"@id":"https:\/\/ecuremapcenter.com\/#website"},"primaryImageOfPage":{"@id":"https:\/\/ecuremapcenter.com\/shop\/kess3-flashing-tool-hardware\/#primaryimage"},"image":{"@id":"https:\/\/ecuremapcenter.com\/shop\/kess3-flashing-tool-hardware\/#primaryimage"},"thumbnailUrl":"https:\/\/ecuremapcenter.com\/wp-content\/uploads\/2022\/11\/kess3-01.jpg","datePublished":"2023-03-01T12:24:03+00:00","dateModified":"2025-05-14T18:02:25+00:00","breadcrumb":{"@id":"https:\/\/ecuremapcenter.com\/shop\/kess3-flashing-tool-hardware\/#breadcrumb"},"inLanguage":"es","potentialAction":[{"@type":"ReadAction","target":["https:\/\/ecuremapcenter.com\/shop\/kess3-flashing-tool-hardware\/"]}]},{"@type":"ImageObject","inLanguage":"es","@id":"https:\/\/ecuremapcenter.com\/shop\/kess3-flashing-tool-hardware\/#primaryimage","url":"https:\/\/ecuremapcenter.com\/wp-content\/uploads\/2022\/11\/kess3-01.jpg","contentUrl":"https:\/\/ecuremapcenter.com\/wp-content\/uploads\/2022\/11\/kess3-01.jpg","width":1000,"height":1000},{"@type":"BreadcrumbList","@id":"https:\/\/ecuremapcenter.com\/shop\/kess3-flashing-tool-hardware\/#breadcrumb","itemListElement":[{"@type":"ListItem","position":1,"name":"Home","item":"https:\/\/ecuremapcenter.com\/"},{"@type":"ListItem","position":2,"name":"Shop","item":"https:\/\/ecuremapcenter.com\/shop\/"},{"@type":"ListItem","position":3,"name":"KESS3 Flashing Tool Hardware"}]},{"@type":"WebSite","@id":"https:\/\/ecuremapcenter.com\/#website","url":"https:\/\/ecuremapcenter.com\/","name":"Centro de reasignaci\u00f3n de ECU","description":"ECU de alta calidad, reasignaciones de TCU y soluciones DPF Off, EGR Off, SCR Off para profesionales del ajuste de chips","publisher":{"@id":"https:\/\/ecuremapcenter.com\/#organization"},"alternateName":"ERC","potentialAction":[{"@type":"SearchAction","target":{"@type":"EntryPoint","urlTemplate":"https:\/\/ecuremapcenter.com\/?s={search_term_string}"},"query-input":{"@type":"PropertyValueSpecification","valueRequired":true,"valueName":"search_term_string"}}],"inLanguage":"es"},{"@type":"Organization","@id":"https:\/\/ecuremapcenter.com\/#organization","name":"Centro de reasignaci\u00f3n de ECU","alternateName":"ERC","url":"https:\/\/ecuremapcenter.com\/","logo":{"@type":"ImageObject","inLanguage":"es","@id":"https:\/\/ecuremapcenter.com\/#\/schema\/logo\/image\/","url":"https:\/\/ecuremapcenter.com\/wp-content\/uploads\/2021\/06\/erc-logo.svg","contentUrl":"https:\/\/ecuremapcenter.com\/wp-content\/uploads\/2021\/06\/erc-logo.svg","width":780,"height":236,"caption":"ECU Remap Center"},"image":{"@id":"https:\/\/ecuremapcenter.com\/#\/schema\/logo\/image\/"},"sameAs":["https:\/\/www.facebook.com\/ecuremapcenter","https:\/\/www.instagram.com\/ecuremapcenter\/"]}]}},"_links":{"self":[{"href":"https:\/\/ecuremapcenter.com\/es\/wp-json\/wp\/v2\/product\/4396","targetHints":{"allow":["GET"]}}],"collection":[{"href":"https:\/\/ecuremapcenter.com\/es\/wp-json\/wp\/v2\/product"}],"about":[{"href":"https:\/\/ecuremapcenter.com\/es\/wp-json\/wp\/v2\/types\/product"}],"wp:featuredmedia":[{"embeddable":true,"href":"https:\/\/ecuremapcenter.com\/es\/wp-json\/wp\/v2\/media\/2800"}],"wp:attachment":[{"href":"https:\/\/ecuremapcenter.com\/es\/wp-json\/wp\/v2\/media?parent=4396"}],"wp:term":[{"taxonomy":"product_brand","embeddable":true,"href":"https:\/\/ecuremapcenter.com\/es\/wp-json\/wp\/v2\/product_brand?post=4396"},{"taxonomy":"product_cat","embeddable":true,"href":"https:\/\/ecuremapcenter.com\/es\/wp-json\/wp\/v2\/product_cat?post=4396"},{"taxonomy":"product_tag","embeddable":true,"href":"https:\/\/ecuremapcenter.com\/es\/wp-json\/wp\/v2\/product_tag?post=4396"},{"taxonomy":"tool_configuration","embeddable":true,"href":"https:\/\/ecuremapcenter.com\/es\/wp-json\/wp\/v2\/tool_configuration?post=4396"},{"taxonomy":"tool_interface","embeddable":true,"href":"https:\/\/ecuremapcenter.com\/es\/wp-json\/wp\/v2\/tool_interface?post=4396"},{"taxonomy":"flashing_tools","embeddable":true,"href":"https:\/\/ecuremapcenter.com\/es\/wp-json\/wp\/v2\/flashing_tools?post=4396"},{"taxonomy":"vehicle_types","embeddable":true,"href":"https:\/\/ecuremapcenter.com\/es\/wp-json\/wp\/v2\/vehicle_types?post=4396"}],"curies":[{"name":"wp","href":"https:\/\/api.w.org\/{rel}","templated":true}]}}