{"id":4757,"date":"2025-09-18T19:23:09","date_gmt":"2025-09-18T18:23:09","guid":{"rendered":"https:\/\/ecuremapcenter.com\/?post_type=product&#038;p=4757"},"modified":"2026-02-19T18:09:05","modified_gmt":"2026-02-19T17:09:05","slug":"kit-de-sintonizador-erc-de-banco-obd-autotuner","status":"publish","type":"product","link":"https:\/\/ecuremapcenter.com\/es\/comercio\/kit-de-sintonizador-erc-de-banco-obd-autotuner\/","title":{"rendered":"KIT DE SINTONIZADOR Autotuner OBD y Bench ERC"},"content":{"rendered":"<p><strong>\u00a1Autotuner es la soluci\u00f3n imprescindible para cualquier profesional del chiptuning!<\/strong><\/p>\n<ul class=\"specs\">\n<li>Sin suscripciones: actualizaciones gratuitas<\/li>\n<li>Todos los accesorios incluidos<\/li>\n<li>F\u00e1cil de usar e intuitivo<\/li>\n<li>Soporte receptivo en ingl\u00e9s, franc\u00e9s, alem\u00e1n, italiano, espa\u00f1ol y holand\u00e9s.<\/li>\n<li>OBD, Bench &amp; Boot en una sola herramienta<\/li>\n<li>Funciones de registro de datos y DTC<\/li>\n<li>Totalmente personalizable<\/li>\n<\/ul>\n<p><strong>Contenido del caso<\/strong><\/p>\n<ul>\n<li>Herramienta esclava de autotuner<\/li>\n<li>Llave USB con enlace de software<\/li>\n<li>Cable universal + caja<\/li>\n<li>Cable universal para EDC16+ME(D)9<\/li>\n<li>cable obd<\/li>\n<li>cable USB<\/li>\n<li>Fuente de alimentaci\u00f3n<\/li>\n<li>Kit de posicionamiento de sonda<\/li>\n<li>Gancho BGA MCU<\/li>\n<li>cables banana<\/li>\n<li>Maleta a prueba de golpes<\/li>\n<li>golosinas<\/li>\n<\/ul>\n<p>&nbsp;<\/p>\n<p><em>* Los cr\u00e9ditos de bonificaci\u00f3n son elegibles solo para la compra de un Tuner Kit por parte de una empresa o individuo para impulsar su negocio.<br \/>\nPara t\u00e9rminos y condiciones especiales al comprar varios kits, cont\u00e1ctenos primero al <a href=\"mailto:sales@ecuremapcenter.com\">sales@ecuremapcenter.com<\/a>!<\/em><\/p>","protected":false},"excerpt":{"rendered":"<p>Autotuner es la soluci\u00f3n imprescindible para cualquier profesional del chiptuning. Funciones de OBD, banco, arranque, registro de datos y DTC, todo en una sola herramienta.<\/p>\n<p><strong>Kit de sintonizador ERC Autotuner OBD, Bench y BOOT<\/strong> Viene con protocolos para todo tipo de veh\u00edculos y un <strong>Bono de 120 fichas de ajuste* <\/strong>\u00a1Para que puedas empezar con la puesta a punto sin ninguna inversi\u00f3n adicional!<\/p>\n<p><em>*Los tokens de bonificaci\u00f3n deben gastarse dentro de los 6 meses posteriores a la compra de la herramienta.<\/em><\/p>","protected":false},"featured_media":7036,"template":"","meta":[],"product_brand":[71],"product_cat":[119,104,45],"product_tag":[],"tool_configuration":[85],"tool_interface":[96,97,95],"flashing_tools":[89],"vehicle_types":[80,79],"class_list":{"0":"post-4757","1":"product","2":"type-product","3":"status-publish","4":"has-post-thumbnail","6":"product_brand-autotuner","7":"product_cat-all-products","8":"product_cat-erc","9":"product_cat-erc-tuner-kits","10":"product_shipping_class-erc-dealer-kits","11":"tool_configuration-slave","12":"tool_interface-bench","13":"tool_interface-boot","14":"tool_interface-obd","15":"flashing_tools-autotuner","16":"vehicle_types-bike-atv","17":"vehicle_types-cars-lcv","19":"first","20":"instock","21":"sale","22":"featured","23":"sold-individually","24":"taxable","25":"shipping-taxable","26":"purchasable","27":"product-type-bundle"},"bundled_by":[],"bundle_stock_status":"instock","bundle_stock_quantity":"","bundle_virtual":false,"bundle_layout":"tabular","bundle_add_to_cart_form_location":"default","bundle_editable_in_cart":false,"bundle_sold_individually_context":"product","bundle_item_grouping":"parent","bundle_min_size":"","bundle_max_size":"","bundle_price":{"price":{"min":{"incl_tax":"2610","excl_tax":"2610"},"max":{"incl_tax":"2610","excl_tax":"2610"}},"regular_price":{"min":{"incl_tax":"2900","excl_tax":"2900"},"max":{"incl_tax":"2900","excl_tax":"2900"}}},"bundled_items":[{"bundled_item_id":58,"product_id":4948,"menu_order":0,"quantity_min":1,"quantity_max":1,"quantity_default":1,"priced_individually":false,"shipped_individually":false,"override_title":false,"title":"Hardware de herramienta de sintonizaci\u00f3n autom\u00e1tica","override_description":false,"description":"","optional":false,"hide_thumbnail":false,"discount":"","override_variations":false,"allowed_variations":[],"override_default_variation_attributes":false,"default_variation_attributes":[],"single_product_visibility":"hidden","cart_visibility":"hidden","order_visibility":"hidden","single_product_price_visibility":"visible","cart_price_visibility":"visible","order_price_visibility":"visible","stock_status":"in_stock"},{"bundled_item_id":59,"product_id":4951,"menu_order":1,"quantity_min":1,"quantity_max":1,"quantity_default":1,"priced_individually":false,"shipped_individually":true,"override_title":false,"title":"Activaci\u00f3n del protocolo de autoajuste esclavo","override_description":false,"description":"","optional":false,"hide_thumbnail":false,"discount":"","override_variations":false,"allowed_variations":[],"override_default_variation_attributes":false,"default_variation_attributes":[],"single_product_visibility":"hidden","cart_visibility":"hidden","order_visibility":"hidden","single_product_price_visibility":"visible","cart_price_visibility":"visible","order_price_visibility":"visible","stock_status":"in_stock"}],"bundle_sell_ids":[],"group_of_quantity":0,"min_quantity":0,"max_quantity":"","exclude_order_quantity_value_rules":"no","exclude_category_quantity_rules":"no","combine_variations":"no","acf":[],"yoast_head":"<!-- This site is optimized with the Yoast SEO plugin v27.4 - https:\/\/yoast.com\/product\/yoast-seo-wordpress\/ -->\n<title>Autotuner OBD &amp; Bench ERC TUNER KIT | ECU Remap Center<\/title>\n<meta name=\"robots\" content=\"index, follow, max-snippet:-1, max-image-preview:large, max-video-preview:-1\" \/>\n<link rel=\"canonical\" href=\"https:\/\/ecuremapcenter.com\/es\/comercio\/kit-de-sintonizador-erc-de-banco-obd-autotuner\/\" \/>\n<meta property=\"og:locale\" content=\"es_ES\" \/>\n<meta property=\"og:type\" content=\"article\" \/>\n<meta property=\"og:title\" content=\"Autotuner OBD &amp; Bench ERC TUNER KIT | ECU Remap Center\" \/>\n<meta property=\"og:description\" content=\"Autotuner is the must-have solution for any chiptuning professional. OBD, bench, boot, datalogging and DTC features all in one tool.  ERC Tuner Kit Autotuner OBD, Bench and BOOT comes with protocols for all vehicle types and a bonus of 120 tuning tokens* so you can start with tuning without any further investment!  * Bonus tokens have to be spent within 6 months of the tool purchase.\" \/>\n<meta property=\"og:url\" content=\"https:\/\/ecuremapcenter.com\/es\/comercio\/kit-de-sintonizador-erc-de-banco-obd-autotuner\/\" \/>\n<meta property=\"og:site_name\" content=\"ECU Remap Center\" \/>\n<meta property=\"article:publisher\" content=\"https:\/\/www.facebook.com\/ecuremapcenter\" \/>\n<meta property=\"article:modified_time\" content=\"2026-02-19T17:09:05+00:00\" \/>\n<meta property=\"og:image\" content=\"https:\/\/ecuremapcenter.com\/wp-content\/uploads\/2024\/11\/autotuner-dealer-kit-obd-bench.jpg\" \/>\n\t<meta property=\"og:image:width\" content=\"1200\" \/>\n\t<meta property=\"og:image:height\" content=\"1200\" \/>\n\t<meta property=\"og:image:type\" content=\"image\/jpeg\" \/>\n<meta name=\"twitter:card\" content=\"summary_large_image\" \/>\n<meta name=\"twitter:label1\" content=\"Tiempo de lectura\" \/>\n\t<meta name=\"twitter:data1\" content=\"2 minutos\" \/>\n<script type=\"application\/ld+json\" class=\"yoast-schema-graph\">{\"@context\":\"https:\\\/\\\/schema.org\",\"@graph\":[{\"@type\":\"WebPage\",\"@id\":\"https:\\\/\\\/ecuremapcenter.com\\\/shop\\\/autotuner-obd-bench-erc-tuner-kit\\\/\",\"url\":\"https:\\\/\\\/ecuremapcenter.com\\\/shop\\\/autotuner-obd-bench-erc-tuner-kit\\\/\",\"name\":\"Autotuner OBD & Bench ERC TUNER KIT | ECU Remap Center\",\"isPartOf\":{\"@id\":\"https:\\\/\\\/ecuremapcenter.com\\\/#website\"},\"primaryImageOfPage\":{\"@id\":\"https:\\\/\\\/ecuremapcenter.com\\\/shop\\\/autotuner-obd-bench-erc-tuner-kit\\\/#primaryimage\"},\"image\":{\"@id\":\"https:\\\/\\\/ecuremapcenter.com\\\/shop\\\/autotuner-obd-bench-erc-tuner-kit\\\/#primaryimage\"},\"thumbnailUrl\":\"https:\\\/\\\/ecuremapcenter.com\\\/wp-content\\\/uploads\\\/2024\\\/11\\\/autotuner-dealer-kit-obd-bench.jpg\",\"datePublished\":\"2025-09-18T18:23:09+00:00\",\"dateModified\":\"2026-02-19T17:09:05+00:00\",\"breadcrumb\":{\"@id\":\"https:\\\/\\\/ecuremapcenter.com\\\/shop\\\/autotuner-obd-bench-erc-tuner-kit\\\/#breadcrumb\"},\"inLanguage\":\"es\",\"potentialAction\":[{\"@type\":\"ReadAction\",\"target\":[\"https:\\\/\\\/ecuremapcenter.com\\\/shop\\\/autotuner-obd-bench-erc-tuner-kit\\\/\"]}]},{\"@type\":\"ImageObject\",\"inLanguage\":\"es\",\"@id\":\"https:\\\/\\\/ecuremapcenter.com\\\/shop\\\/autotuner-obd-bench-erc-tuner-kit\\\/#primaryimage\",\"url\":\"https:\\\/\\\/ecuremapcenter.com\\\/wp-content\\\/uploads\\\/2024\\\/11\\\/autotuner-dealer-kit-obd-bench.jpg\",\"contentUrl\":\"https:\\\/\\\/ecuremapcenter.com\\\/wp-content\\\/uploads\\\/2024\\\/11\\\/autotuner-dealer-kit-obd-bench.jpg\",\"width\":1200,\"height\":1200},{\"@type\":\"BreadcrumbList\",\"@id\":\"https:\\\/\\\/ecuremapcenter.com\\\/shop\\\/autotuner-obd-bench-erc-tuner-kit\\\/#breadcrumb\",\"itemListElement\":[{\"@type\":\"ListItem\",\"position\":1,\"name\":\"Home\",\"item\":\"https:\\\/\\\/ecuremapcenter.com\\\/\"},{\"@type\":\"ListItem\",\"position\":2,\"name\":\"Shop\",\"item\":\"https:\\\/\\\/ecuremapcenter.com\\\/shop\\\/\"},{\"@type\":\"ListItem\",\"position\":3,\"name\":\"Autotuner OBD &#038; Bench ERC TUNER KIT\"}]},{\"@type\":\"WebSite\",\"@id\":\"https:\\\/\\\/ecuremapcenter.com\\\/#website\",\"url\":\"https:\\\/\\\/ecuremapcenter.com\\\/\",\"name\":\"ECU Remap Center\",\"description\":\"High quality ECU, TCU remaps and DPF Off, EGR Off, SCR Off solutions for chip tuning professionals\",\"publisher\":{\"@id\":\"https:\\\/\\\/ecuremapcenter.com\\\/#organization\"},\"alternateName\":\"ERC\",\"potentialAction\":[{\"@type\":\"SearchAction\",\"target\":{\"@type\":\"EntryPoint\",\"urlTemplate\":\"https:\\\/\\\/ecuremapcenter.com\\\/?s={search_term_string}\"},\"query-input\":{\"@type\":\"PropertyValueSpecification\",\"valueRequired\":true,\"valueName\":\"search_term_string\"}}],\"inLanguage\":\"es\"},{\"@type\":\"Organization\",\"@id\":\"https:\\\/\\\/ecuremapcenter.com\\\/#organization\",\"name\":\"ECU Remap Center\",\"alternateName\":\"ERC\",\"url\":\"https:\\\/\\\/ecuremapcenter.com\\\/\",\"logo\":{\"@type\":\"ImageObject\",\"inLanguage\":\"es\",\"@id\":\"https:\\\/\\\/ecuremapcenter.com\\\/#\\\/schema\\\/logo\\\/image\\\/\",\"url\":\"https:\\\/\\\/ecuremapcenter.com\\\/wp-content\\\/uploads\\\/2021\\\/06\\\/erc-logo.svg\",\"contentUrl\":\"https:\\\/\\\/ecuremapcenter.com\\\/wp-content\\\/uploads\\\/2021\\\/06\\\/erc-logo.svg\",\"width\":780,\"height\":236,\"caption\":\"ECU Remap Center\"},\"image\":{\"@id\":\"https:\\\/\\\/ecuremapcenter.com\\\/#\\\/schema\\\/logo\\\/image\\\/\"},\"sameAs\":[\"https:\\\/\\\/www.facebook.com\\\/ecuremapcenter\",\"https:\\\/\\\/www.instagram.com\\\/ecuremapcenter\\\/\"]}]}<\/script>\n<!-- \/ Yoast SEO plugin. -->","yoast_head_json":{"title":"KIT SINTONIZADOR Autotuner OBD y Bench ERC | Centro de reasignaci\u00f3n de ECU","robots":{"index":"index","follow":"follow","max-snippet":"max-snippet:-1","max-image-preview":"max-image-preview:large","max-video-preview":"max-video-preview:-1"},"canonical":"https:\/\/ecuremapcenter.com\/es\/comercio\/kit-de-sintonizador-erc-de-banco-obd-autotuner\/","og_locale":"es_ES","og_type":"article","og_title":"Autotuner OBD & Bench ERC TUNER KIT | ECU Remap Center","og_description":"Autotuner is the must-have solution for any chiptuning professional. OBD, bench, boot, datalogging and DTC features all in one tool.  ERC Tuner Kit Autotuner OBD, Bench and BOOT comes with protocols for all vehicle types and a bonus of 120 tuning tokens* so you can start with tuning without any further investment!  * Bonus tokens have to be spent within 6 months of the tool purchase.","og_url":"https:\/\/ecuremapcenter.com\/es\/comercio\/kit-de-sintonizador-erc-de-banco-obd-autotuner\/","og_site_name":"ECU Remap Center","article_publisher":"https:\/\/www.facebook.com\/ecuremapcenter","article_modified_time":"2026-02-19T17:09:05+00:00","og_image":[{"width":1200,"height":1200,"url":"https:\/\/ecuremapcenter.com\/wp-content\/uploads\/2024\/11\/autotuner-dealer-kit-obd-bench.jpg","type":"image\/jpeg"}],"twitter_card":"summary_large_image","twitter_misc":{"Tiempo de lectura":"2 minutos"},"schema":{"@context":"https:\/\/schema.org","@graph":[{"@type":"WebPage","@id":"https:\/\/ecuremapcenter.com\/shop\/autotuner-obd-bench-erc-tuner-kit\/","url":"https:\/\/ecuremapcenter.com\/shop\/autotuner-obd-bench-erc-tuner-kit\/","name":"KIT SINTONIZADOR Autotuner OBD y Bench ERC | Centro de reasignaci\u00f3n de ECU","isPartOf":{"@id":"https:\/\/ecuremapcenter.com\/#website"},"primaryImageOfPage":{"@id":"https:\/\/ecuremapcenter.com\/shop\/autotuner-obd-bench-erc-tuner-kit\/#primaryimage"},"image":{"@id":"https:\/\/ecuremapcenter.com\/shop\/autotuner-obd-bench-erc-tuner-kit\/#primaryimage"},"thumbnailUrl":"https:\/\/ecuremapcenter.com\/wp-content\/uploads\/2024\/11\/autotuner-dealer-kit-obd-bench.jpg","datePublished":"2025-09-18T18:23:09+00:00","dateModified":"2026-02-19T17:09:05+00:00","breadcrumb":{"@id":"https:\/\/ecuremapcenter.com\/shop\/autotuner-obd-bench-erc-tuner-kit\/#breadcrumb"},"inLanguage":"es","potentialAction":[{"@type":"ReadAction","target":["https:\/\/ecuremapcenter.com\/shop\/autotuner-obd-bench-erc-tuner-kit\/"]}]},{"@type":"ImageObject","inLanguage":"es","@id":"https:\/\/ecuremapcenter.com\/shop\/autotuner-obd-bench-erc-tuner-kit\/#primaryimage","url":"https:\/\/ecuremapcenter.com\/wp-content\/uploads\/2024\/11\/autotuner-dealer-kit-obd-bench.jpg","contentUrl":"https:\/\/ecuremapcenter.com\/wp-content\/uploads\/2024\/11\/autotuner-dealer-kit-obd-bench.jpg","width":1200,"height":1200},{"@type":"BreadcrumbList","@id":"https:\/\/ecuremapcenter.com\/shop\/autotuner-obd-bench-erc-tuner-kit\/#breadcrumb","itemListElement":[{"@type":"ListItem","position":1,"name":"Home","item":"https:\/\/ecuremapcenter.com\/"},{"@type":"ListItem","position":2,"name":"Shop","item":"https:\/\/ecuremapcenter.com\/shop\/"},{"@type":"ListItem","position":3,"name":"Autotuner OBD &#038; Bench ERC TUNER KIT"}]},{"@type":"WebSite","@id":"https:\/\/ecuremapcenter.com\/#website","url":"https:\/\/ecuremapcenter.com\/","name":"Centro de reasignaci\u00f3n de ECU","description":"ECU de alta calidad, reasignaciones de TCU y soluciones DPF Off, EGR Off, SCR Off para profesionales del ajuste de chips","publisher":{"@id":"https:\/\/ecuremapcenter.com\/#organization"},"alternateName":"ERC","potentialAction":[{"@type":"SearchAction","target":{"@type":"EntryPoint","urlTemplate":"https:\/\/ecuremapcenter.com\/?s={search_term_string}"},"query-input":{"@type":"PropertyValueSpecification","valueRequired":true,"valueName":"search_term_string"}}],"inLanguage":"es"},{"@type":"Organization","@id":"https:\/\/ecuremapcenter.com\/#organization","name":"Centro de reasignaci\u00f3n de ECU","alternateName":"ERC","url":"https:\/\/ecuremapcenter.com\/","logo":{"@type":"ImageObject","inLanguage":"es","@id":"https:\/\/ecuremapcenter.com\/#\/schema\/logo\/image\/","url":"https:\/\/ecuremapcenter.com\/wp-content\/uploads\/2021\/06\/erc-logo.svg","contentUrl":"https:\/\/ecuremapcenter.com\/wp-content\/uploads\/2021\/06\/erc-logo.svg","width":780,"height":236,"caption":"ECU Remap Center"},"image":{"@id":"https:\/\/ecuremapcenter.com\/#\/schema\/logo\/image\/"},"sameAs":["https:\/\/www.facebook.com\/ecuremapcenter","https:\/\/www.instagram.com\/ecuremapcenter\/"]}]}},"_links":{"self":[{"href":"https:\/\/ecuremapcenter.com\/es\/wp-json\/wp\/v2\/product\/4757","targetHints":{"allow":["GET"]}}],"collection":[{"href":"https:\/\/ecuremapcenter.com\/es\/wp-json\/wp\/v2\/product"}],"about":[{"href":"https:\/\/ecuremapcenter.com\/es\/wp-json\/wp\/v2\/types\/product"}],"wp:featuredmedia":[{"embeddable":true,"href":"https:\/\/ecuremapcenter.com\/es\/wp-json\/wp\/v2\/media\/7036"}],"wp:attachment":[{"href":"https:\/\/ecuremapcenter.com\/es\/wp-json\/wp\/v2\/media?parent=4757"}],"wp:term":[{"taxonomy":"product_brand","embeddable":true,"href":"https:\/\/ecuremapcenter.com\/es\/wp-json\/wp\/v2\/product_brand?post=4757"},{"taxonomy":"product_cat","embeddable":true,"href":"https:\/\/ecuremapcenter.com\/es\/wp-json\/wp\/v2\/product_cat?post=4757"},{"taxonomy":"product_tag","embeddable":true,"href":"https:\/\/ecuremapcenter.com\/es\/wp-json\/wp\/v2\/product_tag?post=4757"},{"taxonomy":"tool_configuration","embeddable":true,"href":"https:\/\/ecuremapcenter.com\/es\/wp-json\/wp\/v2\/tool_configuration?post=4757"},{"taxonomy":"tool_interface","embeddable":true,"href":"https:\/\/ecuremapcenter.com\/es\/wp-json\/wp\/v2\/tool_interface?post=4757"},{"taxonomy":"flashing_tools","embeddable":true,"href":"https:\/\/ecuremapcenter.com\/es\/wp-json\/wp\/v2\/flashing_tools?post=4757"},{"taxonomy":"vehicle_types","embeddable":true,"href":"https:\/\/ecuremapcenter.com\/es\/wp-json\/wp\/v2\/vehicle_types?post=4757"}],"curies":[{"name":"wp","href":"https:\/\/api.w.org\/{rel}","templated":true}]}}