{"id":7213,"date":"2025-04-01T11:01:18","date_gmt":"2025-04-01T10:01:18","guid":{"rendered":"https:\/\/ecuremapcenter.com\/?post_type=product&#038;p=7213"},"modified":"2025-11-20T16:18:51","modified_gmt":"2025-11-20T15:18:51","slug":"erc-one-tune-my-car-kit","status":"publish","type":"product","link":"https:\/\/ecuremapcenter.com\/es\/comercio\/erc-one-tune-my-car-kit\/","title":{"rendered":"ERC One Tune My Car Kit"},"content":{"rendered":"<p><strong>Autotuner ONE \u2013 Flasheador personal OBD II multimarca<\/strong><br \/>\nUn dispositivo, un coche. Dedicado a clientes particulares.<\/p>\n<p>Con AT One y su aplicaci\u00f3n m\u00f3vil, usted podr\u00e1 leer f\u00e1cilmente los datos de su veh\u00edculo, enviarnos el archivo de calibraci\u00f3n del motor y contactarnos en cualquier momento si tiene preguntas o inquietudes.<\/p>\n<p><strong>El paquete contiene:<\/strong><br \/>\n\u2013 Intermitente personal Autotuner ONE OBDII<br \/>\n\u2013 Estuche de almacenamiento<br \/>\n\u2013 Archivo de remapeo ERC de etapa 1 o etapa 2 desarrollado para su veh\u00edculo<\/p>\n<p>&nbsp;<\/p>","protected":false},"excerpt":{"rendered":"<p><strong>Autotuner ONE \u2013 Flasheador personal OBD II multimarca<\/strong><br \/>\nUn dispositivo, un coche. Dedicado a clientes particulares.<\/p>\n<p>Con AT One y su aplicaci\u00f3n m\u00f3vil, usted podr\u00e1 leer f\u00e1cilmente los datos de su veh\u00edculo, enviarnos el archivo de calibraci\u00f3n del motor y contactarnos en cualquier momento si tiene preguntas o inquietudes.<\/p>\n<p><strong>El paquete contiene:<\/strong><br \/>\n\u2013 Intermitente personal Autotuner ONE OBDII<br \/>\n\u2013 Estuche de almacenamiento<br \/>\n\u2013 Archivo de remapeo ERC de etapa 1 o etapa 2 desarrollado para su veh\u00edculo<\/p>\n<p><strong>T\u00e9rminos y condiciones:<\/strong><br \/>\n<em>\u2013 Verifique la compatibilidad con su veh\u00edculo en <strong><a href=\"https:\/\/www.autotuner.com\/pages\/one-compatibility\">LISTA DE COMPATIBILIDAD<\/a><\/strong><\/em><br \/>\n<em>\u2013 El dispositivo que vendemos solo puede usar archivos del centro de reasignaci\u00f3n de ECU<\/em><br \/>\n<em>&#8211; Device is locked to a VIN and can be used on only one vehicle<\/em><\/p>","protected":false},"featured_media":8558,"template":"","meta":[],"product_brand":[71],"product_cat":[119,104,132],"product_tag":[],"tool_configuration":[85],"tool_interface":[95],"flashing_tools":[124],"vehicle_types":[79],"class_list":{"0":"post-7213","1":"product","2":"type-product","3":"status-publish","4":"has-post-thumbnail","6":"product_brand-autotuner","7":"product_cat-all-products","8":"product_cat-erc","9":"product_cat-tune-my-vehicle-kits","10":"tool_configuration-slave","11":"tool_interface-obd","12":"flashing_tools-the-one","13":"vehicle_types-cars-lcv","15":"first","16":"instock","17":"sale","18":"featured","19":"virtual","20":"taxable","21":"purchasable","22":"product-type-bundle"},"bundled_by":[],"bundle_stock_status":"instock","bundle_stock_quantity":"","bundle_virtual":false,"bundle_layout":"default","bundle_add_to_cart_form_location":"default","bundle_editable_in_cart":false,"bundle_sold_individually_context":"product","bundle_item_grouping":"parent","bundle_min_size":"","bundle_max_size":"","bundle_price":{"price":{"min":{"incl_tax":"299","excl_tax":"299"},"max":{"incl_tax":"299","excl_tax":"299"}},"regular_price":{"min":{"incl_tax":"320","excl_tax":"320"},"max":{"incl_tax":"320","excl_tax":"320"}}},"bundled_items":[{"bundled_item_id":91,"product_id":7210,"menu_order":0,"quantity_min":1,"quantity_max":1,"quantity_default":1,"priced_individually":false,"shipped_individually":false,"override_title":true,"title":"Autotuner One Flasher personal","override_description":true,"description":"","optional":false,"hide_thumbnail":false,"discount":"","override_variations":false,"allowed_variations":[],"override_default_variation_attributes":false,"default_variation_attributes":[],"single_product_visibility":"hidden","cart_visibility":"hidden","order_visibility":"hidden","single_product_price_visibility":"visible","cart_price_visibility":"visible","order_price_visibility":"visible","stock_status":"in_stock"},{"bundled_item_id":92,"product_id":7212,"menu_order":1,"quantity_min":1,"quantity_max":1,"quantity_default":1,"priced_individually":false,"shipped_individually":true,"override_title":true,"title":"Activaci\u00f3n del software Autotuner One","override_description":true,"description":"","optional":false,"hide_thumbnail":false,"discount":"","override_variations":false,"allowed_variations":[],"override_default_variation_attributes":false,"default_variation_attributes":[],"single_product_visibility":"hidden","cart_visibility":"hidden","order_visibility":"hidden","single_product_price_visibility":"visible","cart_price_visibility":"visible","order_price_visibility":"visible","stock_status":"in_stock"}],"bundle_sell_ids":[],"group_of_quantity":0,"min_quantity":1,"max_quantity":1,"exclude_order_quantity_value_rules":"no","exclude_category_quantity_rules":"no","combine_variations":"no","acf":[],"yoast_head":"<!-- This site is optimized with the Yoast SEO plugin v27.4 - https:\/\/yoast.com\/product\/yoast-seo-wordpress\/ -->\n<title>ERC One Tune My Car Kit | ECU Remap Center<\/title>\n<meta name=\"robots\" content=\"index, follow, max-snippet:-1, max-image-preview:large, max-video-preview:-1\" \/>\n<link rel=\"canonical\" href=\"https:\/\/ecuremapcenter.com\/es\/comercio\/erc-one-tune-my-car-kit\/\" \/>\n<meta property=\"og:locale\" content=\"es_ES\" \/>\n<meta property=\"og:type\" content=\"article\" \/>\n<meta property=\"og:title\" content=\"ERC One Tune My Car Kit | ECU Remap Center\" \/>\n<meta property=\"og:description\" content=\"Autotuner ONE - Multi-brand OBD II personal flasher One device, One car. Dedicated to private customers.  With the AT One and its mobile application, your can easily read your vehicle&#039;s data, send us the engine calibration file and contact us anytime with questions or concerns.  Package contains: - Autotuner ONE OBDII personal flasher - Storage case - Stage 1 or Stage 2 ERC Remap File developed for your vehicle  Terms &amp; Conditions: - Check compatibility with your vehicle in COMPATIBILITY LIST - Device sold by us can use only ECU Remap Center Files - Device is locked to a VIN and can be used on only one vehicle\" \/>\n<meta property=\"og:url\" content=\"https:\/\/ecuremapcenter.com\/es\/comercio\/erc-one-tune-my-car-kit\/\" \/>\n<meta property=\"og:site_name\" content=\"ECU Remap Center\" \/>\n<meta property=\"article:publisher\" content=\"https:\/\/www.facebook.com\/ecuremapcenter\" \/>\n<meta property=\"article:modified_time\" content=\"2025-11-20T15:18:51+00:00\" \/>\n<meta property=\"og:image\" content=\"https:\/\/ecuremapcenter.com\/wp-content\/uploads\/2025\/10\/at-one-tmckit.webp\" \/>\n\t<meta property=\"og:image:width\" content=\"1200\" \/>\n\t<meta property=\"og:image:height\" content=\"1200\" \/>\n\t<meta property=\"og:image:type\" content=\"image\/webp\" \/>\n<meta name=\"twitter:card\" content=\"summary_large_image\" \/>\n<meta name=\"twitter:label1\" content=\"Tiempo de lectura\" \/>\n\t<meta name=\"twitter:data1\" content=\"2 minutos\" \/>\n<script type=\"application\/ld+json\" class=\"yoast-schema-graph\">{\"@context\":\"https:\\\/\\\/schema.org\",\"@graph\":[{\"@type\":\"WebPage\",\"@id\":\"https:\\\/\\\/ecuremapcenter.com\\\/shop\\\/erc-one-tune-my-car-kit\\\/\",\"url\":\"https:\\\/\\\/ecuremapcenter.com\\\/shop\\\/erc-one-tune-my-car-kit\\\/\",\"name\":\"ERC One Tune My Car Kit | ECU Remap Center\",\"isPartOf\":{\"@id\":\"https:\\\/\\\/ecuremapcenter.com\\\/#website\"},\"primaryImageOfPage\":{\"@id\":\"https:\\\/\\\/ecuremapcenter.com\\\/shop\\\/erc-one-tune-my-car-kit\\\/#primaryimage\"},\"image\":{\"@id\":\"https:\\\/\\\/ecuremapcenter.com\\\/shop\\\/erc-one-tune-my-car-kit\\\/#primaryimage\"},\"thumbnailUrl\":\"https:\\\/\\\/ecuremapcenter.com\\\/wp-content\\\/uploads\\\/2025\\\/10\\\/at-one-tmckit.webp\",\"datePublished\":\"2025-04-01T10:01:18+00:00\",\"dateModified\":\"2025-11-20T15:18:51+00:00\",\"breadcrumb\":{\"@id\":\"https:\\\/\\\/ecuremapcenter.com\\\/shop\\\/erc-one-tune-my-car-kit\\\/#breadcrumb\"},\"inLanguage\":\"es\",\"potentialAction\":[{\"@type\":\"ReadAction\",\"target\":[\"https:\\\/\\\/ecuremapcenter.com\\\/shop\\\/erc-one-tune-my-car-kit\\\/\"]}]},{\"@type\":\"ImageObject\",\"inLanguage\":\"es\",\"@id\":\"https:\\\/\\\/ecuremapcenter.com\\\/shop\\\/erc-one-tune-my-car-kit\\\/#primaryimage\",\"url\":\"https:\\\/\\\/ecuremapcenter.com\\\/wp-content\\\/uploads\\\/2025\\\/10\\\/at-one-tmckit.webp\",\"contentUrl\":\"https:\\\/\\\/ecuremapcenter.com\\\/wp-content\\\/uploads\\\/2025\\\/10\\\/at-one-tmckit.webp\",\"width\":1200,\"height\":1200},{\"@type\":\"BreadcrumbList\",\"@id\":\"https:\\\/\\\/ecuremapcenter.com\\\/shop\\\/erc-one-tune-my-car-kit\\\/#breadcrumb\",\"itemListElement\":[{\"@type\":\"ListItem\",\"position\":1,\"name\":\"Home\",\"item\":\"https:\\\/\\\/ecuremapcenter.com\\\/\"},{\"@type\":\"ListItem\",\"position\":2,\"name\":\"Shop\",\"item\":\"https:\\\/\\\/ecuremapcenter.com\\\/shop\\\/\"},{\"@type\":\"ListItem\",\"position\":3,\"name\":\"ERC One Tune My Car Kit\"}]},{\"@type\":\"WebSite\",\"@id\":\"https:\\\/\\\/ecuremapcenter.com\\\/#website\",\"url\":\"https:\\\/\\\/ecuremapcenter.com\\\/\",\"name\":\"ECU Remap Center\",\"description\":\"High quality ECU, TCU remaps and DPF Off, EGR Off, SCR Off solutions for chip tuning professionals\",\"publisher\":{\"@id\":\"https:\\\/\\\/ecuremapcenter.com\\\/#organization\"},\"alternateName\":\"ERC\",\"potentialAction\":[{\"@type\":\"SearchAction\",\"target\":{\"@type\":\"EntryPoint\",\"urlTemplate\":\"https:\\\/\\\/ecuremapcenter.com\\\/?s={search_term_string}\"},\"query-input\":{\"@type\":\"PropertyValueSpecification\",\"valueRequired\":true,\"valueName\":\"search_term_string\"}}],\"inLanguage\":\"es\"},{\"@type\":\"Organization\",\"@id\":\"https:\\\/\\\/ecuremapcenter.com\\\/#organization\",\"name\":\"ECU Remap Center\",\"alternateName\":\"ERC\",\"url\":\"https:\\\/\\\/ecuremapcenter.com\\\/\",\"logo\":{\"@type\":\"ImageObject\",\"inLanguage\":\"es\",\"@id\":\"https:\\\/\\\/ecuremapcenter.com\\\/#\\\/schema\\\/logo\\\/image\\\/\",\"url\":\"https:\\\/\\\/ecuremapcenter.com\\\/wp-content\\\/uploads\\\/2021\\\/06\\\/erc-logo.svg\",\"contentUrl\":\"https:\\\/\\\/ecuremapcenter.com\\\/wp-content\\\/uploads\\\/2021\\\/06\\\/erc-logo.svg\",\"width\":780,\"height\":236,\"caption\":\"ECU Remap Center\"},\"image\":{\"@id\":\"https:\\\/\\\/ecuremapcenter.com\\\/#\\\/schema\\\/logo\\\/image\\\/\"},\"sameAs\":[\"https:\\\/\\\/www.facebook.com\\\/ecuremapcenter\",\"https:\\\/\\\/www.instagram.com\\\/ecuremapcenter\\\/\"]}]}<\/script>\n<!-- \/ Yoast SEO plugin. -->","yoast_head_json":{"title":"ERC One Tune My Car Kit | ECU Remap Center","robots":{"index":"index","follow":"follow","max-snippet":"max-snippet:-1","max-image-preview":"max-image-preview:large","max-video-preview":"max-video-preview:-1"},"canonical":"https:\/\/ecuremapcenter.com\/es\/comercio\/erc-one-tune-my-car-kit\/","og_locale":"es_ES","og_type":"article","og_title":"ERC One Tune My Car Kit | ECU Remap Center","og_description":"Autotuner ONE - Multi-brand OBD II personal flasher One device, One car. Dedicated to private customers.  With the AT One and its mobile application, your can easily read your vehicle's data, send us the engine calibration file and contact us anytime with questions or concerns.  Package contains: - Autotuner ONE OBDII personal flasher - Storage case - Stage 1 or Stage 2 ERC Remap File developed for your vehicle  Terms &amp; Conditions: - Check compatibility with your vehicle in COMPATIBILITY LIST - Device sold by us can use only ECU Remap Center Files - Device is locked to a VIN and can be used on only one vehicle","og_url":"https:\/\/ecuremapcenter.com\/es\/comercio\/erc-one-tune-my-car-kit\/","og_site_name":"ECU Remap Center","article_publisher":"https:\/\/www.facebook.com\/ecuremapcenter","article_modified_time":"2025-11-20T15:18:51+00:00","og_image":[{"width":1200,"height":1200,"url":"https:\/\/ecuremapcenter.com\/wp-content\/uploads\/2025\/10\/at-one-tmckit.webp","type":"image\/webp"}],"twitter_card":"summary_large_image","twitter_misc":{"Tiempo de lectura":"2 minutos"},"schema":{"@context":"https:\/\/schema.org","@graph":[{"@type":"WebPage","@id":"https:\/\/ecuremapcenter.com\/shop\/erc-one-tune-my-car-kit\/","url":"https:\/\/ecuremapcenter.com\/shop\/erc-one-tune-my-car-kit\/","name":"ERC One Tune My Car Kit | ECU Remap Center","isPartOf":{"@id":"https:\/\/ecuremapcenter.com\/#website"},"primaryImageOfPage":{"@id":"https:\/\/ecuremapcenter.com\/shop\/erc-one-tune-my-car-kit\/#primaryimage"},"image":{"@id":"https:\/\/ecuremapcenter.com\/shop\/erc-one-tune-my-car-kit\/#primaryimage"},"thumbnailUrl":"https:\/\/ecuremapcenter.com\/wp-content\/uploads\/2025\/10\/at-one-tmckit.webp","datePublished":"2025-04-01T10:01:18+00:00","dateModified":"2025-11-20T15:18:51+00:00","breadcrumb":{"@id":"https:\/\/ecuremapcenter.com\/shop\/erc-one-tune-my-car-kit\/#breadcrumb"},"inLanguage":"es","potentialAction":[{"@type":"ReadAction","target":["https:\/\/ecuremapcenter.com\/shop\/erc-one-tune-my-car-kit\/"]}]},{"@type":"ImageObject","inLanguage":"es","@id":"https:\/\/ecuremapcenter.com\/shop\/erc-one-tune-my-car-kit\/#primaryimage","url":"https:\/\/ecuremapcenter.com\/wp-content\/uploads\/2025\/10\/at-one-tmckit.webp","contentUrl":"https:\/\/ecuremapcenter.com\/wp-content\/uploads\/2025\/10\/at-one-tmckit.webp","width":1200,"height":1200},{"@type":"BreadcrumbList","@id":"https:\/\/ecuremapcenter.com\/shop\/erc-one-tune-my-car-kit\/#breadcrumb","itemListElement":[{"@type":"ListItem","position":1,"name":"Home","item":"https:\/\/ecuremapcenter.com\/"},{"@type":"ListItem","position":2,"name":"Shop","item":"https:\/\/ecuremapcenter.com\/shop\/"},{"@type":"ListItem","position":3,"name":"ERC One Tune My Car Kit"}]},{"@type":"WebSite","@id":"https:\/\/ecuremapcenter.com\/#website","url":"https:\/\/ecuremapcenter.com\/","name":"Centro de reasignaci\u00f3n de ECU","description":"ECU de alta calidad, reasignaciones de TCU y soluciones DPF Off, EGR Off, SCR Off para profesionales del ajuste de chips","publisher":{"@id":"https:\/\/ecuremapcenter.com\/#organization"},"alternateName":"ERC","potentialAction":[{"@type":"SearchAction","target":{"@type":"EntryPoint","urlTemplate":"https:\/\/ecuremapcenter.com\/?s={search_term_string}"},"query-input":{"@type":"PropertyValueSpecification","valueRequired":true,"valueName":"search_term_string"}}],"inLanguage":"es"},{"@type":"Organization","@id":"https:\/\/ecuremapcenter.com\/#organization","name":"Centro de reasignaci\u00f3n de ECU","alternateName":"ERC","url":"https:\/\/ecuremapcenter.com\/","logo":{"@type":"ImageObject","inLanguage":"es","@id":"https:\/\/ecuremapcenter.com\/#\/schema\/logo\/image\/","url":"https:\/\/ecuremapcenter.com\/wp-content\/uploads\/2021\/06\/erc-logo.svg","contentUrl":"https:\/\/ecuremapcenter.com\/wp-content\/uploads\/2021\/06\/erc-logo.svg","width":780,"height":236,"caption":"ECU Remap Center"},"image":{"@id":"https:\/\/ecuremapcenter.com\/#\/schema\/logo\/image\/"},"sameAs":["https:\/\/www.facebook.com\/ecuremapcenter","https:\/\/www.instagram.com\/ecuremapcenter\/"]}]}},"_links":{"self":[{"href":"https:\/\/ecuremapcenter.com\/es\/wp-json\/wp\/v2\/product\/7213","targetHints":{"allow":["GET"]}}],"collection":[{"href":"https:\/\/ecuremapcenter.com\/es\/wp-json\/wp\/v2\/product"}],"about":[{"href":"https:\/\/ecuremapcenter.com\/es\/wp-json\/wp\/v2\/types\/product"}],"wp:featuredmedia":[{"embeddable":true,"href":"https:\/\/ecuremapcenter.com\/es\/wp-json\/wp\/v2\/media\/8558"}],"wp:attachment":[{"href":"https:\/\/ecuremapcenter.com\/es\/wp-json\/wp\/v2\/media?parent=7213"}],"wp:term":[{"taxonomy":"product_brand","embeddable":true,"href":"https:\/\/ecuremapcenter.com\/es\/wp-json\/wp\/v2\/product_brand?post=7213"},{"taxonomy":"product_cat","embeddable":true,"href":"https:\/\/ecuremapcenter.com\/es\/wp-json\/wp\/v2\/product_cat?post=7213"},{"taxonomy":"product_tag","embeddable":true,"href":"https:\/\/ecuremapcenter.com\/es\/wp-json\/wp\/v2\/product_tag?post=7213"},{"taxonomy":"tool_configuration","embeddable":true,"href":"https:\/\/ecuremapcenter.com\/es\/wp-json\/wp\/v2\/tool_configuration?post=7213"},{"taxonomy":"tool_interface","embeddable":true,"href":"https:\/\/ecuremapcenter.com\/es\/wp-json\/wp\/v2\/tool_interface?post=7213"},{"taxonomy":"flashing_tools","embeddable":true,"href":"https:\/\/ecuremapcenter.com\/es\/wp-json\/wp\/v2\/flashing_tools?post=7213"},{"taxonomy":"vehicle_types","embeddable":true,"href":"https:\/\/ecuremapcenter.com\/es\/wp-json\/wp\/v2\/vehicle_types?post=7213"}],"curies":[{"name":"wp","href":"https:\/\/api.w.org\/{rel}","templated":true}]}}