{"id":7680,"date":"2025-03-08T09:58:41","date_gmt":"2025-03-08T08:58:41","guid":{"rendered":"https:\/\/ecuremapcenter.com\/?post_type=product&#038;p=7680"},"modified":"2025-03-12T11:26:42","modified_gmt":"2025-03-12T10:26:42","slug":"cables-gysflash-100-de-12-hf-y-5-m","status":"publish","type":"product","link":"https:\/\/ecuremapcenter.com\/es\/comercio\/cables-gysflash-100-de-12-hf-y-5-m\/","title":{"rendered":"Gysflash 100-12 HF (cables de 5 m)"},"content":{"rendered":"<p class=\"desc\">Gysflash 100-12 HF es una fuente de alimentaci\u00f3n estabilizada de alta potencia de 100 A que incorpora tecnolog\u00eda Inverter para la carga de bater\u00edas de arranque de plomo (selladas, l\u00edquidas, AGM\u2026) o litio (LiFePO4) con 5 funciones:<\/p>\n<ul class=\"specs\">\n<li>Soporte de bater\u00eda: sostiene la bater\u00eda automotriz de 12 V (l\u00edquida o de gel) durante el trabajo de diagn\u00f3stico<\/li>\n<li>Cargador de bater\u00eda avanzado: garantiza un ciclo de carga ideal para el mantenimiento de la bater\u00eda de los veh\u00edculos m\u00e1s modernos<\/li>\n<li>Modo de sala de exposici\u00f3n: mantiene las bater\u00edas en los veh\u00edculos de exposici\u00f3n<\/li>\n<li>En el modo de \u00abcambio de bater\u00eda\u00bb, mantendr\u00e1 el suministro el\u00e9ctrico para preservar la configuraci\u00f3n de la memoria del veh\u00edculo.<\/li>\n<li>Fuente de alimentaci\u00f3n estabilizada de alta potencia: voltaje y corriente ajustables<\/li>\n<\/ul>\n<p><strong><span class=\"specs-caption ft-bld\">Caracter\u00edsticas principales:<\/span><\/strong><\/p>\n<ul class=\"specs\">\n<li><strong>Compatible s\u00f3lo con 220-240 V CA<\/strong><\/li>\n<li><strong>Cables de 5,0 m incluidos<\/strong><\/li>\n<li>Reinicio autom\u00e1tico<\/li>\n<li>Control y calibraci\u00f3n de cables<\/li>\n<li>Bloquear en modo Showroom<\/li>\n<li>Posibilidad de carga simplificada con el modo Easy<\/li>\n<li>Activar y configurar una curva de carga \u201cExperto\u201d<\/li>\n<li>Recuperaci\u00f3n autom\u00e1tica de SOS para bater\u00edas sulfatadas<\/li>\n<\/ul>","protected":false},"excerpt":{"rendered":"<p>Gysflash 100-12 HF es una fuente de alimentaci\u00f3n estabilizada de alta potencia de 100A que incorpora tecnolog\u00eda Inverter para la carga de bater\u00edas de arranque de plomo (selladas, l\u00edquidas, AGM\u2026) o litio (LiFePO4) con 5 funciones.<\/p>","protected":false},"featured_media":7684,"template":"","meta":[],"product_brand":[128],"product_cat":[42],"product_tag":[],"tool_configuration":[],"tool_interface":[],"flashing_tools":[103],"vehicle_types":[],"class_list":{"0":"post-7680","1":"product","2":"type-product","3":"status-publish","4":"has-post-thumbnail","6":"product_brand-gys","7":"product_cat-accessories","8":"product_shipping_class-heavy-items","9":"flashing_tools-universal","11":"first","12":"onbackorder","13":"sale","14":"featured","15":"sold-individually","16":"taxable","17":"shipping-taxable","18":"purchasable","19":"product-type-simple"},"bundled_by":[],"bundle_stock_status":"onbackorder","bundle_stock_quantity":0,"bundle_virtual":false,"bundle_layout":"","bundle_add_to_cart_form_location":"","bundle_editable_in_cart":false,"bundle_sold_individually_context":"","bundle_item_grouping":"","bundle_min_size":"","bundle_max_size":"","bundle_price":[],"bundled_items":[],"bundle_sell_ids":[],"group_of_quantity":0,"min_quantity":0,"max_quantity":"","exclude_order_quantity_value_rules":"no","exclude_category_quantity_rules":"no","combine_variations":"no","acf":[],"yoast_head":"<!-- This site is optimized with the Yoast SEO plugin v27.4 - https:\/\/yoast.com\/product\/yoast-seo-wordpress\/ -->\n<title>Gysflash 100-12 HF (5M cables) | ECU Remap Center<\/title>\n<meta name=\"robots\" content=\"index, follow, max-snippet:-1, max-image-preview:large, max-video-preview:-1\" \/>\n<link rel=\"canonical\" href=\"https:\/\/ecuremapcenter.com\/es\/comercio\/cables-gysflash-100-de-12-hf-y-5-m\/\" \/>\n<meta property=\"og:locale\" content=\"es_ES\" \/>\n<meta property=\"og:type\" content=\"article\" \/>\n<meta property=\"og:title\" content=\"Gysflash 100-12 HF (5M cables) | ECU Remap Center\" \/>\n<meta property=\"og:description\" content=\"Gysflash 100-12 HF is a 100A high power stabilized supply incorporating Inverter technology for charging lead (sealed, liquid, AGM...) or lithium (LiFePO4) starter batteries with 5 functions.\" \/>\n<meta property=\"og:url\" content=\"https:\/\/ecuremapcenter.com\/es\/comercio\/cables-gysflash-100-de-12-hf-y-5-m\/\" \/>\n<meta property=\"og:site_name\" content=\"ECU Remap Center\" \/>\n<meta property=\"article:publisher\" content=\"https:\/\/www.facebook.com\/ecuremapcenter\" \/>\n<meta property=\"article:modified_time\" content=\"2025-03-12T10:26:42+00:00\" \/>\n<meta property=\"og:image\" content=\"https:\/\/ecuremapcenter.com\/wp-content\/uploads\/2025\/03\/gys_100-12hf_029415_1.webp\" \/>\n\t<meta property=\"og:image:width\" content=\"1200\" \/>\n\t<meta property=\"og:image:height\" content=\"1200\" \/>\n\t<meta property=\"og:image:type\" content=\"image\/webp\" \/>\n<meta name=\"twitter:card\" content=\"summary_large_image\" \/>\n<meta name=\"twitter:label1\" content=\"Tiempo de lectura\" \/>\n\t<meta name=\"twitter:data1\" content=\"2 minutos\" \/>\n<script type=\"application\/ld+json\" class=\"yoast-schema-graph\">{\"@context\":\"https:\\\/\\\/schema.org\",\"@graph\":[{\"@type\":\"WebPage\",\"@id\":\"https:\\\/\\\/ecuremapcenter.com\\\/shop\\\/gysflash-100-12-hf-5m-cables\\\/\",\"url\":\"https:\\\/\\\/ecuremapcenter.com\\\/shop\\\/gysflash-100-12-hf-5m-cables\\\/\",\"name\":\"Gysflash 100-12 HF (5M cables) | ECU Remap Center\",\"isPartOf\":{\"@id\":\"https:\\\/\\\/ecuremapcenter.com\\\/#website\"},\"primaryImageOfPage\":{\"@id\":\"https:\\\/\\\/ecuremapcenter.com\\\/shop\\\/gysflash-100-12-hf-5m-cables\\\/#primaryimage\"},\"image\":{\"@id\":\"https:\\\/\\\/ecuremapcenter.com\\\/shop\\\/gysflash-100-12-hf-5m-cables\\\/#primaryimage\"},\"thumbnailUrl\":\"https:\\\/\\\/ecuremapcenter.com\\\/wp-content\\\/uploads\\\/2025\\\/03\\\/gys_100-12hf_029415_1.webp\",\"datePublished\":\"2025-03-08T08:58:41+00:00\",\"dateModified\":\"2025-03-12T10:26:42+00:00\",\"breadcrumb\":{\"@id\":\"https:\\\/\\\/ecuremapcenter.com\\\/shop\\\/gysflash-100-12-hf-5m-cables\\\/#breadcrumb\"},\"inLanguage\":\"es\",\"potentialAction\":[{\"@type\":\"ReadAction\",\"target\":[\"https:\\\/\\\/ecuremapcenter.com\\\/shop\\\/gysflash-100-12-hf-5m-cables\\\/\"]}]},{\"@type\":\"ImageObject\",\"inLanguage\":\"es\",\"@id\":\"https:\\\/\\\/ecuremapcenter.com\\\/shop\\\/gysflash-100-12-hf-5m-cables\\\/#primaryimage\",\"url\":\"https:\\\/\\\/ecuremapcenter.com\\\/wp-content\\\/uploads\\\/2025\\\/03\\\/gys_100-12hf_029415_1.webp\",\"contentUrl\":\"https:\\\/\\\/ecuremapcenter.com\\\/wp-content\\\/uploads\\\/2025\\\/03\\\/gys_100-12hf_029415_1.webp\",\"width\":1200,\"height\":1200},{\"@type\":\"BreadcrumbList\",\"@id\":\"https:\\\/\\\/ecuremapcenter.com\\\/shop\\\/gysflash-100-12-hf-5m-cables\\\/#breadcrumb\",\"itemListElement\":[{\"@type\":\"ListItem\",\"position\":1,\"name\":\"Home\",\"item\":\"https:\\\/\\\/ecuremapcenter.com\\\/\"},{\"@type\":\"ListItem\",\"position\":2,\"name\":\"Shop\",\"item\":\"https:\\\/\\\/ecuremapcenter.com\\\/shop\\\/\"},{\"@type\":\"ListItem\",\"position\":3,\"name\":\"Gysflash 100-12 HF (5M cables)\"}]},{\"@type\":\"WebSite\",\"@id\":\"https:\\\/\\\/ecuremapcenter.com\\\/#website\",\"url\":\"https:\\\/\\\/ecuremapcenter.com\\\/\",\"name\":\"ECU Remap Center\",\"description\":\"High quality ECU, TCU remaps and DPF Off, EGR Off, SCR Off solutions for chip tuning professionals\",\"publisher\":{\"@id\":\"https:\\\/\\\/ecuremapcenter.com\\\/#organization\"},\"alternateName\":\"ERC\",\"potentialAction\":[{\"@type\":\"SearchAction\",\"target\":{\"@type\":\"EntryPoint\",\"urlTemplate\":\"https:\\\/\\\/ecuremapcenter.com\\\/?s={search_term_string}\"},\"query-input\":{\"@type\":\"PropertyValueSpecification\",\"valueRequired\":true,\"valueName\":\"search_term_string\"}}],\"inLanguage\":\"es\"},{\"@type\":\"Organization\",\"@id\":\"https:\\\/\\\/ecuremapcenter.com\\\/#organization\",\"name\":\"ECU Remap Center\",\"alternateName\":\"ERC\",\"url\":\"https:\\\/\\\/ecuremapcenter.com\\\/\",\"logo\":{\"@type\":\"ImageObject\",\"inLanguage\":\"es\",\"@id\":\"https:\\\/\\\/ecuremapcenter.com\\\/#\\\/schema\\\/logo\\\/image\\\/\",\"url\":\"https:\\\/\\\/ecuremapcenter.com\\\/wp-content\\\/uploads\\\/2021\\\/06\\\/erc-logo.svg\",\"contentUrl\":\"https:\\\/\\\/ecuremapcenter.com\\\/wp-content\\\/uploads\\\/2021\\\/06\\\/erc-logo.svg\",\"width\":780,\"height\":236,\"caption\":\"ECU Remap Center\"},\"image\":{\"@id\":\"https:\\\/\\\/ecuremapcenter.com\\\/#\\\/schema\\\/logo\\\/image\\\/\"},\"sameAs\":[\"https:\\\/\\\/www.facebook.com\\\/ecuremapcenter\",\"https:\\\/\\\/www.instagram.com\\\/ecuremapcenter\\\/\"]}]}<\/script>\n<!-- \/ Yoast SEO plugin. -->","yoast_head_json":{"title":"Gysflash 100-12 HF (cables de 5 m) | Centro de reprogramaci\u00f3n de ECU","robots":{"index":"index","follow":"follow","max-snippet":"max-snippet:-1","max-image-preview":"max-image-preview:large","max-video-preview":"max-video-preview:-1"},"canonical":"https:\/\/ecuremapcenter.com\/es\/comercio\/cables-gysflash-100-de-12-hf-y-5-m\/","og_locale":"es_ES","og_type":"article","og_title":"Gysflash 100-12 HF (5M cables) | ECU Remap Center","og_description":"Gysflash 100-12 HF is a 100A high power stabilized supply incorporating Inverter technology for charging lead (sealed, liquid, AGM...) or lithium (LiFePO4) starter batteries with 5 functions.","og_url":"https:\/\/ecuremapcenter.com\/es\/comercio\/cables-gysflash-100-de-12-hf-y-5-m\/","og_site_name":"ECU Remap Center","article_publisher":"https:\/\/www.facebook.com\/ecuremapcenter","article_modified_time":"2025-03-12T10:26:42+00:00","og_image":[{"width":1200,"height":1200,"url":"https:\/\/ecuremapcenter.com\/wp-content\/uploads\/2025\/03\/gys_100-12hf_029415_1.webp","type":"image\/webp"}],"twitter_card":"summary_large_image","twitter_misc":{"Tiempo de lectura":"2 minutos"},"schema":{"@context":"https:\/\/schema.org","@graph":[{"@type":"WebPage","@id":"https:\/\/ecuremapcenter.com\/shop\/gysflash-100-12-hf-5m-cables\/","url":"https:\/\/ecuremapcenter.com\/shop\/gysflash-100-12-hf-5m-cables\/","name":"Gysflash 100-12 HF (cables de 5 m) | Centro de reprogramaci\u00f3n de ECU","isPartOf":{"@id":"https:\/\/ecuremapcenter.com\/#website"},"primaryImageOfPage":{"@id":"https:\/\/ecuremapcenter.com\/shop\/gysflash-100-12-hf-5m-cables\/#primaryimage"},"image":{"@id":"https:\/\/ecuremapcenter.com\/shop\/gysflash-100-12-hf-5m-cables\/#primaryimage"},"thumbnailUrl":"https:\/\/ecuremapcenter.com\/wp-content\/uploads\/2025\/03\/gys_100-12hf_029415_1.webp","datePublished":"2025-03-08T08:58:41+00:00","dateModified":"2025-03-12T10:26:42+00:00","breadcrumb":{"@id":"https:\/\/ecuremapcenter.com\/shop\/gysflash-100-12-hf-5m-cables\/#breadcrumb"},"inLanguage":"es","potentialAction":[{"@type":"ReadAction","target":["https:\/\/ecuremapcenter.com\/shop\/gysflash-100-12-hf-5m-cables\/"]}]},{"@type":"ImageObject","inLanguage":"es","@id":"https:\/\/ecuremapcenter.com\/shop\/gysflash-100-12-hf-5m-cables\/#primaryimage","url":"https:\/\/ecuremapcenter.com\/wp-content\/uploads\/2025\/03\/gys_100-12hf_029415_1.webp","contentUrl":"https:\/\/ecuremapcenter.com\/wp-content\/uploads\/2025\/03\/gys_100-12hf_029415_1.webp","width":1200,"height":1200},{"@type":"BreadcrumbList","@id":"https:\/\/ecuremapcenter.com\/shop\/gysflash-100-12-hf-5m-cables\/#breadcrumb","itemListElement":[{"@type":"ListItem","position":1,"name":"Home","item":"https:\/\/ecuremapcenter.com\/"},{"@type":"ListItem","position":2,"name":"Shop","item":"https:\/\/ecuremapcenter.com\/shop\/"},{"@type":"ListItem","position":3,"name":"Gysflash 100-12 HF (5M cables)"}]},{"@type":"WebSite","@id":"https:\/\/ecuremapcenter.com\/#website","url":"https:\/\/ecuremapcenter.com\/","name":"Centro de reasignaci\u00f3n de ECU","description":"ECU de alta calidad, reasignaciones de TCU y soluciones DPF Off, EGR Off, SCR Off para profesionales del ajuste de chips","publisher":{"@id":"https:\/\/ecuremapcenter.com\/#organization"},"alternateName":"ERC","potentialAction":[{"@type":"SearchAction","target":{"@type":"EntryPoint","urlTemplate":"https:\/\/ecuremapcenter.com\/?s={search_term_string}"},"query-input":{"@type":"PropertyValueSpecification","valueRequired":true,"valueName":"search_term_string"}}],"inLanguage":"es"},{"@type":"Organization","@id":"https:\/\/ecuremapcenter.com\/#organization","name":"Centro de reasignaci\u00f3n de ECU","alternateName":"ERC","url":"https:\/\/ecuremapcenter.com\/","logo":{"@type":"ImageObject","inLanguage":"es","@id":"https:\/\/ecuremapcenter.com\/#\/schema\/logo\/image\/","url":"https:\/\/ecuremapcenter.com\/wp-content\/uploads\/2021\/06\/erc-logo.svg","contentUrl":"https:\/\/ecuremapcenter.com\/wp-content\/uploads\/2021\/06\/erc-logo.svg","width":780,"height":236,"caption":"ECU Remap Center"},"image":{"@id":"https:\/\/ecuremapcenter.com\/#\/schema\/logo\/image\/"},"sameAs":["https:\/\/www.facebook.com\/ecuremapcenter","https:\/\/www.instagram.com\/ecuremapcenter\/"]}]}},"_links":{"self":[{"href":"https:\/\/ecuremapcenter.com\/es\/wp-json\/wp\/v2\/product\/7680","targetHints":{"allow":["GET"]}}],"collection":[{"href":"https:\/\/ecuremapcenter.com\/es\/wp-json\/wp\/v2\/product"}],"about":[{"href":"https:\/\/ecuremapcenter.com\/es\/wp-json\/wp\/v2\/types\/product"}],"wp:featuredmedia":[{"embeddable":true,"href":"https:\/\/ecuremapcenter.com\/es\/wp-json\/wp\/v2\/media\/7684"}],"wp:attachment":[{"href":"https:\/\/ecuremapcenter.com\/es\/wp-json\/wp\/v2\/media?parent=7680"}],"wp:term":[{"taxonomy":"product_brand","embeddable":true,"href":"https:\/\/ecuremapcenter.com\/es\/wp-json\/wp\/v2\/product_brand?post=7680"},{"taxonomy":"product_cat","embeddable":true,"href":"https:\/\/ecuremapcenter.com\/es\/wp-json\/wp\/v2\/product_cat?post=7680"},{"taxonomy":"product_tag","embeddable":true,"href":"https:\/\/ecuremapcenter.com\/es\/wp-json\/wp\/v2\/product_tag?post=7680"},{"taxonomy":"tool_configuration","embeddable":true,"href":"https:\/\/ecuremapcenter.com\/es\/wp-json\/wp\/v2\/tool_configuration?post=7680"},{"taxonomy":"tool_interface","embeddable":true,"href":"https:\/\/ecuremapcenter.com\/es\/wp-json\/wp\/v2\/tool_interface?post=7680"},{"taxonomy":"flashing_tools","embeddable":true,"href":"https:\/\/ecuremapcenter.com\/es\/wp-json\/wp\/v2\/flashing_tools?post=7680"},{"taxonomy":"vehicle_types","embeddable":true,"href":"https:\/\/ecuremapcenter.com\/es\/wp-json\/wp\/v2\/vehicle_types?post=7680"}],"curies":[{"name":"wp","href":"https:\/\/api.w.org\/{rel}","templated":true}]}}