{"id":7696,"date":"2025-09-16T10:20:06","date_gmt":"2025-09-16T09:20:06","guid":{"rendered":"https:\/\/ecuremapcenter.com\/?post_type=product&#038;p=7696"},"modified":"2026-03-17T11:10:08","modified_gmt":"2026-03-17T10:10:08","slug":"kit-de-sintonizador-erc-de-banco-obd-flexible","status":"publish","type":"product","link":"https:\/\/ecuremapcenter.com\/es\/comercio\/kit-de-sintonizador-erc-de-banco-obd-flexible\/","title":{"rendered":"Kit de sintonizador Flex OBD y Bench ERC"},"content":{"rendered":"<p>Con Flex tienes todo lo que necesitas para empezar a trabajar en el mundo del chiptuning y potenciar tu negocio con multitud de servicios y soluciones en tu taller mecatr\u00f3nico.<\/p>\n<p><strong>Trabajar con Flex es extremadamente f\u00e1cil<\/strong>: elija la marca y el modelo del veh\u00edculo o ingrese el c\u00f3digo ECU o TCU, el software mostrar\u00e1 autom\u00e1ticamente los modos de conexi\u00f3n disponibles.<\/p>\n<p>Con Flex tienes todo bajo control gracias a la\u00a0<strong>Funci\u00f3n de registrador de datos<\/strong>, permiti\u00e9ndole recopilar hasta 60.000 par\u00e1metros en tiempo real, como presi\u00f3n, torque, aire, combustible, temperatura de los gases de escape, velocidad, rpm y mucho m\u00e1s.<\/p>\n<p>Adem\u00e1s, con\u00a0<strong>Cerradura m\u00e1gica<\/strong>\u00a0Su trabajo est\u00e1 seguro: puede denegar el acceso a los archivos guardados en las unidades del motor a aquellos que no est\u00e9n autorizados.<\/p>\n<h4><strong><span id=\"EEJ833W\">\u00bfQU\u00c9 HAY EN EL KIT FLEXIBLE?<\/span><\/strong><\/h4>\n<p>El kit de hardware ahora es a\u00fan m\u00e1s completo. Incluye el programador Flex, el m\u00f3dulo adicional Flexbox y cables de conexi\u00f3n b\u00e1sicos.<br \/>\n<strong>Ahora tambi\u00e9n incluye el cable FLX2.14 y el kit adaptador para conectar a cualquier centralita.<\/strong><\/p>","protected":false},"excerpt":{"rendered":"<p>Con Magic Motorsport Flex ERC TUNER KIT tendr\u00e1s la posibilidad de trabajar en ECUs de coches y veh\u00edculos comerciales ligeros en modo OBD y Bench utilizando un programador innovador para talleres mecatr\u00f3nicos que es totalmente compatible con los \u00faltimos avances en la industria del tuning y reparaci\u00f3n de veh\u00edculos.<\/p>\n<p><strong>Caracter\u00edsticas principales:<\/strong><\/p>\n<p>\u2013 Programador solo ECU (se puede agregar soporte para TCU).<br \/>\n\u2013 M\u00e1s de 25.000 veh\u00edculos compatibles<br \/>\n\u2013 Software intuitivo<br \/>\n\u2013 Garant\u00eda limitada de por vida<br \/>\n\u2013 Soporte t\u00e9cnico<\/p>\n<p><strong>With ERC Tuner KIT get 120 tuning tokens with Flex Car, Vans and Bikes ECU OBD &amp; Bench protocols!<br \/>\nTCU and Heavy Duty protocols can be purchased later.<\/strong><\/p>\n<p><strong>Nota:<\/strong> El dispositivo viene con todos los accesorios pero sin la carcasa de pl\u00e1stico.<\/p>","protected":false},"featured_media":7697,"template":"","meta":[],"product_brand":[127],"product_cat":[104,45,41],"product_tag":[],"tool_configuration":[85],"tool_interface":[96,97,95],"flashing_tools":[90],"vehicle_types":[79],"class_list":{"0":"post-7696","1":"product","2":"type-product","3":"status-publish","4":"has-post-thumbnail","6":"product_brand-magic-motorsport","7":"product_cat-erc","8":"product_cat-erc-tuner-kits","9":"product_cat-pro-tools","10":"product_shipping_class-heavy-items","11":"tool_configuration-slave","12":"tool_interface-bench","13":"tool_interface-boot","14":"tool_interface-obd","15":"flashing_tools-flex","16":"vehicle_types-cars-lcv","18":"first","19":"instock","20":"sale","21":"featured","22":"taxable","23":"shipping-taxable","24":"purchasable","25":"product-type-bundle"},"bundled_by":[],"bundle_stock_status":"instock","bundle_stock_quantity":"","bundle_virtual":false,"bundle_layout":"default","bundle_add_to_cart_form_location":"default","bundle_editable_in_cart":false,"bundle_sold_individually_context":"product","bundle_item_grouping":"parent","bundle_min_size":"","bundle_max_size":"","bundle_price":{"price":{"min":{"incl_tax":"1881.00","excl_tax":"1881.00"},"max":{"incl_tax":"3181","excl_tax":"3181"}},"regular_price":{"min":{"incl_tax":"2090.00","excl_tax":"2090.00"},"max":{"incl_tax":"3390","excl_tax":"3390"}}},"bundled_items":[{"bundled_item_id":107,"product_id":7636,"menu_order":0,"quantity_min":1,"quantity_max":1,"quantity_default":1,"priced_individually":false,"shipped_individually":false,"override_title":false,"title":"Hardware de la herramienta de chiptuning Flex","override_description":false,"description":"","optional":false,"hide_thumbnail":false,"discount":"","override_variations":false,"allowed_variations":[],"override_default_variation_attributes":false,"default_variation_attributes":[],"single_product_visibility":"hidden","cart_visibility":"hidden","order_visibility":"hidden","single_product_price_visibility":"visible","cart_price_visibility":"visible","order_price_visibility":"visible","stock_status":"in_stock"},{"bundled_item_id":109,"product_id":7660,"menu_order":1,"quantity_min":1,"quantity_max":1,"quantity_default":1,"priced_individually":false,"shipped_individually":true,"override_title":false,"title":"SW Flex ECU (coches, furgonetas, motos) OBD + Bench Slave","override_description":false,"description":"","optional":false,"hide_thumbnail":false,"discount":"","override_variations":false,"allowed_variations":[],"override_default_variation_attributes":false,"default_variation_attributes":[],"single_product_visibility":"visible","cart_visibility":"visible","order_visibility":"visible","single_product_price_visibility":"visible","cart_price_visibility":"visible","order_price_visibility":"visible","stock_status":"in_stock"},{"bundled_item_id":110,"product_id":7662,"menu_order":2,"quantity_min":1,"quantity_max":1,"quantity_default":1,"priced_individually":true,"shipped_individually":true,"override_title":false,"title":"SW Flex TCU OBD + esclavo de banco","override_description":false,"description":"","optional":true,"hide_thumbnail":false,"discount":"","override_variations":false,"allowed_variations":[],"override_default_variation_attributes":false,"default_variation_attributes":[],"single_product_visibility":"visible","cart_visibility":"visible","order_visibility":"visible","single_product_price_visibility":"visible","cart_price_visibility":"visible","order_price_visibility":"visible","stock_status":"in_stock"},{"bundled_item_id":111,"product_id":7664,"menu_order":3,"quantity_min":1,"quantity_max":1,"quantity_default":1,"priced_individually":true,"shipped_individually":true,"override_title":false,"title":"Registrador de datos esclavo Flex","override_description":false,"description":"","optional":true,"hide_thumbnail":false,"discount":"","override_variations":false,"allowed_variations":[],"override_default_variation_attributes":false,"default_variation_attributes":[],"single_product_visibility":"visible","cart_visibility":"visible","order_visibility":"visible","single_product_price_visibility":"visible","cart_price_visibility":"visible","order_price_visibility":"visible","stock_status":"in_stock"}],"bundle_sell_ids":[],"group_of_quantity":0,"min_quantity":0,"max_quantity":"","exclude_order_quantity_value_rules":"no","exclude_category_quantity_rules":"no","combine_variations":"no","acf":[],"yoast_head":"<!-- This site is optimized with the Yoast SEO plugin v27.4 - https:\/\/yoast.com\/product\/yoast-seo-wordpress\/ -->\n<title>Flex OBD &amp; Bench ERC TUNER KIT | ECU Remap Center<\/title>\n<meta name=\"robots\" content=\"index, follow, max-snippet:-1, max-image-preview:large, max-video-preview:-1\" \/>\n<link rel=\"canonical\" href=\"https:\/\/ecuremapcenter.com\/es\/comercio\/kit-de-sintonizador-erc-de-banco-obd-flexible\/\" \/>\n<meta property=\"og:locale\" content=\"es_ES\" \/>\n<meta property=\"og:type\" content=\"article\" \/>\n<meta property=\"og:title\" content=\"Flex OBD &amp; Bench ERC TUNER KIT | ECU Remap Center\" \/>\n<meta property=\"og:description\" content=\"With Magic Motorsport Flex ERC TUNER KIT gives you possibility to work on CAR &amp; LCV ECUs in OBD &amp; Bench modes using an innovative programmer for mechatronic workshops that fully supports the latest developments in the tuning and vehicle repair industry.  Main features:  - ECU Only Programmer (TCU support can be added.) - Over 25,000 Supported Vehicles - Intuitive Software - Limited Lifetime Warranty - Tech Support  With ERC Tuner KIT get 120 tuning tokens with Flex Car, Vans and Bikes ECU OBD &amp; Bench protocols! TCU and Heavy Duty protocols can be purchased later.  Note: Device comes with all acessories but without the plastic case.\" \/>\n<meta property=\"og:url\" content=\"https:\/\/ecuremapcenter.com\/es\/comercio\/kit-de-sintonizador-erc-de-banco-obd-flexible\/\" \/>\n<meta property=\"og:site_name\" content=\"ECU Remap Center\" \/>\n<meta property=\"article:publisher\" content=\"https:\/\/www.facebook.com\/ecuremapcenter\" \/>\n<meta property=\"article:modified_time\" content=\"2026-03-17T10:10:08+00:00\" \/>\n<meta property=\"og:image\" content=\"https:\/\/ecuremapcenter.com\/wp-content\/uploads\/2025\/03\/flex-erc-tuner-kit.jpg\" \/>\n\t<meta property=\"og:image:width\" content=\"1200\" \/>\n\t<meta property=\"og:image:height\" content=\"1200\" \/>\n\t<meta property=\"og:image:type\" content=\"image\/jpeg\" \/>\n<meta name=\"twitter:card\" content=\"summary_large_image\" \/>\n<meta name=\"twitter:label1\" content=\"Tiempo de lectura\" \/>\n\t<meta name=\"twitter:data1\" content=\"2 minutos\" \/>\n<script type=\"application\/ld+json\" class=\"yoast-schema-graph\">{\"@context\":\"https:\\\/\\\/schema.org\",\"@graph\":[{\"@type\":\"WebPage\",\"@id\":\"https:\\\/\\\/ecuremapcenter.com\\\/shop\\\/flex-obd-bench-erc-tuner-kit\\\/\",\"url\":\"https:\\\/\\\/ecuremapcenter.com\\\/shop\\\/flex-obd-bench-erc-tuner-kit\\\/\",\"name\":\"Flex OBD & Bench ERC TUNER KIT | ECU Remap Center\",\"isPartOf\":{\"@id\":\"https:\\\/\\\/ecuremapcenter.com\\\/#website\"},\"primaryImageOfPage\":{\"@id\":\"https:\\\/\\\/ecuremapcenter.com\\\/shop\\\/flex-obd-bench-erc-tuner-kit\\\/#primaryimage\"},\"image\":{\"@id\":\"https:\\\/\\\/ecuremapcenter.com\\\/shop\\\/flex-obd-bench-erc-tuner-kit\\\/#primaryimage\"},\"thumbnailUrl\":\"https:\\\/\\\/ecuremapcenter.com\\\/wp-content\\\/uploads\\\/2025\\\/03\\\/flex-erc-tuner-kit.jpg\",\"datePublished\":\"2025-09-16T09:20:06+00:00\",\"dateModified\":\"2026-03-17T10:10:08+00:00\",\"breadcrumb\":{\"@id\":\"https:\\\/\\\/ecuremapcenter.com\\\/shop\\\/flex-obd-bench-erc-tuner-kit\\\/#breadcrumb\"},\"inLanguage\":\"es\",\"potentialAction\":[{\"@type\":\"ReadAction\",\"target\":[\"https:\\\/\\\/ecuremapcenter.com\\\/shop\\\/flex-obd-bench-erc-tuner-kit\\\/\"]}]},{\"@type\":\"ImageObject\",\"inLanguage\":\"es\",\"@id\":\"https:\\\/\\\/ecuremapcenter.com\\\/shop\\\/flex-obd-bench-erc-tuner-kit\\\/#primaryimage\",\"url\":\"https:\\\/\\\/ecuremapcenter.com\\\/wp-content\\\/uploads\\\/2025\\\/03\\\/flex-erc-tuner-kit.jpg\",\"contentUrl\":\"https:\\\/\\\/ecuremapcenter.com\\\/wp-content\\\/uploads\\\/2025\\\/03\\\/flex-erc-tuner-kit.jpg\",\"width\":1200,\"height\":1200},{\"@type\":\"BreadcrumbList\",\"@id\":\"https:\\\/\\\/ecuremapcenter.com\\\/shop\\\/flex-obd-bench-erc-tuner-kit\\\/#breadcrumb\",\"itemListElement\":[{\"@type\":\"ListItem\",\"position\":1,\"name\":\"Home\",\"item\":\"https:\\\/\\\/ecuremapcenter.com\\\/\"},{\"@type\":\"ListItem\",\"position\":2,\"name\":\"Shop\",\"item\":\"https:\\\/\\\/ecuremapcenter.com\\\/shop\\\/\"},{\"@type\":\"ListItem\",\"position\":3,\"name\":\"Flex OBD &#038; Bench ERC TUNER KIT\"}]},{\"@type\":\"WebSite\",\"@id\":\"https:\\\/\\\/ecuremapcenter.com\\\/#website\",\"url\":\"https:\\\/\\\/ecuremapcenter.com\\\/\",\"name\":\"ECU Remap Center\",\"description\":\"High quality ECU, TCU remaps and DPF Off, EGR Off, SCR Off solutions for chip tuning professionals\",\"publisher\":{\"@id\":\"https:\\\/\\\/ecuremapcenter.com\\\/#organization\"},\"alternateName\":\"ERC\",\"potentialAction\":[{\"@type\":\"SearchAction\",\"target\":{\"@type\":\"EntryPoint\",\"urlTemplate\":\"https:\\\/\\\/ecuremapcenter.com\\\/?s={search_term_string}\"},\"query-input\":{\"@type\":\"PropertyValueSpecification\",\"valueRequired\":true,\"valueName\":\"search_term_string\"}}],\"inLanguage\":\"es\"},{\"@type\":\"Organization\",\"@id\":\"https:\\\/\\\/ecuremapcenter.com\\\/#organization\",\"name\":\"ECU Remap Center\",\"alternateName\":\"ERC\",\"url\":\"https:\\\/\\\/ecuremapcenter.com\\\/\",\"logo\":{\"@type\":\"ImageObject\",\"inLanguage\":\"es\",\"@id\":\"https:\\\/\\\/ecuremapcenter.com\\\/#\\\/schema\\\/logo\\\/image\\\/\",\"url\":\"https:\\\/\\\/ecuremapcenter.com\\\/wp-content\\\/uploads\\\/2021\\\/06\\\/erc-logo.svg\",\"contentUrl\":\"https:\\\/\\\/ecuremapcenter.com\\\/wp-content\\\/uploads\\\/2021\\\/06\\\/erc-logo.svg\",\"width\":780,\"height\":236,\"caption\":\"ECU Remap Center\"},\"image\":{\"@id\":\"https:\\\/\\\/ecuremapcenter.com\\\/#\\\/schema\\\/logo\\\/image\\\/\"},\"sameAs\":[\"https:\\\/\\\/www.facebook.com\\\/ecuremapcenter\",\"https:\\\/\\\/www.instagram.com\\\/ecuremapcenter\\\/\"]}]}<\/script>\n<!-- \/ Yoast SEO plugin. -->","yoast_head_json":{"title":"Kit de sintonizaci\u00f3n Flex OBD y Bench ERC | Centro de reprogramaci\u00f3n de ECU","robots":{"index":"index","follow":"follow","max-snippet":"max-snippet:-1","max-image-preview":"max-image-preview:large","max-video-preview":"max-video-preview:-1"},"canonical":"https:\/\/ecuremapcenter.com\/es\/comercio\/kit-de-sintonizador-erc-de-banco-obd-flexible\/","og_locale":"es_ES","og_type":"article","og_title":"Flex OBD & Bench ERC TUNER KIT | ECU Remap Center","og_description":"With Magic Motorsport Flex ERC TUNER KIT gives you possibility to work on CAR &amp; LCV ECUs in OBD &amp; Bench modes using an innovative programmer for mechatronic workshops that fully supports the latest developments in the tuning and vehicle repair industry.  Main features:  - ECU Only Programmer (TCU support can be added.) - Over 25,000 Supported Vehicles - Intuitive Software - Limited Lifetime Warranty - Tech Support  With ERC Tuner KIT get 120 tuning tokens with Flex Car, Vans and Bikes ECU OBD &amp; Bench protocols! TCU and Heavy Duty protocols can be purchased later.  Note: Device comes with all acessories but without the plastic case.","og_url":"https:\/\/ecuremapcenter.com\/es\/comercio\/kit-de-sintonizador-erc-de-banco-obd-flexible\/","og_site_name":"ECU Remap Center","article_publisher":"https:\/\/www.facebook.com\/ecuremapcenter","article_modified_time":"2026-03-17T10:10:08+00:00","og_image":[{"width":1200,"height":1200,"url":"https:\/\/ecuremapcenter.com\/wp-content\/uploads\/2025\/03\/flex-erc-tuner-kit.jpg","type":"image\/jpeg"}],"twitter_card":"summary_large_image","twitter_misc":{"Tiempo de lectura":"2 minutos"},"schema":{"@context":"https:\/\/schema.org","@graph":[{"@type":"WebPage","@id":"https:\/\/ecuremapcenter.com\/shop\/flex-obd-bench-erc-tuner-kit\/","url":"https:\/\/ecuremapcenter.com\/shop\/flex-obd-bench-erc-tuner-kit\/","name":"Kit de sintonizaci\u00f3n Flex OBD y Bench ERC | Centro de reprogramaci\u00f3n de ECU","isPartOf":{"@id":"https:\/\/ecuremapcenter.com\/#website"},"primaryImageOfPage":{"@id":"https:\/\/ecuremapcenter.com\/shop\/flex-obd-bench-erc-tuner-kit\/#primaryimage"},"image":{"@id":"https:\/\/ecuremapcenter.com\/shop\/flex-obd-bench-erc-tuner-kit\/#primaryimage"},"thumbnailUrl":"https:\/\/ecuremapcenter.com\/wp-content\/uploads\/2025\/03\/flex-erc-tuner-kit.jpg","datePublished":"2025-09-16T09:20:06+00:00","dateModified":"2026-03-17T10:10:08+00:00","breadcrumb":{"@id":"https:\/\/ecuremapcenter.com\/shop\/flex-obd-bench-erc-tuner-kit\/#breadcrumb"},"inLanguage":"es","potentialAction":[{"@type":"ReadAction","target":["https:\/\/ecuremapcenter.com\/shop\/flex-obd-bench-erc-tuner-kit\/"]}]},{"@type":"ImageObject","inLanguage":"es","@id":"https:\/\/ecuremapcenter.com\/shop\/flex-obd-bench-erc-tuner-kit\/#primaryimage","url":"https:\/\/ecuremapcenter.com\/wp-content\/uploads\/2025\/03\/flex-erc-tuner-kit.jpg","contentUrl":"https:\/\/ecuremapcenter.com\/wp-content\/uploads\/2025\/03\/flex-erc-tuner-kit.jpg","width":1200,"height":1200},{"@type":"BreadcrumbList","@id":"https:\/\/ecuremapcenter.com\/shop\/flex-obd-bench-erc-tuner-kit\/#breadcrumb","itemListElement":[{"@type":"ListItem","position":1,"name":"Home","item":"https:\/\/ecuremapcenter.com\/"},{"@type":"ListItem","position":2,"name":"Shop","item":"https:\/\/ecuremapcenter.com\/shop\/"},{"@type":"ListItem","position":3,"name":"Flex OBD &#038; Bench ERC TUNER KIT"}]},{"@type":"WebSite","@id":"https:\/\/ecuremapcenter.com\/#website","url":"https:\/\/ecuremapcenter.com\/","name":"Centro de reasignaci\u00f3n de ECU","description":"ECU de alta calidad, reasignaciones de TCU y soluciones DPF Off, EGR Off, SCR Off para profesionales del ajuste de chips","publisher":{"@id":"https:\/\/ecuremapcenter.com\/#organization"},"alternateName":"ERC","potentialAction":[{"@type":"SearchAction","target":{"@type":"EntryPoint","urlTemplate":"https:\/\/ecuremapcenter.com\/?s={search_term_string}"},"query-input":{"@type":"PropertyValueSpecification","valueRequired":true,"valueName":"search_term_string"}}],"inLanguage":"es"},{"@type":"Organization","@id":"https:\/\/ecuremapcenter.com\/#organization","name":"Centro de reasignaci\u00f3n de ECU","alternateName":"ERC","url":"https:\/\/ecuremapcenter.com\/","logo":{"@type":"ImageObject","inLanguage":"es","@id":"https:\/\/ecuremapcenter.com\/#\/schema\/logo\/image\/","url":"https:\/\/ecuremapcenter.com\/wp-content\/uploads\/2021\/06\/erc-logo.svg","contentUrl":"https:\/\/ecuremapcenter.com\/wp-content\/uploads\/2021\/06\/erc-logo.svg","width":780,"height":236,"caption":"ECU Remap Center"},"image":{"@id":"https:\/\/ecuremapcenter.com\/#\/schema\/logo\/image\/"},"sameAs":["https:\/\/www.facebook.com\/ecuremapcenter","https:\/\/www.instagram.com\/ecuremapcenter\/"]}]}},"_links":{"self":[{"href":"https:\/\/ecuremapcenter.com\/es\/wp-json\/wp\/v2\/product\/7696","targetHints":{"allow":["GET"]}}],"collection":[{"href":"https:\/\/ecuremapcenter.com\/es\/wp-json\/wp\/v2\/product"}],"about":[{"href":"https:\/\/ecuremapcenter.com\/es\/wp-json\/wp\/v2\/types\/product"}],"wp:featuredmedia":[{"embeddable":true,"href":"https:\/\/ecuremapcenter.com\/es\/wp-json\/wp\/v2\/media\/7697"}],"wp:attachment":[{"href":"https:\/\/ecuremapcenter.com\/es\/wp-json\/wp\/v2\/media?parent=7696"}],"wp:term":[{"taxonomy":"product_brand","embeddable":true,"href":"https:\/\/ecuremapcenter.com\/es\/wp-json\/wp\/v2\/product_brand?post=7696"},{"taxonomy":"product_cat","embeddable":true,"href":"https:\/\/ecuremapcenter.com\/es\/wp-json\/wp\/v2\/product_cat?post=7696"},{"taxonomy":"product_tag","embeddable":true,"href":"https:\/\/ecuremapcenter.com\/es\/wp-json\/wp\/v2\/product_tag?post=7696"},{"taxonomy":"tool_configuration","embeddable":true,"href":"https:\/\/ecuremapcenter.com\/es\/wp-json\/wp\/v2\/tool_configuration?post=7696"},{"taxonomy":"tool_interface","embeddable":true,"href":"https:\/\/ecuremapcenter.com\/es\/wp-json\/wp\/v2\/tool_interface?post=7696"},{"taxonomy":"flashing_tools","embeddable":true,"href":"https:\/\/ecuremapcenter.com\/es\/wp-json\/wp\/v2\/flashing_tools?post=7696"},{"taxonomy":"vehicle_types","embeddable":true,"href":"https:\/\/ecuremapcenter.com\/es\/wp-json\/wp\/v2\/vehicle_types?post=7696"}],"curies":[{"name":"wp","href":"https:\/\/api.w.org\/{rel}","templated":true}]}}