{"id":7707,"date":"2025-02-13T15:26:09","date_gmt":"2025-02-13T14:26:09","guid":{"rendered":"https:\/\/ecuremapcenter.com\/?post_type=product&#038;p=7707"},"modified":"2025-11-26T13:57:18","modified_gmt":"2025-11-26T12:57:18","slug":"topdon-phoenix-plus-2","status":"publish","type":"product","link":"https:\/\/ecuremapcenter.com\/es\/comercio\/topdon-phoenix-plus-2\/","title":{"rendered":"Topdon Phoenix Plus 2"},"content":{"rendered":"<p>Acceda a diagn\u00f3sticos avanzados con TOPDON Phoenix Plus 2, una versi\u00f3n mejorada de Phoenix Plus. Gracias a la nueva compatibilidad con CAN-FD, esta herramienta ahora abarca una gama m\u00e1s amplia de veh\u00edculos modernos.<\/p>\n<h4>Caracter\u00edsticas<\/h4>\n<p><strong>Soluciones personalizadas con codificaci\u00f3n ECU<\/strong><\/p>\n<ul>\n<li>Descubra la personalizaci\u00f3n avanzada del veh\u00edculo con funciones mejoradas de ECU y codificaci\u00f3n en l\u00ednea. Los profesionales pueden modificar la configuraci\u00f3n del veh\u00edculo, habilitar funciones ocultas y deshabilitar opciones innecesarias para un rendimiento \u00f3ptimo. Esta funcionalidad no solo mejora el diagn\u00f3stico, sino que tambi\u00e9n ampl\u00eda la oferta de servicios, garantizando una experiencia de conducci\u00f3n personalizada para los clientes.<\/li>\n<\/ul>\n<p><strong>Diagn\u00f3stico de nivel OE con CAN-FD Boost<\/strong><\/p>\n<ul>\n<li>El Phoenix Plus 2 ofrece soporte integral para m\u00e1s de 160 marcas de veh\u00edculos, abarcando sistemas cr\u00edticos como el motor, la transmisi\u00f3n y el ABS para garantizar una evaluaci\u00f3n completa del estado del veh\u00edculo. Equipado con el protocolo CAN-FD m\u00e1s reciente, permite una transferencia de datos ultrarr\u00e1pida y mejora la comunicaci\u00f3n con veh\u00edculos m\u00e1s nuevos, incluyendo los modelos GM y Chrysler a partir de 2020.<\/li>\n<\/ul>\n<p><strong>Desbloquear el acceso FCA SGW<\/strong><\/p>\n<ul>\n<li>Mejore sus diagn\u00f3sticos con acceso exclusivo a los sistemas Secure Gateway (SGW) de FCA. Esta funci\u00f3n de confianza le permite acceder a datos cruciales del veh\u00edculo, lo que permite reparaciones precisas y fiables en los modelos FCA y garantiza un mayor nivel de servicio y precisi\u00f3n.<\/li>\n<\/ul>\n<p><strong>\u00a0Diagn\u00f3stico visualizado para una visi\u00f3n m\u00e1s clara<\/strong><\/p>\n<ul>\n<li>Experimente los beneficios del mapeo topol\u00f3gico, que proporciona conexiones claras del sistema e identifica problemas cr\u00edticos, reduciendo dr\u00e1sticamente el tiempo de diagn\u00f3stico. La visualizaci\u00f3n gr\u00e1fica de datos en vivo convierte los datos sin procesar en im\u00e1genes f\u00e1ciles de entender, lo que permite identificar r\u00e1pidamente tendencias, anomal\u00edas y posibles problemas de un vistazo.<\/li>\n<\/ul>\n<p><strong>Soluci\u00f3n precisa de problemas con pruebas activas<\/strong><\/p>\n<ul>\n<li>Al interactuar directamente con los sistemas del veh\u00edculo y controlar los actuadores, los mec\u00e1nicos pueden identificar r\u00e1pidamente los problemas y confirmar las reparaciones con confianza. Este enfoque reduce el tiempo de diagn\u00f3stico y aumenta las tasas de reparaci\u00f3n a la primera, lo que se traduce en un proceso de reparaci\u00f3n m\u00e1s eficiente y fiable.<\/li>\n<\/ul>\n<p><strong>M\u00e1s de 41 servicios de mantenimiento cubren todas sus necesidades<\/strong><\/p>\n<ul>\n<li>Con acceso a m\u00e1s de 41 servicios esenciales de restablecimiento, podr\u00e1 gestionar todas las tareas de mantenimiento sin esfuerzo. Desde procedimientos rutinarios como el restablecimiento del aceite y el SAS hasta funciones especializadas como la adaptaci\u00f3n y calibraci\u00f3n del acelerador, estas herramientas le permiten brindar un servicio excepcional con facilidad.<\/li>\n<\/ul>\n<p><strong>Funciones inteligentes para un trabajo inteligente<\/strong><\/p>\n<ul>\n<li>La tecnolog\u00eda Smart AutoVIN agiliza la identificaci\u00f3n del veh\u00edculo, mientras que las funciones guiadas por VAG ofrecen instrucciones paso a paso para optimizar tu flujo de trabajo. Con las actualizaciones por wifi con un solo clic, siempre estar\u00e1s al d\u00eda con los \u00faltimos avances.<\/li>\n<\/ul>\n<p><strong>Diagnostique en cualquier lugar sin necesidad de cables<\/strong><\/p>\n<ul>\n<li>Phoenix Plus 2 ofrece conectividad inal\u00e1mbrica, lo que le permite diagnosticar veh\u00edculos libremente sin las limitaciones de los cables. Equipada con una robusta bater\u00eda de 12,600 mAh, esta herramienta garantiza un rendimiento duradero para sesiones de trabajo prolongadas.<\/li>\n<\/ul>\n<p><strong>Capacidades ampliables con m\u00f3dulos complementarios<\/strong><\/p>\n<ul>\n<li>Actualice su equipo f\u00e1cilmente con una gama de m\u00f3dulos adicionales expandibles a medida que su negocio crece. Conecte ADAS para la calibraci\u00f3n de conducci\u00f3n, BTMobile ProS para la prueba de bater\u00eda, TC001 para im\u00e1genes t\u00e9rmicas y un osciloscopio para analizar se\u00f1ales el\u00e9ctricas, garantizando as\u00ed que siempre est\u00e9 preparado para el \u00e9xito.<\/li>\n<\/ul>\n<h4>Presupuesto<\/h4>\n<ul>\n<li>Pantalla: LCD de 10,1 pulgadas, 1280 x 800<\/li>\n<li>Procesador de 4 n\u00facleos, 2,0 GHz<\/li>\n<li>Sistema operativo: Android 10.0<\/li>\n<li>RAM: 4G, ROM 64G<\/li>\n<li>Bater\u00eda: 12600 mAh \/ 3,8 V<\/li>\n<li>Voltaje de funcionamiento: 9~18 V<\/li>\n<li>Temperatura de almacenamiento: -20\u2103~60\u2103\uff08-4\u2109~140\u2109\uff09<\/li>\n<li>Temperatura de trabajo: 0\u2103~50\u2103\uff0832\u2109~122\u2109\uff09<\/li>\n<li>Dimensiones: 277,3 x 190,8 x 44,5 mm (10,92 x 7,51 x 1,75 pulgadas)<\/li>\n<li>Tama\u00f1o del paquete: 468 x 320 x 143 mm (18,43 x 12,60 x 5,63 pulgadas)<\/li>\n<li>Peso neto: 1576 g (3,47 lb)<\/li>\n<li>Soporte multiling\u00fce: ingl\u00e9s, alem\u00e1n, espa\u00f1ol, franc\u00e9s, italiano, japon\u00e9s, portugu\u00e9s, ruso, polaco, turco, holand\u00e9s, h\u00fangaro, chino (tradicional), coreano, griego, eslovaco, rumano, \u00e1rabe, croata, esloveno, finland\u00e9s, checo, noruego, dan\u00e9s, sueco, tailand\u00e9s, b\u00falgaro, indonesio, camboyano<\/li>\n<\/ul>\n<h4>Lista de embalaje<\/h4>\n<ul>\n<li>Phoenix Plus 2 x 1<\/li>\n<li>Dongle MDCI x 1<\/li>\n<li>Juego de abrazaderas\/cables de bater\u00eda x 1<\/li>\n<li>Cable tipo C a USB x 1<\/li>\n<li>Cable de transferencia de caja adaptadora OBDl x 1<\/li>\n<li>Cable de encendedor de cigarrillos x 1<\/li>\n<li>Fusible (\u03c66*30 mm) x 2<\/li>\n<li>Fusible (\u03c65*20 mm) x 4<\/li>\n<li>Adaptador de corriente x 1<\/li>\n<li>Cable de extensi\u00f3n OBDII x 1<\/li>\n<li>BZ-38 (BENZ) x 1<\/li>\n<li>TA-17 (TOYOTA) x 1<\/li>\n<li>B-20 (BMW) x 1<\/li>\n<li>HA-3 (HONDA) x 1<\/li>\n<li>M\/H-12+16 (MITSUBISH VHYUNDAI) x 1<\/li>\n<li>TA-22 (TOYOTA) x 1<\/li>\n<li>G\/V-12 (GMNVAZ) x 1<\/li>\n<li>CR-6 (CHRYSLER) x 1<\/li>\n<li>NN-14+16(NISSAN) x 1<\/li>\n<li>FT-3 (PISO) x 1<\/li>\n<li>Manual de usuario x 1<\/li>\n<li>Lista de paquetes x 1<\/li>\n<li>Estuche de transporte x 1<\/li>\n<\/ul>\n<h4>Garant\u00eda y actualizaciones<\/h4>\n<ul>\n<li>Dos a\u00f1os de garant\u00eda.<\/li>\n<li>Dos a\u00f1os de actualizaciones de software libre.<\/li>\n<\/ul>","protected":false},"excerpt":{"rendered":"<p>Acceda a diagn\u00f3sticos avanzados con TOPDON Phoenix Plus 2, una versi\u00f3n mejorada de Phoenix Plus. Gracias a la nueva compatibilidad con CAN-FD, esta herramienta ahora abarca una gama m\u00e1s amplia de veh\u00edculos modernos.<\/p>","protected":false},"featured_media":7719,"template":"","meta":[],"product_brand":[130],"product_cat":[129],"product_tag":[],"tool_configuration":[],"tool_interface":[],"flashing_tools":[103],"vehicle_types":[82,80,79,83,81],"class_list":{"0":"post-7707","1":"product","2":"type-product","3":"status-publish","4":"has-post-thumbnail","6":"product_brand-topdon","7":"product_cat-diagnostic","8":"product_shipping_class-heavy-items","9":"flashing_tools-universal","10":"vehicle_types-agriculture","11":"vehicle_types-bike-atv","12":"vehicle_types-cars-lcv","13":"vehicle_types-marine","14":"vehicle_types-truck-bus","16":"first","17":"instock","18":"sale","19":"featured","20":"taxable","21":"shipping-taxable","22":"purchasable","23":"product-type-simple"},"bundled_by":[],"bundle_stock_status":"instock","bundle_stock_quantity":null,"bundle_virtual":false,"bundle_layout":"","bundle_add_to_cart_form_location":"","bundle_editable_in_cart":false,"bundle_sold_individually_context":"","bundle_item_grouping":"","bundle_min_size":"","bundle_max_size":"","bundle_price":[],"bundled_items":[],"bundle_sell_ids":[],"group_of_quantity":0,"min_quantity":0,"max_quantity":"","exclude_order_quantity_value_rules":"no","exclude_category_quantity_rules":"no","combine_variations":"no","acf":[],"yoast_head":"<!-- This site is optimized with the Yoast SEO plugin v27.4 - https:\/\/yoast.com\/product\/yoast-seo-wordpress\/ -->\n<title>Topdon Phoenix Plus 2 | ECU Remap Center<\/title>\n<meta name=\"robots\" content=\"index, follow, max-snippet:-1, max-image-preview:large, max-video-preview:-1\" \/>\n<link rel=\"canonical\" href=\"https:\/\/ecuremapcenter.com\/es\/comercio\/topdon-phoenix-plus-2\/\" \/>\n<meta property=\"og:locale\" content=\"es_ES\" \/>\n<meta property=\"og:type\" content=\"article\" \/>\n<meta property=\"og:title\" content=\"Topdon Phoenix Plus 2 | ECU Remap Center\" \/>\n<meta property=\"og:description\" content=\"Unlock advanced diagnostics with the TOPDON Phoenix Plus 2, an enhanced version of the Phoenix Plus. With new CAN-FD support, this tool now covers a broader range of modern vehicles.\" \/>\n<meta property=\"og:url\" content=\"https:\/\/ecuremapcenter.com\/es\/comercio\/topdon-phoenix-plus-2\/\" \/>\n<meta property=\"og:site_name\" content=\"ECU Remap Center\" \/>\n<meta property=\"article:publisher\" content=\"https:\/\/www.facebook.com\/ecuremapcenter\" \/>\n<meta property=\"article:modified_time\" content=\"2025-11-26T12:57:18+00:00\" \/>\n<meta property=\"og:image\" content=\"https:\/\/ecuremapcenter.com\/wp-content\/uploads\/2025\/03\/topdon_phoenix_plus_1.jpg\" \/>\n\t<meta property=\"og:image:width\" content=\"1200\" \/>\n\t<meta property=\"og:image:height\" content=\"1200\" \/>\n\t<meta property=\"og:image:type\" content=\"image\/jpeg\" \/>\n<meta name=\"twitter:card\" content=\"summary_large_image\" \/>\n<meta name=\"twitter:label1\" content=\"Tiempo de lectura\" \/>\n\t<meta name=\"twitter:data1\" content=\"6 minutos\" \/>\n<script type=\"application\/ld+json\" class=\"yoast-schema-graph\">{\"@context\":\"https:\\\/\\\/schema.org\",\"@graph\":[{\"@type\":\"WebPage\",\"@id\":\"https:\\\/\\\/ecuremapcenter.com\\\/shop\\\/topdon-phoenix-plus-2\\\/\",\"url\":\"https:\\\/\\\/ecuremapcenter.com\\\/shop\\\/topdon-phoenix-plus-2\\\/\",\"name\":\"Topdon Phoenix Plus 2 | ECU Remap Center\",\"isPartOf\":{\"@id\":\"https:\\\/\\\/ecuremapcenter.com\\\/#website\"},\"primaryImageOfPage\":{\"@id\":\"https:\\\/\\\/ecuremapcenter.com\\\/shop\\\/topdon-phoenix-plus-2\\\/#primaryimage\"},\"image\":{\"@id\":\"https:\\\/\\\/ecuremapcenter.com\\\/shop\\\/topdon-phoenix-plus-2\\\/#primaryimage\"},\"thumbnailUrl\":\"https:\\\/\\\/ecuremapcenter.com\\\/wp-content\\\/uploads\\\/2025\\\/03\\\/topdon_phoenix_plus_1.jpg\",\"datePublished\":\"2025-02-13T14:26:09+00:00\",\"dateModified\":\"2025-11-26T12:57:18+00:00\",\"breadcrumb\":{\"@id\":\"https:\\\/\\\/ecuremapcenter.com\\\/shop\\\/topdon-phoenix-plus-2\\\/#breadcrumb\"},\"inLanguage\":\"es\",\"potentialAction\":[{\"@type\":\"ReadAction\",\"target\":[\"https:\\\/\\\/ecuremapcenter.com\\\/shop\\\/topdon-phoenix-plus-2\\\/\"]}]},{\"@type\":\"ImageObject\",\"inLanguage\":\"es\",\"@id\":\"https:\\\/\\\/ecuremapcenter.com\\\/shop\\\/topdon-phoenix-plus-2\\\/#primaryimage\",\"url\":\"https:\\\/\\\/ecuremapcenter.com\\\/wp-content\\\/uploads\\\/2025\\\/03\\\/topdon_phoenix_plus_1.jpg\",\"contentUrl\":\"https:\\\/\\\/ecuremapcenter.com\\\/wp-content\\\/uploads\\\/2025\\\/03\\\/topdon_phoenix_plus_1.jpg\",\"width\":1200,\"height\":1200},{\"@type\":\"BreadcrumbList\",\"@id\":\"https:\\\/\\\/ecuremapcenter.com\\\/shop\\\/topdon-phoenix-plus-2\\\/#breadcrumb\",\"itemListElement\":[{\"@type\":\"ListItem\",\"position\":1,\"name\":\"Home\",\"item\":\"https:\\\/\\\/ecuremapcenter.com\\\/\"},{\"@type\":\"ListItem\",\"position\":2,\"name\":\"Shop\",\"item\":\"https:\\\/\\\/ecuremapcenter.com\\\/shop\\\/\"},{\"@type\":\"ListItem\",\"position\":3,\"name\":\"Topdon Phoenix Plus 2\"}]},{\"@type\":\"WebSite\",\"@id\":\"https:\\\/\\\/ecuremapcenter.com\\\/#website\",\"url\":\"https:\\\/\\\/ecuremapcenter.com\\\/\",\"name\":\"ECU Remap Center\",\"description\":\"High quality ECU, TCU remaps and DPF Off, EGR Off, SCR Off solutions for chip tuning professionals\",\"publisher\":{\"@id\":\"https:\\\/\\\/ecuremapcenter.com\\\/#organization\"},\"alternateName\":\"ERC\",\"potentialAction\":[{\"@type\":\"SearchAction\",\"target\":{\"@type\":\"EntryPoint\",\"urlTemplate\":\"https:\\\/\\\/ecuremapcenter.com\\\/?s={search_term_string}\"},\"query-input\":{\"@type\":\"PropertyValueSpecification\",\"valueRequired\":true,\"valueName\":\"search_term_string\"}}],\"inLanguage\":\"es\"},{\"@type\":\"Organization\",\"@id\":\"https:\\\/\\\/ecuremapcenter.com\\\/#organization\",\"name\":\"ECU Remap Center\",\"alternateName\":\"ERC\",\"url\":\"https:\\\/\\\/ecuremapcenter.com\\\/\",\"logo\":{\"@type\":\"ImageObject\",\"inLanguage\":\"es\",\"@id\":\"https:\\\/\\\/ecuremapcenter.com\\\/#\\\/schema\\\/logo\\\/image\\\/\",\"url\":\"https:\\\/\\\/ecuremapcenter.com\\\/wp-content\\\/uploads\\\/2021\\\/06\\\/erc-logo.svg\",\"contentUrl\":\"https:\\\/\\\/ecuremapcenter.com\\\/wp-content\\\/uploads\\\/2021\\\/06\\\/erc-logo.svg\",\"width\":780,\"height\":236,\"caption\":\"ECU Remap Center\"},\"image\":{\"@id\":\"https:\\\/\\\/ecuremapcenter.com\\\/#\\\/schema\\\/logo\\\/image\\\/\"},\"sameAs\":[\"https:\\\/\\\/www.facebook.com\\\/ecuremapcenter\",\"https:\\\/\\\/www.instagram.com\\\/ecuremapcenter\\\/\"]}]}<\/script>\n<!-- \/ Yoast SEO plugin. -->","yoast_head_json":{"title":"Topdon Phoenix Plus 2 | Centro de reprogramaci\u00f3n de ECU","robots":{"index":"index","follow":"follow","max-snippet":"max-snippet:-1","max-image-preview":"max-image-preview:large","max-video-preview":"max-video-preview:-1"},"canonical":"https:\/\/ecuremapcenter.com\/es\/comercio\/topdon-phoenix-plus-2\/","og_locale":"es_ES","og_type":"article","og_title":"Topdon Phoenix Plus 2 | ECU Remap Center","og_description":"Unlock advanced diagnostics with the TOPDON Phoenix Plus 2, an enhanced version of the Phoenix Plus. With new CAN-FD support, this tool now covers a broader range of modern vehicles.","og_url":"https:\/\/ecuremapcenter.com\/es\/comercio\/topdon-phoenix-plus-2\/","og_site_name":"ECU Remap Center","article_publisher":"https:\/\/www.facebook.com\/ecuremapcenter","article_modified_time":"2025-11-26T12:57:18+00:00","og_image":[{"width":1200,"height":1200,"url":"https:\/\/ecuremapcenter.com\/wp-content\/uploads\/2025\/03\/topdon_phoenix_plus_1.jpg","type":"image\/jpeg"}],"twitter_card":"summary_large_image","twitter_misc":{"Tiempo de lectura":"6 minutos"},"schema":{"@context":"https:\/\/schema.org","@graph":[{"@type":"WebPage","@id":"https:\/\/ecuremapcenter.com\/shop\/topdon-phoenix-plus-2\/","url":"https:\/\/ecuremapcenter.com\/shop\/topdon-phoenix-plus-2\/","name":"Topdon Phoenix Plus 2 | Centro de reprogramaci\u00f3n de ECU","isPartOf":{"@id":"https:\/\/ecuremapcenter.com\/#website"},"primaryImageOfPage":{"@id":"https:\/\/ecuremapcenter.com\/shop\/topdon-phoenix-plus-2\/#primaryimage"},"image":{"@id":"https:\/\/ecuremapcenter.com\/shop\/topdon-phoenix-plus-2\/#primaryimage"},"thumbnailUrl":"https:\/\/ecuremapcenter.com\/wp-content\/uploads\/2025\/03\/topdon_phoenix_plus_1.jpg","datePublished":"2025-02-13T14:26:09+00:00","dateModified":"2025-11-26T12:57:18+00:00","breadcrumb":{"@id":"https:\/\/ecuremapcenter.com\/shop\/topdon-phoenix-plus-2\/#breadcrumb"},"inLanguage":"es","potentialAction":[{"@type":"ReadAction","target":["https:\/\/ecuremapcenter.com\/shop\/topdon-phoenix-plus-2\/"]}]},{"@type":"ImageObject","inLanguage":"es","@id":"https:\/\/ecuremapcenter.com\/shop\/topdon-phoenix-plus-2\/#primaryimage","url":"https:\/\/ecuremapcenter.com\/wp-content\/uploads\/2025\/03\/topdon_phoenix_plus_1.jpg","contentUrl":"https:\/\/ecuremapcenter.com\/wp-content\/uploads\/2025\/03\/topdon_phoenix_plus_1.jpg","width":1200,"height":1200},{"@type":"BreadcrumbList","@id":"https:\/\/ecuremapcenter.com\/shop\/topdon-phoenix-plus-2\/#breadcrumb","itemListElement":[{"@type":"ListItem","position":1,"name":"Home","item":"https:\/\/ecuremapcenter.com\/"},{"@type":"ListItem","position":2,"name":"Shop","item":"https:\/\/ecuremapcenter.com\/shop\/"},{"@type":"ListItem","position":3,"name":"Topdon Phoenix Plus 2"}]},{"@type":"WebSite","@id":"https:\/\/ecuremapcenter.com\/#website","url":"https:\/\/ecuremapcenter.com\/","name":"Centro de reasignaci\u00f3n de ECU","description":"ECU de alta calidad, reasignaciones de TCU y soluciones DPF Off, EGR Off, SCR Off para profesionales del ajuste de chips","publisher":{"@id":"https:\/\/ecuremapcenter.com\/#organization"},"alternateName":"ERC","potentialAction":[{"@type":"SearchAction","target":{"@type":"EntryPoint","urlTemplate":"https:\/\/ecuremapcenter.com\/?s={search_term_string}"},"query-input":{"@type":"PropertyValueSpecification","valueRequired":true,"valueName":"search_term_string"}}],"inLanguage":"es"},{"@type":"Organization","@id":"https:\/\/ecuremapcenter.com\/#organization","name":"Centro de reasignaci\u00f3n de ECU","alternateName":"ERC","url":"https:\/\/ecuremapcenter.com\/","logo":{"@type":"ImageObject","inLanguage":"es","@id":"https:\/\/ecuremapcenter.com\/#\/schema\/logo\/image\/","url":"https:\/\/ecuremapcenter.com\/wp-content\/uploads\/2021\/06\/erc-logo.svg","contentUrl":"https:\/\/ecuremapcenter.com\/wp-content\/uploads\/2021\/06\/erc-logo.svg","width":780,"height":236,"caption":"ECU Remap Center"},"image":{"@id":"https:\/\/ecuremapcenter.com\/#\/schema\/logo\/image\/"},"sameAs":["https:\/\/www.facebook.com\/ecuremapcenter","https:\/\/www.instagram.com\/ecuremapcenter\/"]}]}},"_links":{"self":[{"href":"https:\/\/ecuremapcenter.com\/es\/wp-json\/wp\/v2\/product\/7707","targetHints":{"allow":["GET"]}}],"collection":[{"href":"https:\/\/ecuremapcenter.com\/es\/wp-json\/wp\/v2\/product"}],"about":[{"href":"https:\/\/ecuremapcenter.com\/es\/wp-json\/wp\/v2\/types\/product"}],"wp:featuredmedia":[{"embeddable":true,"href":"https:\/\/ecuremapcenter.com\/es\/wp-json\/wp\/v2\/media\/7719"}],"wp:attachment":[{"href":"https:\/\/ecuremapcenter.com\/es\/wp-json\/wp\/v2\/media?parent=7707"}],"wp:term":[{"taxonomy":"product_brand","embeddable":true,"href":"https:\/\/ecuremapcenter.com\/es\/wp-json\/wp\/v2\/product_brand?post=7707"},{"taxonomy":"product_cat","embeddable":true,"href":"https:\/\/ecuremapcenter.com\/es\/wp-json\/wp\/v2\/product_cat?post=7707"},{"taxonomy":"product_tag","embeddable":true,"href":"https:\/\/ecuremapcenter.com\/es\/wp-json\/wp\/v2\/product_tag?post=7707"},{"taxonomy":"tool_configuration","embeddable":true,"href":"https:\/\/ecuremapcenter.com\/es\/wp-json\/wp\/v2\/tool_configuration?post=7707"},{"taxonomy":"tool_interface","embeddable":true,"href":"https:\/\/ecuremapcenter.com\/es\/wp-json\/wp\/v2\/tool_interface?post=7707"},{"taxonomy":"flashing_tools","embeddable":true,"href":"https:\/\/ecuremapcenter.com\/es\/wp-json\/wp\/v2\/flashing_tools?post=7707"},{"taxonomy":"vehicle_types","embeddable":true,"href":"https:\/\/ecuremapcenter.com\/es\/wp-json\/wp\/v2\/vehicle_types?post=7707"}],"curies":[{"name":"wp","href":"https:\/\/api.w.org\/{rel}","templated":true}]}}