{"id":7735,"date":"2025-02-14T10:45:47","date_gmt":"2025-02-14T09:45:47","guid":{"rendered":"https:\/\/ecuremapcenter.com\/?post_type=product&#038;p=7735"},"modified":"2025-09-25T11:12:05","modified_gmt":"2025-09-25T10:12:05","slug":"elite-de-topdon-phoenix","status":"publish","type":"product","link":"https:\/\/ecuremapcenter.com\/es\/comercio\/elite-de-topdon-phoenix\/","title":{"rendered":"\u00c9lite de Topdon Phoenix"},"content":{"rendered":"<p>El Phoenix Elite es un esc\u00e1ner de diagn\u00f3stico de nivel profesional con funciones de equipo original. Con una pantalla LCD de 10.1&quot;, un procesador de 4 n\u00facleos a 2.0 GHz y el sistema operativo Android 10, esta herramienta ofrece diagn\u00f3sticos r\u00e1pidos y precisos. Su funci\u00f3n de topolog\u00eda permite a los t\u00e9cnicos tener una visi\u00f3n clara de los sistemas de sensores del autom\u00f3vil y detectar r\u00e1pidamente problemas de comunicaci\u00f3n o identificar c\u00f3digos de falla. El Elite ofrece funciones especiales de mantenimiento y codificaci\u00f3n en l\u00ednea para diversas marcas. Esta herramienta puede realizar pruebas activas, codificaci\u00f3n, inicializaciones, restablecimiento de memoria y mucho m\u00e1s.<\/p>\n<h5>Caracter\u00edsticas<\/h5>\n<p><strong>CON\u00c9CTATE A LOS VEH\u00cdCULOS M\u00c1S NUEVOS<br \/>\n<\/strong>La comunicaci\u00f3n del veh\u00edculo se ha mejorado con la mayor\u00eda de los protocolos de comunicaci\u00f3n m\u00e1s recientes. El Phoenix Elite viene equipado con VCI inal\u00e1mbrico y funciones CAN-FD.<\/p>\n<p><strong>TODOS LOS DATOS EN UNA PANTALLA<br \/>\n<\/strong>El mapeo de topolog\u00eda muestra los sistemas del veh\u00edculo relacionados y la red CAN.<br \/>\nDiagnosticar problemas de comunicaci\u00f3n al instante.<br \/>\nMapeo codificado por colores del estado de comunicaci\u00f3n de cada m\u00f3dulo.<br \/>\nOfrece pruebas activas, funciones especiales, codificaci\u00f3n, inicializaci\u00f3n y restablecimientos de memoria.<\/p>\n<p><strong>FUNCIONES GUIADAS PARA VEH\u00cdCULOS VAG<\/strong><br \/>\nProcedimientos de diagn\u00f3stico guiados paso a paso basados en c\u00f3digo para veh\u00edculos VW y Audi.<\/p>\n<p><strong>VIN DEL VEH\u00cdCULO Y DETECCI\u00d3N AUTOM\u00c1TICA<\/strong><br \/>\nPhoenix Elite captura autom\u00e1ticamente el n\u00famero de identificaci\u00f3n del veh\u00edculo (VIN) y encuentra toda la informaci\u00f3n relevante. Utilice esta funci\u00f3n para ahorrar tiempo y evitar errores.<\/p>\n<p><strong>INFORMES PREVIOS Y POST-ESCANEO<\/strong><br \/>\nLas funciones de preescaneo y posescaneo permiten al t\u00e9cnico registrar los c\u00f3digos antes de la reparaci\u00f3n. Esto permite entregar copias a las compa\u00f1\u00edas de seguros y a los clientes para la aprobaci\u00f3n de la reparaci\u00f3n.<br \/>\nUna vez finalizadas las reparaciones, se puede grabar el informe posterior al escaneo mostrando que todos los c\u00f3digos est\u00e1n limpios, mostrando as\u00ed el buen estado del veh\u00edculo.<\/p>\n<p><strong>AMPL\u00cdE SUS CAPACIDADES CON LA CALIBRACI\u00d3N ADAS<\/strong><br \/>\nM\u00e1s all\u00e1 del diagn\u00f3stico, el Phoenix Elite incorpora las capacidades ADAS a los talleres. Descargue las actualizaciones ADAS y vinc\u00falelas con un sistema ADAS Phoenix para convertir su Phoenix Elite en una estaci\u00f3n de calibraci\u00f3n, generando una nueva fuente de ingresos para los talleres.<\/p>\n<h4>Presupuesto<\/h4>\n<p><strong>\u00c9lite F\u00e9nix:<\/strong><\/p>\n<ul>\n<li>Pantalla: LCD t\u00e1ctil de 10,1\u201d, 1280*800<\/li>\n<li>CPU: Procesador de 4 n\u00facleos, 2,0 GHz, Android 10.0<\/li>\n<li>RAM: 4G<\/li>\n<li>ROM de 64 GB<\/li>\n<li>Bater\u00eda: 12000 mAh \/ 3,8 V<\/li>\n<li>Voltaje de funcionamiento: 9~18 V<\/li>\n<li>Temperatura de almacenamiento: -20\u2103~60\u2103\uff08-4\u2109~140\u2109\uff09<\/li>\n<li>Temperatura de trabajo: 0\u2103~50\u2103\uff0832\u2109~122\u2109\uff09<\/li>\n<li>Dimensiones: 278 x 191 x 48 mm (10,94 x 7,52 x 1,89 pulgadas)<\/li>\n<li>Tama\u00f1o del paquete: 468 x 320 x 143 mm (18,43 x 12,60 x 5,63\u2033)<\/li>\n<li>Soporte multiling\u00fce: 24 idiomas<br \/>\nIngl\u00e9s, alem\u00e1n, espa\u00f1ol, franc\u00e9s, italiano, japon\u00e9s, portugu\u00e9s, ruso, polaco, turco, holand\u00e9s, h\u00fangaro, chino (tradicional), coreano, finland\u00e9s, griego, eslovaco, rumano, \u00e1rabe, croata, esloveno, checo, dan\u00e9s, noruego<\/li>\n<\/ul>\n<p><strong>VCI de Phoenix:<\/strong><\/p>\n<ul>\n<li>Temperatura de trabajo: -10 \u2103 a 50 \u2103 (14 \u2109 a 122 \u2109)<\/li>\n<li>Voltaje de funcionamiento: 9 a 18 V<\/li>\n<li>Corriente de trabajo: \u2266 150 mA<\/li>\n<li>Dimensiones: 127 x 82 x 36 mm (5 x 3,22 x 1,42\u201d)<\/li>\n<li>Nuevo protocolo compatible: CANFD<\/li>\n<\/ul>\n<h4>Lista de embalaje<\/h4>\n<ul>\n<li>1* Phoenix Elite<\/li>\n<li>1* Phoenix MDCI (llave VCI)<\/li>\n<li>1* Cable de transferencia de caja adaptadora OBDI<\/li>\n<li>1* Cable de extensi\u00f3n OBDII<\/li>\n<li>1* Cable para encendedor de cigarrillos<\/li>\n<li>1* Cable tipo C a USB<\/li>\n<li>1* Juego de abrazaderas\/cables de bater\u00eda<\/li>\n<li>1* Adaptador de corriente<\/li>\n<li>1* Manual de usuario<\/li>\n<li>1* Sobre con contrase\u00f1a<\/li>\n<li>Kit de 10 cables adaptadores que no sean de 16 pines<\/li>\n<li>4* Fusible (\u03c65*20 mm)<\/li>\n<li>2* Fusible (\u03c66*30 mm)<\/li>\n<li>1* Cable de programaci\u00f3n del chasis F de BMW<\/li>\n<\/ul>\n<h4>Garant\u00eda y actualizaciones<\/h4>\n<p>Dos a\u00f1os de garant\u00eda.<br \/>\nDos a\u00f1os de actualizaciones de software libre.<\/p>","protected":false},"excerpt":{"rendered":"<p>Desbloquee diagn\u00f3sticos avanzados con TOPDON Phoenix Plus 2, una versi\u00f3n mejorada de Phoenix Plus.<br \/>\nCon el nuevo soporte CAN-FD, esta herramienta ahora cubre una gama m\u00e1s amplia de veh\u00edculos modernos.<\/p>","protected":false},"featured_media":7736,"template":"","meta":[],"product_brand":[130],"product_cat":[129],"product_tag":[],"tool_configuration":[],"tool_interface":[],"flashing_tools":[103],"vehicle_types":[],"class_list":{"0":"post-7735","1":"product","2":"type-product","3":"status-publish","4":"has-post-thumbnail","6":"product_brand-topdon","7":"product_cat-diagnostic","8":"product_shipping_class-heavy-items","9":"flashing_tools-universal","11":"first","12":"instock","13":"sale","14":"featured","15":"taxable","16":"shipping-taxable","17":"purchasable","18":"product-type-simple"},"bundled_by":[],"bundle_stock_status":"instock","bundle_stock_quantity":1,"bundle_virtual":false,"bundle_layout":"","bundle_add_to_cart_form_location":"","bundle_editable_in_cart":false,"bundle_sold_individually_context":"","bundle_item_grouping":"","bundle_min_size":"","bundle_max_size":"","bundle_price":[],"bundled_items":[],"bundle_sell_ids":[],"group_of_quantity":0,"min_quantity":0,"max_quantity":"","exclude_order_quantity_value_rules":"no","exclude_category_quantity_rules":"no","combine_variations":"no","acf":[],"yoast_head":"<!-- This site is optimized with the Yoast SEO plugin v27.4 - https:\/\/yoast.com\/product\/yoast-seo-wordpress\/ -->\n<title>Topdon Phoenix Elite | ECU Remap Center<\/title>\n<meta name=\"robots\" content=\"index, follow, max-snippet:-1, max-image-preview:large, max-video-preview:-1\" \/>\n<link rel=\"canonical\" href=\"https:\/\/ecuremapcenter.com\/es\/comercio\/elite-de-topdon-phoenix\/\" \/>\n<meta property=\"og:locale\" content=\"es_ES\" \/>\n<meta property=\"og:type\" content=\"article\" \/>\n<meta property=\"og:title\" content=\"Topdon Phoenix Elite | ECU Remap Center\" \/>\n<meta property=\"og:description\" content=\"Unlock advanced diagnostics with the TOPDON Phoenix Plus 2, an enhanced version of the Phoenix Plus. With new CAN-FD support, this tool now covers a broader range of modern vehicles.\" \/>\n<meta property=\"og:url\" content=\"https:\/\/ecuremapcenter.com\/es\/comercio\/elite-de-topdon-phoenix\/\" \/>\n<meta property=\"og:site_name\" content=\"ECU Remap Center\" \/>\n<meta property=\"article:publisher\" content=\"https:\/\/www.facebook.com\/ecuremapcenter\" \/>\n<meta property=\"article:modified_time\" content=\"2025-09-25T10:12:05+00:00\" \/>\n<meta property=\"og:image\" content=\"https:\/\/ecuremapcenter.com\/wp-content\/uploads\/2025\/03\/topdon_phoenix_elite_1.jpg\" \/>\n\t<meta property=\"og:image:width\" content=\"1200\" \/>\n\t<meta property=\"og:image:height\" content=\"1200\" \/>\n\t<meta property=\"og:image:type\" content=\"image\/jpeg\" \/>\n<meta name=\"twitter:card\" content=\"summary_large_image\" \/>\n<meta name=\"twitter:label1\" content=\"Tiempo de lectura\" \/>\n\t<meta name=\"twitter:data1\" content=\"4 minutos\" \/>\n<script type=\"application\/ld+json\" class=\"yoast-schema-graph\">{\"@context\":\"https:\\\/\\\/schema.org\",\"@graph\":[{\"@type\":\"WebPage\",\"@id\":\"https:\\\/\\\/ecuremapcenter.com\\\/shop\\\/topdon-phoenix-elite\\\/\",\"url\":\"https:\\\/\\\/ecuremapcenter.com\\\/shop\\\/topdon-phoenix-elite\\\/\",\"name\":\"Topdon Phoenix Elite | ECU Remap Center\",\"isPartOf\":{\"@id\":\"https:\\\/\\\/ecuremapcenter.com\\\/#website\"},\"primaryImageOfPage\":{\"@id\":\"https:\\\/\\\/ecuremapcenter.com\\\/shop\\\/topdon-phoenix-elite\\\/#primaryimage\"},\"image\":{\"@id\":\"https:\\\/\\\/ecuremapcenter.com\\\/shop\\\/topdon-phoenix-elite\\\/#primaryimage\"},\"thumbnailUrl\":\"https:\\\/\\\/ecuremapcenter.com\\\/wp-content\\\/uploads\\\/2025\\\/03\\\/topdon_phoenix_elite_1.jpg\",\"datePublished\":\"2025-02-14T09:45:47+00:00\",\"dateModified\":\"2025-09-25T10:12:05+00:00\",\"breadcrumb\":{\"@id\":\"https:\\\/\\\/ecuremapcenter.com\\\/shop\\\/topdon-phoenix-elite\\\/#breadcrumb\"},\"inLanguage\":\"es\",\"potentialAction\":[{\"@type\":\"ReadAction\",\"target\":[\"https:\\\/\\\/ecuremapcenter.com\\\/shop\\\/topdon-phoenix-elite\\\/\"]}]},{\"@type\":\"ImageObject\",\"inLanguage\":\"es\",\"@id\":\"https:\\\/\\\/ecuremapcenter.com\\\/shop\\\/topdon-phoenix-elite\\\/#primaryimage\",\"url\":\"https:\\\/\\\/ecuremapcenter.com\\\/wp-content\\\/uploads\\\/2025\\\/03\\\/topdon_phoenix_elite_1.jpg\",\"contentUrl\":\"https:\\\/\\\/ecuremapcenter.com\\\/wp-content\\\/uploads\\\/2025\\\/03\\\/topdon_phoenix_elite_1.jpg\",\"width\":1200,\"height\":1200,\"caption\":\"topdon phoenix elite diagnostic device - product photo\"},{\"@type\":\"BreadcrumbList\",\"@id\":\"https:\\\/\\\/ecuremapcenter.com\\\/shop\\\/topdon-phoenix-elite\\\/#breadcrumb\",\"itemListElement\":[{\"@type\":\"ListItem\",\"position\":1,\"name\":\"Home\",\"item\":\"https:\\\/\\\/ecuremapcenter.com\\\/\"},{\"@type\":\"ListItem\",\"position\":2,\"name\":\"Shop\",\"item\":\"https:\\\/\\\/ecuremapcenter.com\\\/shop\\\/\"},{\"@type\":\"ListItem\",\"position\":3,\"name\":\"Topdon Phoenix Elite\"}]},{\"@type\":\"WebSite\",\"@id\":\"https:\\\/\\\/ecuremapcenter.com\\\/#website\",\"url\":\"https:\\\/\\\/ecuremapcenter.com\\\/\",\"name\":\"ECU Remap Center\",\"description\":\"High quality ECU, TCU remaps and DPF Off, EGR Off, SCR Off solutions for chip tuning professionals\",\"publisher\":{\"@id\":\"https:\\\/\\\/ecuremapcenter.com\\\/#organization\"},\"alternateName\":\"ERC\",\"potentialAction\":[{\"@type\":\"SearchAction\",\"target\":{\"@type\":\"EntryPoint\",\"urlTemplate\":\"https:\\\/\\\/ecuremapcenter.com\\\/?s={search_term_string}\"},\"query-input\":{\"@type\":\"PropertyValueSpecification\",\"valueRequired\":true,\"valueName\":\"search_term_string\"}}],\"inLanguage\":\"es\"},{\"@type\":\"Organization\",\"@id\":\"https:\\\/\\\/ecuremapcenter.com\\\/#organization\",\"name\":\"ECU Remap Center\",\"alternateName\":\"ERC\",\"url\":\"https:\\\/\\\/ecuremapcenter.com\\\/\",\"logo\":{\"@type\":\"ImageObject\",\"inLanguage\":\"es\",\"@id\":\"https:\\\/\\\/ecuremapcenter.com\\\/#\\\/schema\\\/logo\\\/image\\\/\",\"url\":\"https:\\\/\\\/ecuremapcenter.com\\\/wp-content\\\/uploads\\\/2021\\\/06\\\/erc-logo.svg\",\"contentUrl\":\"https:\\\/\\\/ecuremapcenter.com\\\/wp-content\\\/uploads\\\/2021\\\/06\\\/erc-logo.svg\",\"width\":780,\"height\":236,\"caption\":\"ECU Remap Center\"},\"image\":{\"@id\":\"https:\\\/\\\/ecuremapcenter.com\\\/#\\\/schema\\\/logo\\\/image\\\/\"},\"sameAs\":[\"https:\\\/\\\/www.facebook.com\\\/ecuremapcenter\",\"https:\\\/\\\/www.instagram.com\\\/ecuremapcenter\\\/\"]}]}<\/script>\n<!-- \/ Yoast SEO plugin. -->","yoast_head_json":{"title":"Topdon Phoenix Elite | Centro de reprogramaci\u00f3n de ECU","robots":{"index":"index","follow":"follow","max-snippet":"max-snippet:-1","max-image-preview":"max-image-preview:large","max-video-preview":"max-video-preview:-1"},"canonical":"https:\/\/ecuremapcenter.com\/es\/comercio\/elite-de-topdon-phoenix\/","og_locale":"es_ES","og_type":"article","og_title":"Topdon Phoenix Elite | ECU Remap Center","og_description":"Unlock advanced diagnostics with the TOPDON Phoenix Plus 2, an enhanced version of the Phoenix Plus. With new CAN-FD support, this tool now covers a broader range of modern vehicles.","og_url":"https:\/\/ecuremapcenter.com\/es\/comercio\/elite-de-topdon-phoenix\/","og_site_name":"ECU Remap Center","article_publisher":"https:\/\/www.facebook.com\/ecuremapcenter","article_modified_time":"2025-09-25T10:12:05+00:00","og_image":[{"width":1200,"height":1200,"url":"https:\/\/ecuremapcenter.com\/wp-content\/uploads\/2025\/03\/topdon_phoenix_elite_1.jpg","type":"image\/jpeg"}],"twitter_card":"summary_large_image","twitter_misc":{"Tiempo de lectura":"4 minutos"},"schema":{"@context":"https:\/\/schema.org","@graph":[{"@type":"WebPage","@id":"https:\/\/ecuremapcenter.com\/shop\/topdon-phoenix-elite\/","url":"https:\/\/ecuremapcenter.com\/shop\/topdon-phoenix-elite\/","name":"Topdon Phoenix Elite | Centro de reprogramaci\u00f3n de ECU","isPartOf":{"@id":"https:\/\/ecuremapcenter.com\/#website"},"primaryImageOfPage":{"@id":"https:\/\/ecuremapcenter.com\/shop\/topdon-phoenix-elite\/#primaryimage"},"image":{"@id":"https:\/\/ecuremapcenter.com\/shop\/topdon-phoenix-elite\/#primaryimage"},"thumbnailUrl":"https:\/\/ecuremapcenter.com\/wp-content\/uploads\/2025\/03\/topdon_phoenix_elite_1.jpg","datePublished":"2025-02-14T09:45:47+00:00","dateModified":"2025-09-25T10:12:05+00:00","breadcrumb":{"@id":"https:\/\/ecuremapcenter.com\/shop\/topdon-phoenix-elite\/#breadcrumb"},"inLanguage":"es","potentialAction":[{"@type":"ReadAction","target":["https:\/\/ecuremapcenter.com\/shop\/topdon-phoenix-elite\/"]}]},{"@type":"ImageObject","inLanguage":"es","@id":"https:\/\/ecuremapcenter.com\/shop\/topdon-phoenix-elite\/#primaryimage","url":"https:\/\/ecuremapcenter.com\/wp-content\/uploads\/2025\/03\/topdon_phoenix_elite_1.jpg","contentUrl":"https:\/\/ecuremapcenter.com\/wp-content\/uploads\/2025\/03\/topdon_phoenix_elite_1.jpg","width":1200,"height":1200,"caption":"topdon phoenix elite diagnostic device - product photo"},{"@type":"BreadcrumbList","@id":"https:\/\/ecuremapcenter.com\/shop\/topdon-phoenix-elite\/#breadcrumb","itemListElement":[{"@type":"ListItem","position":1,"name":"Home","item":"https:\/\/ecuremapcenter.com\/"},{"@type":"ListItem","position":2,"name":"Shop","item":"https:\/\/ecuremapcenter.com\/shop\/"},{"@type":"ListItem","position":3,"name":"Topdon Phoenix Elite"}]},{"@type":"WebSite","@id":"https:\/\/ecuremapcenter.com\/#website","url":"https:\/\/ecuremapcenter.com\/","name":"Centro de reasignaci\u00f3n de ECU","description":"ECU de alta calidad, reasignaciones de TCU y soluciones DPF Off, EGR Off, SCR Off para profesionales del ajuste de chips","publisher":{"@id":"https:\/\/ecuremapcenter.com\/#organization"},"alternateName":"ERC","potentialAction":[{"@type":"SearchAction","target":{"@type":"EntryPoint","urlTemplate":"https:\/\/ecuremapcenter.com\/?s={search_term_string}"},"query-input":{"@type":"PropertyValueSpecification","valueRequired":true,"valueName":"search_term_string"}}],"inLanguage":"es"},{"@type":"Organization","@id":"https:\/\/ecuremapcenter.com\/#organization","name":"Centro de reasignaci\u00f3n de ECU","alternateName":"ERC","url":"https:\/\/ecuremapcenter.com\/","logo":{"@type":"ImageObject","inLanguage":"es","@id":"https:\/\/ecuremapcenter.com\/#\/schema\/logo\/image\/","url":"https:\/\/ecuremapcenter.com\/wp-content\/uploads\/2021\/06\/erc-logo.svg","contentUrl":"https:\/\/ecuremapcenter.com\/wp-content\/uploads\/2021\/06\/erc-logo.svg","width":780,"height":236,"caption":"ECU Remap Center"},"image":{"@id":"https:\/\/ecuremapcenter.com\/#\/schema\/logo\/image\/"},"sameAs":["https:\/\/www.facebook.com\/ecuremapcenter","https:\/\/www.instagram.com\/ecuremapcenter\/"]}]}},"_links":{"self":[{"href":"https:\/\/ecuremapcenter.com\/es\/wp-json\/wp\/v2\/product\/7735","targetHints":{"allow":["GET"]}}],"collection":[{"href":"https:\/\/ecuremapcenter.com\/es\/wp-json\/wp\/v2\/product"}],"about":[{"href":"https:\/\/ecuremapcenter.com\/es\/wp-json\/wp\/v2\/types\/product"}],"wp:featuredmedia":[{"embeddable":true,"href":"https:\/\/ecuremapcenter.com\/es\/wp-json\/wp\/v2\/media\/7736"}],"wp:attachment":[{"href":"https:\/\/ecuremapcenter.com\/es\/wp-json\/wp\/v2\/media?parent=7735"}],"wp:term":[{"taxonomy":"product_brand","embeddable":true,"href":"https:\/\/ecuremapcenter.com\/es\/wp-json\/wp\/v2\/product_brand?post=7735"},{"taxonomy":"product_cat","embeddable":true,"href":"https:\/\/ecuremapcenter.com\/es\/wp-json\/wp\/v2\/product_cat?post=7735"},{"taxonomy":"product_tag","embeddable":true,"href":"https:\/\/ecuremapcenter.com\/es\/wp-json\/wp\/v2\/product_tag?post=7735"},{"taxonomy":"tool_configuration","embeddable":true,"href":"https:\/\/ecuremapcenter.com\/es\/wp-json\/wp\/v2\/tool_configuration?post=7735"},{"taxonomy":"tool_interface","embeddable":true,"href":"https:\/\/ecuremapcenter.com\/es\/wp-json\/wp\/v2\/tool_interface?post=7735"},{"taxonomy":"flashing_tools","embeddable":true,"href":"https:\/\/ecuremapcenter.com\/es\/wp-json\/wp\/v2\/flashing_tools?post=7735"},{"taxonomy":"vehicle_types","embeddable":true,"href":"https:\/\/ecuremapcenter.com\/es\/wp-json\/wp\/v2\/vehicle_types?post=7735"}],"curies":[{"name":"wp","href":"https:\/\/api.w.org\/{rel}","templated":true}]}}