{"id":8566,"date":"2025-08-14T15:02:23","date_gmt":"2025-08-14T14:02:23","guid":{"rendered":"https:\/\/ecuremapcenter.com\/?post_type=product&#038;p=8566"},"modified":"2025-10-16T14:41:51","modified_gmt":"2025-10-16T13:41:51","slug":"powergate-4-user-unit-without-obd2-cable","status":"publish","type":"product","link":"https:\/\/ecuremapcenter.com\/es\/comercio\/powergate-4-user-unit-without-obd2-cable\/","title":{"rendered":"Powergate 4 User Unit without OBD2 Cable"},"content":{"rendered":"<p>Powergate es la nueva generaci\u00f3n de programadores de centralitas port\u00e1tiles para coches y motos, creada para ofrecer a cada conductor una experiencia de conducci\u00f3n personalizada de su veh\u00edculo.<\/p>\n<p>Gracias a un dise\u00f1o compacto y a la conexi\u00f3n con una aplicaci\u00f3n intuitiva, Powergate proporciona una experiencia de ajuste de veh\u00edculos altamente personalizable y precisa.<\/p>\n<p>Powergate evoluciona no s\u00f3lo en dise\u00f1o, siendo duradero y f\u00e1cil de usar, sino tambi\u00e9n a trav\u00e9s de su extensa lista de autom\u00f3viles y motocicletas compatibles, lo que permite a Powergate Manager difundir sus personalizaciones en todo el mundo.<\/p>\n<p>La infraestructura en la nube permite la gesti\u00f3n a trav\u00e9s de la aplicaci\u00f3n y el panel, liber\u00e1ndola de limitaciones geogr\u00e1ficas.<\/p>\n<p><strong>The PWG4KIT001 model comes WITHOUT the OBD cable (Powergate 4 is compatible with KESS3 cables)<\/p>\n<p><\/strong><strong>NOTE: Powergate 4 is a slave device attached to chosen service manager and can use only files from that network.<\/strong><\/p>\n<p><strong>Para redes de tuning profesionales cont\u00e1ctenos para conocer la cantidad m\u00ednima y los t\u00e9rminos y condiciones.<\/strong><\/p>\n<p><strong><span style=\"color: #c30f0f;\">ADVERTENCIA: \u00a1ESTE ES UN DISPOSITIVO DE FLASHING PARA USUARIO BLOQUEADO A UN SOLO VIN!<\/span><\/strong><br \/>\n<strong><span style=\"color: #c30f0f;\">Para sintonizar otro dispositivo del veh\u00edculo, Alientech debe reiniciarlo pagando una tarifa.\u00a0<\/span><\/strong><\/p>\n<div class=\"elementor-element elementor-element-673d647 elementor-widget elementor-widget-heading\" data-id=\"673d647\" data-element_type=\"widget\" data-widget_type=\"heading.default\">\n<div class=\"elementor-widget-container\">\n<h2 class=\"elementor-heading-title elementor-size-default\">Especificaciones t\u00e9cnicas:<\/h2>\n<\/div>\n<\/div>\n<div class=\"elementor-element elementor-element-463c064 elementor-widget elementor-widget-text-editor\" data-id=\"463c064\" data-element_type=\"widget\" data-widget_type=\"text-editor.default\">\n<div class=\"elementor-widget-container\">\n<ul>\n<li><strong>Dimensiones<\/strong>: 10 x 10 x 2 cm \/ 3,9 x 3,9 x 0,8 pulgadas<\/li>\n<li><strong>Peso<\/strong>: 135 g \/ 4,8 onzas<\/li>\n<li><strong>Caracter\u00edsticas<\/strong>: GPS, aceler\u00f3metro, Bluetooth y Wi-Fi.<\/li>\n<li><strong>Compatibilidad<\/strong>: Android versi\u00f3n 7.0 y superior, Huawei versi\u00f3n 7.0 y superior, iOS versi\u00f3n 12.0 y superior.<\/li>\n<\/ul>\n<\/div>\n<\/div>\n<p>&nbsp;<\/p>","protected":false},"excerpt":{"rendered":"<p>Powergate es la nueva generaci\u00f3n de programadores de centralitas port\u00e1tiles para coches y motos, creada para ofrecer a cada conductor una experiencia de conducci\u00f3n personalizada de su veh\u00edculo.<\/p>\n<p>Gracias a un dise\u00f1o compacto y a la conexi\u00f3n con una aplicaci\u00f3n intuitiva, Powergate proporciona una experiencia de ajuste de veh\u00edculos altamente personalizable y precisa.<\/p>\n<p>Powergate evoluciona no s\u00f3lo en dise\u00f1o, siendo duradero y f\u00e1cil de usar, sino tambi\u00e9n a trav\u00e9s de su extensa lista de autom\u00f3viles y motocicletas compatibles, lo que permite a Powergate Manager difundir sus personalizaciones en todo el mundo.<\/p>\n<p>La infraestructura en la nube permite la gesti\u00f3n a trav\u00e9s de la aplicaci\u00f3n y el panel, liber\u00e1ndola de limitaciones geogr\u00e1ficas.<\/p>\n<p><strong>El modelo PWG4KIT000 incluye el cable OBD.<\/strong><\/p>","protected":false},"featured_media":6303,"template":"","meta":[],"product_brand":[69],"product_cat":[119,98,104],"product_tag":[],"tool_configuration":[],"tool_interface":[],"flashing_tools":[],"vehicle_types":[],"class_list":{"0":"post-8566","1":"product","2":"type-product","3":"status-publish","4":"has-post-thumbnail","6":"product_brand-alientech","7":"product_cat-all-products","8":"product_cat-end-user-tools","9":"product_cat-erc","11":"first","12":"onbackorder","13":"taxable","14":"shipping-taxable","15":"purchasable","16":"product-type-simple"},"bundled_by":[],"bundle_stock_status":"onbackorder","bundle_stock_quantity":0,"bundle_virtual":false,"bundle_layout":"","bundle_add_to_cart_form_location":"","bundle_editable_in_cart":false,"bundle_sold_individually_context":"","bundle_item_grouping":"","bundle_min_size":"","bundle_max_size":"","bundle_price":[],"bundled_items":[],"bundle_sell_ids":[],"group_of_quantity":0,"min_quantity":1,"max_quantity":"","exclude_order_quantity_value_rules":"no","exclude_category_quantity_rules":"no","combine_variations":"no","acf":[],"yoast_head":"<!-- This site is optimized with the Yoast SEO plugin v27.3 - https:\/\/yoast.com\/product\/yoast-seo-wordpress\/ -->\n<title>Powergate 4 User Unit without OBD2 Cable | ECU Remap Center<\/title>\n<meta name=\"robots\" content=\"index, follow, max-snippet:-1, max-image-preview:large, max-video-preview:-1\" \/>\n<link rel=\"canonical\" href=\"https:\/\/ecuremapcenter.com\/es\/comercio\/powergate-4-user-unit-without-obd2-cable\/\" \/>\n<meta property=\"og:locale\" content=\"es_ES\" \/>\n<meta property=\"og:type\" content=\"article\" \/>\n<meta property=\"og:title\" content=\"Powergate 4 User Unit without OBD2 Cable | ECU Remap Center\" \/>\n<meta property=\"og:description\" content=\"Powergate is the new generation of portable control unit programmer for cars and motorcycles, created to offer every driver a personalized driving experience of their vehicle.  Thanks to a compact design and connection with an intuitive app, Powergate provides a highly customizable and precise vehicle tuning experience.  Powergate evolves not only in design, being durable and user-friendly, but also through its extensive list of compatible cars and motorcycles, enabling Powergate Manager to spread its customizations worldwide.  The cloud infrastructure allows for management via the app and dashboard, freeing it from geographical limitations.  The PWG4KIT000 model includes the OBD cable.\" \/>\n<meta property=\"og:url\" content=\"https:\/\/ecuremapcenter.com\/es\/comercio\/powergate-4-user-unit-without-obd2-cable\/\" \/>\n<meta property=\"og:site_name\" content=\"ECU Remap Center\" \/>\n<meta property=\"article:publisher\" content=\"https:\/\/www.facebook.com\/ecuremapcenter\" \/>\n<meta property=\"article:modified_time\" content=\"2025-10-16T13:41:51+00:00\" \/>\n<meta property=\"og:image\" content=\"https:\/\/ecuremapcenter.com\/wp-content\/uploads\/2024\/04\/PWG4KIT000.jpg\" \/>\n\t<meta property=\"og:image:width\" content=\"1200\" \/>\n\t<meta property=\"og:image:height\" content=\"1200\" \/>\n\t<meta property=\"og:image:type\" content=\"image\/jpeg\" \/>\n<meta name=\"twitter:card\" content=\"summary_large_image\" \/>\n<meta name=\"twitter:label1\" content=\"Tiempo de lectura\" \/>\n\t<meta name=\"twitter:data1\" content=\"2 minutos\" \/>\n<script type=\"application\/ld+json\" class=\"yoast-schema-graph\">{\"@context\":\"https:\\\/\\\/schema.org\",\"@graph\":[{\"@type\":\"WebPage\",\"@id\":\"https:\\\/\\\/ecuremapcenter.com\\\/shop\\\/powergate-4-user-unit-without-obd2-cable\\\/\",\"url\":\"https:\\\/\\\/ecuremapcenter.com\\\/shop\\\/powergate-4-user-unit-without-obd2-cable\\\/\",\"name\":\"Powergate 4 User Unit without OBD2 Cable | ECU Remap Center\",\"isPartOf\":{\"@id\":\"https:\\\/\\\/ecuremapcenter.com\\\/#website\"},\"primaryImageOfPage\":{\"@id\":\"https:\\\/\\\/ecuremapcenter.com\\\/shop\\\/powergate-4-user-unit-without-obd2-cable\\\/#primaryimage\"},\"image\":{\"@id\":\"https:\\\/\\\/ecuremapcenter.com\\\/shop\\\/powergate-4-user-unit-without-obd2-cable\\\/#primaryimage\"},\"thumbnailUrl\":\"https:\\\/\\\/ecuremapcenter.com\\\/wp-content\\\/uploads\\\/2024\\\/04\\\/PWG4KIT000.jpg\",\"datePublished\":\"2025-08-14T14:02:23+00:00\",\"dateModified\":\"2025-10-16T13:41:51+00:00\",\"breadcrumb\":{\"@id\":\"https:\\\/\\\/ecuremapcenter.com\\\/shop\\\/powergate-4-user-unit-without-obd2-cable\\\/#breadcrumb\"},\"inLanguage\":\"es\",\"potentialAction\":[{\"@type\":\"ReadAction\",\"target\":[\"https:\\\/\\\/ecuremapcenter.com\\\/shop\\\/powergate-4-user-unit-without-obd2-cable\\\/\"]}]},{\"@type\":\"ImageObject\",\"inLanguage\":\"es\",\"@id\":\"https:\\\/\\\/ecuremapcenter.com\\\/shop\\\/powergate-4-user-unit-without-obd2-cable\\\/#primaryimage\",\"url\":\"https:\\\/\\\/ecuremapcenter.com\\\/wp-content\\\/uploads\\\/2024\\\/04\\\/PWG4KIT000.jpg\",\"contentUrl\":\"https:\\\/\\\/ecuremapcenter.com\\\/wp-content\\\/uploads\\\/2024\\\/04\\\/PWG4KIT000.jpg\",\"width\":1200,\"height\":1200},{\"@type\":\"BreadcrumbList\",\"@id\":\"https:\\\/\\\/ecuremapcenter.com\\\/shop\\\/powergate-4-user-unit-without-obd2-cable\\\/#breadcrumb\",\"itemListElement\":[{\"@type\":\"ListItem\",\"position\":1,\"name\":\"Home\",\"item\":\"https:\\\/\\\/ecuremapcenter.com\\\/\"},{\"@type\":\"ListItem\",\"position\":2,\"name\":\"Shop\",\"item\":\"https:\\\/\\\/ecuremapcenter.com\\\/shop\\\/\"},{\"@type\":\"ListItem\",\"position\":3,\"name\":\"Powergate 4 User Unit without OBD2 Cable\"}]},{\"@type\":\"WebSite\",\"@id\":\"https:\\\/\\\/ecuremapcenter.com\\\/#website\",\"url\":\"https:\\\/\\\/ecuremapcenter.com\\\/\",\"name\":\"ECU Remap Center\",\"description\":\"High quality ECU, TCU remaps and DPF Off, EGR Off, SCR Off solutions for chip tuning professionals\",\"publisher\":{\"@id\":\"https:\\\/\\\/ecuremapcenter.com\\\/#organization\"},\"alternateName\":\"ERC\",\"potentialAction\":[{\"@type\":\"SearchAction\",\"target\":{\"@type\":\"EntryPoint\",\"urlTemplate\":\"https:\\\/\\\/ecuremapcenter.com\\\/?s={search_term_string}\"},\"query-input\":{\"@type\":\"PropertyValueSpecification\",\"valueRequired\":true,\"valueName\":\"search_term_string\"}}],\"inLanguage\":\"es\"},{\"@type\":\"Organization\",\"@id\":\"https:\\\/\\\/ecuremapcenter.com\\\/#organization\",\"name\":\"ECU Remap Center\",\"alternateName\":\"ERC\",\"url\":\"https:\\\/\\\/ecuremapcenter.com\\\/\",\"logo\":{\"@type\":\"ImageObject\",\"inLanguage\":\"es\",\"@id\":\"https:\\\/\\\/ecuremapcenter.com\\\/#\\\/schema\\\/logo\\\/image\\\/\",\"url\":\"https:\\\/\\\/ecuremapcenter.com\\\/wp-content\\\/uploads\\\/2021\\\/06\\\/erc-logo.svg\",\"contentUrl\":\"https:\\\/\\\/ecuremapcenter.com\\\/wp-content\\\/uploads\\\/2021\\\/06\\\/erc-logo.svg\",\"width\":780,\"height\":236,\"caption\":\"ECU Remap Center\"},\"image\":{\"@id\":\"https:\\\/\\\/ecuremapcenter.com\\\/#\\\/schema\\\/logo\\\/image\\\/\"},\"sameAs\":[\"https:\\\/\\\/www.facebook.com\\\/ecuremapcenter\",\"https:\\\/\\\/www.instagram.com\\\/ecuremapcenter\\\/\"]}]}<\/script>\n<!-- \/ Yoast SEO plugin. -->","yoast_head_json":{"title":"Powergate 4 User Unit without OBD2 Cable | ECU Remap Center","robots":{"index":"index","follow":"follow","max-snippet":"max-snippet:-1","max-image-preview":"max-image-preview:large","max-video-preview":"max-video-preview:-1"},"canonical":"https:\/\/ecuremapcenter.com\/es\/comercio\/powergate-4-user-unit-without-obd2-cable\/","og_locale":"es_ES","og_type":"article","og_title":"Powergate 4 User Unit without OBD2 Cable | ECU Remap Center","og_description":"Powergate is the new generation of portable control unit programmer for cars and motorcycles, created to offer every driver a personalized driving experience of their vehicle.  Thanks to a compact design and connection with an intuitive app, Powergate provides a highly customizable and precise vehicle tuning experience.  Powergate evolves not only in design, being durable and user-friendly, but also through its extensive list of compatible cars and motorcycles, enabling Powergate Manager to spread its customizations worldwide.  The cloud infrastructure allows for management via the app and dashboard, freeing it from geographical limitations.  The PWG4KIT000 model includes the OBD cable.","og_url":"https:\/\/ecuremapcenter.com\/es\/comercio\/powergate-4-user-unit-without-obd2-cable\/","og_site_name":"ECU Remap Center","article_publisher":"https:\/\/www.facebook.com\/ecuremapcenter","article_modified_time":"2025-10-16T13:41:51+00:00","og_image":[{"width":1200,"height":1200,"url":"https:\/\/ecuremapcenter.com\/wp-content\/uploads\/2024\/04\/PWG4KIT000.jpg","type":"image\/jpeg"}],"twitter_card":"summary_large_image","twitter_misc":{"Tiempo de lectura":"2 minutos"},"schema":{"@context":"https:\/\/schema.org","@graph":[{"@type":"WebPage","@id":"https:\/\/ecuremapcenter.com\/shop\/powergate-4-user-unit-without-obd2-cable\/","url":"https:\/\/ecuremapcenter.com\/shop\/powergate-4-user-unit-without-obd2-cable\/","name":"Powergate 4 User Unit without OBD2 Cable | ECU Remap Center","isPartOf":{"@id":"https:\/\/ecuremapcenter.com\/#website"},"primaryImageOfPage":{"@id":"https:\/\/ecuremapcenter.com\/shop\/powergate-4-user-unit-without-obd2-cable\/#primaryimage"},"image":{"@id":"https:\/\/ecuremapcenter.com\/shop\/powergate-4-user-unit-without-obd2-cable\/#primaryimage"},"thumbnailUrl":"https:\/\/ecuremapcenter.com\/wp-content\/uploads\/2024\/04\/PWG4KIT000.jpg","datePublished":"2025-08-14T14:02:23+00:00","dateModified":"2025-10-16T13:41:51+00:00","breadcrumb":{"@id":"https:\/\/ecuremapcenter.com\/shop\/powergate-4-user-unit-without-obd2-cable\/#breadcrumb"},"inLanguage":"es","potentialAction":[{"@type":"ReadAction","target":["https:\/\/ecuremapcenter.com\/shop\/powergate-4-user-unit-without-obd2-cable\/"]}]},{"@type":"ImageObject","inLanguage":"es","@id":"https:\/\/ecuremapcenter.com\/shop\/powergate-4-user-unit-without-obd2-cable\/#primaryimage","url":"https:\/\/ecuremapcenter.com\/wp-content\/uploads\/2024\/04\/PWG4KIT000.jpg","contentUrl":"https:\/\/ecuremapcenter.com\/wp-content\/uploads\/2024\/04\/PWG4KIT000.jpg","width":1200,"height":1200},{"@type":"BreadcrumbList","@id":"https:\/\/ecuremapcenter.com\/shop\/powergate-4-user-unit-without-obd2-cable\/#breadcrumb","itemListElement":[{"@type":"ListItem","position":1,"name":"Home","item":"https:\/\/ecuremapcenter.com\/"},{"@type":"ListItem","position":2,"name":"Shop","item":"https:\/\/ecuremapcenter.com\/shop\/"},{"@type":"ListItem","position":3,"name":"Powergate 4 User Unit without OBD2 Cable"}]},{"@type":"WebSite","@id":"https:\/\/ecuremapcenter.com\/#website","url":"https:\/\/ecuremapcenter.com\/","name":"Centro de reasignaci\u00f3n de ECU","description":"ECU de alta calidad, reasignaciones de TCU y soluciones DPF Off, EGR Off, SCR Off para profesionales del ajuste de chips","publisher":{"@id":"https:\/\/ecuremapcenter.com\/#organization"},"alternateName":"ERC","potentialAction":[{"@type":"SearchAction","target":{"@type":"EntryPoint","urlTemplate":"https:\/\/ecuremapcenter.com\/?s={search_term_string}"},"query-input":{"@type":"PropertyValueSpecification","valueRequired":true,"valueName":"search_term_string"}}],"inLanguage":"es"},{"@type":"Organization","@id":"https:\/\/ecuremapcenter.com\/#organization","name":"Centro de reasignaci\u00f3n de ECU","alternateName":"ERC","url":"https:\/\/ecuremapcenter.com\/","logo":{"@type":"ImageObject","inLanguage":"es","@id":"https:\/\/ecuremapcenter.com\/#\/schema\/logo\/image\/","url":"https:\/\/ecuremapcenter.com\/wp-content\/uploads\/2021\/06\/erc-logo.svg","contentUrl":"https:\/\/ecuremapcenter.com\/wp-content\/uploads\/2021\/06\/erc-logo.svg","width":780,"height":236,"caption":"ECU Remap Center"},"image":{"@id":"https:\/\/ecuremapcenter.com\/#\/schema\/logo\/image\/"},"sameAs":["https:\/\/www.facebook.com\/ecuremapcenter","https:\/\/www.instagram.com\/ecuremapcenter\/"]}]}},"_links":{"self":[{"href":"https:\/\/ecuremapcenter.com\/es\/wp-json\/wp\/v2\/product\/8566","targetHints":{"allow":["GET"]}}],"collection":[{"href":"https:\/\/ecuremapcenter.com\/es\/wp-json\/wp\/v2\/product"}],"about":[{"href":"https:\/\/ecuremapcenter.com\/es\/wp-json\/wp\/v2\/types\/product"}],"wp:featuredmedia":[{"embeddable":true,"href":"https:\/\/ecuremapcenter.com\/es\/wp-json\/wp\/v2\/media\/6303"}],"wp:attachment":[{"href":"https:\/\/ecuremapcenter.com\/es\/wp-json\/wp\/v2\/media?parent=8566"}],"wp:term":[{"taxonomy":"product_brand","embeddable":true,"href":"https:\/\/ecuremapcenter.com\/es\/wp-json\/wp\/v2\/product_brand?post=8566"},{"taxonomy":"product_cat","embeddable":true,"href":"https:\/\/ecuremapcenter.com\/es\/wp-json\/wp\/v2\/product_cat?post=8566"},{"taxonomy":"product_tag","embeddable":true,"href":"https:\/\/ecuremapcenter.com\/es\/wp-json\/wp\/v2\/product_tag?post=8566"},{"taxonomy":"tool_configuration","embeddable":true,"href":"https:\/\/ecuremapcenter.com\/es\/wp-json\/wp\/v2\/tool_configuration?post=8566"},{"taxonomy":"tool_interface","embeddable":true,"href":"https:\/\/ecuremapcenter.com\/es\/wp-json\/wp\/v2\/tool_interface?post=8566"},{"taxonomy":"flashing_tools","embeddable":true,"href":"https:\/\/ecuremapcenter.com\/es\/wp-json\/wp\/v2\/flashing_tools?post=8566"},{"taxonomy":"vehicle_types","embeddable":true,"href":"https:\/\/ecuremapcenter.com\/es\/wp-json\/wp\/v2\/vehicle_types?post=8566"}],"curies":[{"name":"wp","href":"https:\/\/api.w.org\/{rel}","templated":true}]}}