{"id":8829,"date":"2026-03-11T12:13:05","date_gmt":"2026-03-11T11:13:05","guid":{"rendered":"https:\/\/ecuremapcenter.com\/?post_type=product&#038;p=8829"},"modified":"2026-03-11T13:00:04","modified_gmt":"2026-03-11T12:00:04","slug":"kess3-full-erc-tuner-kit-obd-bench-boot","status":"publish","type":"product","link":"https:\/\/ecuremapcenter.com\/es\/comercio\/kess3-full-erc-tuner-kit-obd-bench-boot\/","title":{"rendered":"KESS3 FULL ERC TUNER KIT (OBD, Bench &#038; Boot)"},"content":{"rendered":"<p><strong>KESS3 combina 3 modos de funcionamiento en una sola herramienta. Modo OBD, Banco y Arranque.<\/strong><br \/>\nCada aspecto de KESS3 est\u00e1 cuidadosamente dise\u00f1ado para lograr rendimiento, flexibilidad operativa y facilidad de uso. Nuevo microprocesador, interfaces de E\/S de \u00faltima generaci\u00f3n, nuevos sensores incorporados y memorias EEPROM y FLASH de alto rendimiento son las principales caracter\u00edsticas de KESS3.<\/p>\n<h5>Contenido del caso<\/h5>\n<p><strong>Hardware esclavo KESS3<\/strong><br \/>\n<strong>cable USB<\/strong>, necesario para interactuar con el instrumento KESS3 a trav\u00e9s de la PC<br \/>\n<strong>El cable OBD de nueva generaci\u00f3n<\/strong><br \/>\n(integra todas las l\u00edneas de comunicaci\u00f3n utilizadas por los distintos fabricantes de autom\u00f3viles; \u2013 capaz de comunicarse con Honda, Volvo, Lotus y Toyota).<br \/>\n<strong>1400SWALIM<\/strong>\u00a0fuente de alimentaci\u00f3n, capaz de proporcionar suficiente corriente y voltaje para comunicarse con las unidades de control electr\u00f3nico, de manera estable y segura.<br \/>\n<strong>144300TALI<\/strong>\u00a0cable, para alimentar el instrumento mediante una fuente de alimentaci\u00f3n de banco (la fuente de alimentaci\u00f3n, por otro lado, se vende por separado)<br \/>\n<strong>144300KBNC<\/strong>\u00a0cable para comunicarse con las unidades de control directamente en el banco<br \/>\n<strong>144300KTER<\/strong>\u00a0pack que contiene todos los cables \u00fatiles para la conexi\u00f3n en modo BENCH o BOOT. (extensor).<br \/>\n<strong>144300T104<\/strong>\u00a0cable rainbow IDC 26-10 compuesto por 10 hilos, utilizado para conectar directamente a la placa electr\u00f3nica de la unidad de control.<br \/>\n<strong>144300T105<\/strong>\u00a0cable rainbow IDC 26-16 compuesto por 16 hilos, utilizado para conectar directamente a la placa electr\u00f3nica de la centralita.<br \/>\n<strong>144300T106<\/strong>\u00a0cable rainbow IDC 26-26 compuesto por 26 hilos, utilizado para conectar directamente a la placa electr\u00f3nica de la centralita.<\/p>\n<p><em>* Los cr\u00e9ditos de bonificaci\u00f3n son elegibles solo para la compra de un Tuner Kit por parte de una empresa o individuo para impulsar su negocio.<br \/>\nPara t\u00e9rminos y condiciones especiales al comprar varios kits, cont\u00e1ctenos primero al <a href=\"mailto:sales@ecuremapcenter.com\">sales@ecuremapcenter.com<\/a>!<br \/>\n<\/em><\/p>","protected":false},"excerpt":{"rendered":"<p>KESS3, una herramienta todo en uno para procedimientos OBD y BENCH-BOOT, est\u00e1 aqu\u00ed con una arquitectura completamente nueva que permite procedimientos de lectura y escritura de ECU varias veces m\u00e1s r\u00e1pidos que la generaci\u00f3n anterior. \u00a1Respaldado por la nueva versi\u00f3n en la nube, f\u00e1cil de usar, del software Alientech SUITE!<\/p>\n<p>Incluye dispositivo esclavo KESS3, maleta, cables, todos los accesorios y un a\u00f1o de suscripci\u00f3n de soporte.<\/p>\n<p><strong>KESS3 FULL ERC TUNER KIT (OBD, Bench &amp; Boot)<\/strong> viene con <strong>OBD, Bench and BOOT protocols for ALL VEHICLE TYPES <\/strong>and a <strong>Bono de 120 fichas de ajuste* <\/strong>\u00a1Para que puedas empezar con la puesta a punto sin ninguna inversi\u00f3n adicional!<\/p>\n<p><em><br \/>\n*Los tokens de bonificaci\u00f3n deben gastarse dentro de los 6 meses posteriores a la compra de la herramienta.<\/em><\/p>","protected":false},"featured_media":8830,"template":"","meta":[],"product_brand":[69],"product_cat":[119,45],"product_tag":[],"tool_configuration":[85],"tool_interface":[96,97,95],"flashing_tools":[88],"vehicle_types":[82,80,79,83,81],"class_list":{"0":"post-8829","1":"product","2":"type-product","3":"status-publish","4":"has-post-thumbnail","6":"product_brand-alientech","7":"product_cat-all-products","8":"product_cat-erc-tuner-kits","9":"product_shipping_class-erc-dealer-kits","10":"tool_configuration-slave","11":"tool_interface-bench","12":"tool_interface-boot","13":"tool_interface-obd","14":"flashing_tools-kess3","15":"vehicle_types-agriculture","16":"vehicle_types-bike-atv","17":"vehicle_types-cars-lcv","18":"vehicle_types-marine","19":"vehicle_types-truck-bus","21":"first","22":"instock","23":"sale","24":"featured","25":"sold-individually","26":"taxable","27":"shipping-taxable","28":"purchasable","29":"product-type-bundle"},"bundled_by":[],"bundle_stock_status":"instock","bundle_stock_quantity":"","bundle_virtual":false,"bundle_layout":"tabular","bundle_add_to_cart_form_location":"default","bundle_editable_in_cart":false,"bundle_sold_individually_context":"product","bundle_item_grouping":"parent","bundle_min_size":"","bundle_max_size":"","bundle_price":{"price":{"min":{"incl_tax":"4291","excl_tax":"4291"},"max":{"incl_tax":"4291","excl_tax":"4291"}},"regular_price":{"min":{"incl_tax":"4480","excl_tax":"4480"},"max":{"incl_tax":"4480","excl_tax":"4480"}}},"bundled_items":[{"bundled_item_id":136,"product_id":4396,"menu_order":0,"quantity_min":1,"quantity_max":1,"quantity_default":1,"priced_individually":false,"shipped_individually":false,"override_title":false,"title":"Herrajes para herramientas de tapajuntas KESS3","override_description":false,"description":"","optional":false,"hide_thumbnail":false,"discount":"","override_variations":false,"allowed_variations":[],"override_default_variation_attributes":false,"default_variation_attributes":[],"single_product_visibility":"hidden","cart_visibility":"hidden","order_visibility":"hidden","single_product_price_visibility":"visible","cart_price_visibility":"visible","order_price_visibility":"visible","stock_status":"in_stock"},{"bundled_item_id":138,"product_id":8728,"menu_order":1,"quantity_min":1,"quantity_max":1,"quantity_default":1,"priced_individually":false,"shipped_individually":true,"override_title":false,"title":"KESS3 Slave - FULL OBD Protocols activation","override_description":false,"description":"","optional":false,"hide_thumbnail":false,"discount":"","override_variations":false,"allowed_variations":[],"override_default_variation_attributes":false,"default_variation_attributes":[],"single_product_visibility":"hidden","cart_visibility":"hidden","order_visibility":"hidden","single_product_price_visibility":"visible","cart_price_visibility":"visible","order_price_visibility":"visible","stock_status":"in_stock"},{"bundled_item_id":139,"product_id":8729,"menu_order":2,"quantity_min":1,"quantity_max":1,"quantity_default":1,"priced_individually":false,"shipped_individually":true,"override_title":false,"title":"KESS3 Slave - FULL Bench-BOOT Protocols activation","override_description":false,"description":"","optional":false,"hide_thumbnail":false,"discount":"","override_variations":false,"allowed_variations":[],"override_default_variation_attributes":false,"default_variation_attributes":[],"single_product_visibility":"hidden","cart_visibility":"hidden","order_visibility":"hidden","single_product_price_visibility":"visible","cart_price_visibility":"visible","order_price_visibility":"visible","stock_status":"in_stock"}],"bundle_sell_ids":[],"group_of_quantity":0,"min_quantity":1,"max_quantity":1,"exclude_order_quantity_value_rules":"no","exclude_category_quantity_rules":"no","combine_variations":"no","acf":[],"yoast_head":"<!-- This site is optimized with the Yoast SEO plugin v27.4 - https:\/\/yoast.com\/product\/yoast-seo-wordpress\/ -->\n<title>KESS3 FULL ERC TUNER KIT (OBD, Bench &amp; Boot) | ECU Remap Center<\/title>\n<meta name=\"robots\" content=\"index, follow, max-snippet:-1, max-image-preview:large, max-video-preview:-1\" \/>\n<link rel=\"canonical\" href=\"https:\/\/ecuremapcenter.com\/es\/comercio\/kess3-full-erc-tuner-kit-obd-bench-boot\/\" \/>\n<meta property=\"og:locale\" content=\"es_ES\" \/>\n<meta property=\"og:type\" content=\"article\" \/>\n<meta property=\"og:title\" content=\"KESS3 FULL ERC TUNER KIT (OBD, Bench &amp; Boot) | ECU Remap Center\" \/>\n<meta property=\"og:description\" content=\"An all-in-one tool for OBD and BENCH-BOOT procedures, KESS3 is here with a completely new arhitecture that allows multiple times faster ECU reading and writing procedures then old generation. Supported by the new, easy to use, cloud version of Alientech SUITE software!  Includes KESS3 Slave Device, suitcase, cables, all accessories and one year of support subscription.  KESS3 FULL ERC TUNER KIT (OBD, Bench &amp; Boot) comes with OBD, Bench and BOOT protocols for ALL VEHICLE TYPES and a bonus of 120 tuning tokens* so you can start with tuning without any further investment!   * Bonus tokens have to be spent within 6 months of the tool purchase.\" \/>\n<meta property=\"og:url\" content=\"https:\/\/ecuremapcenter.com\/es\/comercio\/kess3-full-erc-tuner-kit-obd-bench-boot\/\" \/>\n<meta property=\"og:site_name\" content=\"ECU Remap Center\" \/>\n<meta property=\"article:publisher\" content=\"https:\/\/www.facebook.com\/ecuremapcenter\" \/>\n<meta property=\"article:modified_time\" content=\"2026-03-11T12:00:04+00:00\" \/>\n<meta property=\"og:image\" content=\"https:\/\/ecuremapcenter.com\/wp-content\/uploads\/2026\/03\/kess3-dealer-kit-full.jpg\" \/>\n\t<meta property=\"og:image:width\" content=\"1200\" \/>\n\t<meta property=\"og:image:height\" content=\"1200\" \/>\n\t<meta property=\"og:image:type\" content=\"image\/jpeg\" \/>\n<meta name=\"twitter:card\" content=\"summary_large_image\" \/>\n<meta name=\"twitter:label1\" content=\"Tiempo de lectura\" \/>\n\t<meta name=\"twitter:data1\" content=\"3 minutos\" \/>\n<script type=\"application\/ld+json\" class=\"yoast-schema-graph\">{\"@context\":\"https:\\\/\\\/schema.org\",\"@graph\":[{\"@type\":\"WebPage\",\"@id\":\"https:\\\/\\\/ecuremapcenter.com\\\/shop\\\/kess3-full-erc-tuner-kit-obd-bench-boot\\\/\",\"url\":\"https:\\\/\\\/ecuremapcenter.com\\\/shop\\\/kess3-full-erc-tuner-kit-obd-bench-boot\\\/\",\"name\":\"KESS3 FULL ERC TUNER KIT (OBD, Bench & Boot) | ECU Remap Center\",\"isPartOf\":{\"@id\":\"https:\\\/\\\/ecuremapcenter.com\\\/#website\"},\"primaryImageOfPage\":{\"@id\":\"https:\\\/\\\/ecuremapcenter.com\\\/shop\\\/kess3-full-erc-tuner-kit-obd-bench-boot\\\/#primaryimage\"},\"image\":{\"@id\":\"https:\\\/\\\/ecuremapcenter.com\\\/shop\\\/kess3-full-erc-tuner-kit-obd-bench-boot\\\/#primaryimage\"},\"thumbnailUrl\":\"https:\\\/\\\/ecuremapcenter.com\\\/wp-content\\\/uploads\\\/2026\\\/03\\\/kess3-dealer-kit-full.jpg\",\"datePublished\":\"2026-03-11T11:13:05+00:00\",\"dateModified\":\"2026-03-11T12:00:04+00:00\",\"breadcrumb\":{\"@id\":\"https:\\\/\\\/ecuremapcenter.com\\\/shop\\\/kess3-full-erc-tuner-kit-obd-bench-boot\\\/#breadcrumb\"},\"inLanguage\":\"es\",\"potentialAction\":[{\"@type\":\"ReadAction\",\"target\":[\"https:\\\/\\\/ecuremapcenter.com\\\/shop\\\/kess3-full-erc-tuner-kit-obd-bench-boot\\\/\"]}]},{\"@type\":\"ImageObject\",\"inLanguage\":\"es\",\"@id\":\"https:\\\/\\\/ecuremapcenter.com\\\/shop\\\/kess3-full-erc-tuner-kit-obd-bench-boot\\\/#primaryimage\",\"url\":\"https:\\\/\\\/ecuremapcenter.com\\\/wp-content\\\/uploads\\\/2026\\\/03\\\/kess3-dealer-kit-full.jpg\",\"contentUrl\":\"https:\\\/\\\/ecuremapcenter.com\\\/wp-content\\\/uploads\\\/2026\\\/03\\\/kess3-dealer-kit-full.jpg\",\"width\":1200,\"height\":1200},{\"@type\":\"BreadcrumbList\",\"@id\":\"https:\\\/\\\/ecuremapcenter.com\\\/shop\\\/kess3-full-erc-tuner-kit-obd-bench-boot\\\/#breadcrumb\",\"itemListElement\":[{\"@type\":\"ListItem\",\"position\":1,\"name\":\"Home\",\"item\":\"https:\\\/\\\/ecuremapcenter.com\\\/\"},{\"@type\":\"ListItem\",\"position\":2,\"name\":\"Shop\",\"item\":\"https:\\\/\\\/ecuremapcenter.com\\\/shop\\\/\"},{\"@type\":\"ListItem\",\"position\":3,\"name\":\"KESS3 FULL ERC TUNER KIT (OBD, Bench &#038; Boot)\"}]},{\"@type\":\"WebSite\",\"@id\":\"https:\\\/\\\/ecuremapcenter.com\\\/#website\",\"url\":\"https:\\\/\\\/ecuremapcenter.com\\\/\",\"name\":\"ECU Remap Center\",\"description\":\"High quality ECU, TCU remaps and DPF Off, EGR Off, SCR Off solutions for chip tuning professionals\",\"publisher\":{\"@id\":\"https:\\\/\\\/ecuremapcenter.com\\\/#organization\"},\"alternateName\":\"ERC\",\"potentialAction\":[{\"@type\":\"SearchAction\",\"target\":{\"@type\":\"EntryPoint\",\"urlTemplate\":\"https:\\\/\\\/ecuremapcenter.com\\\/?s={search_term_string}\"},\"query-input\":{\"@type\":\"PropertyValueSpecification\",\"valueRequired\":true,\"valueName\":\"search_term_string\"}}],\"inLanguage\":\"es\"},{\"@type\":\"Organization\",\"@id\":\"https:\\\/\\\/ecuremapcenter.com\\\/#organization\",\"name\":\"ECU Remap Center\",\"alternateName\":\"ERC\",\"url\":\"https:\\\/\\\/ecuremapcenter.com\\\/\",\"logo\":{\"@type\":\"ImageObject\",\"inLanguage\":\"es\",\"@id\":\"https:\\\/\\\/ecuremapcenter.com\\\/#\\\/schema\\\/logo\\\/image\\\/\",\"url\":\"https:\\\/\\\/ecuremapcenter.com\\\/wp-content\\\/uploads\\\/2021\\\/06\\\/erc-logo.svg\",\"contentUrl\":\"https:\\\/\\\/ecuremapcenter.com\\\/wp-content\\\/uploads\\\/2021\\\/06\\\/erc-logo.svg\",\"width\":780,\"height\":236,\"caption\":\"ECU Remap Center\"},\"image\":{\"@id\":\"https:\\\/\\\/ecuremapcenter.com\\\/#\\\/schema\\\/logo\\\/image\\\/\"},\"sameAs\":[\"https:\\\/\\\/www.facebook.com\\\/ecuremapcenter\",\"https:\\\/\\\/www.instagram.com\\\/ecuremapcenter\\\/\"]}]}<\/script>\n<!-- \/ Yoast SEO plugin. -->","yoast_head_json":{"title":"KESS3 FULL ERC TUNER KIT (OBD, Bench & Boot) | ECU Remap Center","robots":{"index":"index","follow":"follow","max-snippet":"max-snippet:-1","max-image-preview":"max-image-preview:large","max-video-preview":"max-video-preview:-1"},"canonical":"https:\/\/ecuremapcenter.com\/es\/comercio\/kess3-full-erc-tuner-kit-obd-bench-boot\/","og_locale":"es_ES","og_type":"article","og_title":"KESS3 FULL ERC TUNER KIT (OBD, Bench & Boot) | ECU Remap Center","og_description":"An all-in-one tool for OBD and BENCH-BOOT procedures, KESS3 is here with a completely new arhitecture that allows multiple times faster ECU reading and writing procedures then old generation. Supported by the new, easy to use, cloud version of Alientech SUITE software!  Includes KESS3 Slave Device, suitcase, cables, all accessories and one year of support subscription.  KESS3 FULL ERC TUNER KIT (OBD, Bench &amp; Boot) comes with OBD, Bench and BOOT protocols for ALL VEHICLE TYPES and a bonus of 120 tuning tokens* so you can start with tuning without any further investment!   * Bonus tokens have to be spent within 6 months of the tool purchase.","og_url":"https:\/\/ecuremapcenter.com\/es\/comercio\/kess3-full-erc-tuner-kit-obd-bench-boot\/","og_site_name":"ECU Remap Center","article_publisher":"https:\/\/www.facebook.com\/ecuremapcenter","article_modified_time":"2026-03-11T12:00:04+00:00","og_image":[{"width":1200,"height":1200,"url":"https:\/\/ecuremapcenter.com\/wp-content\/uploads\/2026\/03\/kess3-dealer-kit-full.jpg","type":"image\/jpeg"}],"twitter_card":"summary_large_image","twitter_misc":{"Tiempo de lectura":"3 minutos"},"schema":{"@context":"https:\/\/schema.org","@graph":[{"@type":"WebPage","@id":"https:\/\/ecuremapcenter.com\/shop\/kess3-full-erc-tuner-kit-obd-bench-boot\/","url":"https:\/\/ecuremapcenter.com\/shop\/kess3-full-erc-tuner-kit-obd-bench-boot\/","name":"KESS3 FULL ERC TUNER KIT (OBD, Bench & Boot) | ECU Remap Center","isPartOf":{"@id":"https:\/\/ecuremapcenter.com\/#website"},"primaryImageOfPage":{"@id":"https:\/\/ecuremapcenter.com\/shop\/kess3-full-erc-tuner-kit-obd-bench-boot\/#primaryimage"},"image":{"@id":"https:\/\/ecuremapcenter.com\/shop\/kess3-full-erc-tuner-kit-obd-bench-boot\/#primaryimage"},"thumbnailUrl":"https:\/\/ecuremapcenter.com\/wp-content\/uploads\/2026\/03\/kess3-dealer-kit-full.jpg","datePublished":"2026-03-11T11:13:05+00:00","dateModified":"2026-03-11T12:00:04+00:00","breadcrumb":{"@id":"https:\/\/ecuremapcenter.com\/shop\/kess3-full-erc-tuner-kit-obd-bench-boot\/#breadcrumb"},"inLanguage":"es","potentialAction":[{"@type":"ReadAction","target":["https:\/\/ecuremapcenter.com\/shop\/kess3-full-erc-tuner-kit-obd-bench-boot\/"]}]},{"@type":"ImageObject","inLanguage":"es","@id":"https:\/\/ecuremapcenter.com\/shop\/kess3-full-erc-tuner-kit-obd-bench-boot\/#primaryimage","url":"https:\/\/ecuremapcenter.com\/wp-content\/uploads\/2026\/03\/kess3-dealer-kit-full.jpg","contentUrl":"https:\/\/ecuremapcenter.com\/wp-content\/uploads\/2026\/03\/kess3-dealer-kit-full.jpg","width":1200,"height":1200},{"@type":"BreadcrumbList","@id":"https:\/\/ecuremapcenter.com\/shop\/kess3-full-erc-tuner-kit-obd-bench-boot\/#breadcrumb","itemListElement":[{"@type":"ListItem","position":1,"name":"Home","item":"https:\/\/ecuremapcenter.com\/"},{"@type":"ListItem","position":2,"name":"Shop","item":"https:\/\/ecuremapcenter.com\/shop\/"},{"@type":"ListItem","position":3,"name":"KESS3 FULL ERC TUNER KIT (OBD, Bench &#038; Boot)"}]},{"@type":"WebSite","@id":"https:\/\/ecuremapcenter.com\/#website","url":"https:\/\/ecuremapcenter.com\/","name":"Centro de reasignaci\u00f3n de ECU","description":"ECU de alta calidad, reasignaciones de TCU y soluciones DPF Off, EGR Off, SCR Off para profesionales del ajuste de chips","publisher":{"@id":"https:\/\/ecuremapcenter.com\/#organization"},"alternateName":"ERC","potentialAction":[{"@type":"SearchAction","target":{"@type":"EntryPoint","urlTemplate":"https:\/\/ecuremapcenter.com\/?s={search_term_string}"},"query-input":{"@type":"PropertyValueSpecification","valueRequired":true,"valueName":"search_term_string"}}],"inLanguage":"es"},{"@type":"Organization","@id":"https:\/\/ecuremapcenter.com\/#organization","name":"Centro de reasignaci\u00f3n de ECU","alternateName":"ERC","url":"https:\/\/ecuremapcenter.com\/","logo":{"@type":"ImageObject","inLanguage":"es","@id":"https:\/\/ecuremapcenter.com\/#\/schema\/logo\/image\/","url":"https:\/\/ecuremapcenter.com\/wp-content\/uploads\/2021\/06\/erc-logo.svg","contentUrl":"https:\/\/ecuremapcenter.com\/wp-content\/uploads\/2021\/06\/erc-logo.svg","width":780,"height":236,"caption":"ECU Remap Center"},"image":{"@id":"https:\/\/ecuremapcenter.com\/#\/schema\/logo\/image\/"},"sameAs":["https:\/\/www.facebook.com\/ecuremapcenter","https:\/\/www.instagram.com\/ecuremapcenter\/"]}]}},"_links":{"self":[{"href":"https:\/\/ecuremapcenter.com\/es\/wp-json\/wp\/v2\/product\/8829","targetHints":{"allow":["GET"]}}],"collection":[{"href":"https:\/\/ecuremapcenter.com\/es\/wp-json\/wp\/v2\/product"}],"about":[{"href":"https:\/\/ecuremapcenter.com\/es\/wp-json\/wp\/v2\/types\/product"}],"wp:featuredmedia":[{"embeddable":true,"href":"https:\/\/ecuremapcenter.com\/es\/wp-json\/wp\/v2\/media\/8830"}],"wp:attachment":[{"href":"https:\/\/ecuremapcenter.com\/es\/wp-json\/wp\/v2\/media?parent=8829"}],"wp:term":[{"taxonomy":"product_brand","embeddable":true,"href":"https:\/\/ecuremapcenter.com\/es\/wp-json\/wp\/v2\/product_brand?post=8829"},{"taxonomy":"product_cat","embeddable":true,"href":"https:\/\/ecuremapcenter.com\/es\/wp-json\/wp\/v2\/product_cat?post=8829"},{"taxonomy":"product_tag","embeddable":true,"href":"https:\/\/ecuremapcenter.com\/es\/wp-json\/wp\/v2\/product_tag?post=8829"},{"taxonomy":"tool_configuration","embeddable":true,"href":"https:\/\/ecuremapcenter.com\/es\/wp-json\/wp\/v2\/tool_configuration?post=8829"},{"taxonomy":"tool_interface","embeddable":true,"href":"https:\/\/ecuremapcenter.com\/es\/wp-json\/wp\/v2\/tool_interface?post=8829"},{"taxonomy":"flashing_tools","embeddable":true,"href":"https:\/\/ecuremapcenter.com\/es\/wp-json\/wp\/v2\/flashing_tools?post=8829"},{"taxonomy":"vehicle_types","embeddable":true,"href":"https:\/\/ecuremapcenter.com\/es\/wp-json\/wp\/v2\/vehicle_types?post=8829"}],"curies":[{"name":"wp","href":"https:\/\/api.w.org\/{rel}","templated":true}]}}