{"id":5870,"date":"2024-04-02T13:12:56","date_gmt":"2024-04-02T12:12:56","guid":{"rendered":"https:\/\/ecuremapcenter.com\/?post_type=product&#038;p=5870"},"modified":"2025-11-06T10:05:39","modified_gmt":"2025-11-06T09:05:39","slug":"cable-de-derivation-de-passerelle-securisee","status":"publish","type":"product","link":"https:\/\/ecuremapcenter.com\/fr\/boutique\/cable-de-derivation-de-passerelle-securisee\/","title":{"rendered":"C\u00e2ble de d\u00e9rivation de passerelle s\u00e9curis\u00e9e Autotuner"},"content":{"rendered":"<p class=\"desc\"><strong>Le c\u00e2ble de d\u00e9rivation de passerelle s\u00e9curis\u00e9e Autotuner est n\u00e9cessaire pour \u00e9tablir la communication lors des op\u00e9rations d&#039;identification\/lecture\/\u00e9criture sur les v\u00e9hicules Renault, Dacia, Nissan &amp; Mitsubishi \u00e9quip\u00e9s d&#039;une passerelle s\u00e9curis\u00e9e.<\/strong><\/p>\n<p><span class=\"specs-caption ft-bld\">ECU associ\u00e9s\u00a0:<\/span><\/p>\n<ul class=\"specs\">\n<li>Continental EMS3140<\/li>\n<li>Continental EMS3141<\/li>\n<li>Continental EMS3160<\/li>\n<li>Continental EMS3161<\/li>\n<li>Continental SID321<\/li>\n<\/ul>","protected":false},"excerpt":{"rendered":"<p class=\"desc\"><strong>Le c\u00e2ble bypass Secure gateway est n\u00e9cessaire pour \u00e9tablir la communication lors des op\u00e9rations d&#039;identification\/lecture\/\u00e9criture sur les v\u00e9hicules Renault, Dacia, Nissan &amp; Mitsubishi \u00e9quip\u00e9s d&#039;une passerelle s\u00e9curis\u00e9e.<\/strong><\/p>\n<p><span class=\"specs-caption ft-bld\">ECU associ\u00e9s\u00a0:<\/span><\/p>\n<ul class=\"specs\">\n<li>Continental EMS3140<\/li>\n<li>Continental EMS3141<\/li>\n<li>Continental EMS3160<\/li>\n<li>Continental EMS3161<\/li>\n<li>Continental SID321<\/li>\n<\/ul>","protected":false},"featured_media":5872,"template":"","meta":[],"product_brand":[71],"product_cat":[42,119],"product_tag":[],"tool_configuration":[],"tool_interface":[],"flashing_tools":[89],"vehicle_types":[79],"class_list":{"0":"post-5870","1":"product","2":"type-product","3":"status-publish","4":"has-post-thumbnail","6":"product_brand-autotuner","7":"product_cat-accessories","8":"product_cat-all-products","9":"product_shipping_class-small-items","10":"flashing_tools-autotuner","11":"vehicle_types-cars-lcv","13":"first","14":"instock","15":"taxable","16":"shipping-taxable","17":"purchasable","18":"product-type-simple"},"bundled_by":[],"bundle_stock_status":"instock","bundle_stock_quantity":4,"bundle_virtual":false,"bundle_layout":"","bundle_add_to_cart_form_location":"","bundle_editable_in_cart":false,"bundle_sold_individually_context":"","bundle_item_grouping":"","bundle_min_size":"","bundle_max_size":"","bundle_price":[],"bundled_items":[],"bundle_sell_ids":[],"group_of_quantity":0,"min_quantity":0,"max_quantity":"","exclude_order_quantity_value_rules":"no","exclude_category_quantity_rules":"no","combine_variations":"no","acf":[],"yoast_head":"<!-- This site is optimized with the Yoast SEO plugin v27.3 - https:\/\/yoast.com\/product\/yoast-seo-wordpress\/ -->\n<title>Autotuner Secure Gateway Bypass Cable | ECU Remap Center<\/title>\n<meta name=\"robots\" content=\"index, follow, max-snippet:-1, max-image-preview:large, max-video-preview:-1\" \/>\n<link rel=\"canonical\" href=\"https:\/\/ecuremapcenter.com\/fr\/boutique\/cable-de-derivation-de-passerelle-securisee\/\" \/>\n<meta property=\"og:locale\" content=\"fr_FR\" \/>\n<meta property=\"og:type\" content=\"article\" \/>\n<meta property=\"og:title\" content=\"Autotuner Secure Gateway Bypass Cable | ECU Remap Center\" \/>\n<meta property=\"og:description\" content=\"The Secure gateway bypass cable is required to establish communication during identification\/read\/write operations on Renault, Dacia, Nissan &amp; Mitsubishi vehicles equipped with a secure gateway. Related ECUs:   Continental EMS3140  Continental EMS3141  Continental EMS3160  Continental EMS3161  Continental SID321\" \/>\n<meta property=\"og:url\" content=\"https:\/\/ecuremapcenter.com\/fr\/boutique\/cable-de-derivation-de-passerelle-securisee\/\" \/>\n<meta property=\"og:site_name\" content=\"ECU Remap Center\" \/>\n<meta property=\"article:publisher\" content=\"https:\/\/www.facebook.com\/ecuremapcenter\" \/>\n<meta property=\"article:modified_time\" content=\"2025-11-06T09:05:39+00:00\" \/>\n<meta property=\"og:image\" content=\"https:\/\/ecuremapcenter.com\/wp-content\/uploads\/2024\/04\/ATPG050.jpg\" \/>\n\t<meta property=\"og:image:width\" content=\"1000\" \/>\n\t<meta property=\"og:image:height\" content=\"1000\" \/>\n\t<meta property=\"og:image:type\" content=\"image\/jpeg\" \/>\n<meta name=\"twitter:card\" content=\"summary_large_image\" \/>\n<meta name=\"twitter:label1\" content=\"Dur\u00e9e de lecture estim\u00e9e\" \/>\n\t<meta name=\"twitter:data1\" content=\"1 minute\" \/>\n<script type=\"application\/ld+json\" class=\"yoast-schema-graph\">{\"@context\":\"https:\\\/\\\/schema.org\",\"@graph\":[{\"@type\":\"WebPage\",\"@id\":\"https:\\\/\\\/ecuremapcenter.com\\\/shop\\\/autotuner-secure-gateway-bypass-cable\\\/\",\"url\":\"https:\\\/\\\/ecuremapcenter.com\\\/shop\\\/autotuner-secure-gateway-bypass-cable\\\/\",\"name\":\"Autotuner Secure Gateway Bypass Cable | ECU Remap Center\",\"isPartOf\":{\"@id\":\"https:\\\/\\\/ecuremapcenter.com\\\/#website\"},\"primaryImageOfPage\":{\"@id\":\"https:\\\/\\\/ecuremapcenter.com\\\/shop\\\/autotuner-secure-gateway-bypass-cable\\\/#primaryimage\"},\"image\":{\"@id\":\"https:\\\/\\\/ecuremapcenter.com\\\/shop\\\/autotuner-secure-gateway-bypass-cable\\\/#primaryimage\"},\"thumbnailUrl\":\"https:\\\/\\\/ecuremapcenter.com\\\/wp-content\\\/uploads\\\/2024\\\/04\\\/ATPG050.jpg\",\"datePublished\":\"2024-04-02T12:12:56+00:00\",\"dateModified\":\"2025-11-06T09:05:39+00:00\",\"breadcrumb\":{\"@id\":\"https:\\\/\\\/ecuremapcenter.com\\\/shop\\\/autotuner-secure-gateway-bypass-cable\\\/#breadcrumb\"},\"inLanguage\":\"fr-FR\",\"potentialAction\":[{\"@type\":\"ReadAction\",\"target\":[\"https:\\\/\\\/ecuremapcenter.com\\\/shop\\\/autotuner-secure-gateway-bypass-cable\\\/\"]}]},{\"@type\":\"ImageObject\",\"inLanguage\":\"fr-FR\",\"@id\":\"https:\\\/\\\/ecuremapcenter.com\\\/shop\\\/autotuner-secure-gateway-bypass-cable\\\/#primaryimage\",\"url\":\"https:\\\/\\\/ecuremapcenter.com\\\/wp-content\\\/uploads\\\/2024\\\/04\\\/ATPG050.jpg\",\"contentUrl\":\"https:\\\/\\\/ecuremapcenter.com\\\/wp-content\\\/uploads\\\/2024\\\/04\\\/ATPG050.jpg\",\"width\":1000,\"height\":1000},{\"@type\":\"BreadcrumbList\",\"@id\":\"https:\\\/\\\/ecuremapcenter.com\\\/shop\\\/autotuner-secure-gateway-bypass-cable\\\/#breadcrumb\",\"itemListElement\":[{\"@type\":\"ListItem\",\"position\":1,\"name\":\"Home\",\"item\":\"https:\\\/\\\/ecuremapcenter.com\\\/\"},{\"@type\":\"ListItem\",\"position\":2,\"name\":\"Shop\",\"item\":\"https:\\\/\\\/ecuremapcenter.com\\\/shop\\\/\"},{\"@type\":\"ListItem\",\"position\":3,\"name\":\"Autotuner Secure Gateway Bypass Cable\"}]},{\"@type\":\"WebSite\",\"@id\":\"https:\\\/\\\/ecuremapcenter.com\\\/#website\",\"url\":\"https:\\\/\\\/ecuremapcenter.com\\\/\",\"name\":\"ECU Remap Center\",\"description\":\"High quality ECU, TCU remaps and DPF Off, EGR Off, SCR Off solutions for chip tuning professionals\",\"publisher\":{\"@id\":\"https:\\\/\\\/ecuremapcenter.com\\\/#organization\"},\"alternateName\":\"ERC\",\"potentialAction\":[{\"@type\":\"SearchAction\",\"target\":{\"@type\":\"EntryPoint\",\"urlTemplate\":\"https:\\\/\\\/ecuremapcenter.com\\\/?s={search_term_string}\"},\"query-input\":{\"@type\":\"PropertyValueSpecification\",\"valueRequired\":true,\"valueName\":\"search_term_string\"}}],\"inLanguage\":\"fr-FR\"},{\"@type\":\"Organization\",\"@id\":\"https:\\\/\\\/ecuremapcenter.com\\\/#organization\",\"name\":\"ECU Remap Center\",\"alternateName\":\"ERC\",\"url\":\"https:\\\/\\\/ecuremapcenter.com\\\/\",\"logo\":{\"@type\":\"ImageObject\",\"inLanguage\":\"fr-FR\",\"@id\":\"https:\\\/\\\/ecuremapcenter.com\\\/#\\\/schema\\\/logo\\\/image\\\/\",\"url\":\"https:\\\/\\\/ecuremapcenter.com\\\/wp-content\\\/uploads\\\/2021\\\/06\\\/erc-logo.svg\",\"contentUrl\":\"https:\\\/\\\/ecuremapcenter.com\\\/wp-content\\\/uploads\\\/2021\\\/06\\\/erc-logo.svg\",\"width\":780,\"height\":236,\"caption\":\"ECU Remap Center\"},\"image\":{\"@id\":\"https:\\\/\\\/ecuremapcenter.com\\\/#\\\/schema\\\/logo\\\/image\\\/\"},\"sameAs\":[\"https:\\\/\\\/www.facebook.com\\\/ecuremapcenter\",\"https:\\\/\\\/www.instagram.com\\\/ecuremapcenter\\\/\"]}]}<\/script>\n<!-- \/ Yoast SEO plugin. -->","yoast_head_json":{"title":"C\u00e2ble de d\u00e9rivation de passerelle s\u00e9curis\u00e9e Autotuner | Centre de reprogrammation du calculateur","robots":{"index":"index","follow":"follow","max-snippet":"max-snippet:-1","max-image-preview":"max-image-preview:large","max-video-preview":"max-video-preview:-1"},"canonical":"https:\/\/ecuremapcenter.com\/fr\/boutique\/cable-de-derivation-de-passerelle-securisee\/","og_locale":"fr_FR","og_type":"article","og_title":"Autotuner Secure Gateway Bypass Cable | ECU Remap Center","og_description":"The Secure gateway bypass cable is required to establish communication during identification\/read\/write operations on Renault, Dacia, Nissan &amp; Mitsubishi vehicles equipped with a secure gateway. Related ECUs:   Continental EMS3140  Continental EMS3141  Continental EMS3160  Continental EMS3161  Continental SID321","og_url":"https:\/\/ecuremapcenter.com\/fr\/boutique\/cable-de-derivation-de-passerelle-securisee\/","og_site_name":"ECU Remap Center","article_publisher":"https:\/\/www.facebook.com\/ecuremapcenter","article_modified_time":"2025-11-06T09:05:39+00:00","og_image":[{"width":1000,"height":1000,"url":"https:\/\/ecuremapcenter.com\/wp-content\/uploads\/2024\/04\/ATPG050.jpg","type":"image\/jpeg"}],"twitter_card":"summary_large_image","twitter_misc":{"Dur\u00e9e de lecture estim\u00e9e":"1 minute"},"schema":{"@context":"https:\/\/schema.org","@graph":[{"@type":"WebPage","@id":"https:\/\/ecuremapcenter.com\/shop\/autotuner-secure-gateway-bypass-cable\/","url":"https:\/\/ecuremapcenter.com\/shop\/autotuner-secure-gateway-bypass-cable\/","name":"C\u00e2ble de d\u00e9rivation de passerelle s\u00e9curis\u00e9e Autotuner | Centre de reprogrammation du calculateur","isPartOf":{"@id":"https:\/\/ecuremapcenter.com\/#website"},"primaryImageOfPage":{"@id":"https:\/\/ecuremapcenter.com\/shop\/autotuner-secure-gateway-bypass-cable\/#primaryimage"},"image":{"@id":"https:\/\/ecuremapcenter.com\/shop\/autotuner-secure-gateway-bypass-cable\/#primaryimage"},"thumbnailUrl":"https:\/\/ecuremapcenter.com\/wp-content\/uploads\/2024\/04\/ATPG050.jpg","datePublished":"2024-04-02T12:12:56+00:00","dateModified":"2025-11-06T09:05:39+00:00","breadcrumb":{"@id":"https:\/\/ecuremapcenter.com\/shop\/autotuner-secure-gateway-bypass-cable\/#breadcrumb"},"inLanguage":"fr-FR","potentialAction":[{"@type":"ReadAction","target":["https:\/\/ecuremapcenter.com\/shop\/autotuner-secure-gateway-bypass-cable\/"]}]},{"@type":"ImageObject","inLanguage":"fr-FR","@id":"https:\/\/ecuremapcenter.com\/shop\/autotuner-secure-gateway-bypass-cable\/#primaryimage","url":"https:\/\/ecuremapcenter.com\/wp-content\/uploads\/2024\/04\/ATPG050.jpg","contentUrl":"https:\/\/ecuremapcenter.com\/wp-content\/uploads\/2024\/04\/ATPG050.jpg","width":1000,"height":1000},{"@type":"BreadcrumbList","@id":"https:\/\/ecuremapcenter.com\/shop\/autotuner-secure-gateway-bypass-cable\/#breadcrumb","itemListElement":[{"@type":"ListItem","position":1,"name":"Home","item":"https:\/\/ecuremapcenter.com\/"},{"@type":"ListItem","position":2,"name":"Shop","item":"https:\/\/ecuremapcenter.com\/shop\/"},{"@type":"ListItem","position":3,"name":"Autotuner Secure Gateway Bypass Cable"}]},{"@type":"WebSite","@id":"https:\/\/ecuremapcenter.com\/#website","url":"https:\/\/ecuremapcenter.com\/","name":"Centre de remappage ECU","description":"ECU, TCU remaps et solutions DPF Off, EGR Off, SCR Off de haute qualit\u00e9 pour les professionnels du r\u00e9glage des puces","publisher":{"@id":"https:\/\/ecuremapcenter.com\/#organization"},"alternateName":"ERC","potentialAction":[{"@type":"SearchAction","target":{"@type":"EntryPoint","urlTemplate":"https:\/\/ecuremapcenter.com\/?s={search_term_string}"},"query-input":{"@type":"PropertyValueSpecification","valueRequired":true,"valueName":"search_term_string"}}],"inLanguage":"fr-FR"},{"@type":"Organization","@id":"https:\/\/ecuremapcenter.com\/#organization","name":"Centre de remappage ECU","alternateName":"ERC","url":"https:\/\/ecuremapcenter.com\/","logo":{"@type":"ImageObject","inLanguage":"fr-FR","@id":"https:\/\/ecuremapcenter.com\/#\/schema\/logo\/image\/","url":"https:\/\/ecuremapcenter.com\/wp-content\/uploads\/2021\/06\/erc-logo.svg","contentUrl":"https:\/\/ecuremapcenter.com\/wp-content\/uploads\/2021\/06\/erc-logo.svg","width":780,"height":236,"caption":"ECU Remap Center"},"image":{"@id":"https:\/\/ecuremapcenter.com\/#\/schema\/logo\/image\/"},"sameAs":["https:\/\/www.facebook.com\/ecuremapcenter","https:\/\/www.instagram.com\/ecuremapcenter\/"]}]}},"_links":{"self":[{"href":"https:\/\/ecuremapcenter.com\/fr\/wp-json\/wp\/v2\/product\/5870","targetHints":{"allow":["GET"]}}],"collection":[{"href":"https:\/\/ecuremapcenter.com\/fr\/wp-json\/wp\/v2\/product"}],"about":[{"href":"https:\/\/ecuremapcenter.com\/fr\/wp-json\/wp\/v2\/types\/product"}],"wp:featuredmedia":[{"embeddable":true,"href":"https:\/\/ecuremapcenter.com\/fr\/wp-json\/wp\/v2\/media\/5872"}],"wp:attachment":[{"href":"https:\/\/ecuremapcenter.com\/fr\/wp-json\/wp\/v2\/media?parent=5870"}],"wp:term":[{"taxonomy":"product_brand","embeddable":true,"href":"https:\/\/ecuremapcenter.com\/fr\/wp-json\/wp\/v2\/product_brand?post=5870"},{"taxonomy":"product_cat","embeddable":true,"href":"https:\/\/ecuremapcenter.com\/fr\/wp-json\/wp\/v2\/product_cat?post=5870"},{"taxonomy":"product_tag","embeddable":true,"href":"https:\/\/ecuremapcenter.com\/fr\/wp-json\/wp\/v2\/product_tag?post=5870"},{"taxonomy":"tool_configuration","embeddable":true,"href":"https:\/\/ecuremapcenter.com\/fr\/wp-json\/wp\/v2\/tool_configuration?post=5870"},{"taxonomy":"tool_interface","embeddable":true,"href":"https:\/\/ecuremapcenter.com\/fr\/wp-json\/wp\/v2\/tool_interface?post=5870"},{"taxonomy":"flashing_tools","embeddable":true,"href":"https:\/\/ecuremapcenter.com\/fr\/wp-json\/wp\/v2\/flashing_tools?post=5870"},{"taxonomy":"vehicle_types","embeddable":true,"href":"https:\/\/ecuremapcenter.com\/fr\/wp-json\/wp\/v2\/vehicle_types?post=5870"}],"curies":[{"name":"wp","href":"https:\/\/api.w.org\/{rel}","templated":true}]}}