{"id":7668,"date":"2025-03-05T16:36:56","date_gmt":"2025-03-05T15:36:56","guid":{"rendered":"https:\/\/ecuremapcenter.com\/?post_type=product&#038;p=7668"},"modified":"2026-04-14T09:58:05","modified_gmt":"2026-04-14T08:58:05","slug":"kit-doutils-de-chiptuning-flexible-esclave","status":"publish","type":"product","link":"https:\/\/ecuremapcenter.com\/fr\/boutique\/kit-doutils-de-chiptuning-flexible-esclave\/","title":{"rendered":"Kit d&#039;outils de chiptuning Flex esclave"},"content":{"rendered":"<p>Avec Flex, vous avez tout ce dont vous avez besoin pour commencer \u00e0 travailler dans le monde du chiptuning et dynamiser votre entreprise avec de nombreux services et solutions dans votre atelier m\u00e9catronique.<\/p>\n<p><strong>Travailler avec Flex est extr\u00eamement simple<\/strong>: choisissez la marque et le mod\u00e8le du v\u00e9hicule ou entrez le code ECU ou TCU, le logiciel affichera automatiquement les modes de connexion disponibles.<\/p>\n<p>Avec Flex, vous avez tout sous contr\u00f4le gr\u00e2ce \u00e0 la\u00a0<strong>Fonction d&#039;enregistrement de donn\u00e9es<\/strong>, vous permettant de collecter jusqu&#039;\u00e0 60 000 param\u00e8tres en temps r\u00e9el tels que la pression, le couple, l&#039;air, le carburant, la temp\u00e9rature des gaz d&#039;\u00e9chappement, la vitesse, le r\u00e9gime et bien plus encore.<\/p>\n<p>Aussi, avec\u00a0<strong>Serrure magique<\/strong>\u00a0votre travail est s\u00e9curis\u00e9 : vous pouvez refuser l&#039;acc\u00e8s aux fichiers enregistr\u00e9s dans les unit\u00e9s du moteur \u00e0 ceux qui ne sont pas autoris\u00e9s.<\/p>\n<h4><strong><span id=\"EEJ833W\">QUE CONTIENT LE KIT FLEX<\/span><\/strong><\/h4>\n<p>Le kit mat\u00e9riel est d\u00e9sormais encore plus complet. Il comprend le programmateur Flex, le module suppl\u00e9mentaire Flexbox et les c\u00e2bles de connexion de base.<br \/>\n<strong>Il comprend d\u00e9sormais \u00e9galement le c\u00e2ble FLX2.14 et le kit adaptateur pour se connecter \u00e0 n&#039;importe quelle unit\u00e9 de contr\u00f4le.<\/strong><\/p>","protected":false},"excerpt":{"rendered":"<p>Flex est un programmeur innovant pour les ateliers m\u00e9catroniques, compatible avec les derni\u00e8res avanc\u00e9es du tuning et de la r\u00e9paration automobile. D\u00e9sormais enti\u00e8rement personnalisable. Choisissez votre logiciel, importez le logo de votre entreprise et cr\u00e9ez votre outil de chiptuning.<\/p>\n<p><strong>Caract\u00e9ristiques principales :<\/strong><\/p>\n<p>\u2013 Programmeur ECU et TCU<br \/>\n\u2013 Plus de 25 000 v\u00e9hicules pris en charge<br \/>\n\u2013 Logiciel intuitif<br \/>\n\u2013 Garantie \u00e0 vie limit\u00e9e<br \/>\n\u2013 Support technique<\/p>","protected":false},"featured_media":7638,"template":"","meta":[],"product_brand":[127],"product_cat":[41],"product_tag":[],"tool_configuration":[85],"tool_interface":[96,97,95],"flashing_tools":[90],"vehicle_types":[82,80,79,83,81],"class_list":{"0":"post-7668","1":"product","2":"type-product","3":"status-publish","4":"has-post-thumbnail","6":"product_brand-magic-motorsport","7":"product_cat-pro-tools","8":"product_shipping_class-heavy-items","9":"tool_configuration-slave","10":"tool_interface-bench","11":"tool_interface-boot","12":"tool_interface-obd","13":"flashing_tools-flex","14":"vehicle_types-agriculture","15":"vehicle_types-bike-atv","16":"vehicle_types-cars-lcv","17":"vehicle_types-marine","18":"vehicle_types-truck-bus","20":"first","21":"instock","22":"taxable","23":"shipping-taxable","24":"purchasable","25":"product-type-bundle"},"bundled_by":[],"bundle_stock_status":"instock","bundle_stock_quantity":"","bundle_virtual":false,"bundle_layout":"default","bundle_add_to_cart_form_location":"default","bundle_editable_in_cart":false,"bundle_sold_individually_context":"product","bundle_item_grouping":"parent","bundle_min_size":"","bundle_max_size":"","bundle_price":{"price":{"min":{"incl_tax":"1090","excl_tax":"1090"},"max":{"incl_tax":"5490","excl_tax":"5490"}},"regular_price":{"min":{"incl_tax":"1090","excl_tax":"1090"},"max":{"incl_tax":"5490","excl_tax":"5490"}}},"bundled_items":[{"bundled_item_id":95,"product_id":7636,"menu_order":0,"quantity_min":1,"quantity_max":1,"quantity_default":1,"priced_individually":true,"shipped_individually":false,"override_title":false,"title":"Mat\u00e9riel pour l&#039;outil de chiptuning Flex","override_description":false,"description":"","optional":false,"hide_thumbnail":false,"discount":"","override_variations":false,"allowed_variations":[],"override_default_variation_attributes":false,"default_variation_attributes":[],"single_product_visibility":"hidden","cart_visibility":"hidden","order_visibility":"hidden","single_product_price_visibility":"visible","cart_price_visibility":"visible","order_price_visibility":"visible","stock_status":"in_stock"},{"bundled_item_id":99,"product_id":7656,"menu_order":1,"quantity_min":1,"quantity_max":1,"quantity_default":1,"priced_individually":true,"shipped_individually":true,"override_title":false,"title":"Progiciel Full Flex Slave","override_description":false,"description":"","optional":true,"hide_thumbnail":false,"discount":"","override_variations":false,"allowed_variations":[],"override_default_variation_attributes":false,"default_variation_attributes":[],"single_product_visibility":"visible","cart_visibility":"visible","order_visibility":"visible","single_product_price_visibility":"visible","cart_price_visibility":"visible","order_price_visibility":"visible","stock_status":"in_stock"},{"bundled_item_id":96,"product_id":7660,"menu_order":2,"quantity_min":1,"quantity_max":1,"quantity_default":1,"priced_individually":true,"shipped_individually":true,"override_title":false,"title":"SW Flex ECU (voitures, camionnettes, motos) OBD + Bench Slave","override_description":false,"description":"","optional":true,"hide_thumbnail":false,"discount":"","override_variations":false,"allowed_variations":[],"override_default_variation_attributes":false,"default_variation_attributes":[],"single_product_visibility":"visible","cart_visibility":"visible","order_visibility":"visible","single_product_price_visibility":"visible","cart_price_visibility":"visible","order_price_visibility":"visible","stock_status":"in_stock"},{"bundled_item_id":97,"product_id":7662,"menu_order":3,"quantity_min":1,"quantity_max":1,"quantity_default":1,"priced_individually":true,"shipped_individually":true,"override_title":false,"title":"SW Flex TCU OBD + esclave de banc","override_description":false,"description":"","optional":true,"hide_thumbnail":false,"discount":"","override_variations":false,"allowed_variations":[],"override_default_variation_attributes":false,"default_variation_attributes":[],"single_product_visibility":"visible","cart_visibility":"visible","order_visibility":"visible","single_product_price_visibility":"visible","cart_price_visibility":"visible","order_price_visibility":"visible","stock_status":"in_stock"},{"bundled_item_id":140,"product_id":9695,"menu_order":4,"quantity_min":1,"quantity_max":1,"quantity_default":1,"priced_individually":true,"shipped_individually":true,"override_title":false,"title":"SW Flex Bikes OBD + Bench + Boot Slave","override_description":false,"description":"","optional":true,"hide_thumbnail":false,"discount":"","override_variations":false,"allowed_variations":[],"override_default_variation_attributes":false,"default_variation_attributes":[],"single_product_visibility":"visible","cart_visibility":"visible","order_visibility":"visible","single_product_price_visibility":"visible","cart_price_visibility":"visible","order_price_visibility":"visible","stock_status":"in_stock"},{"bundled_item_id":98,"product_id":7664,"menu_order":5,"quantity_min":1,"quantity_max":1,"quantity_default":1,"priced_individually":true,"shipped_individually":true,"override_title":false,"title":"Enregistreur de donn\u00e9es Flex esclave","override_description":false,"description":"","optional":true,"hide_thumbnail":false,"discount":"","override_variations":false,"allowed_variations":[],"override_default_variation_attributes":false,"default_variation_attributes":[],"single_product_visibility":"visible","cart_visibility":"visible","order_visibility":"visible","single_product_price_visibility":"visible","cart_price_visibility":"visible","order_price_visibility":"visible","stock_status":"in_stock"}],"bundle_sell_ids":[],"group_of_quantity":0,"min_quantity":0,"max_quantity":"","exclude_order_quantity_value_rules":"no","exclude_category_quantity_rules":"no","combine_variations":"no","acf":[],"yoast_head":"<!-- This site is optimized with the Yoast SEO plugin v27.3 - https:\/\/yoast.com\/product\/yoast-seo-wordpress\/ -->\n<title>Flex Chiptuning Tool Kit Slave | ECU Remap Center<\/title>\n<meta name=\"robots\" content=\"index, follow, max-snippet:-1, max-image-preview:large, max-video-preview:-1\" \/>\n<link rel=\"canonical\" href=\"https:\/\/ecuremapcenter.com\/fr\/boutique\/kit-doutils-de-chiptuning-flexible-esclave\/\" \/>\n<meta property=\"og:locale\" content=\"fr_FR\" \/>\n<meta property=\"og:type\" content=\"article\" \/>\n<meta property=\"og:title\" content=\"Flex Chiptuning Tool Kit Slave | ECU Remap Center\" \/>\n<meta property=\"og:description\" content=\"Flex is an innovative programmer for mechatronic workshops that fully supports the latest developments in the tuning and vehicle repair industry. Now fully customizable. Choose your software, upload your company logo and create your chiptuning tool.  Main features:  - ECU &amp; TCU Programmer - Over 25,000 Supported Vehicles - Intuitive Software - Limited Lifetime Warranty - Tech Support\" \/>\n<meta property=\"og:url\" content=\"https:\/\/ecuremapcenter.com\/fr\/boutique\/kit-doutils-de-chiptuning-flexible-esclave\/\" \/>\n<meta property=\"og:site_name\" content=\"ECU Remap Center\" \/>\n<meta property=\"article:publisher\" content=\"https:\/\/www.facebook.com\/ecuremapcenter\" \/>\n<meta property=\"article:modified_time\" content=\"2026-04-14T08:58:05+00:00\" \/>\n<meta property=\"og:image\" content=\"https:\/\/ecuremapcenter.com\/wp-content\/uploads\/2025\/03\/flex-chiptuning-tool-2.png\" \/>\n\t<meta property=\"og:image:width\" content=\"1200\" \/>\n\t<meta property=\"og:image:height\" content=\"1200\" \/>\n\t<meta property=\"og:image:type\" content=\"image\/png\" \/>\n<meta name=\"twitter:card\" content=\"summary_large_image\" \/>\n<meta name=\"twitter:label1\" content=\"Dur\u00e9e de lecture estim\u00e9e\" \/>\n\t<meta name=\"twitter:data1\" content=\"1 minute\" \/>\n<script type=\"application\/ld+json\" class=\"yoast-schema-graph\">{\"@context\":\"https:\\\/\\\/schema.org\",\"@graph\":[{\"@type\":\"WebPage\",\"@id\":\"https:\\\/\\\/ecuremapcenter.com\\\/shop\\\/flex-chiptuning-tool-kit-slave\\\/\",\"url\":\"https:\\\/\\\/ecuremapcenter.com\\\/shop\\\/flex-chiptuning-tool-kit-slave\\\/\",\"name\":\"Flex Chiptuning Tool Kit Slave | ECU Remap Center\",\"isPartOf\":{\"@id\":\"https:\\\/\\\/ecuremapcenter.com\\\/#website\"},\"primaryImageOfPage\":{\"@id\":\"https:\\\/\\\/ecuremapcenter.com\\\/shop\\\/flex-chiptuning-tool-kit-slave\\\/#primaryimage\"},\"image\":{\"@id\":\"https:\\\/\\\/ecuremapcenter.com\\\/shop\\\/flex-chiptuning-tool-kit-slave\\\/#primaryimage\"},\"thumbnailUrl\":\"https:\\\/\\\/ecuremapcenter.com\\\/wp-content\\\/uploads\\\/2025\\\/03\\\/flex-chiptuning-tool-2.png\",\"datePublished\":\"2025-03-05T15:36:56+00:00\",\"dateModified\":\"2026-04-14T08:58:05+00:00\",\"breadcrumb\":{\"@id\":\"https:\\\/\\\/ecuremapcenter.com\\\/shop\\\/flex-chiptuning-tool-kit-slave\\\/#breadcrumb\"},\"inLanguage\":\"fr-FR\",\"potentialAction\":[{\"@type\":\"ReadAction\",\"target\":[\"https:\\\/\\\/ecuremapcenter.com\\\/shop\\\/flex-chiptuning-tool-kit-slave\\\/\"]}]},{\"@type\":\"ImageObject\",\"inLanguage\":\"fr-FR\",\"@id\":\"https:\\\/\\\/ecuremapcenter.com\\\/shop\\\/flex-chiptuning-tool-kit-slave\\\/#primaryimage\",\"url\":\"https:\\\/\\\/ecuremapcenter.com\\\/wp-content\\\/uploads\\\/2025\\\/03\\\/flex-chiptuning-tool-2.png\",\"contentUrl\":\"https:\\\/\\\/ecuremapcenter.com\\\/wp-content\\\/uploads\\\/2025\\\/03\\\/flex-chiptuning-tool-2.png\",\"width\":1200,\"height\":1200},{\"@type\":\"BreadcrumbList\",\"@id\":\"https:\\\/\\\/ecuremapcenter.com\\\/shop\\\/flex-chiptuning-tool-kit-slave\\\/#breadcrumb\",\"itemListElement\":[{\"@type\":\"ListItem\",\"position\":1,\"name\":\"Home\",\"item\":\"https:\\\/\\\/ecuremapcenter.com\\\/\"},{\"@type\":\"ListItem\",\"position\":2,\"name\":\"Shop\",\"item\":\"https:\\\/\\\/ecuremapcenter.com\\\/shop\\\/\"},{\"@type\":\"ListItem\",\"position\":3,\"name\":\"Flex Chiptuning Tool Kit Slave\"}]},{\"@type\":\"WebSite\",\"@id\":\"https:\\\/\\\/ecuremapcenter.com\\\/#website\",\"url\":\"https:\\\/\\\/ecuremapcenter.com\\\/\",\"name\":\"ECU Remap Center\",\"description\":\"High quality ECU, TCU remaps and DPF Off, EGR Off, SCR Off solutions for chip tuning professionals\",\"publisher\":{\"@id\":\"https:\\\/\\\/ecuremapcenter.com\\\/#organization\"},\"alternateName\":\"ERC\",\"potentialAction\":[{\"@type\":\"SearchAction\",\"target\":{\"@type\":\"EntryPoint\",\"urlTemplate\":\"https:\\\/\\\/ecuremapcenter.com\\\/?s={search_term_string}\"},\"query-input\":{\"@type\":\"PropertyValueSpecification\",\"valueRequired\":true,\"valueName\":\"search_term_string\"}}],\"inLanguage\":\"fr-FR\"},{\"@type\":\"Organization\",\"@id\":\"https:\\\/\\\/ecuremapcenter.com\\\/#organization\",\"name\":\"ECU Remap Center\",\"alternateName\":\"ERC\",\"url\":\"https:\\\/\\\/ecuremapcenter.com\\\/\",\"logo\":{\"@type\":\"ImageObject\",\"inLanguage\":\"fr-FR\",\"@id\":\"https:\\\/\\\/ecuremapcenter.com\\\/#\\\/schema\\\/logo\\\/image\\\/\",\"url\":\"https:\\\/\\\/ecuremapcenter.com\\\/wp-content\\\/uploads\\\/2021\\\/06\\\/erc-logo.svg\",\"contentUrl\":\"https:\\\/\\\/ecuremapcenter.com\\\/wp-content\\\/uploads\\\/2021\\\/06\\\/erc-logo.svg\",\"width\":780,\"height\":236,\"caption\":\"ECU Remap Center\"},\"image\":{\"@id\":\"https:\\\/\\\/ecuremapcenter.com\\\/#\\\/schema\\\/logo\\\/image\\\/\"},\"sameAs\":[\"https:\\\/\\\/www.facebook.com\\\/ecuremapcenter\",\"https:\\\/\\\/www.instagram.com\\\/ecuremapcenter\\\/\"]}]}<\/script>\n<!-- \/ Yoast SEO plugin. -->","yoast_head_json":{"title":"Kit de reprogrammation Flex pour calculateur esclave | Centre de reprogrammation du calculateur","robots":{"index":"index","follow":"follow","max-snippet":"max-snippet:-1","max-image-preview":"max-image-preview:large","max-video-preview":"max-video-preview:-1"},"canonical":"https:\/\/ecuremapcenter.com\/fr\/boutique\/kit-doutils-de-chiptuning-flexible-esclave\/","og_locale":"fr_FR","og_type":"article","og_title":"Flex Chiptuning Tool Kit Slave | ECU Remap Center","og_description":"Flex is an innovative programmer for mechatronic workshops that fully supports the latest developments in the tuning and vehicle repair industry. Now fully customizable. Choose your software, upload your company logo and create your chiptuning tool.  Main features:  - ECU &amp; TCU Programmer - Over 25,000 Supported Vehicles - Intuitive Software - Limited Lifetime Warranty - Tech Support","og_url":"https:\/\/ecuremapcenter.com\/fr\/boutique\/kit-doutils-de-chiptuning-flexible-esclave\/","og_site_name":"ECU Remap Center","article_publisher":"https:\/\/www.facebook.com\/ecuremapcenter","article_modified_time":"2026-04-14T08:58:05+00:00","og_image":[{"width":1200,"height":1200,"url":"https:\/\/ecuremapcenter.com\/wp-content\/uploads\/2025\/03\/flex-chiptuning-tool-2.png","type":"image\/png"}],"twitter_card":"summary_large_image","twitter_misc":{"Dur\u00e9e de lecture estim\u00e9e":"1 minute"},"schema":{"@context":"https:\/\/schema.org","@graph":[{"@type":"WebPage","@id":"https:\/\/ecuremapcenter.com\/shop\/flex-chiptuning-tool-kit-slave\/","url":"https:\/\/ecuremapcenter.com\/shop\/flex-chiptuning-tool-kit-slave\/","name":"Kit de reprogrammation Flex pour calculateur esclave | Centre de reprogrammation du calculateur","isPartOf":{"@id":"https:\/\/ecuremapcenter.com\/#website"},"primaryImageOfPage":{"@id":"https:\/\/ecuremapcenter.com\/shop\/flex-chiptuning-tool-kit-slave\/#primaryimage"},"image":{"@id":"https:\/\/ecuremapcenter.com\/shop\/flex-chiptuning-tool-kit-slave\/#primaryimage"},"thumbnailUrl":"https:\/\/ecuremapcenter.com\/wp-content\/uploads\/2025\/03\/flex-chiptuning-tool-2.png","datePublished":"2025-03-05T15:36:56+00:00","dateModified":"2026-04-14T08:58:05+00:00","breadcrumb":{"@id":"https:\/\/ecuremapcenter.com\/shop\/flex-chiptuning-tool-kit-slave\/#breadcrumb"},"inLanguage":"fr-FR","potentialAction":[{"@type":"ReadAction","target":["https:\/\/ecuremapcenter.com\/shop\/flex-chiptuning-tool-kit-slave\/"]}]},{"@type":"ImageObject","inLanguage":"fr-FR","@id":"https:\/\/ecuremapcenter.com\/shop\/flex-chiptuning-tool-kit-slave\/#primaryimage","url":"https:\/\/ecuremapcenter.com\/wp-content\/uploads\/2025\/03\/flex-chiptuning-tool-2.png","contentUrl":"https:\/\/ecuremapcenter.com\/wp-content\/uploads\/2025\/03\/flex-chiptuning-tool-2.png","width":1200,"height":1200},{"@type":"BreadcrumbList","@id":"https:\/\/ecuremapcenter.com\/shop\/flex-chiptuning-tool-kit-slave\/#breadcrumb","itemListElement":[{"@type":"ListItem","position":1,"name":"Home","item":"https:\/\/ecuremapcenter.com\/"},{"@type":"ListItem","position":2,"name":"Shop","item":"https:\/\/ecuremapcenter.com\/shop\/"},{"@type":"ListItem","position":3,"name":"Flex Chiptuning Tool Kit Slave"}]},{"@type":"WebSite","@id":"https:\/\/ecuremapcenter.com\/#website","url":"https:\/\/ecuremapcenter.com\/","name":"Centre de remappage ECU","description":"ECU, TCU remaps et solutions DPF Off, EGR Off, SCR Off de haute qualit\u00e9 pour les professionnels du r\u00e9glage des puces","publisher":{"@id":"https:\/\/ecuremapcenter.com\/#organization"},"alternateName":"ERC","potentialAction":[{"@type":"SearchAction","target":{"@type":"EntryPoint","urlTemplate":"https:\/\/ecuremapcenter.com\/?s={search_term_string}"},"query-input":{"@type":"PropertyValueSpecification","valueRequired":true,"valueName":"search_term_string"}}],"inLanguage":"fr-FR"},{"@type":"Organization","@id":"https:\/\/ecuremapcenter.com\/#organization","name":"Centre de remappage ECU","alternateName":"ERC","url":"https:\/\/ecuremapcenter.com\/","logo":{"@type":"ImageObject","inLanguage":"fr-FR","@id":"https:\/\/ecuremapcenter.com\/#\/schema\/logo\/image\/","url":"https:\/\/ecuremapcenter.com\/wp-content\/uploads\/2021\/06\/erc-logo.svg","contentUrl":"https:\/\/ecuremapcenter.com\/wp-content\/uploads\/2021\/06\/erc-logo.svg","width":780,"height":236,"caption":"ECU Remap Center"},"image":{"@id":"https:\/\/ecuremapcenter.com\/#\/schema\/logo\/image\/"},"sameAs":["https:\/\/www.facebook.com\/ecuremapcenter","https:\/\/www.instagram.com\/ecuremapcenter\/"]}]}},"_links":{"self":[{"href":"https:\/\/ecuremapcenter.com\/fr\/wp-json\/wp\/v2\/product\/7668","targetHints":{"allow":["GET"]}}],"collection":[{"href":"https:\/\/ecuremapcenter.com\/fr\/wp-json\/wp\/v2\/product"}],"about":[{"href":"https:\/\/ecuremapcenter.com\/fr\/wp-json\/wp\/v2\/types\/product"}],"wp:featuredmedia":[{"embeddable":true,"href":"https:\/\/ecuremapcenter.com\/fr\/wp-json\/wp\/v2\/media\/7638"}],"wp:attachment":[{"href":"https:\/\/ecuremapcenter.com\/fr\/wp-json\/wp\/v2\/media?parent=7668"}],"wp:term":[{"taxonomy":"product_brand","embeddable":true,"href":"https:\/\/ecuremapcenter.com\/fr\/wp-json\/wp\/v2\/product_brand?post=7668"},{"taxonomy":"product_cat","embeddable":true,"href":"https:\/\/ecuremapcenter.com\/fr\/wp-json\/wp\/v2\/product_cat?post=7668"},{"taxonomy":"product_tag","embeddable":true,"href":"https:\/\/ecuremapcenter.com\/fr\/wp-json\/wp\/v2\/product_tag?post=7668"},{"taxonomy":"tool_configuration","embeddable":true,"href":"https:\/\/ecuremapcenter.com\/fr\/wp-json\/wp\/v2\/tool_configuration?post=7668"},{"taxonomy":"tool_interface","embeddable":true,"href":"https:\/\/ecuremapcenter.com\/fr\/wp-json\/wp\/v2\/tool_interface?post=7668"},{"taxonomy":"flashing_tools","embeddable":true,"href":"https:\/\/ecuremapcenter.com\/fr\/wp-json\/wp\/v2\/flashing_tools?post=7668"},{"taxonomy":"vehicle_types","embeddable":true,"href":"https:\/\/ecuremapcenter.com\/fr\/wp-json\/wp\/v2\/vehicle_types?post=7668"}],"curies":[{"name":"wp","href":"https:\/\/api.w.org\/{rel}","templated":true}]}}