{"id":7735,"date":"2025-02-14T10:45:47","date_gmt":"2025-02-14T09:45:47","guid":{"rendered":"https:\/\/ecuremapcenter.com\/?post_type=product&#038;p=7735"},"modified":"2025-09-25T11:12:05","modified_gmt":"2025-09-25T10:12:05","slug":"topdon-phoenix-elite","status":"publish","type":"product","link":"https:\/\/ecuremapcenter.com\/fr\/boutique\/topdon-phoenix-elite\/","title":{"rendered":"Topdon Phoenix \u00c9lite"},"content":{"rendered":"<p>Le Phoenix Elite est un scanner de diagnostic professionnel offrant des fonctionnalit\u00e9s de niveau \u00e9quipementier. Dot\u00e9 d&#039;un \u00e9cran LCD de 10,1 pouces, d&#039;un processeur 4 c\u0153urs \u00e0 2,0 GHz et du syst\u00e8me d&#039;exploitation Android 10, cet outil offre des diagnostics rapides et pr\u00e9cis. Sa fonction topologique permet aux techniciens d&#039;avoir une vision claire des syst\u00e8mes de capteurs du v\u00e9hicule et de d\u00e9tecter rapidement les probl\u00e8mes de communication ou les codes d&#039;erreur. L&#039;Elite offre des fonctions de maintenance sp\u00e9cifiques et un codage en ligne pour diff\u00e9rentes marques. Cet outil peut effectuer des tests actifs, du codage, des initialisations, des r\u00e9initialisations de m\u00e9moire et bien plus encore.<\/p>\n<h5>Caract\u00e9ristiques<\/h5>\n<p><strong>CONNECTEZ-VOUS AUX V\u00c9HICULES LES PLUS R\u00c9CENTS<br \/>\n<\/strong>La communication du v\u00e9hicule est optimis\u00e9e gr\u00e2ce aux protocoles de communication les plus r\u00e9cents. Le Phoenix Elite est \u00e9quip\u00e9 des fonctions VCI et CAN-FD sans fil.<\/p>\n<p><strong>TOUTES LES DONN\u00c9ES SUR UN SEUL \u00c9CRAN<br \/>\n<\/strong>La cartographie topologique affiche les syst\u00e8mes de v\u00e9hicules associ\u00e9s et le r\u00e9seau CAN.<br \/>\nDiagnostiquez instantan\u00e9ment les probl\u00e8mes de communication.<br \/>\nCartographie cod\u00e9e par couleur de l&#039;\u00e9tat de communication de chaque module.<br \/>\nPropose des tests actifs, des fonctions sp\u00e9ciales, du codage, de l&#039;initialisation et des r\u00e9initialisations de m\u00e9moire.<\/p>\n<p><strong>FONCTIONS GUID\u00c9ES POUR V\u00c9HICULES VAG<\/strong><br \/>\nProc\u00e9dures de diagnostic guid\u00e9es \u00e9tape par \u00e9tape bas\u00e9es sur le code pour les v\u00e9hicules VW et Audi.<\/p>\n<p><strong>VIN AUTOMATIQUE ET D\u00c9TECTION AUTOMATIQUE DU V\u00c9HICULE<\/strong><br \/>\nLe Phoenix Elite capture automatiquement le num\u00e9ro VIN du v\u00e9hicule et trouve toutes les informations pertinentes. Utilisez cette fonctionnalit\u00e9 pour gagner du temps et \u00e9viter les erreurs.<\/p>\n<p><strong>RAPPORTS PR\u00c9-SCAN ET POST-SCAN<\/strong><br \/>\nLes fonctions de pr\u00e9-analyse et de post-analyse permettent au technicien d&#039;enregistrer les codes avant la r\u00e9paration. Des copies peuvent ainsi \u00eatre transmises aux compagnies d&#039;assurance et aux clients pour approbation.<br \/>\nUne fois les r\u00e9parations termin\u00e9es, le rapport post-scan peut \u00eatre enregistr\u00e9, indiquant que tous les codes sont clairs, d\u00e9montrant ainsi l&#039;\u00e9tat de sant\u00e9 du v\u00e9hicule.<\/p>\n<p><strong>D\u00c9VELOPPEZ VOS CAPACIT\u00c9S AVEC L&#039;\u00c9TALONNAGE ADAS<\/strong><br \/>\nAu-del\u00e0 du diagnostic, le Phoenix Elite offre des fonctionnalit\u00e9s ADAS aux garages automobiles. T\u00e9l\u00e9chargez les mises \u00e0 niveau ADAS et associez-le \u00e0 un syst\u00e8me ADAS Phoenix pour transformer votre Phoenix Elite en station d&#039;\u00e9talonnage et cr\u00e9er une nouvelle source de revenus pour les garages.<\/p>\n<h4>Caract\u00e9ristiques<\/h4>\n<p><strong>\u00c9lite Ph\u00e9nix :<\/strong><\/p>\n<ul>\n<li>Affichage : \u00e9cran tactile LCD 10,1 pouces, 1280*800<\/li>\n<li>Processeur\u00a0: processeur 4\u00a0c\u0153urs, 2,0\u00a0GHz, Android\u00a010.0<\/li>\n<li>RAM : 4 Go<\/li>\n<li>ROM 64G<\/li>\n<li>Batterie : 12000 mAh \/ 3,8 V<\/li>\n<li>Tension de fonctionnement : 9~18 V<\/li>\n<li>Temp\u00e9rature de stockage : -20\u2103~60\u2103\uff08-4\u2109~140\u2109\uff09<\/li>\n<li>Temp\u00e9rature de fonctionnement : 0\u2103~50\u2103\uff0832\u2109~122\u2109\uff09<\/li>\n<li>Dimensions : 278 x 191 x 48 mm (10,94 x 7,52 x 1,89 pouces)<\/li>\n<li>Dimensions du colis : 468 x 320 x 143 mm (18,43 x 12,60 x 5,63 pouces)<\/li>\n<li>Support multilingue : 24 langues<br \/>\nAnglais, allemand, espagnol, fran\u00e7ais, italien, japonais, portugais, russe, polonais, turc, n\u00e9erlandais, hongrois, chinois (traditionnel), cor\u00e9en, finnois, grec, slovaque, roumain, arabe, croate, slov\u00e8ne, tch\u00e8que, danois, norv\u00e9gien<\/li>\n<\/ul>\n<p><strong>Phoenix VCI :<\/strong><\/p>\n<ul>\n<li>Temp\u00e9rature de fonctionnement : -10\u2103 \u00e0 50\u2103\uff0814\u2109 \u00e0 122\u2109\uff09<\/li>\n<li>Tension de fonctionnement : 9 \u00e0 18 V<\/li>\n<li>Courant de travail : \u2266 150 mA<\/li>\n<li>Dimensions : 127 x 82 x 36 mm (5 x 3,22 x 1,42 po)<\/li>\n<li>Nouveau protocole pris en charge\u00a0: CANFD<\/li>\n<\/ul>\n<h4>Liste de colisage<\/h4>\n<ul>\n<li>1* Phoenix \u00c9lite<\/li>\n<li>1* Phoenix MDCI (cl\u00e9 VCI)<\/li>\n<li>1* Ligne de transfert de bo\u00eete d&#039;adaptateur OBDI<\/li>\n<li>1* C\u00e2ble d&#039;extension OBDII<\/li>\n<li>1* C\u00e2ble allume-cigare<\/li>\n<li>1* C\u00e2ble Type-C vers USB<\/li>\n<li>1* Ensemble de pinces\/c\u00e2bles de batterie<\/li>\n<li>1* Adaptateur secteur<\/li>\n<li>1* Manuel d&#039;utilisation<\/li>\n<li>1* Enveloppe de mot de passe<\/li>\n<li>Kit de 10 c\u00e2bles adaptateurs non 16 broches<\/li>\n<li>4* Fusible (\u03c65*20mm)<\/li>\n<li>2* Fusible (\u03c66*30mm)<\/li>\n<li>1 c\u00e2ble de programmation pour ch\u00e2ssis BMW F<\/li>\n<\/ul>\n<h4>Garantie et mises \u00e0 jour<\/h4>\n<p>Garantie de deux ans.<br \/>\nDeux ans de mises \u00e0 jour de logiciels gratuits.<\/p>","protected":false},"excerpt":{"rendered":"<p>D\u00e9bloquez des diagnostics avanc\u00e9s avec le TOPDON Phoenix Plus 2, une version am\u00e9lior\u00e9e du Phoenix Plus.<br \/>\nAvec le nouveau support CAN-FD, cet outil couvre d\u00e9sormais une gamme plus large de v\u00e9hicules modernes.<\/p>","protected":false},"featured_media":7736,"template":"","meta":[],"product_brand":[130],"product_cat":[129],"product_tag":[],"tool_configuration":[],"tool_interface":[],"flashing_tools":[103],"vehicle_types":[],"class_list":{"0":"post-7735","1":"product","2":"type-product","3":"status-publish","4":"has-post-thumbnail","6":"product_brand-topdon","7":"product_cat-diagnostic","8":"product_shipping_class-heavy-items","9":"flashing_tools-universal","11":"first","12":"instock","13":"sale","14":"featured","15":"taxable","16":"shipping-taxable","17":"purchasable","18":"product-type-simple"},"bundled_by":[],"bundle_stock_status":"instock","bundle_stock_quantity":1,"bundle_virtual":false,"bundle_layout":"","bundle_add_to_cart_form_location":"","bundle_editable_in_cart":false,"bundle_sold_individually_context":"","bundle_item_grouping":"","bundle_min_size":"","bundle_max_size":"","bundle_price":[],"bundled_items":[],"bundle_sell_ids":[],"group_of_quantity":0,"min_quantity":0,"max_quantity":"","exclude_order_quantity_value_rules":"no","exclude_category_quantity_rules":"no","combine_variations":"no","acf":[],"yoast_head":"<!-- This site is optimized with the Yoast SEO plugin v27.3 - https:\/\/yoast.com\/product\/yoast-seo-wordpress\/ -->\n<title>Topdon Phoenix Elite | ECU Remap Center<\/title>\n<meta name=\"robots\" content=\"index, follow, max-snippet:-1, max-image-preview:large, max-video-preview:-1\" \/>\n<link rel=\"canonical\" href=\"https:\/\/ecuremapcenter.com\/fr\/boutique\/topdon-phoenix-elite\/\" \/>\n<meta property=\"og:locale\" content=\"fr_FR\" \/>\n<meta property=\"og:type\" content=\"article\" \/>\n<meta property=\"og:title\" content=\"Topdon Phoenix Elite | ECU Remap Center\" \/>\n<meta property=\"og:description\" content=\"Unlock advanced diagnostics with the TOPDON Phoenix Plus 2, an enhanced version of the Phoenix Plus. With new CAN-FD support, this tool now covers a broader range of modern vehicles.\" \/>\n<meta property=\"og:url\" content=\"https:\/\/ecuremapcenter.com\/fr\/boutique\/topdon-phoenix-elite\/\" \/>\n<meta property=\"og:site_name\" content=\"ECU Remap Center\" \/>\n<meta property=\"article:publisher\" content=\"https:\/\/www.facebook.com\/ecuremapcenter\" \/>\n<meta property=\"article:modified_time\" content=\"2025-09-25T10:12:05+00:00\" \/>\n<meta property=\"og:image\" content=\"https:\/\/ecuremapcenter.com\/wp-content\/uploads\/2025\/03\/topdon_phoenix_elite_1.jpg\" \/>\n\t<meta property=\"og:image:width\" content=\"1200\" \/>\n\t<meta property=\"og:image:height\" content=\"1200\" \/>\n\t<meta property=\"og:image:type\" content=\"image\/jpeg\" \/>\n<meta name=\"twitter:card\" content=\"summary_large_image\" \/>\n<meta name=\"twitter:label1\" content=\"Dur\u00e9e de lecture estim\u00e9e\" \/>\n\t<meta name=\"twitter:data1\" content=\"4 minutes\" \/>\n<script type=\"application\/ld+json\" class=\"yoast-schema-graph\">{\"@context\":\"https:\\\/\\\/schema.org\",\"@graph\":[{\"@type\":\"WebPage\",\"@id\":\"https:\\\/\\\/ecuremapcenter.com\\\/shop\\\/topdon-phoenix-elite\\\/\",\"url\":\"https:\\\/\\\/ecuremapcenter.com\\\/shop\\\/topdon-phoenix-elite\\\/\",\"name\":\"Topdon Phoenix Elite | ECU Remap Center\",\"isPartOf\":{\"@id\":\"https:\\\/\\\/ecuremapcenter.com\\\/#website\"},\"primaryImageOfPage\":{\"@id\":\"https:\\\/\\\/ecuremapcenter.com\\\/shop\\\/topdon-phoenix-elite\\\/#primaryimage\"},\"image\":{\"@id\":\"https:\\\/\\\/ecuremapcenter.com\\\/shop\\\/topdon-phoenix-elite\\\/#primaryimage\"},\"thumbnailUrl\":\"https:\\\/\\\/ecuremapcenter.com\\\/wp-content\\\/uploads\\\/2025\\\/03\\\/topdon_phoenix_elite_1.jpg\",\"datePublished\":\"2025-02-14T09:45:47+00:00\",\"dateModified\":\"2025-09-25T10:12:05+00:00\",\"breadcrumb\":{\"@id\":\"https:\\\/\\\/ecuremapcenter.com\\\/shop\\\/topdon-phoenix-elite\\\/#breadcrumb\"},\"inLanguage\":\"fr-FR\",\"potentialAction\":[{\"@type\":\"ReadAction\",\"target\":[\"https:\\\/\\\/ecuremapcenter.com\\\/shop\\\/topdon-phoenix-elite\\\/\"]}]},{\"@type\":\"ImageObject\",\"inLanguage\":\"fr-FR\",\"@id\":\"https:\\\/\\\/ecuremapcenter.com\\\/shop\\\/topdon-phoenix-elite\\\/#primaryimage\",\"url\":\"https:\\\/\\\/ecuremapcenter.com\\\/wp-content\\\/uploads\\\/2025\\\/03\\\/topdon_phoenix_elite_1.jpg\",\"contentUrl\":\"https:\\\/\\\/ecuremapcenter.com\\\/wp-content\\\/uploads\\\/2025\\\/03\\\/topdon_phoenix_elite_1.jpg\",\"width\":1200,\"height\":1200,\"caption\":\"topdon phoenix elite diagnostic device - product photo\"},{\"@type\":\"BreadcrumbList\",\"@id\":\"https:\\\/\\\/ecuremapcenter.com\\\/shop\\\/topdon-phoenix-elite\\\/#breadcrumb\",\"itemListElement\":[{\"@type\":\"ListItem\",\"position\":1,\"name\":\"Home\",\"item\":\"https:\\\/\\\/ecuremapcenter.com\\\/\"},{\"@type\":\"ListItem\",\"position\":2,\"name\":\"Shop\",\"item\":\"https:\\\/\\\/ecuremapcenter.com\\\/shop\\\/\"},{\"@type\":\"ListItem\",\"position\":3,\"name\":\"Topdon Phoenix Elite\"}]},{\"@type\":\"WebSite\",\"@id\":\"https:\\\/\\\/ecuremapcenter.com\\\/#website\",\"url\":\"https:\\\/\\\/ecuremapcenter.com\\\/\",\"name\":\"ECU Remap Center\",\"description\":\"High quality ECU, TCU remaps and DPF Off, EGR Off, SCR Off solutions for chip tuning professionals\",\"publisher\":{\"@id\":\"https:\\\/\\\/ecuremapcenter.com\\\/#organization\"},\"alternateName\":\"ERC\",\"potentialAction\":[{\"@type\":\"SearchAction\",\"target\":{\"@type\":\"EntryPoint\",\"urlTemplate\":\"https:\\\/\\\/ecuremapcenter.com\\\/?s={search_term_string}\"},\"query-input\":{\"@type\":\"PropertyValueSpecification\",\"valueRequired\":true,\"valueName\":\"search_term_string\"}}],\"inLanguage\":\"fr-FR\"},{\"@type\":\"Organization\",\"@id\":\"https:\\\/\\\/ecuremapcenter.com\\\/#organization\",\"name\":\"ECU Remap Center\",\"alternateName\":\"ERC\",\"url\":\"https:\\\/\\\/ecuremapcenter.com\\\/\",\"logo\":{\"@type\":\"ImageObject\",\"inLanguage\":\"fr-FR\",\"@id\":\"https:\\\/\\\/ecuremapcenter.com\\\/#\\\/schema\\\/logo\\\/image\\\/\",\"url\":\"https:\\\/\\\/ecuremapcenter.com\\\/wp-content\\\/uploads\\\/2021\\\/06\\\/erc-logo.svg\",\"contentUrl\":\"https:\\\/\\\/ecuremapcenter.com\\\/wp-content\\\/uploads\\\/2021\\\/06\\\/erc-logo.svg\",\"width\":780,\"height\":236,\"caption\":\"ECU Remap Center\"},\"image\":{\"@id\":\"https:\\\/\\\/ecuremapcenter.com\\\/#\\\/schema\\\/logo\\\/image\\\/\"},\"sameAs\":[\"https:\\\/\\\/www.facebook.com\\\/ecuremapcenter\",\"https:\\\/\\\/www.instagram.com\\\/ecuremapcenter\\\/\"]}]}<\/script>\n<!-- \/ Yoast SEO plugin. -->","yoast_head_json":{"title":"Topdon Phoenix Elite | Centre de reprogrammation du calculateur","robots":{"index":"index","follow":"follow","max-snippet":"max-snippet:-1","max-image-preview":"max-image-preview:large","max-video-preview":"max-video-preview:-1"},"canonical":"https:\/\/ecuremapcenter.com\/fr\/boutique\/topdon-phoenix-elite\/","og_locale":"fr_FR","og_type":"article","og_title":"Topdon Phoenix Elite | ECU Remap Center","og_description":"Unlock advanced diagnostics with the TOPDON Phoenix Plus 2, an enhanced version of the Phoenix Plus. With new CAN-FD support, this tool now covers a broader range of modern vehicles.","og_url":"https:\/\/ecuremapcenter.com\/fr\/boutique\/topdon-phoenix-elite\/","og_site_name":"ECU Remap Center","article_publisher":"https:\/\/www.facebook.com\/ecuremapcenter","article_modified_time":"2025-09-25T10:12:05+00:00","og_image":[{"width":1200,"height":1200,"url":"https:\/\/ecuremapcenter.com\/wp-content\/uploads\/2025\/03\/topdon_phoenix_elite_1.jpg","type":"image\/jpeg"}],"twitter_card":"summary_large_image","twitter_misc":{"Dur\u00e9e de lecture estim\u00e9e":"4 minutes"},"schema":{"@context":"https:\/\/schema.org","@graph":[{"@type":"WebPage","@id":"https:\/\/ecuremapcenter.com\/shop\/topdon-phoenix-elite\/","url":"https:\/\/ecuremapcenter.com\/shop\/topdon-phoenix-elite\/","name":"Topdon Phoenix Elite | Centre de reprogrammation du calculateur","isPartOf":{"@id":"https:\/\/ecuremapcenter.com\/#website"},"primaryImageOfPage":{"@id":"https:\/\/ecuremapcenter.com\/shop\/topdon-phoenix-elite\/#primaryimage"},"image":{"@id":"https:\/\/ecuremapcenter.com\/shop\/topdon-phoenix-elite\/#primaryimage"},"thumbnailUrl":"https:\/\/ecuremapcenter.com\/wp-content\/uploads\/2025\/03\/topdon_phoenix_elite_1.jpg","datePublished":"2025-02-14T09:45:47+00:00","dateModified":"2025-09-25T10:12:05+00:00","breadcrumb":{"@id":"https:\/\/ecuremapcenter.com\/shop\/topdon-phoenix-elite\/#breadcrumb"},"inLanguage":"fr-FR","potentialAction":[{"@type":"ReadAction","target":["https:\/\/ecuremapcenter.com\/shop\/topdon-phoenix-elite\/"]}]},{"@type":"ImageObject","inLanguage":"fr-FR","@id":"https:\/\/ecuremapcenter.com\/shop\/topdon-phoenix-elite\/#primaryimage","url":"https:\/\/ecuremapcenter.com\/wp-content\/uploads\/2025\/03\/topdon_phoenix_elite_1.jpg","contentUrl":"https:\/\/ecuremapcenter.com\/wp-content\/uploads\/2025\/03\/topdon_phoenix_elite_1.jpg","width":1200,"height":1200,"caption":"topdon phoenix elite diagnostic device - product photo"},{"@type":"BreadcrumbList","@id":"https:\/\/ecuremapcenter.com\/shop\/topdon-phoenix-elite\/#breadcrumb","itemListElement":[{"@type":"ListItem","position":1,"name":"Home","item":"https:\/\/ecuremapcenter.com\/"},{"@type":"ListItem","position":2,"name":"Shop","item":"https:\/\/ecuremapcenter.com\/shop\/"},{"@type":"ListItem","position":3,"name":"Topdon Phoenix Elite"}]},{"@type":"WebSite","@id":"https:\/\/ecuremapcenter.com\/#website","url":"https:\/\/ecuremapcenter.com\/","name":"Centre de remappage ECU","description":"ECU, TCU remaps et solutions DPF Off, EGR Off, SCR Off de haute qualit\u00e9 pour les professionnels du r\u00e9glage des puces","publisher":{"@id":"https:\/\/ecuremapcenter.com\/#organization"},"alternateName":"ERC","potentialAction":[{"@type":"SearchAction","target":{"@type":"EntryPoint","urlTemplate":"https:\/\/ecuremapcenter.com\/?s={search_term_string}"},"query-input":{"@type":"PropertyValueSpecification","valueRequired":true,"valueName":"search_term_string"}}],"inLanguage":"fr-FR"},{"@type":"Organization","@id":"https:\/\/ecuremapcenter.com\/#organization","name":"Centre de remappage ECU","alternateName":"ERC","url":"https:\/\/ecuremapcenter.com\/","logo":{"@type":"ImageObject","inLanguage":"fr-FR","@id":"https:\/\/ecuremapcenter.com\/#\/schema\/logo\/image\/","url":"https:\/\/ecuremapcenter.com\/wp-content\/uploads\/2021\/06\/erc-logo.svg","contentUrl":"https:\/\/ecuremapcenter.com\/wp-content\/uploads\/2021\/06\/erc-logo.svg","width":780,"height":236,"caption":"ECU Remap Center"},"image":{"@id":"https:\/\/ecuremapcenter.com\/#\/schema\/logo\/image\/"},"sameAs":["https:\/\/www.facebook.com\/ecuremapcenter","https:\/\/www.instagram.com\/ecuremapcenter\/"]}]}},"_links":{"self":[{"href":"https:\/\/ecuremapcenter.com\/fr\/wp-json\/wp\/v2\/product\/7735","targetHints":{"allow":["GET"]}}],"collection":[{"href":"https:\/\/ecuremapcenter.com\/fr\/wp-json\/wp\/v2\/product"}],"about":[{"href":"https:\/\/ecuremapcenter.com\/fr\/wp-json\/wp\/v2\/types\/product"}],"wp:featuredmedia":[{"embeddable":true,"href":"https:\/\/ecuremapcenter.com\/fr\/wp-json\/wp\/v2\/media\/7736"}],"wp:attachment":[{"href":"https:\/\/ecuremapcenter.com\/fr\/wp-json\/wp\/v2\/media?parent=7735"}],"wp:term":[{"taxonomy":"product_brand","embeddable":true,"href":"https:\/\/ecuremapcenter.com\/fr\/wp-json\/wp\/v2\/product_brand?post=7735"},{"taxonomy":"product_cat","embeddable":true,"href":"https:\/\/ecuremapcenter.com\/fr\/wp-json\/wp\/v2\/product_cat?post=7735"},{"taxonomy":"product_tag","embeddable":true,"href":"https:\/\/ecuremapcenter.com\/fr\/wp-json\/wp\/v2\/product_tag?post=7735"},{"taxonomy":"tool_configuration","embeddable":true,"href":"https:\/\/ecuremapcenter.com\/fr\/wp-json\/wp\/v2\/tool_configuration?post=7735"},{"taxonomy":"tool_interface","embeddable":true,"href":"https:\/\/ecuremapcenter.com\/fr\/wp-json\/wp\/v2\/tool_interface?post=7735"},{"taxonomy":"flashing_tools","embeddable":true,"href":"https:\/\/ecuremapcenter.com\/fr\/wp-json\/wp\/v2\/flashing_tools?post=7735"},{"taxonomy":"vehicle_types","embeddable":true,"href":"https:\/\/ecuremapcenter.com\/fr\/wp-json\/wp\/v2\/vehicle_types?post=7735"}],"curies":[{"name":"wp","href":"https:\/\/api.w.org\/{rel}","templated":true}]}}