{"id":8565,"date":"2025-09-13T15:00:46","date_gmt":"2025-09-13T14:00:46","guid":{"rendered":"https:\/\/ecuremapcenter.com\/?post_type=product&#038;p=8565"},"modified":"2026-01-09T13:57:01","modified_gmt":"2026-01-09T12:57:01","slug":"erc-pwg4-tune-my-bike-kit","status":"publish","type":"product","link":"https:\/\/ecuremapcenter.com\/fr\/boutique\/erc-pwg4-tune-my-bike-kit\/","title":{"rendered":"ERC PWG4 Tune My Bike Kit"},"content":{"rendered":"<p><strong>ERC TUNE MY BIKE Kit powered by Alientech Powergate 4<\/strong><\/p>\n<p>Powergate est la nouvelle g\u00e9n\u00e9ration de programmateurs d&#039;unit\u00e9s de commande portables pour voitures et motos, cr\u00e9\u00e9e pour offrir \u00e0 chaque conducteur une exp\u00e9rience de conduite personnalis\u00e9e de son v\u00e9hicule.<br \/>\nGr\u00e2ce \u00e0 un design compact et \u00e0 une connexion avec une application intuitive, Powergate offre une exp\u00e9rience de r\u00e9glage du v\u00e9hicule hautement personnalisable et pr\u00e9cise.<br \/>\nPowergate \u00e9volue non seulement en termes de design, \u00e9tant durable et convivial, mais \u00e9galement gr\u00e2ce \u00e0 sa liste compl\u00e8te de voitures et motos compatibles, permettant \u00e0 Powergate Manager de diffuser ses personnalisations dans le monde entier.<br \/>\nL&#039;infrastructure cloud permet une gestion via l&#039;application et le tableau de bord, la lib\u00e9rant des limitations g\u00e9ographiques.<\/p>\n<p><strong>NOTE: Powergate 4 is a slave device attached to the ERC file service manager and can use only files from our network.<br \/>\n<\/strong><\/p>\n<p><strong><span style=\"color: #c30f0f;\">ATTENTION : IL S&#039;AGIT D&#039;UN APPAREIL DE CLIGNOTANT UTILISATEUR VERROUILL\u00c9 SUR UN VIN !<\/span><\/strong><br \/>\n<strong><span style=\"color: #c30f0f;\">Pour r\u00e9gler un autre appareil du v\u00e9hicule, celui-ci doit \u00eatre r\u00e9initialis\u00e9 par Alientech moyennant des frais.\u00a0<\/span><\/strong><\/p>\n<div class=\"elementor-element elementor-element-673d647 elementor-widget elementor-widget-heading\" data-id=\"673d647\" data-element_type=\"widget\" data-widget_type=\"heading.default\">\n<div class=\"elementor-widget-container\">\n<h4 class=\"elementor-heading-title elementor-size-default\">Sp\u00e9cifications techniques:<\/h4>\n<\/div>\n<\/div>\n<div class=\"elementor-element elementor-element-463c064 elementor-widget elementor-widget-text-editor\" data-id=\"463c064\" data-element_type=\"widget\" data-widget_type=\"text-editor.default\">\n<div class=\"elementor-widget-container\">\n<ul>\n<li><strong>Dimensions<\/strong>: 10 x 10 x 2 cm \/ 3,9 x 3,9 x 0,8 pouces<\/li>\n<li><strong>Poids<\/strong>: 135 g \/ 4,8 onces<\/li>\n<li><strong>Caract\u00e9ristiques<\/strong>: GPS, acc\u00e9l\u00e9rom\u00e8tre, Bluetooth et Wi-Fi.<\/li>\n<li><strong>Compatibilit\u00e9<\/strong>: Android version 7.0 et sup\u00e9rieure, Huawei version 7.0 et sup\u00e9rieure, iOS version 12.0 et sup\u00e9rieure.<\/li>\n<\/ul>\n<\/div>\n<\/div>\n<p><em><strong>For a compatibility check, please find vehicle on <a href=\"https:\/\/www.alientech-tools.com\/vehicles\/\">Alientech web page<\/a> or contact us on <a href=\"mailto:sales@ecuremapcenter.com\">sales@ecuremapcenter.com<\/a> avec les d\u00e9tails de votre v\u00e9hicule\u00a0!<\/strong><\/em><\/p>","protected":false},"excerpt":{"rendered":"<p><strong>ERC TUNE MY BIKE Kit powered by Alientech Powergate 4<\/strong><\/p>\n<p><strong>Comprend\u00a0:<\/strong><br \/>\nPowergate 4 ECU flashing device<br \/>\nProtocols for BIKES and ATVs only<br \/>\nOriginal file and a custom Power Stage 1 or Power Stage 2 file for your bike (file uploading and processing over cloud).<br \/>\nDes r\u00e9glages ou d\u00e9sactivations suppl\u00e9mentaires peuvent \u00eatre achet\u00e9s s\u00e9par\u00e9ment.<\/p>\n<p><strong>Don&#8217;t forget to choose OBD cable compatible with your bike:<\/strong><\/p>","protected":false},"featured_media":8559,"template":"","meta":[],"product_brand":[69],"product_cat":[119,104,132],"product_tag":[],"tool_configuration":[85],"tool_interface":[95],"flashing_tools":[118],"vehicle_types":[80],"class_list":{"0":"post-8565","1":"product","2":"type-product","3":"status-publish","4":"has-post-thumbnail","6":"product_brand-alientech","7":"product_cat-all-products","8":"product_cat-erc","9":"product_cat-tune-my-vehicle-kits","10":"product_shipping_class-small-items","11":"tool_configuration-slave","12":"tool_interface-obd","13":"flashing_tools-powergate-4","14":"vehicle_types-bike-atv","16":"first","17":"instock","18":"featured","19":"sold-individually","20":"taxable","21":"shipping-taxable","22":"purchasable","23":"product-type-bundle"},"bundled_by":[],"bundle_stock_status":"instock","bundle_stock_quantity":"","bundle_virtual":false,"bundle_layout":"default","bundle_add_to_cart_form_location":"default","bundle_editable_in_cart":false,"bundle_sold_individually_context":"product","bundle_item_grouping":"noindent","bundle_min_size":"","bundle_max_size":"","bundle_price":{"price":{"min":{"incl_tax":"379","excl_tax":"379"},"max":{"incl_tax":"379","excl_tax":"379"}},"regular_price":{"min":{"incl_tax":"379","excl_tax":"379"},"max":{"incl_tax":"379","excl_tax":"379"}}},"bundled_items":[{"bundled_item_id":114,"product_id":6306,"menu_order":0,"quantity_min":1,"quantity_max":1,"quantity_default":1,"priced_individually":false,"shipped_individually":false,"override_title":false,"title":"Unit\u00e9 utilisateur Powergate 4 avec c\u00e2ble OBD2","override_description":false,"description":"","optional":false,"hide_thumbnail":false,"discount":"","override_variations":false,"allowed_variations":[],"override_default_variation_attributes":false,"default_variation_attributes":[],"single_product_visibility":"hidden","cart_visibility":"hidden","order_visibility":"hidden","single_product_price_visibility":"visible","cart_price_visibility":"visible","order_price_visibility":"visible","stock_status":"in_stock"},{"bundled_item_id":115,"product_id":7324,"menu_order":1,"quantity_min":1,"quantity_max":1,"quantity_default":1,"priced_individually":false,"shipped_individually":false,"override_title":true,"title":"Italian motorcycles OBD cable","override_description":true,"description":"Aprilia, Ducati, Piaggio, MV Agusta","optional":true,"hide_thumbnail":true,"discount":"","override_variations":false,"allowed_variations":[],"override_default_variation_attributes":false,"default_variation_attributes":[],"single_product_visibility":"visible","cart_visibility":"visible","order_visibility":"visible","single_product_price_visibility":"visible","cart_price_visibility":"visible","order_price_visibility":"visible","stock_status":"in_stock"},{"bundled_item_id":116,"product_id":7007,"menu_order":2,"quantity_min":1,"quantity_max":1,"quantity_default":1,"priced_individually":false,"shipped_individually":false,"override_title":true,"title":"Husqvarna \u2013 KTM 6 pin cable","override_description":true,"description":"","optional":true,"hide_thumbnail":true,"discount":"","override_variations":false,"allowed_variations":[],"override_default_variation_attributes":false,"default_variation_attributes":[],"single_product_visibility":"visible","cart_visibility":"visible","order_visibility":"visible","single_product_price_visibility":"visible","cart_price_visibility":"visible","order_price_visibility":"visible","stock_status":"in_stock"},{"bundled_item_id":117,"product_id":6540,"menu_order":3,"quantity_min":1,"quantity_max":1,"quantity_default":1,"priced_individually":false,"shipped_individually":false,"override_title":true,"title":"Yamaha T-Max K-Line Cable","override_description":true,"description":"","optional":true,"hide_thumbnail":true,"discount":"","override_variations":false,"allowed_variations":[],"override_default_variation_attributes":false,"default_variation_attributes":[],"single_product_visibility":"visible","cart_visibility":"visible","order_visibility":"visible","single_product_price_visibility":"visible","cart_price_visibility":"visible","order_price_visibility":"visible","stock_status":"in_stock"},{"bundled_item_id":118,"product_id":7563,"menu_order":4,"quantity_min":1,"quantity_max":1,"quantity_default":1,"priced_individually":false,"shipped_individually":false,"override_title":true,"title":"BMW Motorrad 14 pin round cable","override_description":true,"description":"","optional":true,"hide_thumbnail":true,"discount":"","override_variations":false,"allowed_variations":[],"override_default_variation_attributes":false,"default_variation_attributes":[],"single_product_visibility":"visible","cart_visibility":"visible","order_visibility":"visible","single_product_price_visibility":"visible","cart_price_visibility":"visible","order_price_visibility":"visible","stock_status":"in_stock"},{"bundled_item_id":119,"product_id":7564,"menu_order":5,"quantity_min":1,"quantity_max":1,"quantity_default":1,"priced_individually":false,"shipped_individually":false,"override_title":true,"title":"Honda - Keihin 3 pin cable","override_description":true,"description":"","optional":true,"hide_thumbnail":true,"discount":"","override_variations":false,"allowed_variations":[],"override_default_variation_attributes":false,"default_variation_attributes":[],"single_product_visibility":"visible","cart_visibility":"visible","order_visibility":"visible","single_product_price_visibility":"visible","cart_price_visibility":"visible","order_price_visibility":"visible","stock_status":"in_stock"},{"bundled_item_id":120,"product_id":7642,"menu_order":6,"quantity_min":1,"quantity_max":1,"quantity_default":1,"priced_individually":false,"shipped_individually":false,"override_title":true,"title":"Kawasaki Euro4 6 pin cable","override_description":true,"description":"","optional":true,"hide_thumbnail":true,"discount":"","override_variations":false,"allowed_variations":[],"override_default_variation_attributes":false,"default_variation_attributes":[],"single_product_visibility":"visible","cart_visibility":"visible","order_visibility":"visible","single_product_price_visibility":"visible","cart_price_visibility":"visible","order_price_visibility":"visible","stock_status":"in_stock"},{"bundled_item_id":121,"product_id":6564,"menu_order":7,"quantity_min":1,"quantity_max":1,"quantity_default":1,"priced_individually":false,"shipped_individually":false,"override_title":true,"title":"Euro5 European motorcycles 6 pin OBD cable","override_description":true,"description":"ISO19689 Motorcycle ODB Standard","optional":true,"hide_thumbnail":false,"discount":"","override_variations":false,"allowed_variations":[],"override_default_variation_attributes":false,"default_variation_attributes":[],"single_product_visibility":"visible","cart_visibility":"visible","order_visibility":"visible","single_product_price_visibility":"visible","cart_price_visibility":"visible","order_price_visibility":"visible","stock_status":"in_stock"}],"bundle_sell_ids":[],"group_of_quantity":0,"min_quantity":1,"max_quantity":1,"exclude_order_quantity_value_rules":"no","exclude_category_quantity_rules":"no","combine_variations":"no","acf":[],"yoast_head":"<!-- This site is optimized with the Yoast SEO plugin v27.4 - https:\/\/yoast.com\/product\/yoast-seo-wordpress\/ -->\n<title>ERC PWG4 Tune My Bike Kit | ECU Remap Center<\/title>\n<meta name=\"robots\" content=\"index, follow, max-snippet:-1, max-image-preview:large, max-video-preview:-1\" \/>\n<link rel=\"canonical\" href=\"https:\/\/ecuremapcenter.com\/fr\/boutique\/erc-pwg4-tune-my-bike-kit\/\" \/>\n<meta property=\"og:locale\" content=\"fr_FR\" \/>\n<meta property=\"og:type\" content=\"article\" \/>\n<meta property=\"og:title\" content=\"ERC PWG4 Tune My Bike Kit | ECU Remap Center\" \/>\n<meta property=\"og:description\" content=\"ERC TUNE MY BIKE Kit powered by Alientech Powergate 4  Includes: Powergate 4 ECU flashing device Protocols for BIKES and ATVs only Original file and a custom Power Stage 1 or Power Stage 2 file for your bike (file uploading and processing over cloud). Additional tuning or deactivations can be purchased separately.  Don&#039;t forget to choose OBD cable compatible with your bike:\" \/>\n<meta property=\"og:url\" content=\"https:\/\/ecuremapcenter.com\/fr\/boutique\/erc-pwg4-tune-my-bike-kit\/\" \/>\n<meta property=\"og:site_name\" content=\"ECU Remap Center\" \/>\n<meta property=\"article:publisher\" content=\"https:\/\/www.facebook.com\/ecuremapcenter\" \/>\n<meta property=\"article:modified_time\" content=\"2026-01-09T12:57:01+00:00\" \/>\n<meta property=\"og:image\" content=\"https:\/\/ecuremapcenter.com\/wp-content\/uploads\/2025\/10\/pwg-4-tmbkit.webp\" \/>\n\t<meta property=\"og:image:width\" content=\"1200\" \/>\n\t<meta property=\"og:image:height\" content=\"1200\" \/>\n\t<meta property=\"og:image:type\" content=\"image\/webp\" \/>\n<meta name=\"twitter:card\" content=\"summary_large_image\" \/>\n<meta name=\"twitter:label1\" content=\"Dur\u00e9e de lecture estim\u00e9e\" \/>\n\t<meta name=\"twitter:data1\" content=\"3 minutes\" \/>\n<script type=\"application\/ld+json\" class=\"yoast-schema-graph\">{\"@context\":\"https:\\\/\\\/schema.org\",\"@graph\":[{\"@type\":\"WebPage\",\"@id\":\"https:\\\/\\\/ecuremapcenter.com\\\/shop\\\/erc-pwg4-tune-my-bike-kit\\\/\",\"url\":\"https:\\\/\\\/ecuremapcenter.com\\\/shop\\\/erc-pwg4-tune-my-bike-kit\\\/\",\"name\":\"ERC PWG4 Tune My Bike Kit | ECU Remap Center\",\"isPartOf\":{\"@id\":\"https:\\\/\\\/ecuremapcenter.com\\\/#website\"},\"primaryImageOfPage\":{\"@id\":\"https:\\\/\\\/ecuremapcenter.com\\\/shop\\\/erc-pwg4-tune-my-bike-kit\\\/#primaryimage\"},\"image\":{\"@id\":\"https:\\\/\\\/ecuremapcenter.com\\\/shop\\\/erc-pwg4-tune-my-bike-kit\\\/#primaryimage\"},\"thumbnailUrl\":\"https:\\\/\\\/ecuremapcenter.com\\\/wp-content\\\/uploads\\\/2025\\\/10\\\/pwg-4-tmbkit.webp\",\"datePublished\":\"2025-09-13T14:00:46+00:00\",\"dateModified\":\"2026-01-09T12:57:01+00:00\",\"breadcrumb\":{\"@id\":\"https:\\\/\\\/ecuremapcenter.com\\\/shop\\\/erc-pwg4-tune-my-bike-kit\\\/#breadcrumb\"},\"inLanguage\":\"fr-FR\",\"potentialAction\":[{\"@type\":\"ReadAction\",\"target\":[\"https:\\\/\\\/ecuremapcenter.com\\\/shop\\\/erc-pwg4-tune-my-bike-kit\\\/\"]}]},{\"@type\":\"ImageObject\",\"inLanguage\":\"fr-FR\",\"@id\":\"https:\\\/\\\/ecuremapcenter.com\\\/shop\\\/erc-pwg4-tune-my-bike-kit\\\/#primaryimage\",\"url\":\"https:\\\/\\\/ecuremapcenter.com\\\/wp-content\\\/uploads\\\/2025\\\/10\\\/pwg-4-tmbkit.webp\",\"contentUrl\":\"https:\\\/\\\/ecuremapcenter.com\\\/wp-content\\\/uploads\\\/2025\\\/10\\\/pwg-4-tmbkit.webp\",\"width\":1200,\"height\":1200},{\"@type\":\"BreadcrumbList\",\"@id\":\"https:\\\/\\\/ecuremapcenter.com\\\/shop\\\/erc-pwg4-tune-my-bike-kit\\\/#breadcrumb\",\"itemListElement\":[{\"@type\":\"ListItem\",\"position\":1,\"name\":\"Home\",\"item\":\"https:\\\/\\\/ecuremapcenter.com\\\/\"},{\"@type\":\"ListItem\",\"position\":2,\"name\":\"Shop\",\"item\":\"https:\\\/\\\/ecuremapcenter.com\\\/shop\\\/\"},{\"@type\":\"ListItem\",\"position\":3,\"name\":\"ERC PWG4 Tune My Bike Kit\"}]},{\"@type\":\"WebSite\",\"@id\":\"https:\\\/\\\/ecuremapcenter.com\\\/#website\",\"url\":\"https:\\\/\\\/ecuremapcenter.com\\\/\",\"name\":\"ECU Remap Center\",\"description\":\"High quality ECU, TCU remaps and DPF Off, EGR Off, SCR Off solutions for chip tuning professionals\",\"publisher\":{\"@id\":\"https:\\\/\\\/ecuremapcenter.com\\\/#organization\"},\"alternateName\":\"ERC\",\"potentialAction\":[{\"@type\":\"SearchAction\",\"target\":{\"@type\":\"EntryPoint\",\"urlTemplate\":\"https:\\\/\\\/ecuremapcenter.com\\\/?s={search_term_string}\"},\"query-input\":{\"@type\":\"PropertyValueSpecification\",\"valueRequired\":true,\"valueName\":\"search_term_string\"}}],\"inLanguage\":\"fr-FR\"},{\"@type\":\"Organization\",\"@id\":\"https:\\\/\\\/ecuremapcenter.com\\\/#organization\",\"name\":\"ECU Remap Center\",\"alternateName\":\"ERC\",\"url\":\"https:\\\/\\\/ecuremapcenter.com\\\/\",\"logo\":{\"@type\":\"ImageObject\",\"inLanguage\":\"fr-FR\",\"@id\":\"https:\\\/\\\/ecuremapcenter.com\\\/#\\\/schema\\\/logo\\\/image\\\/\",\"url\":\"https:\\\/\\\/ecuremapcenter.com\\\/wp-content\\\/uploads\\\/2021\\\/06\\\/erc-logo.svg\",\"contentUrl\":\"https:\\\/\\\/ecuremapcenter.com\\\/wp-content\\\/uploads\\\/2021\\\/06\\\/erc-logo.svg\",\"width\":780,\"height\":236,\"caption\":\"ECU Remap Center\"},\"image\":{\"@id\":\"https:\\\/\\\/ecuremapcenter.com\\\/#\\\/schema\\\/logo\\\/image\\\/\"},\"sameAs\":[\"https:\\\/\\\/www.facebook.com\\\/ecuremapcenter\",\"https:\\\/\\\/www.instagram.com\\\/ecuremapcenter\\\/\"]}]}<\/script>\n<!-- \/ Yoast SEO plugin. -->","yoast_head_json":{"title":"ERC PWG4 Tune My Bike Kit | ECU Remap Center","robots":{"index":"index","follow":"follow","max-snippet":"max-snippet:-1","max-image-preview":"max-image-preview:large","max-video-preview":"max-video-preview:-1"},"canonical":"https:\/\/ecuremapcenter.com\/fr\/boutique\/erc-pwg4-tune-my-bike-kit\/","og_locale":"fr_FR","og_type":"article","og_title":"ERC PWG4 Tune My Bike Kit | ECU Remap Center","og_description":"ERC TUNE MY BIKE Kit powered by Alientech Powergate 4  Includes: Powergate 4 ECU flashing device Protocols for BIKES and ATVs only Original file and a custom Power Stage 1 or Power Stage 2 file for your bike (file uploading and processing over cloud). Additional tuning or deactivations can be purchased separately.  Don't forget to choose OBD cable compatible with your bike:","og_url":"https:\/\/ecuremapcenter.com\/fr\/boutique\/erc-pwg4-tune-my-bike-kit\/","og_site_name":"ECU Remap Center","article_publisher":"https:\/\/www.facebook.com\/ecuremapcenter","article_modified_time":"2026-01-09T12:57:01+00:00","og_image":[{"width":1200,"height":1200,"url":"https:\/\/ecuremapcenter.com\/wp-content\/uploads\/2025\/10\/pwg-4-tmbkit.webp","type":"image\/webp"}],"twitter_card":"summary_large_image","twitter_misc":{"Dur\u00e9e de lecture estim\u00e9e":"3 minutes"},"schema":{"@context":"https:\/\/schema.org","@graph":[{"@type":"WebPage","@id":"https:\/\/ecuremapcenter.com\/shop\/erc-pwg4-tune-my-bike-kit\/","url":"https:\/\/ecuremapcenter.com\/shop\/erc-pwg4-tune-my-bike-kit\/","name":"ERC PWG4 Tune My Bike Kit | ECU Remap Center","isPartOf":{"@id":"https:\/\/ecuremapcenter.com\/#website"},"primaryImageOfPage":{"@id":"https:\/\/ecuremapcenter.com\/shop\/erc-pwg4-tune-my-bike-kit\/#primaryimage"},"image":{"@id":"https:\/\/ecuremapcenter.com\/shop\/erc-pwg4-tune-my-bike-kit\/#primaryimage"},"thumbnailUrl":"https:\/\/ecuremapcenter.com\/wp-content\/uploads\/2025\/10\/pwg-4-tmbkit.webp","datePublished":"2025-09-13T14:00:46+00:00","dateModified":"2026-01-09T12:57:01+00:00","breadcrumb":{"@id":"https:\/\/ecuremapcenter.com\/shop\/erc-pwg4-tune-my-bike-kit\/#breadcrumb"},"inLanguage":"fr-FR","potentialAction":[{"@type":"ReadAction","target":["https:\/\/ecuremapcenter.com\/shop\/erc-pwg4-tune-my-bike-kit\/"]}]},{"@type":"ImageObject","inLanguage":"fr-FR","@id":"https:\/\/ecuremapcenter.com\/shop\/erc-pwg4-tune-my-bike-kit\/#primaryimage","url":"https:\/\/ecuremapcenter.com\/wp-content\/uploads\/2025\/10\/pwg-4-tmbkit.webp","contentUrl":"https:\/\/ecuremapcenter.com\/wp-content\/uploads\/2025\/10\/pwg-4-tmbkit.webp","width":1200,"height":1200},{"@type":"BreadcrumbList","@id":"https:\/\/ecuremapcenter.com\/shop\/erc-pwg4-tune-my-bike-kit\/#breadcrumb","itemListElement":[{"@type":"ListItem","position":1,"name":"Home","item":"https:\/\/ecuremapcenter.com\/"},{"@type":"ListItem","position":2,"name":"Shop","item":"https:\/\/ecuremapcenter.com\/shop\/"},{"@type":"ListItem","position":3,"name":"ERC PWG4 Tune My Bike Kit"}]},{"@type":"WebSite","@id":"https:\/\/ecuremapcenter.com\/#website","url":"https:\/\/ecuremapcenter.com\/","name":"Centre de remappage ECU","description":"ECU, TCU remaps et solutions DPF Off, EGR Off, SCR Off de haute qualit\u00e9 pour les professionnels du r\u00e9glage des puces","publisher":{"@id":"https:\/\/ecuremapcenter.com\/#organization"},"alternateName":"ERC","potentialAction":[{"@type":"SearchAction","target":{"@type":"EntryPoint","urlTemplate":"https:\/\/ecuremapcenter.com\/?s={search_term_string}"},"query-input":{"@type":"PropertyValueSpecification","valueRequired":true,"valueName":"search_term_string"}}],"inLanguage":"fr-FR"},{"@type":"Organization","@id":"https:\/\/ecuremapcenter.com\/#organization","name":"Centre de remappage ECU","alternateName":"ERC","url":"https:\/\/ecuremapcenter.com\/","logo":{"@type":"ImageObject","inLanguage":"fr-FR","@id":"https:\/\/ecuremapcenter.com\/#\/schema\/logo\/image\/","url":"https:\/\/ecuremapcenter.com\/wp-content\/uploads\/2021\/06\/erc-logo.svg","contentUrl":"https:\/\/ecuremapcenter.com\/wp-content\/uploads\/2021\/06\/erc-logo.svg","width":780,"height":236,"caption":"ECU Remap Center"},"image":{"@id":"https:\/\/ecuremapcenter.com\/#\/schema\/logo\/image\/"},"sameAs":["https:\/\/www.facebook.com\/ecuremapcenter","https:\/\/www.instagram.com\/ecuremapcenter\/"]}]}},"_links":{"self":[{"href":"https:\/\/ecuremapcenter.com\/fr\/wp-json\/wp\/v2\/product\/8565","targetHints":{"allow":["GET"]}}],"collection":[{"href":"https:\/\/ecuremapcenter.com\/fr\/wp-json\/wp\/v2\/product"}],"about":[{"href":"https:\/\/ecuremapcenter.com\/fr\/wp-json\/wp\/v2\/types\/product"}],"wp:featuredmedia":[{"embeddable":true,"href":"https:\/\/ecuremapcenter.com\/fr\/wp-json\/wp\/v2\/media\/8559"}],"wp:attachment":[{"href":"https:\/\/ecuremapcenter.com\/fr\/wp-json\/wp\/v2\/media?parent=8565"}],"wp:term":[{"taxonomy":"product_brand","embeddable":true,"href":"https:\/\/ecuremapcenter.com\/fr\/wp-json\/wp\/v2\/product_brand?post=8565"},{"taxonomy":"product_cat","embeddable":true,"href":"https:\/\/ecuremapcenter.com\/fr\/wp-json\/wp\/v2\/product_cat?post=8565"},{"taxonomy":"product_tag","embeddable":true,"href":"https:\/\/ecuremapcenter.com\/fr\/wp-json\/wp\/v2\/product_tag?post=8565"},{"taxonomy":"tool_configuration","embeddable":true,"href":"https:\/\/ecuremapcenter.com\/fr\/wp-json\/wp\/v2\/tool_configuration?post=8565"},{"taxonomy":"tool_interface","embeddable":true,"href":"https:\/\/ecuremapcenter.com\/fr\/wp-json\/wp\/v2\/tool_interface?post=8565"},{"taxonomy":"flashing_tools","embeddable":true,"href":"https:\/\/ecuremapcenter.com\/fr\/wp-json\/wp\/v2\/flashing_tools?post=8565"},{"taxonomy":"vehicle_types","embeddable":true,"href":"https:\/\/ecuremapcenter.com\/fr\/wp-json\/wp\/v2\/vehicle_types?post=8565"}],"curies":[{"name":"wp","href":"https:\/\/api.w.org\/{rel}","templated":true}]}}