{"id":8566,"date":"2025-08-14T15:02:23","date_gmt":"2025-08-14T14:02:23","guid":{"rendered":"https:\/\/ecuremapcenter.com\/?post_type=product&#038;p=8566"},"modified":"2025-10-16T14:41:51","modified_gmt":"2025-10-16T13:41:51","slug":"powergate-4-user-unit-without-obd2-cable","status":"publish","type":"product","link":"https:\/\/ecuremapcenter.com\/fr\/boutique\/powergate-4-user-unit-without-obd2-cable\/","title":{"rendered":"Powergate 4 User Unit without OBD2 Cable"},"content":{"rendered":"<p>Powergate est la nouvelle g\u00e9n\u00e9ration de programmateurs d&#039;unit\u00e9s de commande portables pour voitures et motos, cr\u00e9\u00e9e pour offrir \u00e0 chaque conducteur une exp\u00e9rience de conduite personnalis\u00e9e de son v\u00e9hicule.<\/p>\n<p>Gr\u00e2ce \u00e0 un design compact et \u00e0 une connexion avec une application intuitive, Powergate offre une exp\u00e9rience de r\u00e9glage du v\u00e9hicule hautement personnalisable et pr\u00e9cise.<\/p>\n<p>Powergate \u00e9volue non seulement en termes de design, \u00e9tant durable et convivial, mais \u00e9galement gr\u00e2ce \u00e0 sa liste compl\u00e8te de voitures et motos compatibles, permettant \u00e0 Powergate Manager de diffuser ses personnalisations dans le monde entier.<\/p>\n<p>L&#039;infrastructure cloud permet une gestion via l&#039;application et le tableau de bord, la lib\u00e9rant des limitations g\u00e9ographiques.<\/p>\n<p><strong>The PWG4KIT001 model comes WITHOUT the OBD cable (Powergate 4 is compatible with KESS3 cables)<\/p>\n<p><\/strong><strong>NOTE: Powergate 4 is a slave device attached to chosen service manager and can use only files from that network.<\/strong><\/p>\n<p><strong>Pour les r\u00e9seaux de r\u00e9glage professionnels, contactez-nous pour conna\u00eetre la quantit\u00e9 minimale et les conditions g\u00e9n\u00e9rales.<\/strong><\/p>\n<p><strong><span style=\"color: #c30f0f;\">ATTENTION : IL S&#039;AGIT D&#039;UN APPAREIL DE CLIGNOTANT UTILISATEUR VERROUILL\u00c9 SUR UN VIN !<\/span><\/strong><br \/>\n<strong><span style=\"color: #c30f0f;\">Pour r\u00e9gler un autre appareil du v\u00e9hicule, celui-ci doit \u00eatre r\u00e9initialis\u00e9 par Alientech moyennant des frais.\u00a0<\/span><\/strong><\/p>\n<div class=\"elementor-element elementor-element-673d647 elementor-widget elementor-widget-heading\" data-id=\"673d647\" data-element_type=\"widget\" data-widget_type=\"heading.default\">\n<div class=\"elementor-widget-container\">\n<h2 class=\"elementor-heading-title elementor-size-default\">Sp\u00e9cifications techniques:<\/h2>\n<\/div>\n<\/div>\n<div class=\"elementor-element elementor-element-463c064 elementor-widget elementor-widget-text-editor\" data-id=\"463c064\" data-element_type=\"widget\" data-widget_type=\"text-editor.default\">\n<div class=\"elementor-widget-container\">\n<ul>\n<li><strong>Dimensions<\/strong>: 10 x 10 x 2 cm \/ 3,9 x 3,9 x 0,8 pouces<\/li>\n<li><strong>Poids<\/strong>: 135 g \/ 4,8 onces<\/li>\n<li><strong>Caract\u00e9ristiques<\/strong>: GPS, acc\u00e9l\u00e9rom\u00e8tre, Bluetooth et Wi-Fi.<\/li>\n<li><strong>Compatibilit\u00e9<\/strong>: Android version 7.0 et sup\u00e9rieure, Huawei version 7.0 et sup\u00e9rieure, iOS version 12.0 et sup\u00e9rieure.<\/li>\n<\/ul>\n<\/div>\n<\/div>\n<p>&nbsp;<\/p>","protected":false},"excerpt":{"rendered":"<p>Powergate est la nouvelle g\u00e9n\u00e9ration de programmateurs d&#039;unit\u00e9s de commande portables pour voitures et motos, cr\u00e9\u00e9e pour offrir \u00e0 chaque conducteur une exp\u00e9rience de conduite personnalis\u00e9e de son v\u00e9hicule.<\/p>\n<p>Gr\u00e2ce \u00e0 un design compact et \u00e0 une connexion avec une application intuitive, Powergate offre une exp\u00e9rience de r\u00e9glage du v\u00e9hicule hautement personnalisable et pr\u00e9cise.<\/p>\n<p>Powergate \u00e9volue non seulement en termes de design, \u00e9tant durable et convivial, mais \u00e9galement gr\u00e2ce \u00e0 sa liste compl\u00e8te de voitures et motos compatibles, permettant \u00e0 Powergate Manager de diffuser ses personnalisations dans le monde entier.<\/p>\n<p>L&#039;infrastructure cloud permet une gestion via l&#039;application et le tableau de bord, la lib\u00e9rant des limitations g\u00e9ographiques.<\/p>\n<p><strong>Le mod\u00e8le PWG4KIT000 comprend le c\u00e2ble OBD.<\/strong><\/p>","protected":false},"featured_media":6303,"template":"","meta":[],"product_brand":[69],"product_cat":[119,98,104],"product_tag":[],"tool_configuration":[],"tool_interface":[],"flashing_tools":[],"vehicle_types":[],"class_list":{"0":"post-8566","1":"product","2":"type-product","3":"status-publish","4":"has-post-thumbnail","6":"product_brand-alientech","7":"product_cat-all-products","8":"product_cat-end-user-tools","9":"product_cat-erc","11":"first","12":"onbackorder","13":"taxable","14":"shipping-taxable","15":"purchasable","16":"product-type-simple"},"bundled_by":[],"bundle_stock_status":"onbackorder","bundle_stock_quantity":0,"bundle_virtual":false,"bundle_layout":"","bundle_add_to_cart_form_location":"","bundle_editable_in_cart":false,"bundle_sold_individually_context":"","bundle_item_grouping":"","bundle_min_size":"","bundle_max_size":"","bundle_price":[],"bundled_items":[],"bundle_sell_ids":[],"group_of_quantity":0,"min_quantity":1,"max_quantity":"","exclude_order_quantity_value_rules":"no","exclude_category_quantity_rules":"no","combine_variations":"no","acf":[],"yoast_head":"<!-- This site is optimized with the Yoast SEO plugin v27.3 - https:\/\/yoast.com\/product\/yoast-seo-wordpress\/ -->\n<title>Powergate 4 User Unit without OBD2 Cable | ECU Remap Center<\/title>\n<meta name=\"robots\" content=\"index, follow, max-snippet:-1, max-image-preview:large, max-video-preview:-1\" \/>\n<link rel=\"canonical\" href=\"https:\/\/ecuremapcenter.com\/fr\/boutique\/powergate-4-user-unit-without-obd2-cable\/\" \/>\n<meta property=\"og:locale\" content=\"fr_FR\" \/>\n<meta property=\"og:type\" content=\"article\" \/>\n<meta property=\"og:title\" content=\"Powergate 4 User Unit without OBD2 Cable | ECU Remap Center\" \/>\n<meta property=\"og:description\" content=\"Powergate is the new generation of portable control unit programmer for cars and motorcycles, created to offer every driver a personalized driving experience of their vehicle.  Thanks to a compact design and connection with an intuitive app, Powergate provides a highly customizable and precise vehicle tuning experience.  Powergate evolves not only in design, being durable and user-friendly, but also through its extensive list of compatible cars and motorcycles, enabling Powergate Manager to spread its customizations worldwide.  The cloud infrastructure allows for management via the app and dashboard, freeing it from geographical limitations.  The PWG4KIT000 model includes the OBD cable.\" \/>\n<meta property=\"og:url\" content=\"https:\/\/ecuremapcenter.com\/fr\/boutique\/powergate-4-user-unit-without-obd2-cable\/\" \/>\n<meta property=\"og:site_name\" content=\"ECU Remap Center\" \/>\n<meta property=\"article:publisher\" content=\"https:\/\/www.facebook.com\/ecuremapcenter\" \/>\n<meta property=\"article:modified_time\" content=\"2025-10-16T13:41:51+00:00\" \/>\n<meta property=\"og:image\" content=\"https:\/\/ecuremapcenter.com\/wp-content\/uploads\/2024\/04\/PWG4KIT000.jpg\" \/>\n\t<meta property=\"og:image:width\" content=\"1200\" \/>\n\t<meta property=\"og:image:height\" content=\"1200\" \/>\n\t<meta property=\"og:image:type\" content=\"image\/jpeg\" \/>\n<meta name=\"twitter:card\" content=\"summary_large_image\" \/>\n<meta name=\"twitter:label1\" content=\"Dur\u00e9e de lecture estim\u00e9e\" \/>\n\t<meta name=\"twitter:data1\" content=\"2 minutes\" \/>\n<script type=\"application\/ld+json\" class=\"yoast-schema-graph\">{\"@context\":\"https:\\\/\\\/schema.org\",\"@graph\":[{\"@type\":\"WebPage\",\"@id\":\"https:\\\/\\\/ecuremapcenter.com\\\/shop\\\/powergate-4-user-unit-without-obd2-cable\\\/\",\"url\":\"https:\\\/\\\/ecuremapcenter.com\\\/shop\\\/powergate-4-user-unit-without-obd2-cable\\\/\",\"name\":\"Powergate 4 User Unit without OBD2 Cable | ECU Remap Center\",\"isPartOf\":{\"@id\":\"https:\\\/\\\/ecuremapcenter.com\\\/#website\"},\"primaryImageOfPage\":{\"@id\":\"https:\\\/\\\/ecuremapcenter.com\\\/shop\\\/powergate-4-user-unit-without-obd2-cable\\\/#primaryimage\"},\"image\":{\"@id\":\"https:\\\/\\\/ecuremapcenter.com\\\/shop\\\/powergate-4-user-unit-without-obd2-cable\\\/#primaryimage\"},\"thumbnailUrl\":\"https:\\\/\\\/ecuremapcenter.com\\\/wp-content\\\/uploads\\\/2024\\\/04\\\/PWG4KIT000.jpg\",\"datePublished\":\"2025-08-14T14:02:23+00:00\",\"dateModified\":\"2025-10-16T13:41:51+00:00\",\"breadcrumb\":{\"@id\":\"https:\\\/\\\/ecuremapcenter.com\\\/shop\\\/powergate-4-user-unit-without-obd2-cable\\\/#breadcrumb\"},\"inLanguage\":\"fr-FR\",\"potentialAction\":[{\"@type\":\"ReadAction\",\"target\":[\"https:\\\/\\\/ecuremapcenter.com\\\/shop\\\/powergate-4-user-unit-without-obd2-cable\\\/\"]}]},{\"@type\":\"ImageObject\",\"inLanguage\":\"fr-FR\",\"@id\":\"https:\\\/\\\/ecuremapcenter.com\\\/shop\\\/powergate-4-user-unit-without-obd2-cable\\\/#primaryimage\",\"url\":\"https:\\\/\\\/ecuremapcenter.com\\\/wp-content\\\/uploads\\\/2024\\\/04\\\/PWG4KIT000.jpg\",\"contentUrl\":\"https:\\\/\\\/ecuremapcenter.com\\\/wp-content\\\/uploads\\\/2024\\\/04\\\/PWG4KIT000.jpg\",\"width\":1200,\"height\":1200},{\"@type\":\"BreadcrumbList\",\"@id\":\"https:\\\/\\\/ecuremapcenter.com\\\/shop\\\/powergate-4-user-unit-without-obd2-cable\\\/#breadcrumb\",\"itemListElement\":[{\"@type\":\"ListItem\",\"position\":1,\"name\":\"Home\",\"item\":\"https:\\\/\\\/ecuremapcenter.com\\\/\"},{\"@type\":\"ListItem\",\"position\":2,\"name\":\"Shop\",\"item\":\"https:\\\/\\\/ecuremapcenter.com\\\/shop\\\/\"},{\"@type\":\"ListItem\",\"position\":3,\"name\":\"Powergate 4 User Unit without OBD2 Cable\"}]},{\"@type\":\"WebSite\",\"@id\":\"https:\\\/\\\/ecuremapcenter.com\\\/#website\",\"url\":\"https:\\\/\\\/ecuremapcenter.com\\\/\",\"name\":\"ECU Remap Center\",\"description\":\"High quality ECU, TCU remaps and DPF Off, EGR Off, SCR Off solutions for chip tuning professionals\",\"publisher\":{\"@id\":\"https:\\\/\\\/ecuremapcenter.com\\\/#organization\"},\"alternateName\":\"ERC\",\"potentialAction\":[{\"@type\":\"SearchAction\",\"target\":{\"@type\":\"EntryPoint\",\"urlTemplate\":\"https:\\\/\\\/ecuremapcenter.com\\\/?s={search_term_string}\"},\"query-input\":{\"@type\":\"PropertyValueSpecification\",\"valueRequired\":true,\"valueName\":\"search_term_string\"}}],\"inLanguage\":\"fr-FR\"},{\"@type\":\"Organization\",\"@id\":\"https:\\\/\\\/ecuremapcenter.com\\\/#organization\",\"name\":\"ECU Remap Center\",\"alternateName\":\"ERC\",\"url\":\"https:\\\/\\\/ecuremapcenter.com\\\/\",\"logo\":{\"@type\":\"ImageObject\",\"inLanguage\":\"fr-FR\",\"@id\":\"https:\\\/\\\/ecuremapcenter.com\\\/#\\\/schema\\\/logo\\\/image\\\/\",\"url\":\"https:\\\/\\\/ecuremapcenter.com\\\/wp-content\\\/uploads\\\/2021\\\/06\\\/erc-logo.svg\",\"contentUrl\":\"https:\\\/\\\/ecuremapcenter.com\\\/wp-content\\\/uploads\\\/2021\\\/06\\\/erc-logo.svg\",\"width\":780,\"height\":236,\"caption\":\"ECU Remap Center\"},\"image\":{\"@id\":\"https:\\\/\\\/ecuremapcenter.com\\\/#\\\/schema\\\/logo\\\/image\\\/\"},\"sameAs\":[\"https:\\\/\\\/www.facebook.com\\\/ecuremapcenter\",\"https:\\\/\\\/www.instagram.com\\\/ecuremapcenter\\\/\"]}]}<\/script>\n<!-- \/ Yoast SEO plugin. -->","yoast_head_json":{"title":"Powergate 4 User Unit without OBD2 Cable | ECU Remap Center","robots":{"index":"index","follow":"follow","max-snippet":"max-snippet:-1","max-image-preview":"max-image-preview:large","max-video-preview":"max-video-preview:-1"},"canonical":"https:\/\/ecuremapcenter.com\/fr\/boutique\/powergate-4-user-unit-without-obd2-cable\/","og_locale":"fr_FR","og_type":"article","og_title":"Powergate 4 User Unit without OBD2 Cable | ECU Remap Center","og_description":"Powergate is the new generation of portable control unit programmer for cars and motorcycles, created to offer every driver a personalized driving experience of their vehicle.  Thanks to a compact design and connection with an intuitive app, Powergate provides a highly customizable and precise vehicle tuning experience.  Powergate evolves not only in design, being durable and user-friendly, but also through its extensive list of compatible cars and motorcycles, enabling Powergate Manager to spread its customizations worldwide.  The cloud infrastructure allows for management via the app and dashboard, freeing it from geographical limitations.  The PWG4KIT000 model includes the OBD cable.","og_url":"https:\/\/ecuremapcenter.com\/fr\/boutique\/powergate-4-user-unit-without-obd2-cable\/","og_site_name":"ECU Remap Center","article_publisher":"https:\/\/www.facebook.com\/ecuremapcenter","article_modified_time":"2025-10-16T13:41:51+00:00","og_image":[{"width":1200,"height":1200,"url":"https:\/\/ecuremapcenter.com\/wp-content\/uploads\/2024\/04\/PWG4KIT000.jpg","type":"image\/jpeg"}],"twitter_card":"summary_large_image","twitter_misc":{"Dur\u00e9e de lecture estim\u00e9e":"2 minutes"},"schema":{"@context":"https:\/\/schema.org","@graph":[{"@type":"WebPage","@id":"https:\/\/ecuremapcenter.com\/shop\/powergate-4-user-unit-without-obd2-cable\/","url":"https:\/\/ecuremapcenter.com\/shop\/powergate-4-user-unit-without-obd2-cable\/","name":"Powergate 4 User Unit without OBD2 Cable | ECU Remap Center","isPartOf":{"@id":"https:\/\/ecuremapcenter.com\/#website"},"primaryImageOfPage":{"@id":"https:\/\/ecuremapcenter.com\/shop\/powergate-4-user-unit-without-obd2-cable\/#primaryimage"},"image":{"@id":"https:\/\/ecuremapcenter.com\/shop\/powergate-4-user-unit-without-obd2-cable\/#primaryimage"},"thumbnailUrl":"https:\/\/ecuremapcenter.com\/wp-content\/uploads\/2024\/04\/PWG4KIT000.jpg","datePublished":"2025-08-14T14:02:23+00:00","dateModified":"2025-10-16T13:41:51+00:00","breadcrumb":{"@id":"https:\/\/ecuremapcenter.com\/shop\/powergate-4-user-unit-without-obd2-cable\/#breadcrumb"},"inLanguage":"fr-FR","potentialAction":[{"@type":"ReadAction","target":["https:\/\/ecuremapcenter.com\/shop\/powergate-4-user-unit-without-obd2-cable\/"]}]},{"@type":"ImageObject","inLanguage":"fr-FR","@id":"https:\/\/ecuremapcenter.com\/shop\/powergate-4-user-unit-without-obd2-cable\/#primaryimage","url":"https:\/\/ecuremapcenter.com\/wp-content\/uploads\/2024\/04\/PWG4KIT000.jpg","contentUrl":"https:\/\/ecuremapcenter.com\/wp-content\/uploads\/2024\/04\/PWG4KIT000.jpg","width":1200,"height":1200},{"@type":"BreadcrumbList","@id":"https:\/\/ecuremapcenter.com\/shop\/powergate-4-user-unit-without-obd2-cable\/#breadcrumb","itemListElement":[{"@type":"ListItem","position":1,"name":"Home","item":"https:\/\/ecuremapcenter.com\/"},{"@type":"ListItem","position":2,"name":"Shop","item":"https:\/\/ecuremapcenter.com\/shop\/"},{"@type":"ListItem","position":3,"name":"Powergate 4 User Unit without OBD2 Cable"}]},{"@type":"WebSite","@id":"https:\/\/ecuremapcenter.com\/#website","url":"https:\/\/ecuremapcenter.com\/","name":"Centre de remappage ECU","description":"ECU, TCU remaps et solutions DPF Off, EGR Off, SCR Off de haute qualit\u00e9 pour les professionnels du r\u00e9glage des puces","publisher":{"@id":"https:\/\/ecuremapcenter.com\/#organization"},"alternateName":"ERC","potentialAction":[{"@type":"SearchAction","target":{"@type":"EntryPoint","urlTemplate":"https:\/\/ecuremapcenter.com\/?s={search_term_string}"},"query-input":{"@type":"PropertyValueSpecification","valueRequired":true,"valueName":"search_term_string"}}],"inLanguage":"fr-FR"},{"@type":"Organization","@id":"https:\/\/ecuremapcenter.com\/#organization","name":"Centre de remappage ECU","alternateName":"ERC","url":"https:\/\/ecuremapcenter.com\/","logo":{"@type":"ImageObject","inLanguage":"fr-FR","@id":"https:\/\/ecuremapcenter.com\/#\/schema\/logo\/image\/","url":"https:\/\/ecuremapcenter.com\/wp-content\/uploads\/2021\/06\/erc-logo.svg","contentUrl":"https:\/\/ecuremapcenter.com\/wp-content\/uploads\/2021\/06\/erc-logo.svg","width":780,"height":236,"caption":"ECU Remap Center"},"image":{"@id":"https:\/\/ecuremapcenter.com\/#\/schema\/logo\/image\/"},"sameAs":["https:\/\/www.facebook.com\/ecuremapcenter","https:\/\/www.instagram.com\/ecuremapcenter\/"]}]}},"_links":{"self":[{"href":"https:\/\/ecuremapcenter.com\/fr\/wp-json\/wp\/v2\/product\/8566","targetHints":{"allow":["GET"]}}],"collection":[{"href":"https:\/\/ecuremapcenter.com\/fr\/wp-json\/wp\/v2\/product"}],"about":[{"href":"https:\/\/ecuremapcenter.com\/fr\/wp-json\/wp\/v2\/types\/product"}],"wp:featuredmedia":[{"embeddable":true,"href":"https:\/\/ecuremapcenter.com\/fr\/wp-json\/wp\/v2\/media\/6303"}],"wp:attachment":[{"href":"https:\/\/ecuremapcenter.com\/fr\/wp-json\/wp\/v2\/media?parent=8566"}],"wp:term":[{"taxonomy":"product_brand","embeddable":true,"href":"https:\/\/ecuremapcenter.com\/fr\/wp-json\/wp\/v2\/product_brand?post=8566"},{"taxonomy":"product_cat","embeddable":true,"href":"https:\/\/ecuremapcenter.com\/fr\/wp-json\/wp\/v2\/product_cat?post=8566"},{"taxonomy":"product_tag","embeddable":true,"href":"https:\/\/ecuremapcenter.com\/fr\/wp-json\/wp\/v2\/product_tag?post=8566"},{"taxonomy":"tool_configuration","embeddable":true,"href":"https:\/\/ecuremapcenter.com\/fr\/wp-json\/wp\/v2\/tool_configuration?post=8566"},{"taxonomy":"tool_interface","embeddable":true,"href":"https:\/\/ecuremapcenter.com\/fr\/wp-json\/wp\/v2\/tool_interface?post=8566"},{"taxonomy":"flashing_tools","embeddable":true,"href":"https:\/\/ecuremapcenter.com\/fr\/wp-json\/wp\/v2\/flashing_tools?post=8566"},{"taxonomy":"vehicle_types","embeddable":true,"href":"https:\/\/ecuremapcenter.com\/fr\/wp-json\/wp\/v2\/vehicle_types?post=8566"}],"curies":[{"name":"wp","href":"https:\/\/api.w.org\/{rel}","templated":true}]}}