{"id":8829,"date":"2026-03-11T12:13:05","date_gmt":"2026-03-11T11:13:05","guid":{"rendered":"https:\/\/ecuremapcenter.com\/?post_type=product&#038;p=8829"},"modified":"2026-03-11T13:00:04","modified_gmt":"2026-03-11T12:00:04","slug":"kess3-full-erc-tuner-kit-obd-bench-boot","status":"publish","type":"product","link":"https:\/\/ecuremapcenter.com\/fr\/boutique\/kess3-full-erc-tuner-kit-obd-bench-boot\/","title":{"rendered":"KESS3 FULL ERC TUNER KIT (OBD, Bench &#038; Boot)"},"content":{"rendered":"<p><strong>KESS3 combine 3 modes de fonctionnement dans un seul outil. OBD, banc et mode de d\u00e9marrage.<\/strong><br \/>\nChaque aspect de KESS3 est soigneusement con\u00e7u pour atteindre les performances, la flexibilit\u00e9 op\u00e9rationnelle et la facilit\u00e9 d&#039;utilisation. Nouveau microprocesseur, interfaces I\/O de derni\u00e8re g\u00e9n\u00e9ration, nouveaux capteurs int\u00e9gr\u00e9s et m\u00e9moires EEPROM et FLASH hautes performances sont les principales caract\u00e9ristiques de KESS3.<\/p>\n<h5>Contenu du coffret<\/h5>\n<p><strong>Mat\u00e9riel esclave KESS3<\/strong><br \/>\n<strong>cable USB<\/strong>, n\u00e9cessaire pour s&#039;interfacer avec l&#039;instrument KESS3 via le PC<br \/>\n<strong>Le c\u00e2ble OBD nouvelle g\u00e9n\u00e9ration<\/strong><br \/>\n(int\u00e8gre toutes les lignes de communication utilis\u00e9es par les diff\u00e9rents constructeurs automobiles\u00a0; \u2013 capable de communiquer avec Honda, Volvo, Lotus et Toyota.)<br \/>\n<strong>1400SWALM<\/strong>\u00a0alimentation \u00e9lectrique, capable de fournir suffisamment de courant et de tension pour communiquer avec les unit\u00e9s de contr\u00f4le \u00e9lectroniques, de mani\u00e8re stable et s\u00fbre.<br \/>\n<strong>144300TALI<\/strong>\u00a0c\u00e2ble, pour alimenter l&#039;instrument \u00e0 l&#039;aide d&#039;une alimentation de banc (l&#039;alimentation, par contre, est vendue s\u00e9par\u00e9ment)<br \/>\n<strong>144300KBNC<\/strong>\u00a0c\u00e2ble pour communiquer avec les unit\u00e9s de contr\u00f4le directement sur le banc<br \/>\n<strong>144300KTER<\/strong>\u00a0pack qui contient tous les c\u00e2bles utiles pour une connexion en mode BENCH ou BOOT. (extenseur).<br \/>\n<strong>144300T104<\/strong>\u00a0c\u00e2ble arc-en-ciel IDC 26-10 compos\u00e9 de 10 fils, utilis\u00e9 pour se connecter directement \u00e0 la carte \u00e9lectronique de l&#039;unit\u00e9 de contr\u00f4le.<br \/>\n<strong>144300T105<\/strong>\u00a0c\u00e2ble arc-en-ciel IDC 26-16 compos\u00e9 de 16 fils, utilis\u00e9 pour se connecter directement \u00e0 la carte \u00e9lectronique de la centrale.<br \/>\n<strong>144300T106<\/strong>\u00a0c\u00e2ble arc-en-ciel IDC 26-26 compos\u00e9 de 26 fils, utilis\u00e9 pour se connecter directement \u00e0 la carte \u00e9lectronique de l&#039;unit\u00e9 de contr\u00f4le.<\/p>\n<p><em>* Les cr\u00e9dits bonus ne sont \u00e9ligibles que pour l&#039;achat d&#039;un kit Tuner par une entreprise ou un individu afin de d\u00e9marrer son activit\u00e9.<br \/>\nPour conna\u00eetre les conditions g\u00e9n\u00e9rales particuli\u00e8res lors de l&#039;achat de plusieurs kits, contactez-nous d&#039;abord au <a href=\"mailto:sales@ecuremapcenter.com\">sales@ecuremapcenter.com<\/a>!<br \/>\n<\/em><\/p>","protected":false},"excerpt":{"rendered":"<p>Outil tout-en-un pour les proc\u00e9dures OBD et BENCH-BOOT, KESS3 est ici avec une toute nouvelle architecture qui permet des proc\u00e9dures de lecture et d&#039;\u00e9criture de l&#039;ECU plusieurs fois plus rapides que l&#039;ancienne g\u00e9n\u00e9ration. Pris en charge par la nouvelle version cloud facile \u00e0 utiliser du logiciel Alientech SUITE\u00a0!<\/p>\n<p>Comprend l&#039;appareil esclave KESS3, la valise, les c\u00e2bles, tous les accessoires et un an d&#039;abonnement d&#039;assistance.<\/p>\n<p><strong>KESS3 FULL ERC TUNER KIT (OBD, Bench &amp; Boot)<\/strong> livr\u00e9 avec <strong>OBD, Bench and BOOT protocols for ALL VEHICLE TYPES <\/strong>and a <strong>bonus de 120 jetons de r\u00e9glage* <\/strong>pour que vous puissiez commencer le tuning sans aucun investissement suppl\u00e9mentaire !<\/p>\n<p><em><br \/>\n* Les jetons bonus doivent \u00eatre d\u00e9pens\u00e9s dans les 6 mois suivant l&#039;achat de l&#039;outil.<\/em><\/p>","protected":false},"featured_media":8830,"template":"","meta":[],"product_brand":[69],"product_cat":[119,45],"product_tag":[],"tool_configuration":[85],"tool_interface":[96,97,95],"flashing_tools":[88],"vehicle_types":[82,80,79,83,81],"class_list":{"0":"post-8829","1":"product","2":"type-product","3":"status-publish","4":"has-post-thumbnail","6":"product_brand-alientech","7":"product_cat-all-products","8":"product_cat-erc-tuner-kits","9":"product_shipping_class-erc-dealer-kits","10":"tool_configuration-slave","11":"tool_interface-bench","12":"tool_interface-boot","13":"tool_interface-obd","14":"flashing_tools-kess3","15":"vehicle_types-agriculture","16":"vehicle_types-bike-atv","17":"vehicle_types-cars-lcv","18":"vehicle_types-marine","19":"vehicle_types-truck-bus","21":"first","22":"instock","23":"sale","24":"featured","25":"sold-individually","26":"taxable","27":"shipping-taxable","28":"purchasable","29":"product-type-bundle"},"bundled_by":[],"bundle_stock_status":"instock","bundle_stock_quantity":"","bundle_virtual":false,"bundle_layout":"tabular","bundle_add_to_cart_form_location":"default","bundle_editable_in_cart":false,"bundle_sold_individually_context":"product","bundle_item_grouping":"parent","bundle_min_size":"","bundle_max_size":"","bundle_price":{"price":{"min":{"incl_tax":"4291","excl_tax":"4291"},"max":{"incl_tax":"4291","excl_tax":"4291"}},"regular_price":{"min":{"incl_tax":"4480","excl_tax":"4480"},"max":{"incl_tax":"4480","excl_tax":"4480"}}},"bundled_items":[{"bundled_item_id":136,"product_id":4396,"menu_order":0,"quantity_min":1,"quantity_max":1,"quantity_default":1,"priced_individually":false,"shipped_individually":false,"override_title":false,"title":"Mat\u00e9riel pour outils clignotants KESS3","override_description":false,"description":"","optional":false,"hide_thumbnail":false,"discount":"","override_variations":false,"allowed_variations":[],"override_default_variation_attributes":false,"default_variation_attributes":[],"single_product_visibility":"hidden","cart_visibility":"hidden","order_visibility":"hidden","single_product_price_visibility":"visible","cart_price_visibility":"visible","order_price_visibility":"visible","stock_status":"in_stock"},{"bundled_item_id":138,"product_id":8728,"menu_order":1,"quantity_min":1,"quantity_max":1,"quantity_default":1,"priced_individually":false,"shipped_individually":true,"override_title":false,"title":"KESS3 Slave - FULL OBD Protocols activation","override_description":false,"description":"","optional":false,"hide_thumbnail":false,"discount":"","override_variations":false,"allowed_variations":[],"override_default_variation_attributes":false,"default_variation_attributes":[],"single_product_visibility":"hidden","cart_visibility":"hidden","order_visibility":"hidden","single_product_price_visibility":"visible","cart_price_visibility":"visible","order_price_visibility":"visible","stock_status":"in_stock"},{"bundled_item_id":139,"product_id":8729,"menu_order":2,"quantity_min":1,"quantity_max":1,"quantity_default":1,"priced_individually":false,"shipped_individually":true,"override_title":false,"title":"KESS3 Slave - FULL Bench-BOOT Protocols activation","override_description":false,"description":"","optional":false,"hide_thumbnail":false,"discount":"","override_variations":false,"allowed_variations":[],"override_default_variation_attributes":false,"default_variation_attributes":[],"single_product_visibility":"hidden","cart_visibility":"hidden","order_visibility":"hidden","single_product_price_visibility":"visible","cart_price_visibility":"visible","order_price_visibility":"visible","stock_status":"in_stock"}],"bundle_sell_ids":[],"group_of_quantity":0,"min_quantity":1,"max_quantity":1,"exclude_order_quantity_value_rules":"no","exclude_category_quantity_rules":"no","combine_variations":"no","acf":[],"yoast_head":"<!-- This site is optimized with the Yoast SEO plugin v27.4 - https:\/\/yoast.com\/product\/yoast-seo-wordpress\/ -->\n<title>KESS3 FULL ERC TUNER KIT (OBD, Bench &amp; Boot) | ECU Remap Center<\/title>\n<meta name=\"robots\" content=\"index, follow, max-snippet:-1, max-image-preview:large, max-video-preview:-1\" \/>\n<link rel=\"canonical\" href=\"https:\/\/ecuremapcenter.com\/fr\/boutique\/kess3-full-erc-tuner-kit-obd-bench-boot\/\" \/>\n<meta property=\"og:locale\" content=\"fr_FR\" \/>\n<meta property=\"og:type\" content=\"article\" \/>\n<meta property=\"og:title\" content=\"KESS3 FULL ERC TUNER KIT (OBD, Bench &amp; Boot) | ECU Remap Center\" \/>\n<meta property=\"og:description\" content=\"An all-in-one tool for OBD and BENCH-BOOT procedures, KESS3 is here with a completely new arhitecture that allows multiple times faster ECU reading and writing procedures then old generation. Supported by the new, easy to use, cloud version of Alientech SUITE software!  Includes KESS3 Slave Device, suitcase, cables, all accessories and one year of support subscription.  KESS3 FULL ERC TUNER KIT (OBD, Bench &amp; Boot) comes with OBD, Bench and BOOT protocols for ALL VEHICLE TYPES and a bonus of 120 tuning tokens* so you can start with tuning without any further investment!   * Bonus tokens have to be spent within 6 months of the tool purchase.\" \/>\n<meta property=\"og:url\" content=\"https:\/\/ecuremapcenter.com\/fr\/boutique\/kess3-full-erc-tuner-kit-obd-bench-boot\/\" \/>\n<meta property=\"og:site_name\" content=\"ECU Remap Center\" \/>\n<meta property=\"article:publisher\" content=\"https:\/\/www.facebook.com\/ecuremapcenter\" \/>\n<meta property=\"article:modified_time\" content=\"2026-03-11T12:00:04+00:00\" \/>\n<meta property=\"og:image\" content=\"https:\/\/ecuremapcenter.com\/wp-content\/uploads\/2026\/03\/kess3-dealer-kit-full.jpg\" \/>\n\t<meta property=\"og:image:width\" content=\"1200\" \/>\n\t<meta property=\"og:image:height\" content=\"1200\" \/>\n\t<meta property=\"og:image:type\" content=\"image\/jpeg\" \/>\n<meta name=\"twitter:card\" content=\"summary_large_image\" \/>\n<meta name=\"twitter:label1\" content=\"Dur\u00e9e de lecture estim\u00e9e\" \/>\n\t<meta name=\"twitter:data1\" content=\"3 minutes\" \/>\n<script type=\"application\/ld+json\" class=\"yoast-schema-graph\">{\"@context\":\"https:\\\/\\\/schema.org\",\"@graph\":[{\"@type\":\"WebPage\",\"@id\":\"https:\\\/\\\/ecuremapcenter.com\\\/shop\\\/kess3-full-erc-tuner-kit-obd-bench-boot\\\/\",\"url\":\"https:\\\/\\\/ecuremapcenter.com\\\/shop\\\/kess3-full-erc-tuner-kit-obd-bench-boot\\\/\",\"name\":\"KESS3 FULL ERC TUNER KIT (OBD, Bench & Boot) | ECU Remap Center\",\"isPartOf\":{\"@id\":\"https:\\\/\\\/ecuremapcenter.com\\\/#website\"},\"primaryImageOfPage\":{\"@id\":\"https:\\\/\\\/ecuremapcenter.com\\\/shop\\\/kess3-full-erc-tuner-kit-obd-bench-boot\\\/#primaryimage\"},\"image\":{\"@id\":\"https:\\\/\\\/ecuremapcenter.com\\\/shop\\\/kess3-full-erc-tuner-kit-obd-bench-boot\\\/#primaryimage\"},\"thumbnailUrl\":\"https:\\\/\\\/ecuremapcenter.com\\\/wp-content\\\/uploads\\\/2026\\\/03\\\/kess3-dealer-kit-full.jpg\",\"datePublished\":\"2026-03-11T11:13:05+00:00\",\"dateModified\":\"2026-03-11T12:00:04+00:00\",\"breadcrumb\":{\"@id\":\"https:\\\/\\\/ecuremapcenter.com\\\/shop\\\/kess3-full-erc-tuner-kit-obd-bench-boot\\\/#breadcrumb\"},\"inLanguage\":\"fr-FR\",\"potentialAction\":[{\"@type\":\"ReadAction\",\"target\":[\"https:\\\/\\\/ecuremapcenter.com\\\/shop\\\/kess3-full-erc-tuner-kit-obd-bench-boot\\\/\"]}]},{\"@type\":\"ImageObject\",\"inLanguage\":\"fr-FR\",\"@id\":\"https:\\\/\\\/ecuremapcenter.com\\\/shop\\\/kess3-full-erc-tuner-kit-obd-bench-boot\\\/#primaryimage\",\"url\":\"https:\\\/\\\/ecuremapcenter.com\\\/wp-content\\\/uploads\\\/2026\\\/03\\\/kess3-dealer-kit-full.jpg\",\"contentUrl\":\"https:\\\/\\\/ecuremapcenter.com\\\/wp-content\\\/uploads\\\/2026\\\/03\\\/kess3-dealer-kit-full.jpg\",\"width\":1200,\"height\":1200},{\"@type\":\"BreadcrumbList\",\"@id\":\"https:\\\/\\\/ecuremapcenter.com\\\/shop\\\/kess3-full-erc-tuner-kit-obd-bench-boot\\\/#breadcrumb\",\"itemListElement\":[{\"@type\":\"ListItem\",\"position\":1,\"name\":\"Home\",\"item\":\"https:\\\/\\\/ecuremapcenter.com\\\/\"},{\"@type\":\"ListItem\",\"position\":2,\"name\":\"Shop\",\"item\":\"https:\\\/\\\/ecuremapcenter.com\\\/shop\\\/\"},{\"@type\":\"ListItem\",\"position\":3,\"name\":\"KESS3 FULL ERC TUNER KIT (OBD, Bench &#038; Boot)\"}]},{\"@type\":\"WebSite\",\"@id\":\"https:\\\/\\\/ecuremapcenter.com\\\/#website\",\"url\":\"https:\\\/\\\/ecuremapcenter.com\\\/\",\"name\":\"ECU Remap Center\",\"description\":\"High quality ECU, TCU remaps and DPF Off, EGR Off, SCR Off solutions for chip tuning professionals\",\"publisher\":{\"@id\":\"https:\\\/\\\/ecuremapcenter.com\\\/#organization\"},\"alternateName\":\"ERC\",\"potentialAction\":[{\"@type\":\"SearchAction\",\"target\":{\"@type\":\"EntryPoint\",\"urlTemplate\":\"https:\\\/\\\/ecuremapcenter.com\\\/?s={search_term_string}\"},\"query-input\":{\"@type\":\"PropertyValueSpecification\",\"valueRequired\":true,\"valueName\":\"search_term_string\"}}],\"inLanguage\":\"fr-FR\"},{\"@type\":\"Organization\",\"@id\":\"https:\\\/\\\/ecuremapcenter.com\\\/#organization\",\"name\":\"ECU Remap Center\",\"alternateName\":\"ERC\",\"url\":\"https:\\\/\\\/ecuremapcenter.com\\\/\",\"logo\":{\"@type\":\"ImageObject\",\"inLanguage\":\"fr-FR\",\"@id\":\"https:\\\/\\\/ecuremapcenter.com\\\/#\\\/schema\\\/logo\\\/image\\\/\",\"url\":\"https:\\\/\\\/ecuremapcenter.com\\\/wp-content\\\/uploads\\\/2021\\\/06\\\/erc-logo.svg\",\"contentUrl\":\"https:\\\/\\\/ecuremapcenter.com\\\/wp-content\\\/uploads\\\/2021\\\/06\\\/erc-logo.svg\",\"width\":780,\"height\":236,\"caption\":\"ECU Remap Center\"},\"image\":{\"@id\":\"https:\\\/\\\/ecuremapcenter.com\\\/#\\\/schema\\\/logo\\\/image\\\/\"},\"sameAs\":[\"https:\\\/\\\/www.facebook.com\\\/ecuremapcenter\",\"https:\\\/\\\/www.instagram.com\\\/ecuremapcenter\\\/\"]}]}<\/script>\n<!-- \/ Yoast SEO plugin. -->","yoast_head_json":{"title":"KESS3 FULL ERC TUNER KIT (OBD, Bench & Boot) | ECU Remap Center","robots":{"index":"index","follow":"follow","max-snippet":"max-snippet:-1","max-image-preview":"max-image-preview:large","max-video-preview":"max-video-preview:-1"},"canonical":"https:\/\/ecuremapcenter.com\/fr\/boutique\/kess3-full-erc-tuner-kit-obd-bench-boot\/","og_locale":"fr_FR","og_type":"article","og_title":"KESS3 FULL ERC TUNER KIT (OBD, Bench & Boot) | ECU Remap Center","og_description":"An all-in-one tool for OBD and BENCH-BOOT procedures, KESS3 is here with a completely new arhitecture that allows multiple times faster ECU reading and writing procedures then old generation. Supported by the new, easy to use, cloud version of Alientech SUITE software!  Includes KESS3 Slave Device, suitcase, cables, all accessories and one year of support subscription.  KESS3 FULL ERC TUNER KIT (OBD, Bench &amp; Boot) comes with OBD, Bench and BOOT protocols for ALL VEHICLE TYPES and a bonus of 120 tuning tokens* so you can start with tuning without any further investment!   * Bonus tokens have to be spent within 6 months of the tool purchase.","og_url":"https:\/\/ecuremapcenter.com\/fr\/boutique\/kess3-full-erc-tuner-kit-obd-bench-boot\/","og_site_name":"ECU Remap Center","article_publisher":"https:\/\/www.facebook.com\/ecuremapcenter","article_modified_time":"2026-03-11T12:00:04+00:00","og_image":[{"width":1200,"height":1200,"url":"https:\/\/ecuremapcenter.com\/wp-content\/uploads\/2026\/03\/kess3-dealer-kit-full.jpg","type":"image\/jpeg"}],"twitter_card":"summary_large_image","twitter_misc":{"Dur\u00e9e de lecture estim\u00e9e":"3 minutes"},"schema":{"@context":"https:\/\/schema.org","@graph":[{"@type":"WebPage","@id":"https:\/\/ecuremapcenter.com\/shop\/kess3-full-erc-tuner-kit-obd-bench-boot\/","url":"https:\/\/ecuremapcenter.com\/shop\/kess3-full-erc-tuner-kit-obd-bench-boot\/","name":"KESS3 FULL ERC TUNER KIT (OBD, Bench & Boot) | ECU Remap Center","isPartOf":{"@id":"https:\/\/ecuremapcenter.com\/#website"},"primaryImageOfPage":{"@id":"https:\/\/ecuremapcenter.com\/shop\/kess3-full-erc-tuner-kit-obd-bench-boot\/#primaryimage"},"image":{"@id":"https:\/\/ecuremapcenter.com\/shop\/kess3-full-erc-tuner-kit-obd-bench-boot\/#primaryimage"},"thumbnailUrl":"https:\/\/ecuremapcenter.com\/wp-content\/uploads\/2026\/03\/kess3-dealer-kit-full.jpg","datePublished":"2026-03-11T11:13:05+00:00","dateModified":"2026-03-11T12:00:04+00:00","breadcrumb":{"@id":"https:\/\/ecuremapcenter.com\/shop\/kess3-full-erc-tuner-kit-obd-bench-boot\/#breadcrumb"},"inLanguage":"fr-FR","potentialAction":[{"@type":"ReadAction","target":["https:\/\/ecuremapcenter.com\/shop\/kess3-full-erc-tuner-kit-obd-bench-boot\/"]}]},{"@type":"ImageObject","inLanguage":"fr-FR","@id":"https:\/\/ecuremapcenter.com\/shop\/kess3-full-erc-tuner-kit-obd-bench-boot\/#primaryimage","url":"https:\/\/ecuremapcenter.com\/wp-content\/uploads\/2026\/03\/kess3-dealer-kit-full.jpg","contentUrl":"https:\/\/ecuremapcenter.com\/wp-content\/uploads\/2026\/03\/kess3-dealer-kit-full.jpg","width":1200,"height":1200},{"@type":"BreadcrumbList","@id":"https:\/\/ecuremapcenter.com\/shop\/kess3-full-erc-tuner-kit-obd-bench-boot\/#breadcrumb","itemListElement":[{"@type":"ListItem","position":1,"name":"Home","item":"https:\/\/ecuremapcenter.com\/"},{"@type":"ListItem","position":2,"name":"Shop","item":"https:\/\/ecuremapcenter.com\/shop\/"},{"@type":"ListItem","position":3,"name":"KESS3 FULL ERC TUNER KIT (OBD, Bench &#038; Boot)"}]},{"@type":"WebSite","@id":"https:\/\/ecuremapcenter.com\/#website","url":"https:\/\/ecuremapcenter.com\/","name":"Centre de remappage ECU","description":"ECU, TCU remaps et solutions DPF Off, EGR Off, SCR Off de haute qualit\u00e9 pour les professionnels du r\u00e9glage des puces","publisher":{"@id":"https:\/\/ecuremapcenter.com\/#organization"},"alternateName":"ERC","potentialAction":[{"@type":"SearchAction","target":{"@type":"EntryPoint","urlTemplate":"https:\/\/ecuremapcenter.com\/?s={search_term_string}"},"query-input":{"@type":"PropertyValueSpecification","valueRequired":true,"valueName":"search_term_string"}}],"inLanguage":"fr-FR"},{"@type":"Organization","@id":"https:\/\/ecuremapcenter.com\/#organization","name":"Centre de remappage ECU","alternateName":"ERC","url":"https:\/\/ecuremapcenter.com\/","logo":{"@type":"ImageObject","inLanguage":"fr-FR","@id":"https:\/\/ecuremapcenter.com\/#\/schema\/logo\/image\/","url":"https:\/\/ecuremapcenter.com\/wp-content\/uploads\/2021\/06\/erc-logo.svg","contentUrl":"https:\/\/ecuremapcenter.com\/wp-content\/uploads\/2021\/06\/erc-logo.svg","width":780,"height":236,"caption":"ECU Remap Center"},"image":{"@id":"https:\/\/ecuremapcenter.com\/#\/schema\/logo\/image\/"},"sameAs":["https:\/\/www.facebook.com\/ecuremapcenter","https:\/\/www.instagram.com\/ecuremapcenter\/"]}]}},"_links":{"self":[{"href":"https:\/\/ecuremapcenter.com\/fr\/wp-json\/wp\/v2\/product\/8829","targetHints":{"allow":["GET"]}}],"collection":[{"href":"https:\/\/ecuremapcenter.com\/fr\/wp-json\/wp\/v2\/product"}],"about":[{"href":"https:\/\/ecuremapcenter.com\/fr\/wp-json\/wp\/v2\/types\/product"}],"wp:featuredmedia":[{"embeddable":true,"href":"https:\/\/ecuremapcenter.com\/fr\/wp-json\/wp\/v2\/media\/8830"}],"wp:attachment":[{"href":"https:\/\/ecuremapcenter.com\/fr\/wp-json\/wp\/v2\/media?parent=8829"}],"wp:term":[{"taxonomy":"product_brand","embeddable":true,"href":"https:\/\/ecuremapcenter.com\/fr\/wp-json\/wp\/v2\/product_brand?post=8829"},{"taxonomy":"product_cat","embeddable":true,"href":"https:\/\/ecuremapcenter.com\/fr\/wp-json\/wp\/v2\/product_cat?post=8829"},{"taxonomy":"product_tag","embeddable":true,"href":"https:\/\/ecuremapcenter.com\/fr\/wp-json\/wp\/v2\/product_tag?post=8829"},{"taxonomy":"tool_configuration","embeddable":true,"href":"https:\/\/ecuremapcenter.com\/fr\/wp-json\/wp\/v2\/tool_configuration?post=8829"},{"taxonomy":"tool_interface","embeddable":true,"href":"https:\/\/ecuremapcenter.com\/fr\/wp-json\/wp\/v2\/tool_interface?post=8829"},{"taxonomy":"flashing_tools","embeddable":true,"href":"https:\/\/ecuremapcenter.com\/fr\/wp-json\/wp\/v2\/flashing_tools?post=8829"},{"taxonomy":"vehicle_types","embeddable":true,"href":"https:\/\/ecuremapcenter.com\/fr\/wp-json\/wp\/v2\/vehicle_types?post=8829"}],"curies":[{"name":"wp","href":"https:\/\/api.w.org\/{rel}","templated":true}]}}