{"id":4476,"date":"2025-09-20T09:38:36","date_gmt":"2025-09-20T08:38:36","guid":{"rendered":"https:\/\/ecuremapcenter.com\/?post_type=product&#038;p=4476"},"modified":"2026-02-11T15:38:43","modified_gmt":"2026-02-11T14:38:43","slug":"kess3-car-lcv-erc-tuner-kit-obd-bench-boot","status":"publish","type":"product","link":"https:\/\/ecuremapcenter.com\/it\/negozio\/kess3-car-lcv-erc-tuner-kit-obd-bench-boot\/","title":{"rendered":"KESS3 Car &#038; LCV ERC TUNER KIT (OBD, Bench &#038; Boot)"},"content":{"rendered":"<p><strong>KESS3 combina 3 modalit\u00e0 operative in un unico strumento. Modalit\u00e0 OBD, Bench e Boot.<\/strong><br \/>\nOgni aspetto di KESS3 \u00e8 attentamente progettato per ottenere prestazioni, flessibilit\u00e0 operativa e facilit\u00e0 d&#039;uso. Nuovo microprocessore, interfacce I\/O di ultima generazione, nuovi sensori integrati e memorie EEPROM e FLASH ad alte prestazioni sono le caratteristiche principali di KESS3.<\/p>\n<h5>Contenuto della cassa<\/h5>\n<p><strong>Hardware slave KESS3<\/strong><br \/>\n<strong>cavo USB<\/strong>, necessario per interfacciarsi con lo strumento KESS3 attraverso il PC<br \/>\n<strong>Il cavo OBD di nuova generazione<\/strong><br \/>\n(integra tutte le linee di comunicazione utilizzate dalle varie case automobilistiche; \u2013 in grado di comunicare con Honda, Volvo, Lotus e Toyota.)<br \/>\n<strong>1400SWALIM<\/strong>\u00a0alimentatore, in grado di fornire corrente e tensione sufficienti per comunicare con le centraline elettroniche, in modo stabile e sicuro.<br \/>\n<strong>144300TALI<\/strong>\u00a0cavo, per alimentare lo strumento tramite alimentatore da banco (l&#039;alimentatore invece \u00e8 venduto a parte)<br \/>\n<strong>144300KBNC<\/strong>\u00a0cavo per comunicare con le centraline direttamente a banco<br \/>\n<strong>144300 KTER<\/strong>\u00a0confezione che contiene tutti i cavi utili per il collegamento in modalit\u00e0 BENCH o BOOT. (estensore).<br \/>\n<strong>144300T104<\/strong>\u00a0cavo rainbow IDC 26-10 composto da 10 fili, utilizzato per il collegamento diretto alla scheda elettronica della centrale.<br \/>\n<strong>144300T105<\/strong>\u00a0cavo rainbow IDC 26-16 composto da 16 fili, utilizzato per il collegamento diretto alla scheda elettronica della centrale.<br \/>\n<strong>144300T106<\/strong>\u00a0cavo rainbow IDC 26-26 composto da 26 fili, utilizzato per il collegamento diretto alla scheda elettronica della centrale.<\/p>\n<p>&nbsp;<\/p>\n<p><em>* I crediti bonus sono validi solo per l&#039;acquisto di un kit sintonizzatore da parte di un&#039;azienda o di un individuo per avviare la propria attivit\u00e0.<br \/>\nPer termini e condizioni speciali in caso di acquisto di pi\u00f9 kit, contattaci prima all&#039;indirizzo <a href=\"mailto:sales@ecuremapcenter.com\">sales@ecuremapcenter.com<\/a>!<br \/>\n<\/em><\/p>","protected":false},"excerpt":{"rendered":"<p>Uno strumento all-in-one per le procedure OBD e BENCH-BOOT, KESS3 \u00e8 qui con un&#039;architettura completamente nuova che consente procedure di lettura e scrittura della ECU pi\u00f9 volte pi\u00f9 veloci rispetto alla vecchia generazione. Supportato dalla nuova versione cloud, facile da usare, del software Alientech SUITE!<\/p>\n<p>Include dispositivo slave KESS3, valigia, cavi, tutti gli accessori e un anno di abbonamento al supporto.<\/p>\n<p><strong>KESS3 Car &amp; LCV ERC TUNER KIT <\/strong>Viene con <strong>OBD, Bench and BOOT protocols for Cars and Light commercial vehicles and a <\/strong><strong>bonus di 120 gettoni di messa a punto* <\/strong>cos\u00ec potrai iniziare a mettere a punto il tutto senza ulteriori investimenti!<\/p>\n<p><em>* I token bonus devono essere spesi entro 6 mesi dall&#039;acquisto dello strumento.<\/em><\/p>","protected":false},"featured_media":7038,"template":"","meta":[],"product_brand":[69],"product_cat":[119,104,45],"product_tag":[],"tool_configuration":[85],"tool_interface":[96,97,95],"flashing_tools":[88],"vehicle_types":[79],"class_list":{"0":"post-4476","1":"product","2":"type-product","3":"status-publish","4":"has-post-thumbnail","6":"product_brand-alientech","7":"product_cat-all-products","8":"product_cat-erc","9":"product_cat-erc-tuner-kits","10":"product_shipping_class-erc-dealer-kits","11":"tool_configuration-slave","12":"tool_interface-bench","13":"tool_interface-boot","14":"tool_interface-obd","15":"flashing_tools-kess3","16":"vehicle_types-cars-lcv","18":"first","19":"instock","20":"sale","21":"featured","22":"sold-individually","23":"taxable","24":"shipping-taxable","25":"purchasable","26":"product-type-bundle"},"bundled_by":[],"bundle_stock_status":"instock","bundle_stock_quantity":"","bundle_virtual":false,"bundle_layout":"tabular","bundle_add_to_cart_form_location":"default","bundle_editable_in_cart":false,"bundle_sold_individually_context":"product","bundle_item_grouping":"parent","bundle_min_size":"","bundle_max_size":"","bundle_price":{"price":{"min":{"incl_tax":"2390","excl_tax":"2390"},"max":{"incl_tax":"2390","excl_tax":"2390"}},"regular_price":{"min":{"incl_tax":"2980","excl_tax":"2980"},"max":{"incl_tax":"2980","excl_tax":"2980"}}},"bundled_items":[{"bundled_item_id":43,"product_id":4396,"menu_order":0,"quantity_min":1,"quantity_max":1,"quantity_default":1,"priced_individually":false,"shipped_individually":false,"override_title":false,"title":"Hardware dello strumento lampeggiante KESS3","override_description":false,"description":"","optional":false,"hide_thumbnail":false,"discount":"","override_variations":false,"allowed_variations":[],"override_default_variation_attributes":false,"default_variation_attributes":[],"single_product_visibility":"hidden","cart_visibility":"hidden","order_visibility":"hidden","single_product_price_visibility":"visible","cart_price_visibility":"visible","order_price_visibility":"visible","stock_status":"in_stock"},{"bundled_item_id":44,"product_id":2783,"menu_order":1,"quantity_min":1,"quantity_max":1,"quantity_default":1,"priced_individually":false,"shipped_individually":true,"override_title":false,"title":"Attivazione protocolli KESS3 Slave - Veicolo - LCV OBD","override_description":false,"description":"","optional":false,"hide_thumbnail":false,"discount":"","override_variations":false,"allowed_variations":[],"override_default_variation_attributes":false,"default_variation_attributes":[],"single_product_visibility":"hidden","cart_visibility":"hidden","order_visibility":"hidden","single_product_price_visibility":"visible","cart_price_visibility":"visible","order_price_visibility":"visible","stock_status":"in_stock"},{"bundled_item_id":45,"product_id":2951,"menu_order":2,"quantity_min":1,"quantity_max":1,"quantity_default":1,"priced_individually":false,"shipped_individually":true,"override_title":false,"title":"Attivazione protocolli KESS3 Slave - Car - LCV Bench-Boot","override_description":false,"description":"","optional":false,"hide_thumbnail":false,"discount":"","override_variations":false,"allowed_variations":[],"override_default_variation_attributes":false,"default_variation_attributes":[],"single_product_visibility":"hidden","cart_visibility":"hidden","order_visibility":"hidden","single_product_price_visibility":"visible","cart_price_visibility":"visible","order_price_visibility":"visible","stock_status":"in_stock"}],"bundle_sell_ids":[],"group_of_quantity":0,"min_quantity":1,"max_quantity":1,"exclude_order_quantity_value_rules":"no","exclude_category_quantity_rules":"no","combine_variations":"no","acf":[],"yoast_head":"<!-- This site is optimized with the Yoast SEO plugin v27.4 - https:\/\/yoast.com\/product\/yoast-seo-wordpress\/ -->\n<title>KESS3 Car &amp; LCV ERC TUNER KIT (OBD, Bench &amp; Boot) | ECU Remap Center<\/title>\n<meta name=\"robots\" content=\"index, follow, max-snippet:-1, max-image-preview:large, max-video-preview:-1\" \/>\n<link rel=\"canonical\" href=\"https:\/\/ecuremapcenter.com\/it\/negozio\/kess3-car-lcv-erc-tuner-kit-obd-bench-boot\/\" \/>\n<meta property=\"og:locale\" content=\"it_IT\" \/>\n<meta property=\"og:type\" content=\"article\" \/>\n<meta property=\"og:title\" content=\"KESS3 Car &amp; LCV ERC TUNER KIT (OBD, Bench &amp; Boot) | ECU Remap Center\" \/>\n<meta property=\"og:description\" content=\"An all-in-one tool for OBD and BENCH-BOOT procedures, KESS3 is here with a completely new arhitecture that allows multiple times faster ECU reading and writing procedures then old generation. Supported by the new, easy to use, cloud version of Alientech SUITE software!  Includes KESS3 Slave Device, suitcase, cables, all accessories and one year of support subscription.  KESS3 Car &amp; LCV ERC TUNER KIT comes with OBD, Bench and BOOT protocols for Cars and Light commercial vehicles and a bonus of 120 tuning tokens* so you can start with tuning without any further investment!  * Bonus tokens have to be spent within 6 months of the tool purchase.\" \/>\n<meta property=\"og:url\" content=\"https:\/\/ecuremapcenter.com\/it\/negozio\/kess3-car-lcv-erc-tuner-kit-obd-bench-boot\/\" \/>\n<meta property=\"og:site_name\" content=\"ECU Remap Center\" \/>\n<meta property=\"article:publisher\" content=\"https:\/\/www.facebook.com\/ecuremapcenter\" \/>\n<meta property=\"article:modified_time\" content=\"2026-02-11T14:38:43+00:00\" \/>\n<meta property=\"og:image\" content=\"https:\/\/ecuremapcenter.com\/wp-content\/uploads\/2024\/11\/kess3-dealer-kit-obd-bench.jpg\" \/>\n\t<meta property=\"og:image:width\" content=\"1200\" \/>\n\t<meta property=\"og:image:height\" content=\"1200\" \/>\n\t<meta property=\"og:image:type\" content=\"image\/jpeg\" \/>\n<meta name=\"twitter:card\" content=\"summary_large_image\" \/>\n<meta name=\"twitter:label1\" content=\"Tempo di lettura stimato\" \/>\n\t<meta name=\"twitter:data1\" content=\"3 minuti\" \/>\n<script type=\"application\/ld+json\" class=\"yoast-schema-graph\">{\"@context\":\"https:\\\/\\\/schema.org\",\"@graph\":[{\"@type\":\"WebPage\",\"@id\":\"https:\\\/\\\/ecuremapcenter.com\\\/shop\\\/kess3-car-lcv-erc-tuner-kit-obd-bench-boot\\\/\",\"url\":\"https:\\\/\\\/ecuremapcenter.com\\\/shop\\\/kess3-car-lcv-erc-tuner-kit-obd-bench-boot\\\/\",\"name\":\"KESS3 Car & LCV ERC TUNER KIT (OBD, Bench & Boot) | ECU Remap Center\",\"isPartOf\":{\"@id\":\"https:\\\/\\\/ecuremapcenter.com\\\/#website\"},\"primaryImageOfPage\":{\"@id\":\"https:\\\/\\\/ecuremapcenter.com\\\/shop\\\/kess3-car-lcv-erc-tuner-kit-obd-bench-boot\\\/#primaryimage\"},\"image\":{\"@id\":\"https:\\\/\\\/ecuremapcenter.com\\\/shop\\\/kess3-car-lcv-erc-tuner-kit-obd-bench-boot\\\/#primaryimage\"},\"thumbnailUrl\":\"https:\\\/\\\/ecuremapcenter.com\\\/wp-content\\\/uploads\\\/2024\\\/11\\\/kess3-dealer-kit-obd-bench.jpg\",\"datePublished\":\"2025-09-20T08:38:36+00:00\",\"dateModified\":\"2026-02-11T14:38:43+00:00\",\"breadcrumb\":{\"@id\":\"https:\\\/\\\/ecuremapcenter.com\\\/shop\\\/kess3-car-lcv-erc-tuner-kit-obd-bench-boot\\\/#breadcrumb\"},\"inLanguage\":\"it-IT\",\"potentialAction\":[{\"@type\":\"ReadAction\",\"target\":[\"https:\\\/\\\/ecuremapcenter.com\\\/shop\\\/kess3-car-lcv-erc-tuner-kit-obd-bench-boot\\\/\"]}]},{\"@type\":\"ImageObject\",\"inLanguage\":\"it-IT\",\"@id\":\"https:\\\/\\\/ecuremapcenter.com\\\/shop\\\/kess3-car-lcv-erc-tuner-kit-obd-bench-boot\\\/#primaryimage\",\"url\":\"https:\\\/\\\/ecuremapcenter.com\\\/wp-content\\\/uploads\\\/2024\\\/11\\\/kess3-dealer-kit-obd-bench.jpg\",\"contentUrl\":\"https:\\\/\\\/ecuremapcenter.com\\\/wp-content\\\/uploads\\\/2024\\\/11\\\/kess3-dealer-kit-obd-bench.jpg\",\"width\":1200,\"height\":1200},{\"@type\":\"BreadcrumbList\",\"@id\":\"https:\\\/\\\/ecuremapcenter.com\\\/shop\\\/kess3-car-lcv-erc-tuner-kit-obd-bench-boot\\\/#breadcrumb\",\"itemListElement\":[{\"@type\":\"ListItem\",\"position\":1,\"name\":\"Home\",\"item\":\"https:\\\/\\\/ecuremapcenter.com\\\/\"},{\"@type\":\"ListItem\",\"position\":2,\"name\":\"Shop\",\"item\":\"https:\\\/\\\/ecuremapcenter.com\\\/shop\\\/\"},{\"@type\":\"ListItem\",\"position\":3,\"name\":\"KESS3 Car &#038; LCV ERC TUNER KIT (OBD, Bench &#038; Boot)\"}]},{\"@type\":\"WebSite\",\"@id\":\"https:\\\/\\\/ecuremapcenter.com\\\/#website\",\"url\":\"https:\\\/\\\/ecuremapcenter.com\\\/\",\"name\":\"ECU Remap Center\",\"description\":\"High quality ECU, TCU remaps and DPF Off, EGR Off, SCR Off solutions for chip tuning professionals\",\"publisher\":{\"@id\":\"https:\\\/\\\/ecuremapcenter.com\\\/#organization\"},\"alternateName\":\"ERC\",\"potentialAction\":[{\"@type\":\"SearchAction\",\"target\":{\"@type\":\"EntryPoint\",\"urlTemplate\":\"https:\\\/\\\/ecuremapcenter.com\\\/?s={search_term_string}\"},\"query-input\":{\"@type\":\"PropertyValueSpecification\",\"valueRequired\":true,\"valueName\":\"search_term_string\"}}],\"inLanguage\":\"it-IT\"},{\"@type\":\"Organization\",\"@id\":\"https:\\\/\\\/ecuremapcenter.com\\\/#organization\",\"name\":\"ECU Remap Center\",\"alternateName\":\"ERC\",\"url\":\"https:\\\/\\\/ecuremapcenter.com\\\/\",\"logo\":{\"@type\":\"ImageObject\",\"inLanguage\":\"it-IT\",\"@id\":\"https:\\\/\\\/ecuremapcenter.com\\\/#\\\/schema\\\/logo\\\/image\\\/\",\"url\":\"https:\\\/\\\/ecuremapcenter.com\\\/wp-content\\\/uploads\\\/2021\\\/06\\\/erc-logo.svg\",\"contentUrl\":\"https:\\\/\\\/ecuremapcenter.com\\\/wp-content\\\/uploads\\\/2021\\\/06\\\/erc-logo.svg\",\"width\":780,\"height\":236,\"caption\":\"ECU Remap Center\"},\"image\":{\"@id\":\"https:\\\/\\\/ecuremapcenter.com\\\/#\\\/schema\\\/logo\\\/image\\\/\"},\"sameAs\":[\"https:\\\/\\\/www.facebook.com\\\/ecuremapcenter\",\"https:\\\/\\\/www.instagram.com\\\/ecuremapcenter\\\/\"]}]}<\/script>\n<!-- \/ Yoast SEO plugin. -->","yoast_head_json":{"title":"KESS3 Car & LCV ERC TUNER KIT (OBD, Bench & Boot) | ECU Remap Center","robots":{"index":"index","follow":"follow","max-snippet":"max-snippet:-1","max-image-preview":"max-image-preview:large","max-video-preview":"max-video-preview:-1"},"canonical":"https:\/\/ecuremapcenter.com\/it\/negozio\/kess3-car-lcv-erc-tuner-kit-obd-bench-boot\/","og_locale":"it_IT","og_type":"article","og_title":"KESS3 Car & LCV ERC TUNER KIT (OBD, Bench & Boot) | ECU Remap Center","og_description":"An all-in-one tool for OBD and BENCH-BOOT procedures, KESS3 is here with a completely new arhitecture that allows multiple times faster ECU reading and writing procedures then old generation. Supported by the new, easy to use, cloud version of Alientech SUITE software!  Includes KESS3 Slave Device, suitcase, cables, all accessories and one year of support subscription.  KESS3 Car &amp; LCV ERC TUNER KIT comes with OBD, Bench and BOOT protocols for Cars and Light commercial vehicles and a bonus of 120 tuning tokens* so you can start with tuning without any further investment!  * Bonus tokens have to be spent within 6 months of the tool purchase.","og_url":"https:\/\/ecuremapcenter.com\/it\/negozio\/kess3-car-lcv-erc-tuner-kit-obd-bench-boot\/","og_site_name":"ECU Remap Center","article_publisher":"https:\/\/www.facebook.com\/ecuremapcenter","article_modified_time":"2026-02-11T14:38:43+00:00","og_image":[{"width":1200,"height":1200,"url":"https:\/\/ecuremapcenter.com\/wp-content\/uploads\/2024\/11\/kess3-dealer-kit-obd-bench.jpg","type":"image\/jpeg"}],"twitter_card":"summary_large_image","twitter_misc":{"Tempo di lettura stimato":"3 minuti"},"schema":{"@context":"https:\/\/schema.org","@graph":[{"@type":"WebPage","@id":"https:\/\/ecuremapcenter.com\/shop\/kess3-car-lcv-erc-tuner-kit-obd-bench-boot\/","url":"https:\/\/ecuremapcenter.com\/shop\/kess3-car-lcv-erc-tuner-kit-obd-bench-boot\/","name":"KESS3 Car & LCV ERC TUNER KIT (OBD, Bench & Boot) | ECU Remap Center","isPartOf":{"@id":"https:\/\/ecuremapcenter.com\/#website"},"primaryImageOfPage":{"@id":"https:\/\/ecuremapcenter.com\/shop\/kess3-car-lcv-erc-tuner-kit-obd-bench-boot\/#primaryimage"},"image":{"@id":"https:\/\/ecuremapcenter.com\/shop\/kess3-car-lcv-erc-tuner-kit-obd-bench-boot\/#primaryimage"},"thumbnailUrl":"https:\/\/ecuremapcenter.com\/wp-content\/uploads\/2024\/11\/kess3-dealer-kit-obd-bench.jpg","datePublished":"2025-09-20T08:38:36+00:00","dateModified":"2026-02-11T14:38:43+00:00","breadcrumb":{"@id":"https:\/\/ecuremapcenter.com\/shop\/kess3-car-lcv-erc-tuner-kit-obd-bench-boot\/#breadcrumb"},"inLanguage":"it-IT","potentialAction":[{"@type":"ReadAction","target":["https:\/\/ecuremapcenter.com\/shop\/kess3-car-lcv-erc-tuner-kit-obd-bench-boot\/"]}]},{"@type":"ImageObject","inLanguage":"it-IT","@id":"https:\/\/ecuremapcenter.com\/shop\/kess3-car-lcv-erc-tuner-kit-obd-bench-boot\/#primaryimage","url":"https:\/\/ecuremapcenter.com\/wp-content\/uploads\/2024\/11\/kess3-dealer-kit-obd-bench.jpg","contentUrl":"https:\/\/ecuremapcenter.com\/wp-content\/uploads\/2024\/11\/kess3-dealer-kit-obd-bench.jpg","width":1200,"height":1200},{"@type":"BreadcrumbList","@id":"https:\/\/ecuremapcenter.com\/shop\/kess3-car-lcv-erc-tuner-kit-obd-bench-boot\/#breadcrumb","itemListElement":[{"@type":"ListItem","position":1,"name":"Home","item":"https:\/\/ecuremapcenter.com\/"},{"@type":"ListItem","position":2,"name":"Shop","item":"https:\/\/ecuremapcenter.com\/shop\/"},{"@type":"ListItem","position":3,"name":"KESS3 Car &#038; LCV ERC TUNER KIT (OBD, Bench &#038; Boot)"}]},{"@type":"WebSite","@id":"https:\/\/ecuremapcenter.com\/#website","url":"https:\/\/ecuremapcenter.com\/","name":"Centro di rimappatura centraline","description":"ECU di alta qualit\u00e0, rimappature TCU e soluzioni DPF Off, EGR Off, SCR Off per professionisti del chip tuning","publisher":{"@id":"https:\/\/ecuremapcenter.com\/#organization"},"alternateName":"ERC","potentialAction":[{"@type":"SearchAction","target":{"@type":"EntryPoint","urlTemplate":"https:\/\/ecuremapcenter.com\/?s={search_term_string}"},"query-input":{"@type":"PropertyValueSpecification","valueRequired":true,"valueName":"search_term_string"}}],"inLanguage":"it-IT"},{"@type":"Organization","@id":"https:\/\/ecuremapcenter.com\/#organization","name":"Centro di rimappatura centraline","alternateName":"ERC","url":"https:\/\/ecuremapcenter.com\/","logo":{"@type":"ImageObject","inLanguage":"it-IT","@id":"https:\/\/ecuremapcenter.com\/#\/schema\/logo\/image\/","url":"https:\/\/ecuremapcenter.com\/wp-content\/uploads\/2021\/06\/erc-logo.svg","contentUrl":"https:\/\/ecuremapcenter.com\/wp-content\/uploads\/2021\/06\/erc-logo.svg","width":780,"height":236,"caption":"ECU Remap Center"},"image":{"@id":"https:\/\/ecuremapcenter.com\/#\/schema\/logo\/image\/"},"sameAs":["https:\/\/www.facebook.com\/ecuremapcenter","https:\/\/www.instagram.com\/ecuremapcenter\/"]}]}},"_links":{"self":[{"href":"https:\/\/ecuremapcenter.com\/it\/wp-json\/wp\/v2\/product\/4476","targetHints":{"allow":["GET"]}}],"collection":[{"href":"https:\/\/ecuremapcenter.com\/it\/wp-json\/wp\/v2\/product"}],"about":[{"href":"https:\/\/ecuremapcenter.com\/it\/wp-json\/wp\/v2\/types\/product"}],"wp:featuredmedia":[{"embeddable":true,"href":"https:\/\/ecuremapcenter.com\/it\/wp-json\/wp\/v2\/media\/7038"}],"wp:attachment":[{"href":"https:\/\/ecuremapcenter.com\/it\/wp-json\/wp\/v2\/media?parent=4476"}],"wp:term":[{"taxonomy":"product_brand","embeddable":true,"href":"https:\/\/ecuremapcenter.com\/it\/wp-json\/wp\/v2\/product_brand?post=4476"},{"taxonomy":"product_cat","embeddable":true,"href":"https:\/\/ecuremapcenter.com\/it\/wp-json\/wp\/v2\/product_cat?post=4476"},{"taxonomy":"product_tag","embeddable":true,"href":"https:\/\/ecuremapcenter.com\/it\/wp-json\/wp\/v2\/product_tag?post=4476"},{"taxonomy":"tool_configuration","embeddable":true,"href":"https:\/\/ecuremapcenter.com\/it\/wp-json\/wp\/v2\/tool_configuration?post=4476"},{"taxonomy":"tool_interface","embeddable":true,"href":"https:\/\/ecuremapcenter.com\/it\/wp-json\/wp\/v2\/tool_interface?post=4476"},{"taxonomy":"flashing_tools","embeddable":true,"href":"https:\/\/ecuremapcenter.com\/it\/wp-json\/wp\/v2\/flashing_tools?post=4476"},{"taxonomy":"vehicle_types","embeddable":true,"href":"https:\/\/ecuremapcenter.com\/it\/wp-json\/wp\/v2\/vehicle_types?post=4476"}],"curies":[{"name":"wp","href":"https:\/\/api.w.org\/{rel}","templated":true}]}}