{"id":6690,"date":"2024-10-17T09:43:53","date_gmt":"2024-10-17T08:43:53","guid":{"rendered":"https:\/\/ecuremapcenter.com\/?post_type=product&#038;p=6690"},"modified":"2025-01-28T11:26:16","modified_gmt":"2025-01-28T10:26:16","slug":"maestro-bflash","status":"publish","type":"product","link":"https:\/\/ecuremapcenter.com\/it\/negozio\/maestro-bflash\/","title":{"rendered":"Maestro bFlash"},"content":{"rendered":"<p>bFlash Master \u00e8 uno strumento indispensabile per ogni professionista della messa a punto dei chip, per ogni tecnico della calibrazione e per ogni officina di riparazione di ECU\/TCU.<\/p>\n<p>bFlash Slave \u00e8 dotato di 5 potenti funzionalit\u00e0: flashing ad alta velocit\u00e0, datalogging di base e avanzato, diagnostica, registrazione CAN Bus e revisione datalogging. Il nostro software intuitivo identifica automaticamente la ECU e il checksum viene automaticamente corretto dallo strumento durante il processo di scrittura.<\/p>\n<p>bFlash \u00e8 uno strumento di cui si fidano i professionisti del settore automobilistico di tutto il mondo.<\/p>\n<h5>Cosa \u00e8 incluso nel kit bFlash?<\/h5>\n<ul>\n<li>Cavo USBCavo OBD2<\/li>\n<li>Splitter a Y OBD2<\/li>\n<li>Cavo universale BOOT+BENCH<\/li>\n<li>Cavo BENCH universale per TCU<\/li>\n<li>Kit di posizionamento della sonda del treppiede<\/li>\n<li>Alimentatore da 4,2 A con adattatori EU\/US\/UK\/AUS<\/li>\n<\/ul>\n<h5>Caratteristiche:<\/h5>\n<ul>\n<li>OBD\/BENCH\/BOOT ECU+TCU lettura e scrittura file crittografati<\/li>\n<li>Lettura\/cancellazione DTC ECU+TCU<\/li>\n<li>Registrazione dati ECU+TCU<\/li>\n<li>Modulo di registrazione CAN Bus<\/li>\n<\/ul>","protected":false},"excerpt":{"rendered":"<p>bFlash Master \u00e8 uno strumento indispensabile per ogni professionista del chip tuning, ingegnere di calibrazione e officina di riparazione ECU\/TCU. Con lo strumento Slave, puoi leggere e scrivere file di tuning criptati.<\/p>\n<p>bFlash Master \u00e8 dotato di 5 potenti funzionalit\u00e0: flashing ad alta velocit\u00e0, datalogging di base e avanzato, diagnostica, registrazione CAN Bus e revisione datalogging. Il nostro software intuitivo identifica automaticamente la ECU e il checksum viene automaticamente corretto dallo strumento durante il processo di scrittura.<\/p>\n<p>bFlash \u00e8 uno strumento di cui si fidano i professionisti del settore automobilistico di tutto il mondo.<\/p>","protected":false},"featured_media":6685,"template":"","meta":[],"product_brand":[74],"product_cat":[119,41],"product_tag":[],"tool_configuration":[84],"tool_interface":[96,97,95],"flashing_tools":[94],"vehicle_types":[],"class_list":{"0":"post-6690","1":"product","2":"type-product","3":"status-publish","4":"has-post-thumbnail","6":"product_brand-bflash","7":"product_cat-all-products","8":"product_cat-pro-tools","9":"product_shipping_class-heavy-items","10":"tool_configuration-master","11":"tool_interface-bench","12":"tool_interface-boot","13":"tool_interface-obd","14":"flashing_tools-bflash","16":"first","17":"onbackorder","18":"taxable","19":"shipping-taxable","20":"purchasable","21":"product-type-simple"},"bundled_by":[],"bundle_stock_status":"onbackorder","bundle_stock_quantity":0,"bundle_virtual":false,"bundle_layout":"","bundle_add_to_cart_form_location":"","bundle_editable_in_cart":false,"bundle_sold_individually_context":"","bundle_item_grouping":"","bundle_min_size":"","bundle_max_size":"","bundle_price":[],"bundled_items":[],"bundle_sell_ids":[],"group_of_quantity":0,"min_quantity":0,"max_quantity":"","exclude_order_quantity_value_rules":"no","exclude_category_quantity_rules":"no","combine_variations":"no","acf":[],"yoast_head":"<!-- This site is optimized with the Yoast SEO plugin v27.3 - https:\/\/yoast.com\/product\/yoast-seo-wordpress\/ -->\n<title>bFlash Master | ECU Remap Center<\/title>\n<meta name=\"robots\" content=\"index, follow, max-snippet:-1, max-image-preview:large, max-video-preview:-1\" \/>\n<link rel=\"canonical\" href=\"https:\/\/ecuremapcenter.com\/it\/negozio\/maestro-bflash\/\" \/>\n<meta property=\"og:locale\" content=\"it_IT\" \/>\n<meta property=\"og:type\" content=\"article\" \/>\n<meta property=\"og:title\" content=\"bFlash Master | ECU Remap Center\" \/>\n<meta property=\"og:description\" content=\"bFlash Master is a must-have tool for every chip tuning professional, calibration engineer, and ECU\/TCU repair shop. With the Slave tool, you can read and write encrypted tuning files.  bFlash Master comes with 5 powerful features: high-speed flashing, basic and advanced datalogging, diagnostics, CAN Bus recording, and datalogging review. Our user-friendly software automatically identifies ECU and the checksum is automatically corrected by the tool during the writing process.  bFlash is a tool trusted by automotive professionals around the world.\" \/>\n<meta property=\"og:url\" content=\"https:\/\/ecuremapcenter.com\/it\/negozio\/maestro-bflash\/\" \/>\n<meta property=\"og:site_name\" content=\"ECU Remap Center\" \/>\n<meta property=\"article:publisher\" content=\"https:\/\/www.facebook.com\/ecuremapcenter\" \/>\n<meta property=\"article:modified_time\" content=\"2025-01-28T10:26:16+00:00\" \/>\n<meta property=\"og:image\" content=\"https:\/\/ecuremapcenter.com\/wp-content\/uploads\/2024\/10\/bflash-01.jpg\" \/>\n\t<meta property=\"og:image:width\" content=\"1000\" \/>\n\t<meta property=\"og:image:height\" content=\"1000\" \/>\n\t<meta property=\"og:image:type\" content=\"image\/jpeg\" \/>\n<meta name=\"twitter:card\" content=\"summary_large_image\" \/>\n<meta name=\"twitter:label1\" content=\"Tempo di lettura stimato\" \/>\n\t<meta name=\"twitter:data1\" content=\"2 minuti\" \/>\n<script type=\"application\/ld+json\" class=\"yoast-schema-graph\">{\"@context\":\"https:\\\/\\\/schema.org\",\"@graph\":[{\"@type\":\"WebPage\",\"@id\":\"https:\\\/\\\/ecuremapcenter.com\\\/shop\\\/bflash-master\\\/\",\"url\":\"https:\\\/\\\/ecuremapcenter.com\\\/shop\\\/bflash-master\\\/\",\"name\":\"bFlash Master | ECU Remap Center\",\"isPartOf\":{\"@id\":\"https:\\\/\\\/ecuremapcenter.com\\\/#website\"},\"primaryImageOfPage\":{\"@id\":\"https:\\\/\\\/ecuremapcenter.com\\\/shop\\\/bflash-master\\\/#primaryimage\"},\"image\":{\"@id\":\"https:\\\/\\\/ecuremapcenter.com\\\/shop\\\/bflash-master\\\/#primaryimage\"},\"thumbnailUrl\":\"https:\\\/\\\/ecuremapcenter.com\\\/wp-content\\\/uploads\\\/2024\\\/10\\\/bflash-01.jpg\",\"datePublished\":\"2024-10-17T08:43:53+00:00\",\"dateModified\":\"2025-01-28T10:26:16+00:00\",\"breadcrumb\":{\"@id\":\"https:\\\/\\\/ecuremapcenter.com\\\/shop\\\/bflash-master\\\/#breadcrumb\"},\"inLanguage\":\"it-IT\",\"potentialAction\":[{\"@type\":\"ReadAction\",\"target\":[\"https:\\\/\\\/ecuremapcenter.com\\\/shop\\\/bflash-master\\\/\"]}]},{\"@type\":\"ImageObject\",\"inLanguage\":\"it-IT\",\"@id\":\"https:\\\/\\\/ecuremapcenter.com\\\/shop\\\/bflash-master\\\/#primaryimage\",\"url\":\"https:\\\/\\\/ecuremapcenter.com\\\/wp-content\\\/uploads\\\/2024\\\/10\\\/bflash-01.jpg\",\"contentUrl\":\"https:\\\/\\\/ecuremapcenter.com\\\/wp-content\\\/uploads\\\/2024\\\/10\\\/bflash-01.jpg\",\"width\":1000,\"height\":1000},{\"@type\":\"BreadcrumbList\",\"@id\":\"https:\\\/\\\/ecuremapcenter.com\\\/shop\\\/bflash-master\\\/#breadcrumb\",\"itemListElement\":[{\"@type\":\"ListItem\",\"position\":1,\"name\":\"Home\",\"item\":\"https:\\\/\\\/ecuremapcenter.com\\\/\"},{\"@type\":\"ListItem\",\"position\":2,\"name\":\"Shop\",\"item\":\"https:\\\/\\\/ecuremapcenter.com\\\/shop\\\/\"},{\"@type\":\"ListItem\",\"position\":3,\"name\":\"bFlash Master\"}]},{\"@type\":\"WebSite\",\"@id\":\"https:\\\/\\\/ecuremapcenter.com\\\/#website\",\"url\":\"https:\\\/\\\/ecuremapcenter.com\\\/\",\"name\":\"ECU Remap Center\",\"description\":\"High quality ECU, TCU remaps and DPF Off, EGR Off, SCR Off solutions for chip tuning professionals\",\"publisher\":{\"@id\":\"https:\\\/\\\/ecuremapcenter.com\\\/#organization\"},\"alternateName\":\"ERC\",\"potentialAction\":[{\"@type\":\"SearchAction\",\"target\":{\"@type\":\"EntryPoint\",\"urlTemplate\":\"https:\\\/\\\/ecuremapcenter.com\\\/?s={search_term_string}\"},\"query-input\":{\"@type\":\"PropertyValueSpecification\",\"valueRequired\":true,\"valueName\":\"search_term_string\"}}],\"inLanguage\":\"it-IT\"},{\"@type\":\"Organization\",\"@id\":\"https:\\\/\\\/ecuremapcenter.com\\\/#organization\",\"name\":\"ECU Remap Center\",\"alternateName\":\"ERC\",\"url\":\"https:\\\/\\\/ecuremapcenter.com\\\/\",\"logo\":{\"@type\":\"ImageObject\",\"inLanguage\":\"it-IT\",\"@id\":\"https:\\\/\\\/ecuremapcenter.com\\\/#\\\/schema\\\/logo\\\/image\\\/\",\"url\":\"https:\\\/\\\/ecuremapcenter.com\\\/wp-content\\\/uploads\\\/2021\\\/06\\\/erc-logo.svg\",\"contentUrl\":\"https:\\\/\\\/ecuremapcenter.com\\\/wp-content\\\/uploads\\\/2021\\\/06\\\/erc-logo.svg\",\"width\":780,\"height\":236,\"caption\":\"ECU Remap Center\"},\"image\":{\"@id\":\"https:\\\/\\\/ecuremapcenter.com\\\/#\\\/schema\\\/logo\\\/image\\\/\"},\"sameAs\":[\"https:\\\/\\\/www.facebook.com\\\/ecuremapcenter\",\"https:\\\/\\\/www.instagram.com\\\/ecuremapcenter\\\/\"]}]}<\/script>\n<!-- \/ Yoast SEO plugin. -->","yoast_head_json":{"title":"bFlash Master | Centro di rimappatura ECU","robots":{"index":"index","follow":"follow","max-snippet":"max-snippet:-1","max-image-preview":"max-image-preview:large","max-video-preview":"max-video-preview:-1"},"canonical":"https:\/\/ecuremapcenter.com\/it\/negozio\/maestro-bflash\/","og_locale":"it_IT","og_type":"article","og_title":"bFlash Master | ECU Remap Center","og_description":"bFlash Master is a must-have tool for every chip tuning professional, calibration engineer, and ECU\/TCU repair shop. With the Slave tool, you can read and write encrypted tuning files.  bFlash Master comes with 5 powerful features: high-speed flashing, basic and advanced datalogging, diagnostics, CAN Bus recording, and datalogging review. Our user-friendly software automatically identifies ECU and the checksum is automatically corrected by the tool during the writing process.  bFlash is a tool trusted by automotive professionals around the world.","og_url":"https:\/\/ecuremapcenter.com\/it\/negozio\/maestro-bflash\/","og_site_name":"ECU Remap Center","article_publisher":"https:\/\/www.facebook.com\/ecuremapcenter","article_modified_time":"2025-01-28T10:26:16+00:00","og_image":[{"width":1000,"height":1000,"url":"https:\/\/ecuremapcenter.com\/wp-content\/uploads\/2024\/10\/bflash-01.jpg","type":"image\/jpeg"}],"twitter_card":"summary_large_image","twitter_misc":{"Tempo di lettura stimato":"2 minuti"},"schema":{"@context":"https:\/\/schema.org","@graph":[{"@type":"WebPage","@id":"https:\/\/ecuremapcenter.com\/shop\/bflash-master\/","url":"https:\/\/ecuremapcenter.com\/shop\/bflash-master\/","name":"bFlash Master | Centro di rimappatura ECU","isPartOf":{"@id":"https:\/\/ecuremapcenter.com\/#website"},"primaryImageOfPage":{"@id":"https:\/\/ecuremapcenter.com\/shop\/bflash-master\/#primaryimage"},"image":{"@id":"https:\/\/ecuremapcenter.com\/shop\/bflash-master\/#primaryimage"},"thumbnailUrl":"https:\/\/ecuremapcenter.com\/wp-content\/uploads\/2024\/10\/bflash-01.jpg","datePublished":"2024-10-17T08:43:53+00:00","dateModified":"2025-01-28T10:26:16+00:00","breadcrumb":{"@id":"https:\/\/ecuremapcenter.com\/shop\/bflash-master\/#breadcrumb"},"inLanguage":"it-IT","potentialAction":[{"@type":"ReadAction","target":["https:\/\/ecuremapcenter.com\/shop\/bflash-master\/"]}]},{"@type":"ImageObject","inLanguage":"it-IT","@id":"https:\/\/ecuremapcenter.com\/shop\/bflash-master\/#primaryimage","url":"https:\/\/ecuremapcenter.com\/wp-content\/uploads\/2024\/10\/bflash-01.jpg","contentUrl":"https:\/\/ecuremapcenter.com\/wp-content\/uploads\/2024\/10\/bflash-01.jpg","width":1000,"height":1000},{"@type":"BreadcrumbList","@id":"https:\/\/ecuremapcenter.com\/shop\/bflash-master\/#breadcrumb","itemListElement":[{"@type":"ListItem","position":1,"name":"Home","item":"https:\/\/ecuremapcenter.com\/"},{"@type":"ListItem","position":2,"name":"Shop","item":"https:\/\/ecuremapcenter.com\/shop\/"},{"@type":"ListItem","position":3,"name":"bFlash Master"}]},{"@type":"WebSite","@id":"https:\/\/ecuremapcenter.com\/#website","url":"https:\/\/ecuremapcenter.com\/","name":"Centro di rimappatura centraline","description":"ECU di alta qualit\u00e0, rimappature TCU e soluzioni DPF Off, EGR Off, SCR Off per professionisti del chip tuning","publisher":{"@id":"https:\/\/ecuremapcenter.com\/#organization"},"alternateName":"ERC","potentialAction":[{"@type":"SearchAction","target":{"@type":"EntryPoint","urlTemplate":"https:\/\/ecuremapcenter.com\/?s={search_term_string}"},"query-input":{"@type":"PropertyValueSpecification","valueRequired":true,"valueName":"search_term_string"}}],"inLanguage":"it-IT"},{"@type":"Organization","@id":"https:\/\/ecuremapcenter.com\/#organization","name":"Centro di rimappatura centraline","alternateName":"ERC","url":"https:\/\/ecuremapcenter.com\/","logo":{"@type":"ImageObject","inLanguage":"it-IT","@id":"https:\/\/ecuremapcenter.com\/#\/schema\/logo\/image\/","url":"https:\/\/ecuremapcenter.com\/wp-content\/uploads\/2021\/06\/erc-logo.svg","contentUrl":"https:\/\/ecuremapcenter.com\/wp-content\/uploads\/2021\/06\/erc-logo.svg","width":780,"height":236,"caption":"ECU Remap Center"},"image":{"@id":"https:\/\/ecuremapcenter.com\/#\/schema\/logo\/image\/"},"sameAs":["https:\/\/www.facebook.com\/ecuremapcenter","https:\/\/www.instagram.com\/ecuremapcenter\/"]}]}},"_links":{"self":[{"href":"https:\/\/ecuremapcenter.com\/it\/wp-json\/wp\/v2\/product\/6690","targetHints":{"allow":["GET"]}}],"collection":[{"href":"https:\/\/ecuremapcenter.com\/it\/wp-json\/wp\/v2\/product"}],"about":[{"href":"https:\/\/ecuremapcenter.com\/it\/wp-json\/wp\/v2\/types\/product"}],"wp:featuredmedia":[{"embeddable":true,"href":"https:\/\/ecuremapcenter.com\/it\/wp-json\/wp\/v2\/media\/6685"}],"wp:attachment":[{"href":"https:\/\/ecuremapcenter.com\/it\/wp-json\/wp\/v2\/media?parent=6690"}],"wp:term":[{"taxonomy":"product_brand","embeddable":true,"href":"https:\/\/ecuremapcenter.com\/it\/wp-json\/wp\/v2\/product_brand?post=6690"},{"taxonomy":"product_cat","embeddable":true,"href":"https:\/\/ecuremapcenter.com\/it\/wp-json\/wp\/v2\/product_cat?post=6690"},{"taxonomy":"product_tag","embeddable":true,"href":"https:\/\/ecuremapcenter.com\/it\/wp-json\/wp\/v2\/product_tag?post=6690"},{"taxonomy":"tool_configuration","embeddable":true,"href":"https:\/\/ecuremapcenter.com\/it\/wp-json\/wp\/v2\/tool_configuration?post=6690"},{"taxonomy":"tool_interface","embeddable":true,"href":"https:\/\/ecuremapcenter.com\/it\/wp-json\/wp\/v2\/tool_interface?post=6690"},{"taxonomy":"flashing_tools","embeddable":true,"href":"https:\/\/ecuremapcenter.com\/it\/wp-json\/wp\/v2\/flashing_tools?post=6690"},{"taxonomy":"vehicle_types","embeddable":true,"href":"https:\/\/ecuremapcenter.com\/it\/wp-json\/wp\/v2\/vehicle_types?post=6690"}],"curies":[{"name":"wp","href":"https:\/\/api.w.org\/{rel}","templated":true}]}}