{"id":7735,"date":"2025-02-14T10:45:47","date_gmt":"2025-02-14T09:45:47","guid":{"rendered":"https:\/\/ecuremapcenter.com\/?post_type=product&#038;p=7735"},"modified":"2025-09-25T11:12:05","modified_gmt":"2025-09-25T10:12:05","slug":"topdon-fenice-elite","status":"publish","type":"product","link":"https:\/\/ecuremapcenter.com\/it\/negozio\/topdon-fenice-elite\/","title":{"rendered":"Topdon Phoenix Elite"},"content":{"rendered":"<p>Phoenix Elite \u00e8 uno scanner diagnostico di livello professionale che offre capacit\u00e0 di livello OE. Con uno schermo LCD da 10,1&quot;, un processore a 4 core da 2,0 GHz e il sistema operativo Android 10, questo strumento offre capacit\u00e0 di diagnosi rapide e precise. La sua funzione di topologia consente ai tecnici di avere un quadro chiaro dei sistemi di sensori dell&#039;automobile e di trovare rapidamente problemi di comunicazione o identificare codici di errore. Elite offre funzioni di manutenzione speciali e codifica online per varie marche. Questo strumento pu\u00f2 eseguire test attivi, codifica, inizializzazioni, ripristini della memoria e molto altro.<\/p>\n<h5>Caratteristiche<\/h5>\n<p><strong>CONNETTITI AI VEICOLI PI\u00d9 NUOVI<br \/>\n<\/strong>La comunicazione del veicolo \u00e8 migliorata con la maggior parte dei protocolli di comunicazione pi\u00f9 recenti. Il Phoenix Elite \u00e8 dotato di funzionalit\u00e0 wireless VCI e CAN-FD.<\/p>\n<p><strong>TUTTI I DATI SU UN&#039;UNICA SCHERMATA<br \/>\n<\/strong>La mappatura topologica visualizza i sistemi correlati del veicolo e la rete CAN.<br \/>\nDiagnostica all&#039;istante i problemi di comunicazione.<br \/>\nMappatura con codice colore dello stato di comunicazione di ciascun modulo.<br \/>\nOffre test attivi, funzioni speciali, codifica, inizializzazione e reset della memoria.<\/p>\n<p><strong>FUNZIONI GUIDATE PER VEICOLI VAG<\/strong><br \/>\nProcedure di diagnosi guidate passo dopo passo basate sul codice per veicoli VW e Audi.<\/p>\n<p><strong>VIN AUTOMATICO DEL VEICOLO E RILEVAMENTO AUTOMATICO<\/strong><br \/>\nPhoenix Elite cattura automaticamente il numero VIN del veicolo e trova tutte le informazioni rilevanti sul veicolo. Utilizza questa funzione per risparmiare tempo ed evitare errori.<\/p>\n<p><strong>REPORT PRE-SCANSIONE E POST-SCANSIONE<\/strong><br \/>\nLe funzionalit\u00e0 Pre-Scan e Post-Scan consentono al tecnico di registrare i codici prima della riparazione. Ci\u00f2 consentir\u00e0 di fornire copie alle compagnie assicurative e ai clienti per l&#039;approvazione della riparazione.<br \/>\nUna volta completate le riparazioni, \u00e8 possibile registrare il rapporto post-scansione che mostra che tutti i codici sono corretti, attestando cos\u00ec lo stato di salute del veicolo.<\/p>\n<p><strong>ESPANDI LE TUE CAPACIT\u00c0 CON LA CALIBRAZIONE ADAS<\/strong><br \/>\nAndando oltre la diagnostica, Phoenix Elite introduce le funzionalit\u00e0 ADAS per le officine. Scarica gli aggiornamenti ADAS e abbinali a un sistema ADAS Phoenix per trasformare la tua Phoenix Elite in una stazione di calibrazione, creando un nuovo flusso di entrate per le officine.<\/p>\n<h4>Specifiche<\/h4>\n<p><strong>Fenice Elite:<\/strong><\/p>\n<ul>\n<li>Schermo: LCD 10.1\u201d touchscreen, 1280*800<\/li>\n<li>CPU: processore a 4 core, 2,0 GHz, Android 10.0<\/li>\n<li>Memoria RAM: 4G<\/li>\n<li>Memoria 64 GB<\/li>\n<li>Batteria: 12000 mAh \/ 3,8 V<\/li>\n<li>Tensione di funzionamento: 9~18V<\/li>\n<li>Temperatura di stoccaggio: -20\u2103~60\u2103 (-4\u2109~140\u2109)<\/li>\n<li>Temperatura di lavoro: 0\u2103~50\u2103 (32\u2109~122\u2109)<\/li>\n<li>Dimensioni: 278*191*48 mm (10,94*7,52*1,89&quot;)<\/li>\n<li>Dimensioni della confezione: 468*320*143 mm (18,43*12,60*5,63&quot;)<\/li>\n<li>Supporto multilingue: 24 lingue<br \/>\nInglese, tedesco, spagnolo, francese, italiano, giapponese, portoghese, russo, polacco, turco, olandese, ungherese, cinese (tradizionale), coreano, finlandese, greco, slovacco, rumeno, arabo, croato, sloveno, ceco, danese, norvegese<\/li>\n<\/ul>\n<p><strong>Phoenix VCI:<\/strong><\/p>\n<ul>\n<li>Temperatura di lavoro: da -10\u2103 a 50\u2103 (da 14\u2109 a 122\u2109)<\/li>\n<li>Tensione di funzionamento: da 9 a 18 V<\/li>\n<li>Corrente di lavoro: \u2266 150 mA<\/li>\n<li>Dimensioni: 127 x 82 x 36 mm (5 x 3,22 x 1,42 pollici)<\/li>\n<li>Nuovo protocollo supportato: CANFD<\/li>\n<\/ul>\n<h4>Lista imballaggio<\/h4>\n<ul>\n<li>1* Fenice Elite<\/li>\n<li>1* Phoenix MDCI (adattatore VCI)<\/li>\n<li>1* Adattatore OBDI BOX Linea di trasferimento<\/li>\n<li>1* Cavo di estensione OBDII<\/li>\n<li>1* Cavo accendisigari<\/li>\n<li>1* Cavo da tipo C a USB<\/li>\n<li>1* Morsetti per batteria\/set di cavi<\/li>\n<li>1* Adattatore di alimentazione<\/li>\n<li>1* Manuale dell&#039;utente<\/li>\n<li>1* Busta per password<\/li>\n<li>Kit cavi adattatori non a 16 pin da 10*<\/li>\n<li>4* Fusibile (\u03c65*20mm)<\/li>\n<li>2* Fusibile (\u03c66*30mm)<\/li>\n<li>1* Cavo di programmazione BMW F-Chassis<\/li>\n<\/ul>\n<h4>Garanzia e aggiornamenti<\/h4>\n<p>Garanzia di due anni.<br \/>\nDue anni di aggiornamenti software gratuiti.<\/p>","protected":false},"excerpt":{"rendered":"<p>Ottieni diagnosi avanzate con TOPDON Phoenix Plus 2, una versione migliorata di Phoenix Plus.<br \/>\nGrazie al nuovo supporto CAN-FD, questo strumento copre ora una gamma pi\u00f9 ampia di veicoli moderni.<\/p>","protected":false},"featured_media":7736,"template":"","meta":[],"product_brand":[130],"product_cat":[129],"product_tag":[],"tool_configuration":[],"tool_interface":[],"flashing_tools":[103],"vehicle_types":[],"class_list":{"0":"post-7735","1":"product","2":"type-product","3":"status-publish","4":"has-post-thumbnail","6":"product_brand-topdon","7":"product_cat-diagnostic","8":"product_shipping_class-heavy-items","9":"flashing_tools-universal","11":"first","12":"instock","13":"sale","14":"featured","15":"taxable","16":"shipping-taxable","17":"purchasable","18":"product-type-simple"},"bundled_by":[],"bundle_stock_status":"instock","bundle_stock_quantity":1,"bundle_virtual":false,"bundle_layout":"","bundle_add_to_cart_form_location":"","bundle_editable_in_cart":false,"bundle_sold_individually_context":"","bundle_item_grouping":"","bundle_min_size":"","bundle_max_size":"","bundle_price":[],"bundled_items":[],"bundle_sell_ids":[],"group_of_quantity":0,"min_quantity":0,"max_quantity":"","exclude_order_quantity_value_rules":"no","exclude_category_quantity_rules":"no","combine_variations":"no","acf":[],"yoast_head":"<!-- This site is optimized with the Yoast SEO plugin v27.5 - https:\/\/yoast.com\/product\/yoast-seo-wordpress\/ -->\n<title>Topdon Phoenix Elite | ECU Remap Center<\/title>\n<meta name=\"robots\" content=\"index, follow, max-snippet:-1, max-image-preview:large, max-video-preview:-1\" \/>\n<link rel=\"canonical\" href=\"https:\/\/ecuremapcenter.com\/it\/negozio\/topdon-fenice-elite\/\" \/>\n<meta property=\"og:locale\" content=\"it_IT\" \/>\n<meta property=\"og:type\" content=\"article\" \/>\n<meta property=\"og:title\" content=\"Topdon Phoenix Elite | ECU Remap Center\" \/>\n<meta property=\"og:description\" content=\"Unlock advanced diagnostics with the TOPDON Phoenix Plus 2, an enhanced version of the Phoenix Plus. With new CAN-FD support, this tool now covers a broader range of modern vehicles.\" \/>\n<meta property=\"og:url\" content=\"https:\/\/ecuremapcenter.com\/it\/negozio\/topdon-fenice-elite\/\" \/>\n<meta property=\"og:site_name\" content=\"ECU Remap Center\" \/>\n<meta property=\"article:publisher\" content=\"https:\/\/www.facebook.com\/ecuremapcenter\" \/>\n<meta property=\"article:modified_time\" content=\"2025-09-25T10:12:05+00:00\" \/>\n<meta property=\"og:image\" content=\"https:\/\/ecuremapcenter.com\/wp-content\/uploads\/2025\/03\/topdon_phoenix_elite_1.jpg\" \/>\n\t<meta property=\"og:image:width\" content=\"1200\" \/>\n\t<meta property=\"og:image:height\" content=\"1200\" \/>\n\t<meta property=\"og:image:type\" content=\"image\/jpeg\" \/>\n<meta name=\"twitter:card\" content=\"summary_large_image\" \/>\n<meta name=\"twitter:label1\" content=\"Tempo di lettura stimato\" \/>\n\t<meta name=\"twitter:data1\" content=\"4 minuti\" \/>\n<script type=\"application\/ld+json\" class=\"yoast-schema-graph\">{\"@context\":\"https:\\\/\\\/schema.org\",\"@graph\":[{\"@type\":\"WebPage\",\"@id\":\"https:\\\/\\\/ecuremapcenter.com\\\/shop\\\/topdon-phoenix-elite\\\/\",\"url\":\"https:\\\/\\\/ecuremapcenter.com\\\/shop\\\/topdon-phoenix-elite\\\/\",\"name\":\"Topdon Phoenix Elite | ECU Remap Center\",\"isPartOf\":{\"@id\":\"https:\\\/\\\/ecuremapcenter.com\\\/#website\"},\"primaryImageOfPage\":{\"@id\":\"https:\\\/\\\/ecuremapcenter.com\\\/shop\\\/topdon-phoenix-elite\\\/#primaryimage\"},\"image\":{\"@id\":\"https:\\\/\\\/ecuremapcenter.com\\\/shop\\\/topdon-phoenix-elite\\\/#primaryimage\"},\"thumbnailUrl\":\"https:\\\/\\\/ecuremapcenter.com\\\/wp-content\\\/uploads\\\/2025\\\/03\\\/topdon_phoenix_elite_1.jpg\",\"datePublished\":\"2025-02-14T09:45:47+00:00\",\"dateModified\":\"2025-09-25T10:12:05+00:00\",\"breadcrumb\":{\"@id\":\"https:\\\/\\\/ecuremapcenter.com\\\/shop\\\/topdon-phoenix-elite\\\/#breadcrumb\"},\"inLanguage\":\"it-IT\",\"potentialAction\":[{\"@type\":\"ReadAction\",\"target\":[\"https:\\\/\\\/ecuremapcenter.com\\\/shop\\\/topdon-phoenix-elite\\\/\"]}]},{\"@type\":\"ImageObject\",\"inLanguage\":\"it-IT\",\"@id\":\"https:\\\/\\\/ecuremapcenter.com\\\/shop\\\/topdon-phoenix-elite\\\/#primaryimage\",\"url\":\"https:\\\/\\\/ecuremapcenter.com\\\/wp-content\\\/uploads\\\/2025\\\/03\\\/topdon_phoenix_elite_1.jpg\",\"contentUrl\":\"https:\\\/\\\/ecuremapcenter.com\\\/wp-content\\\/uploads\\\/2025\\\/03\\\/topdon_phoenix_elite_1.jpg\",\"width\":1200,\"height\":1200,\"caption\":\"topdon phoenix elite diagnostic device - product photo\"},{\"@type\":\"BreadcrumbList\",\"@id\":\"https:\\\/\\\/ecuremapcenter.com\\\/shop\\\/topdon-phoenix-elite\\\/#breadcrumb\",\"itemListElement\":[{\"@type\":\"ListItem\",\"position\":1,\"name\":\"Home\",\"item\":\"https:\\\/\\\/ecuremapcenter.com\\\/\"},{\"@type\":\"ListItem\",\"position\":2,\"name\":\"Shop\",\"item\":\"https:\\\/\\\/ecuremapcenter.com\\\/shop\\\/\"},{\"@type\":\"ListItem\",\"position\":3,\"name\":\"Topdon Phoenix Elite\"}]},{\"@type\":\"WebSite\",\"@id\":\"https:\\\/\\\/ecuremapcenter.com\\\/#website\",\"url\":\"https:\\\/\\\/ecuremapcenter.com\\\/\",\"name\":\"ECU Remap Center\",\"description\":\"High quality ECU, TCU remaps and DPF Off, EGR Off, SCR Off solutions for chip tuning professionals\",\"publisher\":{\"@id\":\"https:\\\/\\\/ecuremapcenter.com\\\/#organization\"},\"alternateName\":\"ERC\",\"potentialAction\":[{\"@type\":\"SearchAction\",\"target\":{\"@type\":\"EntryPoint\",\"urlTemplate\":\"https:\\\/\\\/ecuremapcenter.com\\\/?s={search_term_string}\"},\"query-input\":{\"@type\":\"PropertyValueSpecification\",\"valueRequired\":true,\"valueName\":\"search_term_string\"}}],\"inLanguage\":\"it-IT\"},{\"@type\":\"Organization\",\"@id\":\"https:\\\/\\\/ecuremapcenter.com\\\/#organization\",\"name\":\"ECU Remap Center\",\"alternateName\":\"ERC\",\"url\":\"https:\\\/\\\/ecuremapcenter.com\\\/\",\"logo\":{\"@type\":\"ImageObject\",\"inLanguage\":\"it-IT\",\"@id\":\"https:\\\/\\\/ecuremapcenter.com\\\/#\\\/schema\\\/logo\\\/image\\\/\",\"url\":\"https:\\\/\\\/ecuremapcenter.com\\\/wp-content\\\/uploads\\\/2021\\\/06\\\/erc-logo.svg\",\"contentUrl\":\"https:\\\/\\\/ecuremapcenter.com\\\/wp-content\\\/uploads\\\/2021\\\/06\\\/erc-logo.svg\",\"width\":780,\"height\":236,\"caption\":\"ECU Remap Center\"},\"image\":{\"@id\":\"https:\\\/\\\/ecuremapcenter.com\\\/#\\\/schema\\\/logo\\\/image\\\/\"},\"sameAs\":[\"https:\\\/\\\/www.facebook.com\\\/ecuremapcenter\",\"https:\\\/\\\/www.instagram.com\\\/ecuremapcenter\\\/\"]}]}<\/script>\n<!-- \/ Yoast SEO plugin. -->","yoast_head_json":{"title":"Topdon Phoenix Elite | Centro di rimappatura ECU","robots":{"index":"index","follow":"follow","max-snippet":"max-snippet:-1","max-image-preview":"max-image-preview:large","max-video-preview":"max-video-preview:-1"},"canonical":"https:\/\/ecuremapcenter.com\/it\/negozio\/topdon-fenice-elite\/","og_locale":"it_IT","og_type":"article","og_title":"Topdon Phoenix Elite | ECU Remap Center","og_description":"Unlock advanced diagnostics with the TOPDON Phoenix Plus 2, an enhanced version of the Phoenix Plus. With new CAN-FD support, this tool now covers a broader range of modern vehicles.","og_url":"https:\/\/ecuremapcenter.com\/it\/negozio\/topdon-fenice-elite\/","og_site_name":"ECU Remap Center","article_publisher":"https:\/\/www.facebook.com\/ecuremapcenter","article_modified_time":"2025-09-25T10:12:05+00:00","og_image":[{"width":1200,"height":1200,"url":"https:\/\/ecuremapcenter.com\/wp-content\/uploads\/2025\/03\/topdon_phoenix_elite_1.jpg","type":"image\/jpeg"}],"twitter_card":"summary_large_image","twitter_misc":{"Tempo di lettura stimato":"4 minuti"},"schema":{"@context":"https:\/\/schema.org","@graph":[{"@type":"WebPage","@id":"https:\/\/ecuremapcenter.com\/shop\/topdon-phoenix-elite\/","url":"https:\/\/ecuremapcenter.com\/shop\/topdon-phoenix-elite\/","name":"Topdon Phoenix Elite | Centro di rimappatura ECU","isPartOf":{"@id":"https:\/\/ecuremapcenter.com\/#website"},"primaryImageOfPage":{"@id":"https:\/\/ecuremapcenter.com\/shop\/topdon-phoenix-elite\/#primaryimage"},"image":{"@id":"https:\/\/ecuremapcenter.com\/shop\/topdon-phoenix-elite\/#primaryimage"},"thumbnailUrl":"https:\/\/ecuremapcenter.com\/wp-content\/uploads\/2025\/03\/topdon_phoenix_elite_1.jpg","datePublished":"2025-02-14T09:45:47+00:00","dateModified":"2025-09-25T10:12:05+00:00","breadcrumb":{"@id":"https:\/\/ecuremapcenter.com\/shop\/topdon-phoenix-elite\/#breadcrumb"},"inLanguage":"it-IT","potentialAction":[{"@type":"ReadAction","target":["https:\/\/ecuremapcenter.com\/shop\/topdon-phoenix-elite\/"]}]},{"@type":"ImageObject","inLanguage":"it-IT","@id":"https:\/\/ecuremapcenter.com\/shop\/topdon-phoenix-elite\/#primaryimage","url":"https:\/\/ecuremapcenter.com\/wp-content\/uploads\/2025\/03\/topdon_phoenix_elite_1.jpg","contentUrl":"https:\/\/ecuremapcenter.com\/wp-content\/uploads\/2025\/03\/topdon_phoenix_elite_1.jpg","width":1200,"height":1200,"caption":"topdon phoenix elite diagnostic device - product photo"},{"@type":"BreadcrumbList","@id":"https:\/\/ecuremapcenter.com\/shop\/topdon-phoenix-elite\/#breadcrumb","itemListElement":[{"@type":"ListItem","position":1,"name":"Home","item":"https:\/\/ecuremapcenter.com\/"},{"@type":"ListItem","position":2,"name":"Shop","item":"https:\/\/ecuremapcenter.com\/shop\/"},{"@type":"ListItem","position":3,"name":"Topdon Phoenix Elite"}]},{"@type":"WebSite","@id":"https:\/\/ecuremapcenter.com\/#website","url":"https:\/\/ecuremapcenter.com\/","name":"Centro di rimappatura centraline","description":"ECU di alta qualit\u00e0, rimappature TCU e soluzioni DPF Off, EGR Off, SCR Off per professionisti del chip tuning","publisher":{"@id":"https:\/\/ecuremapcenter.com\/#organization"},"alternateName":"ERC","potentialAction":[{"@type":"SearchAction","target":{"@type":"EntryPoint","urlTemplate":"https:\/\/ecuremapcenter.com\/?s={search_term_string}"},"query-input":{"@type":"PropertyValueSpecification","valueRequired":true,"valueName":"search_term_string"}}],"inLanguage":"it-IT"},{"@type":"Organization","@id":"https:\/\/ecuremapcenter.com\/#organization","name":"Centro di rimappatura centraline","alternateName":"ERC","url":"https:\/\/ecuremapcenter.com\/","logo":{"@type":"ImageObject","inLanguage":"it-IT","@id":"https:\/\/ecuremapcenter.com\/#\/schema\/logo\/image\/","url":"https:\/\/ecuremapcenter.com\/wp-content\/uploads\/2021\/06\/erc-logo.svg","contentUrl":"https:\/\/ecuremapcenter.com\/wp-content\/uploads\/2021\/06\/erc-logo.svg","width":780,"height":236,"caption":"ECU Remap Center"},"image":{"@id":"https:\/\/ecuremapcenter.com\/#\/schema\/logo\/image\/"},"sameAs":["https:\/\/www.facebook.com\/ecuremapcenter","https:\/\/www.instagram.com\/ecuremapcenter\/"]}]}},"_links":{"self":[{"href":"https:\/\/ecuremapcenter.com\/it\/wp-json\/wp\/v2\/product\/7735","targetHints":{"allow":["GET"]}}],"collection":[{"href":"https:\/\/ecuremapcenter.com\/it\/wp-json\/wp\/v2\/product"}],"about":[{"href":"https:\/\/ecuremapcenter.com\/it\/wp-json\/wp\/v2\/types\/product"}],"wp:featuredmedia":[{"embeddable":true,"href":"https:\/\/ecuremapcenter.com\/it\/wp-json\/wp\/v2\/media\/7736"}],"wp:attachment":[{"href":"https:\/\/ecuremapcenter.com\/it\/wp-json\/wp\/v2\/media?parent=7735"}],"wp:term":[{"taxonomy":"product_brand","embeddable":true,"href":"https:\/\/ecuremapcenter.com\/it\/wp-json\/wp\/v2\/product_brand?post=7735"},{"taxonomy":"product_cat","embeddable":true,"href":"https:\/\/ecuremapcenter.com\/it\/wp-json\/wp\/v2\/product_cat?post=7735"},{"taxonomy":"product_tag","embeddable":true,"href":"https:\/\/ecuremapcenter.com\/it\/wp-json\/wp\/v2\/product_tag?post=7735"},{"taxonomy":"tool_configuration","embeddable":true,"href":"https:\/\/ecuremapcenter.com\/it\/wp-json\/wp\/v2\/tool_configuration?post=7735"},{"taxonomy":"tool_interface","embeddable":true,"href":"https:\/\/ecuremapcenter.com\/it\/wp-json\/wp\/v2\/tool_interface?post=7735"},{"taxonomy":"flashing_tools","embeddable":true,"href":"https:\/\/ecuremapcenter.com\/it\/wp-json\/wp\/v2\/flashing_tools?post=7735"},{"taxonomy":"vehicle_types","embeddable":true,"href":"https:\/\/ecuremapcenter.com\/it\/wp-json\/wp\/v2\/vehicle_types?post=7735"}],"curies":[{"name":"wp","href":"https:\/\/api.w.org\/{rel}","templated":true}]}}