{"id":2774,"date":"2022-11-06T15:22:09","date_gmt":"2022-11-06T15:22:09","guid":{"rendered":"https:\/\/ecuremapcenter.com\/?post_type=product&#038;p=2774"},"modified":"2026-01-16T11:59:21","modified_gmt":"2026-01-16T10:59:21","slug":"mestre-da-ferramenta-de-flash-kess3","status":"publish","type":"product","link":"https:\/\/ecuremapcenter.com\/pt\/comprar\/mestre-da-ferramenta-de-flash-kess3\/","title":{"rendered":"Ferramenta de flash KESS3 MASTER"},"content":{"rendered":"<p><strong>KESS3 combina 3 modos de opera\u00e7\u00e3o em uma ferramenta. OBD, banco e modo de inicializa\u00e7\u00e3o.<\/strong><br \/>\nCada aspecto do KESS3 \u00e9 cuidadosamente projetado para alcan\u00e7ar desempenho, flexibilidade operacional e facilidade de uso. Novo microprocessador, interfaces I\/O de \u00faltima gera\u00e7\u00e3o, novos sensores integrados e mem\u00f3rias EEPROM e FLASH de alto desempenho s\u00e3o as principais caracter\u00edsticas do KESS3.<\/p>\n<h5>Conte\u00fado do caso<\/h5>\n<p><strong>Hardware KESS3<\/strong><br \/>\n<strong>cabo USB<\/strong>, necess\u00e1rio para interface com o instrumento KESS3 atrav\u00e9s do PC<br \/>\n<strong>O cabo OBD de nova gera\u00e7\u00e3o<\/strong><br \/>\n(integra todas as linhas de comunica\u00e7\u00e3o utilizadas pelos v\u00e1rios fabricantes de autom\u00f3veis; \u2013 capaz de comunicar com Honda, Volvo, Lotus e Toyota.)<br \/>\n<strong>1400SWALIM<\/strong> fonte de alimenta\u00e7\u00e3o, capaz de fornecer corrente e tens\u00e3o suficientes para se comunicar com as unidades de controle eletr\u00f4nico, de forma est\u00e1vel e segura.<br \/>\n<strong>144300TALI<\/strong> cabo, para alimentar o instrumento usando uma fonte de alimenta\u00e7\u00e3o de bancada (a fonte de alimenta\u00e7\u00e3o, por outro lado, \u00e9 vendida separadamente)<br \/>\n<strong>144300 KBNC<\/strong> cabo para se comunicar com as unidades de controle diretamente na bancada<br \/>\n<strong>144300KTER<\/strong> pacote que cont\u00e9m todos os cabos \u00fateis para conex\u00e3o no modo BENCH ou BOOT. (extensor).<br \/>\n<strong>144300T104<\/strong> cabo Rainbow IDC 26-10 constitu\u00eddo por 10 fios, utilizado para a liga\u00e7\u00e3o direta \u00e0 placa eletr\u00f3nica da central.<br \/>\n<strong>144300T105<\/strong> cabo rainbow IDC 26-16 composto por 16 fios, utilizado para conectar diretamente \u00e0 placa eletr\u00f4nica da central.<br \/>\n<strong>144300T106<\/strong> cabo Rainbow IDC 26-26 constitu\u00eddo por 26 fios, utilizado para a liga\u00e7\u00e3o direta \u00e0 placa eletr\u00f3nica da central.<\/p>","protected":false},"excerpt":{"rendered":"<p>Agora como uma ferramenta completa para procedimentos OBD e BENCH-BOOT, o KESS3 est\u00e1 aqui com uma arquitetura completamente nova que permite procedimentos v\u00e1rias vezes mais r\u00e1pidos do que a gera\u00e7\u00e3o anterior.<br \/>\nInclui mala, todos os acess\u00f3rios e um ano de assinatura de suporte.<\/p>\n<h5><strong><br \/>\n<\/strong>Escolha sua configura\u00e7\u00e3o:<\/h5>","protected":false},"featured_media":2800,"template":"","meta":[],"product_brand":[69],"product_cat":[119,41],"product_tag":[],"tool_configuration":[84],"tool_interface":[96,97,95],"flashing_tools":[88],"vehicle_types":[82,80,79,83,81],"class_list":{"0":"post-2774","1":"product","2":"type-product","3":"status-publish","4":"has-post-thumbnail","6":"product_brand-alientech","7":"product_cat-all-products","8":"product_cat-pro-tools","9":"product_shipping_class-heavy-items","10":"tool_configuration-master","11":"tool_interface-bench","12":"tool_interface-boot","13":"tool_interface-obd","14":"flashing_tools-kess3","15":"vehicle_types-agriculture","16":"vehicle_types-bike-atv","17":"vehicle_types-cars-lcv","18":"vehicle_types-marine","19":"vehicle_types-truck-bus","21":"first","22":"instock","23":"featured","24":"sold-individually","25":"taxable","26":"shipping-taxable","27":"purchasable","28":"product-type-bundle"},"bundled_by":[],"bundle_stock_status":"instock","bundle_stock_quantity":"","bundle_virtual":false,"bundle_layout":"default","bundle_add_to_cart_form_location":"default","bundle_editable_in_cart":true,"bundle_sold_individually_context":"product","bundle_item_grouping":"parent","bundle_min_size":1,"bundle_max_size":10,"bundle_price":{"price":{"min":{"incl_tax":"700","excl_tax":"700"},"max":{"incl_tax":"27414","excl_tax":"27414"}},"regular_price":{"min":{"incl_tax":"700","excl_tax":"700"},"max":{"incl_tax":"32590","excl_tax":"32590"}}},"bundled_items":[{"bundled_item_id":41,"product_id":4396,"menu_order":0,"quantity_min":1,"quantity_max":1,"quantity_default":1,"priced_individually":true,"shipped_individually":false,"override_title":true,"title":"Hardware da ferramenta de flash KESS3","override_description":true,"description":"","optional":false,"hide_thumbnail":false,"discount":"","override_variations":false,"allowed_variations":[],"override_default_variation_attributes":false,"default_variation_attributes":[],"single_product_visibility":"visible","cart_visibility":"visible","order_visibility":"visible","single_product_price_visibility":"visible","cart_price_visibility":"visible","order_price_visibility":"visible","stock_status":"in_stock"},{"bundled_item_id":1,"product_id":2779,"menu_order":1,"quantity_min":1,"quantity_max":1,"quantity_default":1,"priced_individually":true,"shipped_individually":true,"override_title":false,"title":"KESS3 Master - Car - Ativa\u00e7\u00e3o de protocolos LCV OBD","override_description":false,"description":"","optional":true,"hide_thumbnail":true,"discount":"","override_variations":false,"allowed_variations":[],"override_default_variation_attributes":false,"default_variation_attributes":[],"single_product_visibility":"visible","cart_visibility":"visible","order_visibility":"visible","single_product_price_visibility":"visible","cart_price_visibility":"visible","order_price_visibility":"visible","stock_status":"in_stock"},{"bundled_item_id":6,"product_id":2934,"menu_order":2,"quantity_min":1,"quantity_max":1,"quantity_default":1,"priced_individually":true,"shipped_individually":true,"override_title":false,"title":"KESS3 Master - Car - Ativa\u00e7\u00e3o dos protocolos LCV Bench-Boot","override_description":false,"description":"","optional":true,"hide_thumbnail":false,"discount":"","override_variations":false,"allowed_variations":[],"override_default_variation_attributes":false,"default_variation_attributes":[],"single_product_visibility":"visible","cart_visibility":"visible","order_visibility":"visible","single_product_price_visibility":"visible","cart_price_visibility":"visible","order_price_visibility":"visible","stock_status":"in_stock"},{"bundled_item_id":129,"product_id":7793,"menu_order":3,"quantity_min":1,"quantity_max":1,"quantity_default":1,"priced_individually":true,"shipped_individually":true,"override_title":false,"title":"KESS3 Master \u2013 Car \u2013 LCV OBD & Bench-Boot Protocols activation Bundle","override_description":true,"description":"","optional":true,"hide_thumbnail":false,"discount":"","override_variations":false,"allowed_variations":[],"override_default_variation_attributes":false,"default_variation_attributes":[],"single_product_visibility":"visible","cart_visibility":"visible","order_visibility":"visible","single_product_price_visibility":"visible","cart_price_visibility":"visible","order_price_visibility":"visible","stock_status":"in_stock"},{"bundled_item_id":3,"product_id":2782,"menu_order":4,"quantity_min":1,"quantity_max":1,"quantity_default":1,"priced_individually":true,"shipped_individually":true,"override_title":false,"title":"KESS3 Master - Agricultura - Ativa\u00e7\u00e3o de protocolos OBD para caminh\u00f5es e \u00f4nibus","override_description":false,"description":"","optional":true,"hide_thumbnail":true,"discount":"","override_variations":false,"allowed_variations":[],"override_default_variation_attributes":false,"default_variation_attributes":[],"single_product_visibility":"visible","cart_visibility":"visible","order_visibility":"visible","single_product_price_visibility":"visible","cart_price_visibility":"visible","order_price_visibility":"visible","stock_status":"in_stock"},{"bundled_item_id":8,"product_id":2939,"menu_order":5,"quantity_min":1,"quantity_max":1,"quantity_default":1,"priced_individually":true,"shipped_individually":true,"override_title":false,"title":"KESS3 Master - Agricultura - Ativa\u00e7\u00e3o de protocolos de inicializa\u00e7\u00e3o de bancada para caminh\u00f5es e \u00f4nibus","override_description":false,"description":"","optional":true,"hide_thumbnail":false,"discount":"","override_variations":false,"allowed_variations":[],"override_default_variation_attributes":false,"default_variation_attributes":[],"single_product_visibility":"visible","cart_visibility":"visible","order_visibility":"visible","single_product_price_visibility":"visible","cart_price_visibility":"visible","order_price_visibility":"visible","stock_status":"in_stock"},{"bundled_item_id":130,"product_id":7054,"menu_order":6,"quantity_min":1,"quantity_max":1,"quantity_default":1,"priced_individually":true,"shipped_individually":true,"override_title":false,"title":"KESS3 Master - Agriculture - Truck & Buses OBD & Bench-Boot Protocols activation Bundle","override_description":true,"description":"","optional":true,"hide_thumbnail":false,"discount":"","override_variations":false,"allowed_variations":[],"override_default_variation_attributes":false,"default_variation_attributes":[],"single_product_visibility":"visible","cart_visibility":"visible","order_visibility":"visible","single_product_price_visibility":"visible","cart_price_visibility":"visible","order_price_visibility":"visible","stock_status":"in_stock"},{"bundled_item_id":2,"product_id":2781,"menu_order":7,"quantity_min":1,"quantity_max":1,"quantity_default":1,"priced_individually":true,"shipped_individually":true,"override_title":false,"title":"KESS3 Master - Bike - Ativa\u00e7\u00e3o de protocolos ATV e UTV OBD","override_description":false,"description":"","optional":true,"hide_thumbnail":true,"discount":"","override_variations":false,"allowed_variations":[],"override_default_variation_attributes":false,"default_variation_attributes":[],"single_product_visibility":"visible","cart_visibility":"visible","order_visibility":"visible","single_product_price_visibility":"visible","cart_price_visibility":"visible","order_price_visibility":"visible","stock_status":"in_stock"},{"bundled_item_id":7,"product_id":2937,"menu_order":8,"quantity_min":1,"quantity_max":1,"quantity_default":1,"priced_individually":true,"shipped_individually":true,"override_title":false,"title":"KESS3 Master - Bike - Ativa\u00e7\u00e3o de protocolos de inicializa\u00e7\u00e3o de banco ATV e UTV","override_description":false,"description":"","optional":true,"hide_thumbnail":false,"discount":"","override_variations":false,"allowed_variations":[],"override_default_variation_attributes":false,"default_variation_attributes":[],"single_product_visibility":"visible","cart_visibility":"visible","order_visibility":"visible","single_product_price_visibility":"visible","cart_price_visibility":"visible","order_price_visibility":"visible","stock_status":"in_stock"},{"bundled_item_id":131,"product_id":8732,"menu_order":9,"quantity_min":1,"quantity_max":1,"quantity_default":1,"priced_individually":true,"shipped_individually":true,"override_title":false,"title":"KESS3 Master \u2013 Bike - ATV & UTV OBD & Bench-Boot Protocols activation Bundle","override_description":true,"description":"","optional":true,"hide_thumbnail":false,"discount":"","override_variations":false,"allowed_variations":[],"override_default_variation_attributes":false,"default_variation_attributes":[],"single_product_visibility":"visible","cart_visibility":"visible","order_visibility":"visible","single_product_price_visibility":"visible","cart_price_visibility":"visible","order_price_visibility":"visible","stock_status":"in_stock"},{"bundled_item_id":5,"product_id":2932,"menu_order":10,"quantity_min":1,"quantity_max":1,"quantity_default":1,"priced_individually":true,"shipped_individually":true,"override_title":false,"title":"KESS3 Master - Ativa\u00e7\u00e3o de protocolos OBD mar\u00edtimos e PWC","override_description":false,"description":"","optional":true,"hide_thumbnail":false,"discount":"","override_variations":false,"allowed_variations":[],"override_default_variation_attributes":false,"default_variation_attributes":[],"single_product_visibility":"visible","cart_visibility":"visible","order_visibility":"visible","single_product_price_visibility":"visible","cart_price_visibility":"visible","order_price_visibility":"visible","stock_status":"in_stock"},{"bundled_item_id":9,"product_id":2941,"menu_order":11,"quantity_min":1,"quantity_max":1,"quantity_default":1,"priced_individually":true,"shipped_individually":true,"override_title":false,"title":"KESS3 Master - Ativa\u00e7\u00e3o de protocolos de inicializa\u00e7\u00e3o de bancada mar\u00edtima e PWC","override_description":false,"description":"","optional":true,"hide_thumbnail":false,"discount":"","override_variations":false,"allowed_variations":[],"override_default_variation_attributes":false,"default_variation_attributes":[],"single_product_visibility":"visible","cart_visibility":"visible","order_visibility":"visible","single_product_price_visibility":"visible","cart_price_visibility":"visible","order_price_visibility":"visible","stock_status":"in_stock"},{"bundled_item_id":132,"product_id":8733,"menu_order":12,"quantity_min":1,"quantity_max":1,"quantity_default":1,"priced_individually":true,"shipped_individually":true,"override_title":false,"title":"KESS3 Master -  Marine & PWC OBD & Bench-Boot Protocols activation Bundle","override_description":true,"description":"","optional":true,"hide_thumbnail":false,"discount":"","override_variations":false,"allowed_variations":[],"override_default_variation_attributes":false,"default_variation_attributes":[],"single_product_visibility":"visible","cart_visibility":"visible","order_visibility":"visible","single_product_price_visibility":"visible","cart_price_visibility":"visible","order_price_visibility":"visible","stock_status":"in_stock"},{"bundled_item_id":94,"product_id":7579,"menu_order":13,"quantity_min":1,"quantity_max":1,"quantity_default":1,"priced_individually":true,"shipped_individually":true,"override_title":false,"title":"KESS3 Master - FULL OBD Protocols activation","override_description":true,"description":"","optional":true,"hide_thumbnail":false,"discount":"","override_variations":false,"allowed_variations":[],"override_default_variation_attributes":false,"default_variation_attributes":[],"single_product_visibility":"visible","cart_visibility":"visible","order_visibility":"visible","single_product_price_visibility":"visible","cart_price_visibility":"visible","order_price_visibility":"visible","stock_status":"in_stock"},{"bundled_item_id":133,"product_id":8727,"menu_order":14,"quantity_min":1,"quantity_max":1,"quantity_default":1,"priced_individually":true,"shipped_individually":true,"override_title":false,"title":"KESS3 Master - FULL Bench-BOOT Protocols activation","override_description":true,"description":"","optional":true,"hide_thumbnail":false,"discount":"","override_variations":false,"allowed_variations":[],"override_default_variation_attributes":false,"default_variation_attributes":[],"single_product_visibility":"visible","cart_visibility":"visible","order_visibility":"visible","single_product_price_visibility":"visible","cart_price_visibility":"visible","order_price_visibility":"visible","stock_status":"in_stock"},{"bundled_item_id":80,"product_id":6434,"menu_order":15,"quantity_min":1,"quantity_max":1,"quantity_default":1,"priced_individually":true,"shipped_individually":true,"override_title":false,"title":"DynoDrive","override_description":false,"description":"","optional":true,"hide_thumbnail":false,"discount":"","override_variations":false,"allowed_variations":[],"override_default_variation_attributes":false,"default_variation_attributes":[],"single_product_visibility":"visible","cart_visibility":"visible","order_visibility":"visible","single_product_price_visibility":"visible","cart_price_visibility":"visible","order_price_visibility":"visible","stock_status":"in_stock"}],"bundle_sell_ids":[],"group_of_quantity":0,"min_quantity":0,"max_quantity":"","exclude_order_quantity_value_rules":"no","exclude_category_quantity_rules":"no","combine_variations":"no","acf":[],"yoast_head":"<!-- This site is optimized with the Yoast SEO plugin v27.4 - https:\/\/yoast.com\/product\/yoast-seo-wordpress\/ -->\n<title>KESS3 Flashing Tool MASTER | ECU Remap Center<\/title>\n<meta name=\"robots\" content=\"index, follow, max-snippet:-1, max-image-preview:large, max-video-preview:-1\" \/>\n<link rel=\"canonical\" href=\"https:\/\/ecuremapcenter.com\/pt\/comprar\/mestre-da-ferramenta-de-flash-kess3\/\" \/>\n<meta property=\"og:locale\" content=\"pt_PT\" \/>\n<meta property=\"og:type\" content=\"article\" \/>\n<meta property=\"og:title\" content=\"KESS3 Flashing Tool MASTER | ECU Remap Center\" \/>\n<meta property=\"og:description\" content=\"Now as an all-in-one tool for OBD and BENCH-BOOT procedures, KESS3 is here with a completely new arhitecture that allows multiple times faster procedures then old generation. Includes suitcase, all accessories and one year of support subscription.  Please choose your configuration:\" \/>\n<meta property=\"og:url\" content=\"https:\/\/ecuremapcenter.com\/pt\/comprar\/mestre-da-ferramenta-de-flash-kess3\/\" \/>\n<meta property=\"og:site_name\" content=\"ECU Remap Center\" \/>\n<meta property=\"article:publisher\" content=\"https:\/\/www.facebook.com\/ecuremapcenter\" \/>\n<meta property=\"article:modified_time\" content=\"2026-01-16T10:59:21+00:00\" \/>\n<meta property=\"og:image\" content=\"https:\/\/ecuremapcenter.com\/wp-content\/uploads\/2022\/11\/kess3-01.jpg\" \/>\n\t<meta property=\"og:image:width\" content=\"1000\" \/>\n\t<meta property=\"og:image:height\" content=\"1000\" \/>\n\t<meta property=\"og:image:type\" content=\"image\/jpeg\" \/>\n<meta name=\"twitter:card\" content=\"summary_large_image\" \/>\n<meta name=\"twitter:label1\" content=\"Tempo estimado de leitura\" \/>\n\t<meta name=\"twitter:data1\" content=\"2 minutos\" \/>\n<script type=\"application\/ld+json\" class=\"yoast-schema-graph\">{\"@context\":\"https:\\\/\\\/schema.org\",\"@graph\":[{\"@type\":\"WebPage\",\"@id\":\"https:\\\/\\\/ecuremapcenter.com\\\/shop\\\/kess3-flashing-tool-master\\\/\",\"url\":\"https:\\\/\\\/ecuremapcenter.com\\\/shop\\\/kess3-flashing-tool-master\\\/\",\"name\":\"KESS3 Flashing Tool MASTER | ECU Remap Center\",\"isPartOf\":{\"@id\":\"https:\\\/\\\/ecuremapcenter.com\\\/#website\"},\"primaryImageOfPage\":{\"@id\":\"https:\\\/\\\/ecuremapcenter.com\\\/shop\\\/kess3-flashing-tool-master\\\/#primaryimage\"},\"image\":{\"@id\":\"https:\\\/\\\/ecuremapcenter.com\\\/shop\\\/kess3-flashing-tool-master\\\/#primaryimage\"},\"thumbnailUrl\":\"https:\\\/\\\/ecuremapcenter.com\\\/wp-content\\\/uploads\\\/2022\\\/11\\\/kess3-01.jpg\",\"datePublished\":\"2022-11-06T15:22:09+00:00\",\"dateModified\":\"2026-01-16T10:59:21+00:00\",\"breadcrumb\":{\"@id\":\"https:\\\/\\\/ecuremapcenter.com\\\/shop\\\/kess3-flashing-tool-master\\\/#breadcrumb\"},\"inLanguage\":\"pt-PT\",\"potentialAction\":[{\"@type\":\"ReadAction\",\"target\":[\"https:\\\/\\\/ecuremapcenter.com\\\/shop\\\/kess3-flashing-tool-master\\\/\"]}]},{\"@type\":\"ImageObject\",\"inLanguage\":\"pt-PT\",\"@id\":\"https:\\\/\\\/ecuremapcenter.com\\\/shop\\\/kess3-flashing-tool-master\\\/#primaryimage\",\"url\":\"https:\\\/\\\/ecuremapcenter.com\\\/wp-content\\\/uploads\\\/2022\\\/11\\\/kess3-01.jpg\",\"contentUrl\":\"https:\\\/\\\/ecuremapcenter.com\\\/wp-content\\\/uploads\\\/2022\\\/11\\\/kess3-01.jpg\",\"width\":1000,\"height\":1000},{\"@type\":\"BreadcrumbList\",\"@id\":\"https:\\\/\\\/ecuremapcenter.com\\\/shop\\\/kess3-flashing-tool-master\\\/#breadcrumb\",\"itemListElement\":[{\"@type\":\"ListItem\",\"position\":1,\"name\":\"Home\",\"item\":\"https:\\\/\\\/ecuremapcenter.com\\\/\"},{\"@type\":\"ListItem\",\"position\":2,\"name\":\"Shop\",\"item\":\"https:\\\/\\\/ecuremapcenter.com\\\/shop\\\/\"},{\"@type\":\"ListItem\",\"position\":3,\"name\":\"KESS3 Flashing Tool MASTER\"}]},{\"@type\":\"WebSite\",\"@id\":\"https:\\\/\\\/ecuremapcenter.com\\\/#website\",\"url\":\"https:\\\/\\\/ecuremapcenter.com\\\/\",\"name\":\"ECU Remap Center\",\"description\":\"High quality ECU, TCU remaps and DPF Off, EGR Off, SCR Off solutions for chip tuning professionals\",\"publisher\":{\"@id\":\"https:\\\/\\\/ecuremapcenter.com\\\/#organization\"},\"alternateName\":\"ERC\",\"potentialAction\":[{\"@type\":\"SearchAction\",\"target\":{\"@type\":\"EntryPoint\",\"urlTemplate\":\"https:\\\/\\\/ecuremapcenter.com\\\/?s={search_term_string}\"},\"query-input\":{\"@type\":\"PropertyValueSpecification\",\"valueRequired\":true,\"valueName\":\"search_term_string\"}}],\"inLanguage\":\"pt-PT\"},{\"@type\":\"Organization\",\"@id\":\"https:\\\/\\\/ecuremapcenter.com\\\/#organization\",\"name\":\"ECU Remap Center\",\"alternateName\":\"ERC\",\"url\":\"https:\\\/\\\/ecuremapcenter.com\\\/\",\"logo\":{\"@type\":\"ImageObject\",\"inLanguage\":\"pt-PT\",\"@id\":\"https:\\\/\\\/ecuremapcenter.com\\\/#\\\/schema\\\/logo\\\/image\\\/\",\"url\":\"https:\\\/\\\/ecuremapcenter.com\\\/wp-content\\\/uploads\\\/2021\\\/06\\\/erc-logo.svg\",\"contentUrl\":\"https:\\\/\\\/ecuremapcenter.com\\\/wp-content\\\/uploads\\\/2021\\\/06\\\/erc-logo.svg\",\"width\":780,\"height\":236,\"caption\":\"ECU Remap Center\"},\"image\":{\"@id\":\"https:\\\/\\\/ecuremapcenter.com\\\/#\\\/schema\\\/logo\\\/image\\\/\"},\"sameAs\":[\"https:\\\/\\\/www.facebook.com\\\/ecuremapcenter\",\"https:\\\/\\\/www.instagram.com\\\/ecuremapcenter\\\/\"]}]}<\/script>\n<!-- \/ Yoast SEO plugin. -->","yoast_head_json":{"title":"Ferramenta de flash KESS3 MASTER | Centro de remapeamento de ECU","robots":{"index":"index","follow":"follow","max-snippet":"max-snippet:-1","max-image-preview":"max-image-preview:large","max-video-preview":"max-video-preview:-1"},"canonical":"https:\/\/ecuremapcenter.com\/pt\/comprar\/mestre-da-ferramenta-de-flash-kess3\/","og_locale":"pt_PT","og_type":"article","og_title":"KESS3 Flashing Tool MASTER | ECU Remap Center","og_description":"Now as an all-in-one tool for OBD and BENCH-BOOT procedures, KESS3 is here with a completely new arhitecture that allows multiple times faster procedures then old generation. Includes suitcase, all accessories and one year of support subscription.  Please choose your configuration:","og_url":"https:\/\/ecuremapcenter.com\/pt\/comprar\/mestre-da-ferramenta-de-flash-kess3\/","og_site_name":"ECU Remap Center","article_publisher":"https:\/\/www.facebook.com\/ecuremapcenter","article_modified_time":"2026-01-16T10:59:21+00:00","og_image":[{"width":1000,"height":1000,"url":"https:\/\/ecuremapcenter.com\/wp-content\/uploads\/2022\/11\/kess3-01.jpg","type":"image\/jpeg"}],"twitter_card":"summary_large_image","twitter_misc":{"Tempo estimado de leitura":"2 minutos"},"schema":{"@context":"https:\/\/schema.org","@graph":[{"@type":"WebPage","@id":"https:\/\/ecuremapcenter.com\/shop\/kess3-flashing-tool-master\/","url":"https:\/\/ecuremapcenter.com\/shop\/kess3-flashing-tool-master\/","name":"Ferramenta de flash KESS3 MASTER | Centro de remapeamento de ECU","isPartOf":{"@id":"https:\/\/ecuremapcenter.com\/#website"},"primaryImageOfPage":{"@id":"https:\/\/ecuremapcenter.com\/shop\/kess3-flashing-tool-master\/#primaryimage"},"image":{"@id":"https:\/\/ecuremapcenter.com\/shop\/kess3-flashing-tool-master\/#primaryimage"},"thumbnailUrl":"https:\/\/ecuremapcenter.com\/wp-content\/uploads\/2022\/11\/kess3-01.jpg","datePublished":"2022-11-06T15:22:09+00:00","dateModified":"2026-01-16T10:59:21+00:00","breadcrumb":{"@id":"https:\/\/ecuremapcenter.com\/shop\/kess3-flashing-tool-master\/#breadcrumb"},"inLanguage":"pt-PT","potentialAction":[{"@type":"ReadAction","target":["https:\/\/ecuremapcenter.com\/shop\/kess3-flashing-tool-master\/"]}]},{"@type":"ImageObject","inLanguage":"pt-PT","@id":"https:\/\/ecuremapcenter.com\/shop\/kess3-flashing-tool-master\/#primaryimage","url":"https:\/\/ecuremapcenter.com\/wp-content\/uploads\/2022\/11\/kess3-01.jpg","contentUrl":"https:\/\/ecuremapcenter.com\/wp-content\/uploads\/2022\/11\/kess3-01.jpg","width":1000,"height":1000},{"@type":"BreadcrumbList","@id":"https:\/\/ecuremapcenter.com\/shop\/kess3-flashing-tool-master\/#breadcrumb","itemListElement":[{"@type":"ListItem","position":1,"name":"Home","item":"https:\/\/ecuremapcenter.com\/"},{"@type":"ListItem","position":2,"name":"Shop","item":"https:\/\/ecuremapcenter.com\/shop\/"},{"@type":"ListItem","position":3,"name":"KESS3 Flashing Tool MASTER"}]},{"@type":"WebSite","@id":"https:\/\/ecuremapcenter.com\/#website","url":"https:\/\/ecuremapcenter.com\/","name":"Centro de Remapeamento ECU","description":"ECU de alta qualidade, remapeamentos de TCU e solu\u00e7\u00f5es DPF Off, EGR Off, SCR Off para profissionais de ajuste de chip","publisher":{"@id":"https:\/\/ecuremapcenter.com\/#organization"},"alternateName":"ERC","potentialAction":[{"@type":"SearchAction","target":{"@type":"EntryPoint","urlTemplate":"https:\/\/ecuremapcenter.com\/?s={search_term_string}"},"query-input":{"@type":"PropertyValueSpecification","valueRequired":true,"valueName":"search_term_string"}}],"inLanguage":"pt-PT"},{"@type":"Organization","@id":"https:\/\/ecuremapcenter.com\/#organization","name":"Centro de Remapeamento ECU","alternateName":"ERC","url":"https:\/\/ecuremapcenter.com\/","logo":{"@type":"ImageObject","inLanguage":"pt-PT","@id":"https:\/\/ecuremapcenter.com\/#\/schema\/logo\/image\/","url":"https:\/\/ecuremapcenter.com\/wp-content\/uploads\/2021\/06\/erc-logo.svg","contentUrl":"https:\/\/ecuremapcenter.com\/wp-content\/uploads\/2021\/06\/erc-logo.svg","width":780,"height":236,"caption":"ECU Remap Center"},"image":{"@id":"https:\/\/ecuremapcenter.com\/#\/schema\/logo\/image\/"},"sameAs":["https:\/\/www.facebook.com\/ecuremapcenter","https:\/\/www.instagram.com\/ecuremapcenter\/"]}]}},"_links":{"self":[{"href":"https:\/\/ecuremapcenter.com\/pt\/wp-json\/wp\/v2\/product\/2774","targetHints":{"allow":["GET"]}}],"collection":[{"href":"https:\/\/ecuremapcenter.com\/pt\/wp-json\/wp\/v2\/product"}],"about":[{"href":"https:\/\/ecuremapcenter.com\/pt\/wp-json\/wp\/v2\/types\/product"}],"wp:featuredmedia":[{"embeddable":true,"href":"https:\/\/ecuremapcenter.com\/pt\/wp-json\/wp\/v2\/media\/2800"}],"wp:attachment":[{"href":"https:\/\/ecuremapcenter.com\/pt\/wp-json\/wp\/v2\/media?parent=2774"}],"wp:term":[{"taxonomy":"product_brand","embeddable":true,"href":"https:\/\/ecuremapcenter.com\/pt\/wp-json\/wp\/v2\/product_brand?post=2774"},{"taxonomy":"product_cat","embeddable":true,"href":"https:\/\/ecuremapcenter.com\/pt\/wp-json\/wp\/v2\/product_cat?post=2774"},{"taxonomy":"product_tag","embeddable":true,"href":"https:\/\/ecuremapcenter.com\/pt\/wp-json\/wp\/v2\/product_tag?post=2774"},{"taxonomy":"tool_configuration","embeddable":true,"href":"https:\/\/ecuremapcenter.com\/pt\/wp-json\/wp\/v2\/tool_configuration?post=2774"},{"taxonomy":"tool_interface","embeddable":true,"href":"https:\/\/ecuremapcenter.com\/pt\/wp-json\/wp\/v2\/tool_interface?post=2774"},{"taxonomy":"flashing_tools","embeddable":true,"href":"https:\/\/ecuremapcenter.com\/pt\/wp-json\/wp\/v2\/flashing_tools?post=2774"},{"taxonomy":"vehicle_types","embeddable":true,"href":"https:\/\/ecuremapcenter.com\/pt\/wp-json\/wp\/v2\/vehicle_types?post=2774"}],"curies":[{"name":"wp","href":"https:\/\/api.w.org\/{rel}","templated":true}]}}