{"id":3968,"date":"2023-02-03T15:28:50","date_gmt":"2023-02-03T14:28:50","guid":{"rendered":"https:\/\/ecuremapcenter.com\/?post_type=product&#038;p=3968"},"modified":"2026-01-13T02:14:56","modified_gmt":"2026-01-13T01:14:56","slug":"ecm-titanio-assinatura-de-6-meses","status":"publish","type":"product","link":"https:\/\/ecuremapcenter.com\/pt\/comprar\/ecm-titanio-assinatura-de-6-meses\/","title":{"rendered":"ECM Titanium \u2013 Assinatura de 6 Meses"},"content":{"rendered":"<p>Alientech ECM Titanium Assinatura de 6 meses para suporte t\u00e9cnico, atualiza\u00e7\u00f5es e downloads de drivers.<\/p>","protected":false},"excerpt":{"rendered":"<p>Alientech ECM Titanium Assinatura de 6 meses para suporte t\u00e9cnico, atualiza\u00e7\u00f5es e downloads de drivers.<\/p>","protected":false},"featured_media":6153,"template":"","meta":{"_acf_changed":false},"flashing_tools":[],"tool_configuration":[],"tool_interface":[],"vehicle_types":[],"product_brand":[69],"product_cat":[119,78,44],"product_tag":[],"class_list":{"0":"post-3968","1":"product","2":"type-product","3":"status-publish","4":"has-post-thumbnail","6":"product_brand-alientech","7":"product_cat-all-products","8":"product_cat-software","9":"product_cat-subscriptions","11":"first","12":"instock","13":"virtual","14":"taxable","15":"purchasable","16":"product-type-simple"},"bundled_by":[],"bundle_stock_status":"instock","bundle_stock_quantity":999,"bundle_virtual":false,"bundle_layout":"","bundle_add_to_cart_form_location":"","bundle_editable_in_cart":false,"bundle_sold_individually_context":"","bundle_item_grouping":"","bundle_min_size":"","bundle_max_size":"","bundle_price":[],"bundled_items":[],"bundle_sell_ids":[],"group_of_quantity":0,"min_quantity":0,"max_quantity":"","exclude_order_quantity_value_rules":"no","exclude_category_quantity_rules":"no","combine_variations":"no","acf":[],"_links":{"self":[{"href":"https:\/\/ecuremapcenter.com\/pt\/wp-json\/wp\/v2\/product\/3968","targetHints":{"allow":["GET"]}}],"collection":[{"href":"https:\/\/ecuremapcenter.com\/pt\/wp-json\/wp\/v2\/product"}],"about":[{"href":"https:\/\/ecuremapcenter.com\/pt\/wp-json\/wp\/v2\/types\/product"}],"wp:featuredmedia":[{"embeddable":true,"href":"https:\/\/ecuremapcenter.com\/pt\/wp-json\/wp\/v2\/media\/6153"}],"wp:attachment":[{"href":"https:\/\/ecuremapcenter.com\/pt\/wp-json\/wp\/v2\/media?parent=3968"}],"wp:term":[{"taxonomy":"flashing_tools","embeddable":true,"href":"https:\/\/ecuremapcenter.com\/pt\/wp-json\/wp\/v2\/flashing_tools?post=3968"},{"taxonomy":"tool_configuration","embeddable":true,"href":"https:\/\/ecuremapcenter.com\/pt\/wp-json\/wp\/v2\/tool_configuration?post=3968"},{"taxonomy":"tool_interface","embeddable":true,"href":"https:\/\/ecuremapcenter.com\/pt\/wp-json\/wp\/v2\/tool_interface?post=3968"},{"taxonomy":"vehicle_types","embeddable":true,"href":"https:\/\/ecuremapcenter.com\/pt\/wp-json\/wp\/v2\/vehicle_types?post=3968"},{"taxonomy":"product_brand","embeddable":true,"href":"https:\/\/ecuremapcenter.com\/pt\/wp-json\/wp\/v2\/product_brand?post=3968"},{"taxonomy":"product_cat","embeddable":true,"href":"https:\/\/ecuremapcenter.com\/pt\/wp-json\/wp\/v2\/product_cat?post=3968"},{"taxonomy":"product_tag","embeddable":true,"href":"https:\/\/ecuremapcenter.com\/pt\/wp-json\/wp\/v2\/product_tag?post=3968"}],"curies":[{"name":"wp","href":"https:\/\/api.w.org\/{rel}","templated":true}]}}