{"id":4757,"date":"2025-09-18T19:23:09","date_gmt":"2025-09-18T18:23:09","guid":{"rendered":"https:\/\/ecuremapcenter.com\/?post_type=product&#038;p=4757"},"modified":"2026-02-19T18:09:05","modified_gmt":"2026-02-19T17:09:05","slug":"kit-de-sintonizador-autotuner-obd-bench-erc","status":"publish","type":"product","link":"https:\/\/ecuremapcenter.com\/pt\/comprar\/kit-de-sintonizador-autotuner-obd-bench-erc\/","title":{"rendered":"KIT DE TUNER ERC de banco e OBD de sintonizador autom\u00e1tico"},"content":{"rendered":"<p><strong>Autotuner \u00e9 a solu\u00e7\u00e3o obrigat\u00f3ria para qualquer profissional de chiptuning!<\/strong><\/p>\n<ul class=\"specs\">\n<li>Sem assinaturas \u2013 atualiza\u00e7\u00f5es gratuitas<\/li>\n<li>Todos os acess\u00f3rios inclu\u00eddos<\/li>\n<li>F\u00e1cil de usar e intuitivo<\/li>\n<li>Suporte responsivo em ingl\u00eas, franc\u00eas, alem\u00e3o, italiano, espanhol e holand\u00eas.<\/li>\n<li>OBD, banco e inicializa\u00e7\u00e3o em uma ferramenta<\/li>\n<li>Recursos de registro de dados e DTC<\/li>\n<li>Totalmente personaliz\u00e1vel<\/li>\n<\/ul>\n<p><strong>Conte\u00fado do caso<\/strong><\/p>\n<ul>\n<li>Ferramenta escrava Autotuner<\/li>\n<li>Chave USB com link de software<\/li>\n<li>Cabo universal + caixa<\/li>\n<li>Cabo universal para EDC16+ME(D)9<\/li>\n<li>Cabo OBD<\/li>\n<li>cabo USB<\/li>\n<li>Fonte de energia<\/li>\n<li>Kit de posicionamento da sonda<\/li>\n<li>Gancho BGA MCU<\/li>\n<li>Cabos banana<\/li>\n<li>Mala \u00e0 prova de choque<\/li>\n<li>Guloseimas<\/li>\n<\/ul>\n<p>&nbsp;<\/p>\n<p><em>* Os cr\u00e9ditos de b\u00f4nus s\u00e3o eleg\u00edveis apenas para a compra de um Kit Tuner por uma empresa ou indiv\u00edduo para iniciar seus neg\u00f3cios.<br \/>\nPara termos e condi\u00e7\u00f5es especiais na compra de v\u00e1rios kits, entre em contato conosco primeiro em <a href=\"mailto:sales@ecuremapcenter.com\">sales@ecuremapcenter.com<\/a>!<\/em><\/p>","protected":false},"excerpt":{"rendered":"<p>O Autotuner \u00e9 a solu\u00e7\u00e3o obrigat\u00f3ria para qualquer profissional de chiptuning. OBD, bancada, inicializa\u00e7\u00e3o, registro de dados e recursos DTC, tudo em uma ferramenta.<\/p>\n<p><strong>Kit de sintonizador ERC Autotuner OBD, bancada e BOOT<\/strong> vem com protocolos para todos os tipos de ve\u00edculos e um <strong>b\u00f4nus de 120 tokens de ajuste* <\/strong>para que voc\u00ea possa come\u00e7ar a afinar sem nenhum investimento adicional!<\/p>\n<p><em>* Os tokens de b\u00f4nus devem ser gastos dentro de 6 meses ap\u00f3s a compra da ferramenta.<\/em><\/p>","protected":false},"featured_media":7036,"template":"","meta":[],"product_brand":[71],"product_cat":[119,104,45],"product_tag":[],"tool_configuration":[85],"tool_interface":[96,97,95],"flashing_tools":[89],"vehicle_types":[80,79],"class_list":{"0":"post-4757","1":"product","2":"type-product","3":"status-publish","4":"has-post-thumbnail","6":"product_brand-autotuner","7":"product_cat-all-products","8":"product_cat-erc","9":"product_cat-erc-tuner-kits","10":"product_shipping_class-erc-dealer-kits","11":"tool_configuration-slave","12":"tool_interface-bench","13":"tool_interface-boot","14":"tool_interface-obd","15":"flashing_tools-autotuner","16":"vehicle_types-bike-atv","17":"vehicle_types-cars-lcv","19":"first","20":"instock","21":"sale","22":"featured","23":"sold-individually","24":"taxable","25":"shipping-taxable","26":"purchasable","27":"product-type-bundle"},"bundled_by":[],"bundle_stock_status":"instock","bundle_stock_quantity":"","bundle_virtual":false,"bundle_layout":"tabular","bundle_add_to_cart_form_location":"default","bundle_editable_in_cart":false,"bundle_sold_individually_context":"product","bundle_item_grouping":"parent","bundle_min_size":"","bundle_max_size":"","bundle_price":{"price":{"min":{"incl_tax":"2610","excl_tax":"2610"},"max":{"incl_tax":"2610","excl_tax":"2610"}},"regular_price":{"min":{"incl_tax":"2900","excl_tax":"2900"},"max":{"incl_tax":"2900","excl_tax":"2900"}}},"bundled_items":[{"bundled_item_id":58,"product_id":4948,"menu_order":0,"quantity_min":1,"quantity_max":1,"quantity_default":1,"priced_individually":false,"shipped_individually":false,"override_title":false,"title":"Ferramenta de ajuste autom\u00e1tico de hardware","override_description":false,"description":"","optional":false,"hide_thumbnail":false,"discount":"","override_variations":false,"allowed_variations":[],"override_default_variation_attributes":false,"default_variation_attributes":[],"single_product_visibility":"hidden","cart_visibility":"hidden","order_visibility":"hidden","single_product_price_visibility":"visible","cart_price_visibility":"visible","order_price_visibility":"visible","stock_status":"in_stock"},{"bundled_item_id":59,"product_id":4951,"menu_order":1,"quantity_min":1,"quantity_max":1,"quantity_default":1,"priced_individually":false,"shipped_individually":true,"override_title":false,"title":"Escravo de ativa\u00e7\u00e3o do protocolo Autotuner","override_description":false,"description":"","optional":false,"hide_thumbnail":false,"discount":"","override_variations":false,"allowed_variations":[],"override_default_variation_attributes":false,"default_variation_attributes":[],"single_product_visibility":"hidden","cart_visibility":"hidden","order_visibility":"hidden","single_product_price_visibility":"visible","cart_price_visibility":"visible","order_price_visibility":"visible","stock_status":"in_stock"}],"bundle_sell_ids":[],"group_of_quantity":0,"min_quantity":0,"max_quantity":"","exclude_order_quantity_value_rules":"no","exclude_category_quantity_rules":"no","combine_variations":"no","acf":[],"yoast_head":"<!-- This site is optimized with the Yoast SEO plugin v27.5 - https:\/\/yoast.com\/product\/yoast-seo-wordpress\/ -->\n<title>Autotuner OBD &amp; Bench ERC TUNER KIT | ECU Remap Center<\/title>\n<meta name=\"robots\" content=\"index, follow, max-snippet:-1, max-image-preview:large, max-video-preview:-1\" \/>\n<link rel=\"canonical\" href=\"https:\/\/ecuremapcenter.com\/pt\/comprar\/kit-de-sintonizador-autotuner-obd-bench-erc\/\" \/>\n<meta property=\"og:locale\" content=\"pt_PT\" \/>\n<meta property=\"og:type\" content=\"article\" \/>\n<meta property=\"og:title\" content=\"Autotuner OBD &amp; Bench ERC TUNER KIT | ECU Remap Center\" \/>\n<meta property=\"og:description\" content=\"Autotuner is the must-have solution for any chiptuning professional. OBD, bench, boot, datalogging and DTC features all in one tool.  ERC Tuner Kit Autotuner OBD, Bench and BOOT comes with protocols for all vehicle types and a bonus of 120 tuning tokens* so you can start with tuning without any further investment!  * Bonus tokens have to be spent within 6 months of the tool purchase.\" \/>\n<meta property=\"og:url\" content=\"https:\/\/ecuremapcenter.com\/pt\/comprar\/kit-de-sintonizador-autotuner-obd-bench-erc\/\" \/>\n<meta property=\"og:site_name\" content=\"ECU Remap Center\" \/>\n<meta property=\"article:publisher\" content=\"https:\/\/www.facebook.com\/ecuremapcenter\" \/>\n<meta property=\"article:modified_time\" content=\"2026-02-19T17:09:05+00:00\" \/>\n<meta property=\"og:image\" content=\"https:\/\/ecuremapcenter.com\/wp-content\/uploads\/2024\/11\/autotuner-dealer-kit-obd-bench.jpg\" \/>\n\t<meta property=\"og:image:width\" content=\"1200\" \/>\n\t<meta property=\"og:image:height\" content=\"1200\" \/>\n\t<meta property=\"og:image:type\" content=\"image\/jpeg\" \/>\n<meta name=\"twitter:card\" content=\"summary_large_image\" \/>\n<meta name=\"twitter:label1\" content=\"Tempo estimado de leitura\" \/>\n\t<meta name=\"twitter:data1\" content=\"2 minutos\" \/>\n<script type=\"application\/ld+json\" class=\"yoast-schema-graph\">{\"@context\":\"https:\\\/\\\/schema.org\",\"@graph\":[{\"@type\":\"WebPage\",\"@id\":\"https:\\\/\\\/ecuremapcenter.com\\\/shop\\\/autotuner-obd-bench-erc-tuner-kit\\\/\",\"url\":\"https:\\\/\\\/ecuremapcenter.com\\\/shop\\\/autotuner-obd-bench-erc-tuner-kit\\\/\",\"name\":\"Autotuner OBD & Bench ERC TUNER KIT | ECU Remap Center\",\"isPartOf\":{\"@id\":\"https:\\\/\\\/ecuremapcenter.com\\\/#website\"},\"primaryImageOfPage\":{\"@id\":\"https:\\\/\\\/ecuremapcenter.com\\\/shop\\\/autotuner-obd-bench-erc-tuner-kit\\\/#primaryimage\"},\"image\":{\"@id\":\"https:\\\/\\\/ecuremapcenter.com\\\/shop\\\/autotuner-obd-bench-erc-tuner-kit\\\/#primaryimage\"},\"thumbnailUrl\":\"https:\\\/\\\/ecuremapcenter.com\\\/wp-content\\\/uploads\\\/2024\\\/11\\\/autotuner-dealer-kit-obd-bench.jpg\",\"datePublished\":\"2025-09-18T18:23:09+00:00\",\"dateModified\":\"2026-02-19T17:09:05+00:00\",\"breadcrumb\":{\"@id\":\"https:\\\/\\\/ecuremapcenter.com\\\/shop\\\/autotuner-obd-bench-erc-tuner-kit\\\/#breadcrumb\"},\"inLanguage\":\"pt-PT\",\"potentialAction\":[{\"@type\":\"ReadAction\",\"target\":[\"https:\\\/\\\/ecuremapcenter.com\\\/shop\\\/autotuner-obd-bench-erc-tuner-kit\\\/\"]}]},{\"@type\":\"ImageObject\",\"inLanguage\":\"pt-PT\",\"@id\":\"https:\\\/\\\/ecuremapcenter.com\\\/shop\\\/autotuner-obd-bench-erc-tuner-kit\\\/#primaryimage\",\"url\":\"https:\\\/\\\/ecuremapcenter.com\\\/wp-content\\\/uploads\\\/2024\\\/11\\\/autotuner-dealer-kit-obd-bench.jpg\",\"contentUrl\":\"https:\\\/\\\/ecuremapcenter.com\\\/wp-content\\\/uploads\\\/2024\\\/11\\\/autotuner-dealer-kit-obd-bench.jpg\",\"width\":1200,\"height\":1200},{\"@type\":\"BreadcrumbList\",\"@id\":\"https:\\\/\\\/ecuremapcenter.com\\\/shop\\\/autotuner-obd-bench-erc-tuner-kit\\\/#breadcrumb\",\"itemListElement\":[{\"@type\":\"ListItem\",\"position\":1,\"name\":\"Home\",\"item\":\"https:\\\/\\\/ecuremapcenter.com\\\/\"},{\"@type\":\"ListItem\",\"position\":2,\"name\":\"Shop\",\"item\":\"https:\\\/\\\/ecuremapcenter.com\\\/shop\\\/\"},{\"@type\":\"ListItem\",\"position\":3,\"name\":\"Autotuner OBD &#038; Bench ERC TUNER KIT\"}]},{\"@type\":\"WebSite\",\"@id\":\"https:\\\/\\\/ecuremapcenter.com\\\/#website\",\"url\":\"https:\\\/\\\/ecuremapcenter.com\\\/\",\"name\":\"ECU Remap Center\",\"description\":\"High quality ECU, TCU remaps and DPF Off, EGR Off, SCR Off solutions for chip tuning professionals\",\"publisher\":{\"@id\":\"https:\\\/\\\/ecuremapcenter.com\\\/#organization\"},\"alternateName\":\"ERC\",\"potentialAction\":[{\"@type\":\"SearchAction\",\"target\":{\"@type\":\"EntryPoint\",\"urlTemplate\":\"https:\\\/\\\/ecuremapcenter.com\\\/?s={search_term_string}\"},\"query-input\":{\"@type\":\"PropertyValueSpecification\",\"valueRequired\":true,\"valueName\":\"search_term_string\"}}],\"inLanguage\":\"pt-PT\"},{\"@type\":\"Organization\",\"@id\":\"https:\\\/\\\/ecuremapcenter.com\\\/#organization\",\"name\":\"ECU Remap Center\",\"alternateName\":\"ERC\",\"url\":\"https:\\\/\\\/ecuremapcenter.com\\\/\",\"logo\":{\"@type\":\"ImageObject\",\"inLanguage\":\"pt-PT\",\"@id\":\"https:\\\/\\\/ecuremapcenter.com\\\/#\\\/schema\\\/logo\\\/image\\\/\",\"url\":\"https:\\\/\\\/ecuremapcenter.com\\\/wp-content\\\/uploads\\\/2021\\\/06\\\/erc-logo.svg\",\"contentUrl\":\"https:\\\/\\\/ecuremapcenter.com\\\/wp-content\\\/uploads\\\/2021\\\/06\\\/erc-logo.svg\",\"width\":780,\"height\":236,\"caption\":\"ECU Remap Center\"},\"image\":{\"@id\":\"https:\\\/\\\/ecuremapcenter.com\\\/#\\\/schema\\\/logo\\\/image\\\/\"},\"sameAs\":[\"https:\\\/\\\/www.facebook.com\\\/ecuremapcenter\",\"https:\\\/\\\/www.instagram.com\\\/ecuremapcenter\\\/\"]}]}<\/script>\n<!-- \/ Yoast SEO plugin. -->","yoast_head_json":{"title":"KIT DE TUNER ERC OBD e banco de autotuner | Centro de remapeamento de ECU","robots":{"index":"index","follow":"follow","max-snippet":"max-snippet:-1","max-image-preview":"max-image-preview:large","max-video-preview":"max-video-preview:-1"},"canonical":"https:\/\/ecuremapcenter.com\/pt\/comprar\/kit-de-sintonizador-autotuner-obd-bench-erc\/","og_locale":"pt_PT","og_type":"article","og_title":"Autotuner OBD & Bench ERC TUNER KIT | ECU Remap Center","og_description":"Autotuner is the must-have solution for any chiptuning professional. OBD, bench, boot, datalogging and DTC features all in one tool.  ERC Tuner Kit Autotuner OBD, Bench and BOOT comes with protocols for all vehicle types and a bonus of 120 tuning tokens* so you can start with tuning without any further investment!  * Bonus tokens have to be spent within 6 months of the tool purchase.","og_url":"https:\/\/ecuremapcenter.com\/pt\/comprar\/kit-de-sintonizador-autotuner-obd-bench-erc\/","og_site_name":"ECU Remap Center","article_publisher":"https:\/\/www.facebook.com\/ecuremapcenter","article_modified_time":"2026-02-19T17:09:05+00:00","og_image":[{"width":1200,"height":1200,"url":"https:\/\/ecuremapcenter.com\/wp-content\/uploads\/2024\/11\/autotuner-dealer-kit-obd-bench.jpg","type":"image\/jpeg"}],"twitter_card":"summary_large_image","twitter_misc":{"Tempo estimado de leitura":"2 minutos"},"schema":{"@context":"https:\/\/schema.org","@graph":[{"@type":"WebPage","@id":"https:\/\/ecuremapcenter.com\/shop\/autotuner-obd-bench-erc-tuner-kit\/","url":"https:\/\/ecuremapcenter.com\/shop\/autotuner-obd-bench-erc-tuner-kit\/","name":"KIT DE TUNER ERC OBD e banco de autotuner | Centro de remapeamento de ECU","isPartOf":{"@id":"https:\/\/ecuremapcenter.com\/#website"},"primaryImageOfPage":{"@id":"https:\/\/ecuremapcenter.com\/shop\/autotuner-obd-bench-erc-tuner-kit\/#primaryimage"},"image":{"@id":"https:\/\/ecuremapcenter.com\/shop\/autotuner-obd-bench-erc-tuner-kit\/#primaryimage"},"thumbnailUrl":"https:\/\/ecuremapcenter.com\/wp-content\/uploads\/2024\/11\/autotuner-dealer-kit-obd-bench.jpg","datePublished":"2025-09-18T18:23:09+00:00","dateModified":"2026-02-19T17:09:05+00:00","breadcrumb":{"@id":"https:\/\/ecuremapcenter.com\/shop\/autotuner-obd-bench-erc-tuner-kit\/#breadcrumb"},"inLanguage":"pt-PT","potentialAction":[{"@type":"ReadAction","target":["https:\/\/ecuremapcenter.com\/shop\/autotuner-obd-bench-erc-tuner-kit\/"]}]},{"@type":"ImageObject","inLanguage":"pt-PT","@id":"https:\/\/ecuremapcenter.com\/shop\/autotuner-obd-bench-erc-tuner-kit\/#primaryimage","url":"https:\/\/ecuremapcenter.com\/wp-content\/uploads\/2024\/11\/autotuner-dealer-kit-obd-bench.jpg","contentUrl":"https:\/\/ecuremapcenter.com\/wp-content\/uploads\/2024\/11\/autotuner-dealer-kit-obd-bench.jpg","width":1200,"height":1200},{"@type":"BreadcrumbList","@id":"https:\/\/ecuremapcenter.com\/shop\/autotuner-obd-bench-erc-tuner-kit\/#breadcrumb","itemListElement":[{"@type":"ListItem","position":1,"name":"Home","item":"https:\/\/ecuremapcenter.com\/"},{"@type":"ListItem","position":2,"name":"Shop","item":"https:\/\/ecuremapcenter.com\/shop\/"},{"@type":"ListItem","position":3,"name":"Autotuner OBD &#038; Bench ERC TUNER KIT"}]},{"@type":"WebSite","@id":"https:\/\/ecuremapcenter.com\/#website","url":"https:\/\/ecuremapcenter.com\/","name":"Centro de Remapeamento ECU","description":"ECU de alta qualidade, remapeamentos de TCU e solu\u00e7\u00f5es DPF Off, EGR Off, SCR Off para profissionais de ajuste de chip","publisher":{"@id":"https:\/\/ecuremapcenter.com\/#organization"},"alternateName":"ERC","potentialAction":[{"@type":"SearchAction","target":{"@type":"EntryPoint","urlTemplate":"https:\/\/ecuremapcenter.com\/?s={search_term_string}"},"query-input":{"@type":"PropertyValueSpecification","valueRequired":true,"valueName":"search_term_string"}}],"inLanguage":"pt-PT"},{"@type":"Organization","@id":"https:\/\/ecuremapcenter.com\/#organization","name":"Centro de Remapeamento ECU","alternateName":"ERC","url":"https:\/\/ecuremapcenter.com\/","logo":{"@type":"ImageObject","inLanguage":"pt-PT","@id":"https:\/\/ecuremapcenter.com\/#\/schema\/logo\/image\/","url":"https:\/\/ecuremapcenter.com\/wp-content\/uploads\/2021\/06\/erc-logo.svg","contentUrl":"https:\/\/ecuremapcenter.com\/wp-content\/uploads\/2021\/06\/erc-logo.svg","width":780,"height":236,"caption":"ECU Remap Center"},"image":{"@id":"https:\/\/ecuremapcenter.com\/#\/schema\/logo\/image\/"},"sameAs":["https:\/\/www.facebook.com\/ecuremapcenter","https:\/\/www.instagram.com\/ecuremapcenter\/"]}]}},"_links":{"self":[{"href":"https:\/\/ecuremapcenter.com\/pt\/wp-json\/wp\/v2\/product\/4757","targetHints":{"allow":["GET"]}}],"collection":[{"href":"https:\/\/ecuremapcenter.com\/pt\/wp-json\/wp\/v2\/product"}],"about":[{"href":"https:\/\/ecuremapcenter.com\/pt\/wp-json\/wp\/v2\/types\/product"}],"wp:featuredmedia":[{"embeddable":true,"href":"https:\/\/ecuremapcenter.com\/pt\/wp-json\/wp\/v2\/media\/7036"}],"wp:attachment":[{"href":"https:\/\/ecuremapcenter.com\/pt\/wp-json\/wp\/v2\/media?parent=4757"}],"wp:term":[{"taxonomy":"product_brand","embeddable":true,"href":"https:\/\/ecuremapcenter.com\/pt\/wp-json\/wp\/v2\/product_brand?post=4757"},{"taxonomy":"product_cat","embeddable":true,"href":"https:\/\/ecuremapcenter.com\/pt\/wp-json\/wp\/v2\/product_cat?post=4757"},{"taxonomy":"product_tag","embeddable":true,"href":"https:\/\/ecuremapcenter.com\/pt\/wp-json\/wp\/v2\/product_tag?post=4757"},{"taxonomy":"tool_configuration","embeddable":true,"href":"https:\/\/ecuremapcenter.com\/pt\/wp-json\/wp\/v2\/tool_configuration?post=4757"},{"taxonomy":"tool_interface","embeddable":true,"href":"https:\/\/ecuremapcenter.com\/pt\/wp-json\/wp\/v2\/tool_interface?post=4757"},{"taxonomy":"flashing_tools","embeddable":true,"href":"https:\/\/ecuremapcenter.com\/pt\/wp-json\/wp\/v2\/flashing_tools?post=4757"},{"taxonomy":"vehicle_types","embeddable":true,"href":"https:\/\/ecuremapcenter.com\/pt\/wp-json\/wp\/v2\/vehicle_types?post=4757"}],"curies":[{"name":"wp","href":"https:\/\/api.w.org\/{rel}","templated":true}]}}