{"id":6684,"date":"2024-10-17T09:37:25","date_gmt":"2024-10-17T08:37:25","guid":{"rendered":"https:\/\/ecuremapcenter.com\/?post_type=product&#038;p=6684"},"modified":"2025-01-28T11:26:16","modified_gmt":"2025-01-28T10:26:16","slug":"escravo-do-blash","status":"publish","type":"product","link":"https:\/\/ecuremapcenter.com\/pt\/comprar\/escravo-do-blash\/","title":{"rendered":"bFlash Escravo"},"content":{"rendered":"<p>bFlash Slave \u00e9 uma ferramenta essencial para todo profissional de ajuste de chip, engenheiro de calibra\u00e7\u00e3o e oficina de reparo de ECU\/TCU. Com a ferramenta Slave, voc\u00ea pode ler e escrever arquivos de ajuste criptografados.<\/p>\n<p>O bFlash Slave vem com 5 recursos poderosos: flashing de alta velocidade, registro de dados b\u00e1sico e avan\u00e7ado, diagn\u00f3sticos, grava\u00e7\u00e3o de CAN Bus e revis\u00e3o de registro de dados. Nosso software amig\u00e1vel identifica automaticamente a ECU e a soma de verifica\u00e7\u00e3o \u00e9 corrigida automaticamente pela ferramenta durante o processo de grava\u00e7\u00e3o.<\/p>\n<p>Cada ferramenta bFlash Slave deve ser vinculada \u00e0 ferramenta bFlash Master.<\/p>\n<p>bFlash \u00e9 uma ferramenta confi\u00e1vel para profissionais automotivos no mundo todo.<\/p>\n<h5>O que est\u00e1 inclu\u00eddo no kit bFlash?<\/h5>\n<ul>\n<li>Cabo USBCabo OBD2<\/li>\n<li>OBD2 Y-divisor<\/li>\n<li>Cabo universal BOOT+BENCH<\/li>\n<li>Cabo BENCH universal para TCU<\/li>\n<li>Kit de posicionamento de sonda de trip\u00e9<\/li>\n<li>Fonte de alimenta\u00e7\u00e3o 4.2A com adaptadores EU\/US\/UK\/AUS<\/li>\n<\/ul>\n<h5>Caracter\u00edsticas:<\/h5>\n<ul>\n<li>OBD\/BENCH\/BOOT ECU+TCU l\u00ea e grava arquivos criptografados<\/li>\n<li>Leitura\/limpeza de DTC ECU+TCU<\/li>\n<li>Registro de dados ECU+TCU<\/li>\n<li>M\u00f3dulo de grava\u00e7\u00e3o de barramento CAN<\/li>\n<\/ul>","protected":false},"excerpt":{"rendered":"<p>bFlash Slave \u00e9 uma ferramenta essencial para todo profissional de ajuste de chip, engenheiro de calibra\u00e7\u00e3o e oficina de reparo de ECU\/TCU. Com a ferramenta Slave, voc\u00ea pode ler e escrever arquivos de ajuste criptografados.<\/p>\n<p>O bFlash Slave vem com 5 recursos poderosos: flashing de alta velocidade, registro de dados b\u00e1sico e avan\u00e7ado, diagn\u00f3sticos, grava\u00e7\u00e3o de CAN Bus e revis\u00e3o de registro de dados. Nosso software amig\u00e1vel identifica automaticamente a ECU e a soma de verifica\u00e7\u00e3o \u00e9 corrigida automaticamente pela ferramenta durante o processo de grava\u00e7\u00e3o.<\/p>\n<p><strong>Cada ferramenta bFlash Slave deve ser vinculada \u00e0 ferramenta bFlash Master!<\/strong><\/p>\n<p>bFlash \u00e9 uma ferramenta confi\u00e1vel para profissionais automotivos no mundo todo.<\/p>","protected":false},"featured_media":6685,"template":"","meta":[],"product_brand":[74],"product_cat":[119,41],"product_tag":[],"tool_configuration":[85],"tool_interface":[96,97,95],"flashing_tools":[94],"vehicle_types":[],"class_list":{"0":"post-6684","1":"product","2":"type-product","3":"status-publish","4":"has-post-thumbnail","6":"product_brand-bflash","7":"product_cat-all-products","8":"product_cat-pro-tools","9":"product_shipping_class-heavy-items","10":"tool_configuration-slave","11":"tool_interface-bench","12":"tool_interface-boot","13":"tool_interface-obd","14":"flashing_tools-bflash","16":"first","17":"onbackorder","18":"taxable","19":"shipping-taxable","20":"purchasable","21":"product-type-simple"},"bundled_by":[],"bundle_stock_status":"onbackorder","bundle_stock_quantity":0,"bundle_virtual":false,"bundle_layout":"","bundle_add_to_cart_form_location":"","bundle_editable_in_cart":false,"bundle_sold_individually_context":"","bundle_item_grouping":"","bundle_min_size":"","bundle_max_size":"","bundle_price":[],"bundled_items":[],"bundle_sell_ids":[],"group_of_quantity":0,"min_quantity":0,"max_quantity":"","exclude_order_quantity_value_rules":"no","exclude_category_quantity_rules":"no","combine_variations":"no","acf":[],"yoast_head":"<!-- This site is optimized with the Yoast SEO plugin v27.4 - https:\/\/yoast.com\/product\/yoast-seo-wordpress\/ -->\n<title>bFlash Slave | ECU Remap Center<\/title>\n<meta name=\"robots\" content=\"index, follow, max-snippet:-1, max-image-preview:large, max-video-preview:-1\" \/>\n<link rel=\"canonical\" href=\"https:\/\/ecuremapcenter.com\/pt\/comprar\/escravo-do-blash\/\" \/>\n<meta property=\"og:locale\" content=\"pt_PT\" \/>\n<meta property=\"og:type\" content=\"article\" \/>\n<meta property=\"og:title\" content=\"bFlash Slave | ECU Remap Center\" \/>\n<meta property=\"og:description\" content=\"bFlash Slave is a must-have tool for every chip tuning professional, calibration engineer, and ECU\/TCU repair shop. With the Slave tool, you can read and write encrypted tuning files.  bFlash Slave comes with 5 powerful features: high-speed flashing, basic and advanced datalogging, diagnostics, CAN Bus recording, and datalogging review. Our user-friendly software automatically identifies ECU and the checksum is automatically corrected by the tool during the writing process.  Every bFlash Slave tool must be linked to bFlash Master tool!  bFlash is a tool trusted by automotive professionals around the world.\" \/>\n<meta property=\"og:url\" content=\"https:\/\/ecuremapcenter.com\/pt\/comprar\/escravo-do-blash\/\" \/>\n<meta property=\"og:site_name\" content=\"ECU Remap Center\" \/>\n<meta property=\"article:publisher\" content=\"https:\/\/www.facebook.com\/ecuremapcenter\" \/>\n<meta property=\"article:modified_time\" content=\"2025-01-28T10:26:16+00:00\" \/>\n<meta property=\"og:image\" content=\"https:\/\/ecuremapcenter.com\/wp-content\/uploads\/2024\/10\/bflash-01.jpg\" \/>\n\t<meta property=\"og:image:width\" content=\"1000\" \/>\n\t<meta property=\"og:image:height\" content=\"1000\" \/>\n\t<meta property=\"og:image:type\" content=\"image\/jpeg\" \/>\n<meta name=\"twitter:card\" content=\"summary_large_image\" \/>\n<meta name=\"twitter:label1\" content=\"Tempo estimado de leitura\" \/>\n\t<meta name=\"twitter:data1\" content=\"2 minutos\" \/>\n<script type=\"application\/ld+json\" class=\"yoast-schema-graph\">{\"@context\":\"https:\\\/\\\/schema.org\",\"@graph\":[{\"@type\":\"WebPage\",\"@id\":\"https:\\\/\\\/ecuremapcenter.com\\\/shop\\\/bflash-slave\\\/\",\"url\":\"https:\\\/\\\/ecuremapcenter.com\\\/shop\\\/bflash-slave\\\/\",\"name\":\"bFlash Slave | ECU Remap Center\",\"isPartOf\":{\"@id\":\"https:\\\/\\\/ecuremapcenter.com\\\/#website\"},\"primaryImageOfPage\":{\"@id\":\"https:\\\/\\\/ecuremapcenter.com\\\/shop\\\/bflash-slave\\\/#primaryimage\"},\"image\":{\"@id\":\"https:\\\/\\\/ecuremapcenter.com\\\/shop\\\/bflash-slave\\\/#primaryimage\"},\"thumbnailUrl\":\"https:\\\/\\\/ecuremapcenter.com\\\/wp-content\\\/uploads\\\/2024\\\/10\\\/bflash-01.jpg\",\"datePublished\":\"2024-10-17T08:37:25+00:00\",\"dateModified\":\"2025-01-28T10:26:16+00:00\",\"breadcrumb\":{\"@id\":\"https:\\\/\\\/ecuremapcenter.com\\\/shop\\\/bflash-slave\\\/#breadcrumb\"},\"inLanguage\":\"pt-PT\",\"potentialAction\":[{\"@type\":\"ReadAction\",\"target\":[\"https:\\\/\\\/ecuremapcenter.com\\\/shop\\\/bflash-slave\\\/\"]}]},{\"@type\":\"ImageObject\",\"inLanguage\":\"pt-PT\",\"@id\":\"https:\\\/\\\/ecuremapcenter.com\\\/shop\\\/bflash-slave\\\/#primaryimage\",\"url\":\"https:\\\/\\\/ecuremapcenter.com\\\/wp-content\\\/uploads\\\/2024\\\/10\\\/bflash-01.jpg\",\"contentUrl\":\"https:\\\/\\\/ecuremapcenter.com\\\/wp-content\\\/uploads\\\/2024\\\/10\\\/bflash-01.jpg\",\"width\":1000,\"height\":1000},{\"@type\":\"BreadcrumbList\",\"@id\":\"https:\\\/\\\/ecuremapcenter.com\\\/shop\\\/bflash-slave\\\/#breadcrumb\",\"itemListElement\":[{\"@type\":\"ListItem\",\"position\":1,\"name\":\"Home\",\"item\":\"https:\\\/\\\/ecuremapcenter.com\\\/\"},{\"@type\":\"ListItem\",\"position\":2,\"name\":\"Shop\",\"item\":\"https:\\\/\\\/ecuremapcenter.com\\\/shop\\\/\"},{\"@type\":\"ListItem\",\"position\":3,\"name\":\"bFlash Slave\"}]},{\"@type\":\"WebSite\",\"@id\":\"https:\\\/\\\/ecuremapcenter.com\\\/#website\",\"url\":\"https:\\\/\\\/ecuremapcenter.com\\\/\",\"name\":\"ECU Remap Center\",\"description\":\"High quality ECU, TCU remaps and DPF Off, EGR Off, SCR Off solutions for chip tuning professionals\",\"publisher\":{\"@id\":\"https:\\\/\\\/ecuremapcenter.com\\\/#organization\"},\"alternateName\":\"ERC\",\"potentialAction\":[{\"@type\":\"SearchAction\",\"target\":{\"@type\":\"EntryPoint\",\"urlTemplate\":\"https:\\\/\\\/ecuremapcenter.com\\\/?s={search_term_string}\"},\"query-input\":{\"@type\":\"PropertyValueSpecification\",\"valueRequired\":true,\"valueName\":\"search_term_string\"}}],\"inLanguage\":\"pt-PT\"},{\"@type\":\"Organization\",\"@id\":\"https:\\\/\\\/ecuremapcenter.com\\\/#organization\",\"name\":\"ECU Remap Center\",\"alternateName\":\"ERC\",\"url\":\"https:\\\/\\\/ecuremapcenter.com\\\/\",\"logo\":{\"@type\":\"ImageObject\",\"inLanguage\":\"pt-PT\",\"@id\":\"https:\\\/\\\/ecuremapcenter.com\\\/#\\\/schema\\\/logo\\\/image\\\/\",\"url\":\"https:\\\/\\\/ecuremapcenter.com\\\/wp-content\\\/uploads\\\/2021\\\/06\\\/erc-logo.svg\",\"contentUrl\":\"https:\\\/\\\/ecuremapcenter.com\\\/wp-content\\\/uploads\\\/2021\\\/06\\\/erc-logo.svg\",\"width\":780,\"height\":236,\"caption\":\"ECU Remap Center\"},\"image\":{\"@id\":\"https:\\\/\\\/ecuremapcenter.com\\\/#\\\/schema\\\/logo\\\/image\\\/\"},\"sameAs\":[\"https:\\\/\\\/www.facebook.com\\\/ecuremapcenter\",\"https:\\\/\\\/www.instagram.com\\\/ecuremapcenter\\\/\"]}]}<\/script>\n<!-- \/ Yoast SEO plugin. -->","yoast_head_json":{"title":"bFlash Slave | Centro de Remapeamento de ECU","robots":{"index":"index","follow":"follow","max-snippet":"max-snippet:-1","max-image-preview":"max-image-preview:large","max-video-preview":"max-video-preview:-1"},"canonical":"https:\/\/ecuremapcenter.com\/pt\/comprar\/escravo-do-blash\/","og_locale":"pt_PT","og_type":"article","og_title":"bFlash Slave | ECU Remap Center","og_description":"bFlash Slave is a must-have tool for every chip tuning professional, calibration engineer, and ECU\/TCU repair shop. With the Slave tool, you can read and write encrypted tuning files.  bFlash Slave comes with 5 powerful features: high-speed flashing, basic and advanced datalogging, diagnostics, CAN Bus recording, and datalogging review. Our user-friendly software automatically identifies ECU and the checksum is automatically corrected by the tool during the writing process.  Every bFlash Slave tool must be linked to bFlash Master tool!  bFlash is a tool trusted by automotive professionals around the world.","og_url":"https:\/\/ecuremapcenter.com\/pt\/comprar\/escravo-do-blash\/","og_site_name":"ECU Remap Center","article_publisher":"https:\/\/www.facebook.com\/ecuremapcenter","article_modified_time":"2025-01-28T10:26:16+00:00","og_image":[{"width":1000,"height":1000,"url":"https:\/\/ecuremapcenter.com\/wp-content\/uploads\/2024\/10\/bflash-01.jpg","type":"image\/jpeg"}],"twitter_card":"summary_large_image","twitter_misc":{"Tempo estimado de leitura":"2 minutos"},"schema":{"@context":"https:\/\/schema.org","@graph":[{"@type":"WebPage","@id":"https:\/\/ecuremapcenter.com\/shop\/bflash-slave\/","url":"https:\/\/ecuremapcenter.com\/shop\/bflash-slave\/","name":"bFlash Slave | Centro de Remapeamento de ECU","isPartOf":{"@id":"https:\/\/ecuremapcenter.com\/#website"},"primaryImageOfPage":{"@id":"https:\/\/ecuremapcenter.com\/shop\/bflash-slave\/#primaryimage"},"image":{"@id":"https:\/\/ecuremapcenter.com\/shop\/bflash-slave\/#primaryimage"},"thumbnailUrl":"https:\/\/ecuremapcenter.com\/wp-content\/uploads\/2024\/10\/bflash-01.jpg","datePublished":"2024-10-17T08:37:25+00:00","dateModified":"2025-01-28T10:26:16+00:00","breadcrumb":{"@id":"https:\/\/ecuremapcenter.com\/shop\/bflash-slave\/#breadcrumb"},"inLanguage":"pt-PT","potentialAction":[{"@type":"ReadAction","target":["https:\/\/ecuremapcenter.com\/shop\/bflash-slave\/"]}]},{"@type":"ImageObject","inLanguage":"pt-PT","@id":"https:\/\/ecuremapcenter.com\/shop\/bflash-slave\/#primaryimage","url":"https:\/\/ecuremapcenter.com\/wp-content\/uploads\/2024\/10\/bflash-01.jpg","contentUrl":"https:\/\/ecuremapcenter.com\/wp-content\/uploads\/2024\/10\/bflash-01.jpg","width":1000,"height":1000},{"@type":"BreadcrumbList","@id":"https:\/\/ecuremapcenter.com\/shop\/bflash-slave\/#breadcrumb","itemListElement":[{"@type":"ListItem","position":1,"name":"Home","item":"https:\/\/ecuremapcenter.com\/"},{"@type":"ListItem","position":2,"name":"Shop","item":"https:\/\/ecuremapcenter.com\/shop\/"},{"@type":"ListItem","position":3,"name":"bFlash Slave"}]},{"@type":"WebSite","@id":"https:\/\/ecuremapcenter.com\/#website","url":"https:\/\/ecuremapcenter.com\/","name":"Centro de Remapeamento ECU","description":"ECU de alta qualidade, remapeamentos de TCU e solu\u00e7\u00f5es DPF Off, EGR Off, SCR Off para profissionais de ajuste de chip","publisher":{"@id":"https:\/\/ecuremapcenter.com\/#organization"},"alternateName":"ERC","potentialAction":[{"@type":"SearchAction","target":{"@type":"EntryPoint","urlTemplate":"https:\/\/ecuremapcenter.com\/?s={search_term_string}"},"query-input":{"@type":"PropertyValueSpecification","valueRequired":true,"valueName":"search_term_string"}}],"inLanguage":"pt-PT"},{"@type":"Organization","@id":"https:\/\/ecuremapcenter.com\/#organization","name":"Centro de Remapeamento ECU","alternateName":"ERC","url":"https:\/\/ecuremapcenter.com\/","logo":{"@type":"ImageObject","inLanguage":"pt-PT","@id":"https:\/\/ecuremapcenter.com\/#\/schema\/logo\/image\/","url":"https:\/\/ecuremapcenter.com\/wp-content\/uploads\/2021\/06\/erc-logo.svg","contentUrl":"https:\/\/ecuremapcenter.com\/wp-content\/uploads\/2021\/06\/erc-logo.svg","width":780,"height":236,"caption":"ECU Remap Center"},"image":{"@id":"https:\/\/ecuremapcenter.com\/#\/schema\/logo\/image\/"},"sameAs":["https:\/\/www.facebook.com\/ecuremapcenter","https:\/\/www.instagram.com\/ecuremapcenter\/"]}]}},"_links":{"self":[{"href":"https:\/\/ecuremapcenter.com\/pt\/wp-json\/wp\/v2\/product\/6684","targetHints":{"allow":["GET"]}}],"collection":[{"href":"https:\/\/ecuremapcenter.com\/pt\/wp-json\/wp\/v2\/product"}],"about":[{"href":"https:\/\/ecuremapcenter.com\/pt\/wp-json\/wp\/v2\/types\/product"}],"wp:featuredmedia":[{"embeddable":true,"href":"https:\/\/ecuremapcenter.com\/pt\/wp-json\/wp\/v2\/media\/6685"}],"wp:attachment":[{"href":"https:\/\/ecuremapcenter.com\/pt\/wp-json\/wp\/v2\/media?parent=6684"}],"wp:term":[{"taxonomy":"product_brand","embeddable":true,"href":"https:\/\/ecuremapcenter.com\/pt\/wp-json\/wp\/v2\/product_brand?post=6684"},{"taxonomy":"product_cat","embeddable":true,"href":"https:\/\/ecuremapcenter.com\/pt\/wp-json\/wp\/v2\/product_cat?post=6684"},{"taxonomy":"product_tag","embeddable":true,"href":"https:\/\/ecuremapcenter.com\/pt\/wp-json\/wp\/v2\/product_tag?post=6684"},{"taxonomy":"tool_configuration","embeddable":true,"href":"https:\/\/ecuremapcenter.com\/pt\/wp-json\/wp\/v2\/tool_configuration?post=6684"},{"taxonomy":"tool_interface","embeddable":true,"href":"https:\/\/ecuremapcenter.com\/pt\/wp-json\/wp\/v2\/tool_interface?post=6684"},{"taxonomy":"flashing_tools","embeddable":true,"href":"https:\/\/ecuremapcenter.com\/pt\/wp-json\/wp\/v2\/flashing_tools?post=6684"},{"taxonomy":"vehicle_types","embeddable":true,"href":"https:\/\/ecuremapcenter.com\/pt\/wp-json\/wp\/v2\/vehicle_types?post=6684"}],"curies":[{"name":"wp","href":"https:\/\/api.w.org\/{rel}","templated":true}]}}