{"id":7045,"date":"2025-09-19T09:32:31","date_gmt":"2025-09-19T08:32:31","guid":{"rendered":"https:\/\/ecuremapcenter.com\/?post_type=product&#038;p=7045"},"modified":"2026-02-11T15:37:18","modified_gmt":"2026-02-11T14:37:18","slug":"kess3-agri-trucks-buses-erc-tuner-kit-obd-bench-boot","status":"publish","type":"product","link":"https:\/\/ecuremapcenter.com\/pt\/comprar\/kess3-agri-trucks-buses-erc-tuner-kit-obd-bench-boot\/","title":{"rendered":"KESS3 Agri, Trucks &#038; Buses ERC TUNER KIT (OBD, Bench &#038; Boot)"},"content":{"rendered":"<p><strong>KESS3 combina 3 modos de opera\u00e7\u00e3o em uma ferramenta. OBD, banco e modo de inicializa\u00e7\u00e3o.<\/strong><br \/>\nCada aspecto do KESS3 \u00e9 cuidadosamente projetado para alcan\u00e7ar desempenho, flexibilidade operacional e facilidade de uso. Novo microprocessador, interfaces I\/O de \u00faltima gera\u00e7\u00e3o, novos sensores integrados e mem\u00f3rias EEPROM e FLASH de alto desempenho s\u00e3o as principais caracter\u00edsticas do KESS3.<\/p>\n<h5>Conte\u00fado do caso<\/h5>\n<p><strong>Hardware escravo KESS3<\/strong><br \/>\n<strong>cabo USB<\/strong>, necess\u00e1rio para interface com o instrumento KESS3 atrav\u00e9s do PC<br \/>\n<strong>O cabo OBD de nova gera\u00e7\u00e3o<\/strong><br \/>\n(integra todas as linhas de comunica\u00e7\u00e3o utilizadas pelos diversos fabricantes de autom\u00f3veis; \u2013 capaz de comunicar com Honda, Volvo, Lotus e Toyota.)<br \/>\n<strong>1400SWALIM<\/strong>\u00a0fonte de alimenta\u00e7\u00e3o, capaz de fornecer corrente e tens\u00e3o suficientes para se comunicar com as unidades de controle eletr\u00f4nico, de forma est\u00e1vel e segura.<br \/>\n<strong>144300TALI<\/strong>\u00a0cabo, para alimentar o instrumento usando uma fonte de alimenta\u00e7\u00e3o de bancada (a fonte de alimenta\u00e7\u00e3o, por outro lado, \u00e9 vendida separadamente)<br \/>\n<strong>144300 KBNC<\/strong>\u00a0cabo para se comunicar com as unidades de controle diretamente na bancada<br \/>\n<strong>144300KTER<\/strong>\u00a0pacote que cont\u00e9m todos os cabos \u00fateis para conex\u00e3o no modo BENCH ou BOOT. (extensor).<br \/>\n<strong>144300T104<\/strong>\u00a0cabo Rainbow IDC 26-10 constitu\u00eddo por 10 fios, utilizado para a liga\u00e7\u00e3o direta \u00e0 placa eletr\u00f3nica da central.<br \/>\n<strong>144300T105<\/strong>\u00a0cabo rainbow IDC 26-16 composto por 16 fios, utilizado para conectar diretamente \u00e0 placa eletr\u00f4nica da central.<br \/>\n<strong>144300T106<\/strong>\u00a0cabo Rainbow IDC 26-26 constitu\u00eddo por 26 fios, utilizado para a liga\u00e7\u00e3o direta \u00e0 placa eletr\u00f3nica da central.<\/p>\n<p><em>* Os cr\u00e9ditos de b\u00f4nus s\u00e3o eleg\u00edveis apenas para a compra de um Kit Tuner por uma empresa ou indiv\u00edduo para iniciar seus neg\u00f3cios.<br \/>\nPara termos e condi\u00e7\u00f5es especiais na compra de v\u00e1rios kits, entre em contato conosco primeiro em <a href=\"mailto:sales@ecuremapcenter.com\">sales@ecuremapcenter.com<\/a>!<br \/>\n<\/em><\/p>","protected":false},"excerpt":{"rendered":"<p>Uma ferramenta completa para procedimentos OBD e BENCH-BOOT, o KESS3 est\u00e1 aqui com uma arquitetura completamente nova que permite procedimentos de leitura e grava\u00e7\u00e3o de ECU v\u00e1rias vezes mais r\u00e1pidos do que a gera\u00e7\u00e3o anterior. Suportado pela nova vers\u00e3o em nuvem f\u00e1cil de usar do software Alientech SUITE!<\/p>\n<p>Inclui dispositivo escravo KESS3, mala, cabos, todos os acess\u00f3rios e um ano de assinatura de suporte.<\/p>\n<p><strong>KESS3 Agri, Trucks &amp; Buses ERC TUNER KIT (OBD, Bench &amp; Boot)<\/strong> vem com <strong>OBD, Bench and BOOT protocols for Agriculture vehicles, Trucks, Buses and Heavy Machinery <\/strong>and a <strong>b\u00f4nus de 120 tokens de ajuste* <\/strong>para que voc\u00ea possa come\u00e7ar a afinar sem nenhum investimento adicional!<\/p>\n<p><em><br \/>\n* Os tokens de b\u00f4nus devem ser gastos dentro de 6 meses ap\u00f3s a compra da ferramenta.<\/em><\/p>","protected":false},"featured_media":7954,"template":"","meta":[],"product_brand":[69],"product_cat":[119,45],"product_tag":[],"tool_configuration":[85],"tool_interface":[96,97,95],"flashing_tools":[88],"vehicle_types":[82,81],"class_list":{"0":"post-7045","1":"product","2":"type-product","3":"status-publish","4":"has-post-thumbnail","6":"product_brand-alientech","7":"product_cat-all-products","8":"product_cat-erc-tuner-kits","9":"product_shipping_class-erc-dealer-kits","10":"tool_configuration-slave","11":"tool_interface-bench","12":"tool_interface-boot","13":"tool_interface-obd","14":"flashing_tools-kess3","15":"vehicle_types-agriculture","16":"vehicle_types-truck-bus","18":"first","19":"instock","20":"sale","21":"featured","22":"sold-individually","23":"taxable","24":"shipping-taxable","25":"purchasable","26":"product-type-bundle"},"bundled_by":[],"bundle_stock_status":"instock","bundle_stock_quantity":"","bundle_virtual":false,"bundle_layout":"tabular","bundle_add_to_cart_form_location":"default","bundle_editable_in_cart":false,"bundle_sold_individually_context":"product","bundle_item_grouping":"parent","bundle_min_size":"","bundle_max_size":"","bundle_price":{"price":{"min":{"incl_tax":"2390","excl_tax":"2390"},"max":{"incl_tax":"2390","excl_tax":"2390"}},"regular_price":{"min":{"incl_tax":"2980","excl_tax":"2980"},"max":{"incl_tax":"2980","excl_tax":"2980"}}},"bundled_items":[{"bundled_item_id":86,"product_id":4396,"menu_order":0,"quantity_min":1,"quantity_max":1,"quantity_default":1,"priced_individually":false,"shipped_individually":false,"override_title":false,"title":"Hardware da ferramenta de flash KESS3","override_description":false,"description":"","optional":false,"hide_thumbnail":false,"discount":"","override_variations":false,"allowed_variations":[],"override_default_variation_attributes":false,"default_variation_attributes":[],"single_product_visibility":"hidden","cart_visibility":"hidden","order_visibility":"hidden","single_product_price_visibility":"visible","cart_price_visibility":"visible","order_price_visibility":"visible","stock_status":"in_stock"},{"bundled_item_id":88,"product_id":7043,"menu_order":1,"quantity_min":1,"quantity_max":1,"quantity_default":1,"priced_individually":false,"shipped_individually":true,"override_title":false,"title":"KESS3 Slave - Agriculture - Truck & Buses OBD & Bench-Boot Protocols activation Bundle","override_description":false,"description":"","optional":false,"hide_thumbnail":false,"discount":"","override_variations":false,"allowed_variations":[],"override_default_variation_attributes":false,"default_variation_attributes":[],"single_product_visibility":"hidden","cart_visibility":"hidden","order_visibility":"hidden","single_product_price_visibility":"visible","cart_price_visibility":"visible","order_price_visibility":"visible","stock_status":"in_stock"}],"bundle_sell_ids":[],"group_of_quantity":0,"min_quantity":1,"max_quantity":1,"exclude_order_quantity_value_rules":"no","exclude_category_quantity_rules":"no","combine_variations":"no","acf":[],"yoast_head":"<!-- This site is optimized with the Yoast SEO plugin v27.4 - https:\/\/yoast.com\/product\/yoast-seo-wordpress\/ -->\n<title>KESS3 Agri, Trucks &amp; Buses ERC TUNER KIT (OBD, Bench &amp; Boot) | ECU Remap Center<\/title>\n<meta name=\"robots\" content=\"index, follow, max-snippet:-1, max-image-preview:large, max-video-preview:-1\" \/>\n<link rel=\"canonical\" href=\"https:\/\/ecuremapcenter.com\/pt\/comprar\/kess3-agri-trucks-buses-erc-tuner-kit-obd-bench-boot\/\" \/>\n<meta property=\"og:locale\" content=\"pt_PT\" \/>\n<meta property=\"og:type\" content=\"article\" \/>\n<meta property=\"og:title\" content=\"KESS3 Agri, Trucks &amp; Buses ERC TUNER KIT (OBD, Bench &amp; Boot) | ECU Remap Center\" \/>\n<meta property=\"og:description\" content=\"An all-in-one tool for OBD and BENCH-BOOT procedures, KESS3 is here with a completely new arhitecture that allows multiple times faster ECU reading and writing procedures then old generation. Supported by the new, easy to use, cloud version of Alientech SUITE software!  Includes KESS3 Slave Device, suitcase, cables, all accessories and one year of support subscription.  KESS3 Agri, Trucks &amp; Buses ERC TUNER KIT (OBD, Bench &amp; Boot) comes with OBD, Bench and BOOT protocols for Agriculture vehicles, Trucks, Buses and Heavy Machinery and a bonus of 120 tuning tokens* so you can start with tuning without any further investment!   * Bonus tokens have to be spent within 6 months of the tool purchase.\" \/>\n<meta property=\"og:url\" content=\"https:\/\/ecuremapcenter.com\/pt\/comprar\/kess3-agri-trucks-buses-erc-tuner-kit-obd-bench-boot\/\" \/>\n<meta property=\"og:site_name\" content=\"ECU Remap Center\" \/>\n<meta property=\"article:publisher\" content=\"https:\/\/www.facebook.com\/ecuremapcenter\" \/>\n<meta property=\"article:modified_time\" content=\"2026-02-11T14:37:18+00:00\" \/>\n<meta property=\"og:image\" content=\"https:\/\/ecuremapcenter.com\/wp-content\/uploads\/2024\/11\/kess3-dealer-kit-obd-bench-agri-truck.jpg\" \/>\n\t<meta property=\"og:image:width\" content=\"1200\" \/>\n\t<meta property=\"og:image:height\" content=\"1200\" \/>\n\t<meta property=\"og:image:type\" content=\"image\/jpeg\" \/>\n<meta name=\"twitter:card\" content=\"summary_large_image\" \/>\n<meta name=\"twitter:label1\" content=\"Tempo estimado de leitura\" \/>\n\t<meta name=\"twitter:data1\" content=\"3 minutos\" \/>\n<script type=\"application\/ld+json\" class=\"yoast-schema-graph\">{\"@context\":\"https:\\\/\\\/schema.org\",\"@graph\":[{\"@type\":\"WebPage\",\"@id\":\"https:\\\/\\\/ecuremapcenter.com\\\/shop\\\/kess3-agri-trucks-buses-erc-tuner-kit-obd-bench-boot\\\/\",\"url\":\"https:\\\/\\\/ecuremapcenter.com\\\/shop\\\/kess3-agri-trucks-buses-erc-tuner-kit-obd-bench-boot\\\/\",\"name\":\"KESS3 Agri, Trucks & Buses ERC TUNER KIT (OBD, Bench & Boot) | ECU Remap Center\",\"isPartOf\":{\"@id\":\"https:\\\/\\\/ecuremapcenter.com\\\/#website\"},\"primaryImageOfPage\":{\"@id\":\"https:\\\/\\\/ecuremapcenter.com\\\/shop\\\/kess3-agri-trucks-buses-erc-tuner-kit-obd-bench-boot\\\/#primaryimage\"},\"image\":{\"@id\":\"https:\\\/\\\/ecuremapcenter.com\\\/shop\\\/kess3-agri-trucks-buses-erc-tuner-kit-obd-bench-boot\\\/#primaryimage\"},\"thumbnailUrl\":\"https:\\\/\\\/ecuremapcenter.com\\\/wp-content\\\/uploads\\\/2024\\\/11\\\/kess3-dealer-kit-obd-bench-agri-truck.jpg\",\"datePublished\":\"2025-09-19T08:32:31+00:00\",\"dateModified\":\"2026-02-11T14:37:18+00:00\",\"breadcrumb\":{\"@id\":\"https:\\\/\\\/ecuremapcenter.com\\\/shop\\\/kess3-agri-trucks-buses-erc-tuner-kit-obd-bench-boot\\\/#breadcrumb\"},\"inLanguage\":\"pt-PT\",\"potentialAction\":[{\"@type\":\"ReadAction\",\"target\":[\"https:\\\/\\\/ecuremapcenter.com\\\/shop\\\/kess3-agri-trucks-buses-erc-tuner-kit-obd-bench-boot\\\/\"]}]},{\"@type\":\"ImageObject\",\"inLanguage\":\"pt-PT\",\"@id\":\"https:\\\/\\\/ecuremapcenter.com\\\/shop\\\/kess3-agri-trucks-buses-erc-tuner-kit-obd-bench-boot\\\/#primaryimage\",\"url\":\"https:\\\/\\\/ecuremapcenter.com\\\/wp-content\\\/uploads\\\/2024\\\/11\\\/kess3-dealer-kit-obd-bench-agri-truck.jpg\",\"contentUrl\":\"https:\\\/\\\/ecuremapcenter.com\\\/wp-content\\\/uploads\\\/2024\\\/11\\\/kess3-dealer-kit-obd-bench-agri-truck.jpg\",\"width\":1200,\"height\":1200},{\"@type\":\"BreadcrumbList\",\"@id\":\"https:\\\/\\\/ecuremapcenter.com\\\/shop\\\/kess3-agri-trucks-buses-erc-tuner-kit-obd-bench-boot\\\/#breadcrumb\",\"itemListElement\":[{\"@type\":\"ListItem\",\"position\":1,\"name\":\"Home\",\"item\":\"https:\\\/\\\/ecuremapcenter.com\\\/\"},{\"@type\":\"ListItem\",\"position\":2,\"name\":\"Shop\",\"item\":\"https:\\\/\\\/ecuremapcenter.com\\\/shop\\\/\"},{\"@type\":\"ListItem\",\"position\":3,\"name\":\"KESS3 Agri, Trucks &#038; Buses ERC TUNER KIT (OBD, Bench &#038; Boot)\"}]},{\"@type\":\"WebSite\",\"@id\":\"https:\\\/\\\/ecuremapcenter.com\\\/#website\",\"url\":\"https:\\\/\\\/ecuremapcenter.com\\\/\",\"name\":\"ECU Remap Center\",\"description\":\"High quality ECU, TCU remaps and DPF Off, EGR Off, SCR Off solutions for chip tuning professionals\",\"publisher\":{\"@id\":\"https:\\\/\\\/ecuremapcenter.com\\\/#organization\"},\"alternateName\":\"ERC\",\"potentialAction\":[{\"@type\":\"SearchAction\",\"target\":{\"@type\":\"EntryPoint\",\"urlTemplate\":\"https:\\\/\\\/ecuremapcenter.com\\\/?s={search_term_string}\"},\"query-input\":{\"@type\":\"PropertyValueSpecification\",\"valueRequired\":true,\"valueName\":\"search_term_string\"}}],\"inLanguage\":\"pt-PT\"},{\"@type\":\"Organization\",\"@id\":\"https:\\\/\\\/ecuremapcenter.com\\\/#organization\",\"name\":\"ECU Remap Center\",\"alternateName\":\"ERC\",\"url\":\"https:\\\/\\\/ecuremapcenter.com\\\/\",\"logo\":{\"@type\":\"ImageObject\",\"inLanguage\":\"pt-PT\",\"@id\":\"https:\\\/\\\/ecuremapcenter.com\\\/#\\\/schema\\\/logo\\\/image\\\/\",\"url\":\"https:\\\/\\\/ecuremapcenter.com\\\/wp-content\\\/uploads\\\/2021\\\/06\\\/erc-logo.svg\",\"contentUrl\":\"https:\\\/\\\/ecuremapcenter.com\\\/wp-content\\\/uploads\\\/2021\\\/06\\\/erc-logo.svg\",\"width\":780,\"height\":236,\"caption\":\"ECU Remap Center\"},\"image\":{\"@id\":\"https:\\\/\\\/ecuremapcenter.com\\\/#\\\/schema\\\/logo\\\/image\\\/\"},\"sameAs\":[\"https:\\\/\\\/www.facebook.com\\\/ecuremapcenter\",\"https:\\\/\\\/www.instagram.com\\\/ecuremapcenter\\\/\"]}]}<\/script>\n<!-- \/ Yoast SEO plugin. -->","yoast_head_json":{"title":"KESS3 Agri, Trucks & Buses ERC TUNER KIT (OBD, Bench & Boot) | ECU Remap Center","robots":{"index":"index","follow":"follow","max-snippet":"max-snippet:-1","max-image-preview":"max-image-preview:large","max-video-preview":"max-video-preview:-1"},"canonical":"https:\/\/ecuremapcenter.com\/pt\/comprar\/kess3-agri-trucks-buses-erc-tuner-kit-obd-bench-boot\/","og_locale":"pt_PT","og_type":"article","og_title":"KESS3 Agri, Trucks & Buses ERC TUNER KIT (OBD, Bench & Boot) | ECU Remap Center","og_description":"An all-in-one tool for OBD and BENCH-BOOT procedures, KESS3 is here with a completely new arhitecture that allows multiple times faster ECU reading and writing procedures then old generation. Supported by the new, easy to use, cloud version of Alientech SUITE software!  Includes KESS3 Slave Device, suitcase, cables, all accessories and one year of support subscription.  KESS3 Agri, Trucks &amp; Buses ERC TUNER KIT (OBD, Bench &amp; Boot) comes with OBD, Bench and BOOT protocols for Agriculture vehicles, Trucks, Buses and Heavy Machinery and a bonus of 120 tuning tokens* so you can start with tuning without any further investment!   * Bonus tokens have to be spent within 6 months of the tool purchase.","og_url":"https:\/\/ecuremapcenter.com\/pt\/comprar\/kess3-agri-trucks-buses-erc-tuner-kit-obd-bench-boot\/","og_site_name":"ECU Remap Center","article_publisher":"https:\/\/www.facebook.com\/ecuremapcenter","article_modified_time":"2026-02-11T14:37:18+00:00","og_image":[{"width":1200,"height":1200,"url":"https:\/\/ecuremapcenter.com\/wp-content\/uploads\/2024\/11\/kess3-dealer-kit-obd-bench-agri-truck.jpg","type":"image\/jpeg"}],"twitter_card":"summary_large_image","twitter_misc":{"Tempo estimado de leitura":"3 minutos"},"schema":{"@context":"https:\/\/schema.org","@graph":[{"@type":"WebPage","@id":"https:\/\/ecuremapcenter.com\/shop\/kess3-agri-trucks-buses-erc-tuner-kit-obd-bench-boot\/","url":"https:\/\/ecuremapcenter.com\/shop\/kess3-agri-trucks-buses-erc-tuner-kit-obd-bench-boot\/","name":"KESS3 Agri, Trucks & Buses ERC TUNER KIT (OBD, Bench & Boot) | ECU Remap Center","isPartOf":{"@id":"https:\/\/ecuremapcenter.com\/#website"},"primaryImageOfPage":{"@id":"https:\/\/ecuremapcenter.com\/shop\/kess3-agri-trucks-buses-erc-tuner-kit-obd-bench-boot\/#primaryimage"},"image":{"@id":"https:\/\/ecuremapcenter.com\/shop\/kess3-agri-trucks-buses-erc-tuner-kit-obd-bench-boot\/#primaryimage"},"thumbnailUrl":"https:\/\/ecuremapcenter.com\/wp-content\/uploads\/2024\/11\/kess3-dealer-kit-obd-bench-agri-truck.jpg","datePublished":"2025-09-19T08:32:31+00:00","dateModified":"2026-02-11T14:37:18+00:00","breadcrumb":{"@id":"https:\/\/ecuremapcenter.com\/shop\/kess3-agri-trucks-buses-erc-tuner-kit-obd-bench-boot\/#breadcrumb"},"inLanguage":"pt-PT","potentialAction":[{"@type":"ReadAction","target":["https:\/\/ecuremapcenter.com\/shop\/kess3-agri-trucks-buses-erc-tuner-kit-obd-bench-boot\/"]}]},{"@type":"ImageObject","inLanguage":"pt-PT","@id":"https:\/\/ecuremapcenter.com\/shop\/kess3-agri-trucks-buses-erc-tuner-kit-obd-bench-boot\/#primaryimage","url":"https:\/\/ecuremapcenter.com\/wp-content\/uploads\/2024\/11\/kess3-dealer-kit-obd-bench-agri-truck.jpg","contentUrl":"https:\/\/ecuremapcenter.com\/wp-content\/uploads\/2024\/11\/kess3-dealer-kit-obd-bench-agri-truck.jpg","width":1200,"height":1200},{"@type":"BreadcrumbList","@id":"https:\/\/ecuremapcenter.com\/shop\/kess3-agri-trucks-buses-erc-tuner-kit-obd-bench-boot\/#breadcrumb","itemListElement":[{"@type":"ListItem","position":1,"name":"Home","item":"https:\/\/ecuremapcenter.com\/"},{"@type":"ListItem","position":2,"name":"Shop","item":"https:\/\/ecuremapcenter.com\/shop\/"},{"@type":"ListItem","position":3,"name":"KESS3 Agri, Trucks &#038; Buses ERC TUNER KIT (OBD, Bench &#038; Boot)"}]},{"@type":"WebSite","@id":"https:\/\/ecuremapcenter.com\/#website","url":"https:\/\/ecuremapcenter.com\/","name":"Centro de Remapeamento ECU","description":"ECU de alta qualidade, remapeamentos de TCU e solu\u00e7\u00f5es DPF Off, EGR Off, SCR Off para profissionais de ajuste de chip","publisher":{"@id":"https:\/\/ecuremapcenter.com\/#organization"},"alternateName":"ERC","potentialAction":[{"@type":"SearchAction","target":{"@type":"EntryPoint","urlTemplate":"https:\/\/ecuremapcenter.com\/?s={search_term_string}"},"query-input":{"@type":"PropertyValueSpecification","valueRequired":true,"valueName":"search_term_string"}}],"inLanguage":"pt-PT"},{"@type":"Organization","@id":"https:\/\/ecuremapcenter.com\/#organization","name":"Centro de Remapeamento ECU","alternateName":"ERC","url":"https:\/\/ecuremapcenter.com\/","logo":{"@type":"ImageObject","inLanguage":"pt-PT","@id":"https:\/\/ecuremapcenter.com\/#\/schema\/logo\/image\/","url":"https:\/\/ecuremapcenter.com\/wp-content\/uploads\/2021\/06\/erc-logo.svg","contentUrl":"https:\/\/ecuremapcenter.com\/wp-content\/uploads\/2021\/06\/erc-logo.svg","width":780,"height":236,"caption":"ECU Remap Center"},"image":{"@id":"https:\/\/ecuremapcenter.com\/#\/schema\/logo\/image\/"},"sameAs":["https:\/\/www.facebook.com\/ecuremapcenter","https:\/\/www.instagram.com\/ecuremapcenter\/"]}]}},"_links":{"self":[{"href":"https:\/\/ecuremapcenter.com\/pt\/wp-json\/wp\/v2\/product\/7045","targetHints":{"allow":["GET"]}}],"collection":[{"href":"https:\/\/ecuremapcenter.com\/pt\/wp-json\/wp\/v2\/product"}],"about":[{"href":"https:\/\/ecuremapcenter.com\/pt\/wp-json\/wp\/v2\/types\/product"}],"wp:featuredmedia":[{"embeddable":true,"href":"https:\/\/ecuremapcenter.com\/pt\/wp-json\/wp\/v2\/media\/7954"}],"wp:attachment":[{"href":"https:\/\/ecuremapcenter.com\/pt\/wp-json\/wp\/v2\/media?parent=7045"}],"wp:term":[{"taxonomy":"product_brand","embeddable":true,"href":"https:\/\/ecuremapcenter.com\/pt\/wp-json\/wp\/v2\/product_brand?post=7045"},{"taxonomy":"product_cat","embeddable":true,"href":"https:\/\/ecuremapcenter.com\/pt\/wp-json\/wp\/v2\/product_cat?post=7045"},{"taxonomy":"product_tag","embeddable":true,"href":"https:\/\/ecuremapcenter.com\/pt\/wp-json\/wp\/v2\/product_tag?post=7045"},{"taxonomy":"tool_configuration","embeddable":true,"href":"https:\/\/ecuremapcenter.com\/pt\/wp-json\/wp\/v2\/tool_configuration?post=7045"},{"taxonomy":"tool_interface","embeddable":true,"href":"https:\/\/ecuremapcenter.com\/pt\/wp-json\/wp\/v2\/tool_interface?post=7045"},{"taxonomy":"flashing_tools","embeddable":true,"href":"https:\/\/ecuremapcenter.com\/pt\/wp-json\/wp\/v2\/flashing_tools?post=7045"},{"taxonomy":"vehicle_types","embeddable":true,"href":"https:\/\/ecuremapcenter.com\/pt\/wp-json\/wp\/v2\/vehicle_types?post=7045"}],"curies":[{"name":"wp","href":"https:\/\/api.w.org\/{rel}","templated":true}]}}