{"id":7707,"date":"2025-02-13T15:26:09","date_gmt":"2025-02-13T14:26:09","guid":{"rendered":"https:\/\/ecuremapcenter.com\/?post_type=product&#038;p=7707"},"modified":"2025-11-26T13:57:18","modified_gmt":"2025-11-26T12:57:18","slug":"topdon-phoenix-mais-2","status":"publish","type":"product","link":"https:\/\/ecuremapcenter.com\/pt\/comprar\/topdon-phoenix-mais-2\/","title":{"rendered":"Topdon Phoenix Plus 2"},"content":{"rendered":"<p>Desbloqueie diagn\u00f3sticos avan\u00e7ados com o TOPDON Phoenix Plus 2, uma vers\u00e3o aprimorada do Phoenix Plus. Com o novo suporte CAN-FD, esta ferramenta agora cobre uma gama mais ampla de ve\u00edculos modernos.<\/p>\n<h4>Caracter\u00edsticas<\/h4>\n<p><strong>Solu\u00e7\u00f5es personalizadas com codifica\u00e7\u00e3o de ECU<\/strong><\/p>\n<ul>\n<li>Desbloqueie a personaliza\u00e7\u00e3o avan\u00e7ada do ve\u00edculo com ECU aprimorada e recursos de codifica\u00e7\u00e3o on-line. Os profissionais podem modificar as configura\u00e7\u00f5es do ve\u00edculo, habilitar recursos ocultos e desabilitar op\u00e7\u00f5es desnecess\u00e1rias para desempenho ideal. Essa funcionalidade n\u00e3o apenas melhora o diagn\u00f3stico, mas tamb\u00e9m amplia as ofertas de servi\u00e7os, garantindo uma experi\u00eancia de dire\u00e7\u00e3o personalizada para os clientes.<\/li>\n<\/ul>\n<p><strong>Diagn\u00f3stico de n\u00edvel OE com CAN-FD Boost<\/strong><\/p>\n<ul>\n<li>O Phoenix Plus 2 fornece suporte abrangente para mais de 160 marcas de ve\u00edculos, cobrindo sistemas cr\u00edticos como motor, transmiss\u00e3o e ABS para garantir uma avalia\u00e7\u00e3o completa da sa\u00fade do ve\u00edculo. Equipado com o mais recente protocolo CAN-FD, ele permite transfer\u00eancia de dados ultrarr\u00e1pida e melhora a comunica\u00e7\u00e3o com ve\u00edculos mais novos, incluindo modelos GM e Chrysler de 2020 em diante.<\/li>\n<\/ul>\n<p><strong>Desbloqueie o acesso FCA SGW<\/strong><\/p>\n<ul>\n<li>Melhore seus diagn\u00f3sticos com acesso exclusivo aos sistemas Secure Gateway (SGW) da FCA. Esse recurso confi\u00e1vel concede acesso a dados cruciais do ve\u00edculo, permitindo reparos precisos e confi\u00e1veis em modelos da FCA, garantindo um n\u00edvel mais alto de servi\u00e7o e precis\u00e3o.<\/li>\n<\/ul>\n<p><strong>\u00a0Diagn\u00f3stico visualizado para insights mais claros<\/strong><\/p>\n<ul>\n<li>Experimente os benef\u00edcios do mapeamento de topologia, que fornece conex\u00f5es claras do sistema e identifica problemas cr\u00edticos, reduzindo drasticamente o tempo de diagn\u00f3stico. A exibi\u00e7\u00e3o gr\u00e1fica de dados ao vivo converte dados brutos em visuais f\u00e1ceis de entender, permitindo a r\u00e1pida identifica\u00e7\u00e3o de tend\u00eancias, anomalias e problemas potenciais em um piscar de olhos.<\/li>\n<\/ul>\n<p><strong>Solu\u00e7\u00e3o de problemas precisa com testes ativos<\/strong><\/p>\n<ul>\n<li>Ao interagir diretamente com os sistemas do ve\u00edculo e controlar os atuadores, os mec\u00e2nicos podem isolar rapidamente os problemas e confirmar os reparos com confian\u00e7a. Essa abordagem reduz o tempo de diagn\u00f3stico e aumenta as taxas de conserto na primeira vez, levando a um processo de reparo mais eficiente e confi\u00e1vel.<\/li>\n<\/ul>\n<p><strong>41+ Servi\u00e7os de Manuten\u00e7\u00e3o Cobrem Todas as Suas Necessidades<\/strong><\/p>\n<ul>\n<li>Com acesso a mais de 41 servi\u00e7os essenciais de reinicializa\u00e7\u00e3o, voc\u00ea est\u00e1 equipado para lidar com todas as tarefas de manuten\u00e7\u00e3o sem esfor\u00e7o. De procedimentos de rotina como redefini\u00e7\u00f5es de \u00f3leo e SAS a fun\u00e7\u00f5es especializadas como adapta\u00e7\u00e3o e calibra\u00e7\u00e3o do acelerador, essas ferramentas permitem que voc\u00ea forne\u00e7a um servi\u00e7o excepcional com facilidade.<\/li>\n<\/ul>\n<p><strong>Recursos inteligentes para trabalho inteligente<\/strong><\/p>\n<ul>\n<li>A tecnologia Smart AutoVIN simplifica a identifica\u00e7\u00e3o do ve\u00edculo, enquanto as fun\u00e7\u00f5es guiadas do VAG fornecem instru\u00e7\u00f5es passo a passo para tornar seu fluxo de trabalho mais eficiente. Com atualiza\u00e7\u00f5es de WiFi de um clique, voc\u00ea sempre ficar\u00e1 atualizado com os \u00faltimos avan\u00e7os.<\/li>\n<\/ul>\n<p><strong>Use o Wireless e diagnostique em qualquer lugar<\/strong><\/p>\n<ul>\n<li>O Phoenix Plus 2 oferece conectividade sem fio, permitindo que voc\u00ea diagnostique ve\u00edculos livremente sem as limita\u00e7\u00f5es de cabos. Emparelhado com uma bateria robusta de 12.600mAh, esta ferramenta garante desempenho duradouro para sess\u00f5es de trabalho prolongadas.<\/li>\n<\/ul>\n<p><strong>Capacidades expans\u00edveis com m\u00f3dulos complementares<\/strong><\/p>\n<ul>\n<li>Atualize seu equipamento sem esfor\u00e7o com uma gama de m\u00f3dulos adicionais expans\u00edveis conforme seu neg\u00f3cio cresce. Conecte ADAS para calibra\u00e7\u00e3o de dire\u00e7\u00e3o, BTMobile ProS para teste de bateria, TC001 para imagens t\u00e9rmicas e um oscilosc\u00f3pio para analisar sinais el\u00e9tricos, garantindo que voc\u00ea esteja sempre preparado para o sucesso.<\/li>\n<\/ul>\n<h4>Especifica\u00e7\u00f5es<\/h4>\n<ul>\n<li>Tela: LCD de 10,1 polegadas, 1280 * 800<\/li>\n<li>Processador CPU de 4 n\u00facleos, 2,0 GHz<\/li>\n<li>Sistema operacional: Android 10.0<\/li>\n<li>RAM: 4G, ROM 64G<\/li>\n<li>Bateria: 12600 mAh \/ 3,8 V<\/li>\n<li>Tens\u00e3o de opera\u00e7\u00e3o: 9~18V<\/li>\n<li>Temperatura de armazenamento: -20\u2103~60\u2103\uff08-4\u2109~140\u2109\uff09<\/li>\n<li>Temperatura de trabalho: 0\u2103~50\u2103\uff0832\u2109~122\u2109\uff09<\/li>\n<li>Dimens\u00e3o: 277,3*190,8*44,5 mm (10,92*7,51*1,75 pol.)<\/li>\n<li>Tamanho da embalagem: 468*320*143 mm (18,43*12,60*5,63 pol.)<\/li>\n<li>Peso l\u00edquido: 1576 g (3,47 lb)<\/li>\n<li>Suporte multil\u00edngue: ingl\u00eas, alem\u00e3o, espanhol, franc\u00eas, italiano, japon\u00eas, portugu\u00eas, russo, polon\u00eas, turco, holand\u00eas, h\u00fangaro, chin\u00eas (tradicional), coreano, grego, eslovaco, romeno, \u00e1rabe, croata, esloveno, finland\u00eas, tcheco, noruegu\u00eas, dinamarqu\u00eas, sueco, tailand\u00eas, b\u00falgaro, indon\u00e9sio, cambojano<\/li>\n<\/ul>\n<h4>Lista de embalagem<\/h4>\n<ul>\n<li>Phoenix Plus 2 x 1<\/li>\n<li>Dongle MDCI x 1<\/li>\n<li>Grampos de bateria\/conjunto de cabos x 1<\/li>\n<li>Cabo Tipo C para USB x 1<\/li>\n<li>Adaptador OBDl BOX Linha de transfer\u00eancia x 1<\/li>\n<li>Cabo para isqueiro x 1<\/li>\n<li>Fus\u00edvel (\u03c66*30mm) x 2<\/li>\n<li>Fus\u00edvel (\u03c65*20mm) x 4<\/li>\n<li>Adaptador de energia x 1<\/li>\n<li>Cabo de extens\u00e3o OBDll x 1<\/li>\n<li>BZ-38 (BENZ) x 1<\/li>\n<li>TA-17 (TOYOTA) x 1<\/li>\n<li>B-20 (BMW) x 1<\/li>\n<li>HA-3 (HONDA) x 1<\/li>\n<li>M\/H-12+16 (MITSUBISHVHYUNDAI) x 1<\/li>\n<li>TA-22 (TOYOTA) x 1<\/li>\n<li>G\/V-12 (GMNVAZ) x 1<\/li>\n<li>CR-6 (CHRYSLER) x 1<\/li>\n<li>NN-14+16(NISSAN) x 1<\/li>\n<li>FT-3 (PLANO) x 1<\/li>\n<li>Manual do usu\u00e1rio x 1<\/li>\n<li>Lista de Pacotes x 1<\/li>\n<li>Estojo de transporte x 1<\/li>\n<\/ul>\n<h4>Garantia e atualiza\u00e7\u00f5es<\/h4>\n<ul>\n<li>Garantia de dois anos.<\/li>\n<li>Dois anos de atualiza\u00e7\u00f5es de software gratuitas.<\/li>\n<\/ul>","protected":false},"excerpt":{"rendered":"<p>Desbloqueie diagn\u00f3sticos avan\u00e7ados com o TOPDON Phoenix Plus 2, uma vers\u00e3o aprimorada do Phoenix Plus. Com o novo suporte CAN-FD, esta ferramenta agora cobre uma gama mais ampla de ve\u00edculos modernos.<\/p>","protected":false},"featured_media":7719,"template":"","meta":[],"product_brand":[130],"product_cat":[129],"product_tag":[],"tool_configuration":[],"tool_interface":[],"flashing_tools":[103],"vehicle_types":[82,80,79,83,81],"class_list":{"0":"post-7707","1":"product","2":"type-product","3":"status-publish","4":"has-post-thumbnail","6":"product_brand-topdon","7":"product_cat-diagnostic","8":"product_shipping_class-heavy-items","9":"flashing_tools-universal","10":"vehicle_types-agriculture","11":"vehicle_types-bike-atv","12":"vehicle_types-cars-lcv","13":"vehicle_types-marine","14":"vehicle_types-truck-bus","16":"first","17":"instock","18":"sale","19":"featured","20":"taxable","21":"shipping-taxable","22":"purchasable","23":"product-type-simple"},"bundled_by":[],"bundle_stock_status":"instock","bundle_stock_quantity":null,"bundle_virtual":false,"bundle_layout":"","bundle_add_to_cart_form_location":"","bundle_editable_in_cart":false,"bundle_sold_individually_context":"","bundle_item_grouping":"","bundle_min_size":"","bundle_max_size":"","bundle_price":[],"bundled_items":[],"bundle_sell_ids":[],"group_of_quantity":0,"min_quantity":0,"max_quantity":"","exclude_order_quantity_value_rules":"no","exclude_category_quantity_rules":"no","combine_variations":"no","acf":[],"yoast_head":"<!-- This site is optimized with the Yoast SEO plugin v27.4 - https:\/\/yoast.com\/product\/yoast-seo-wordpress\/ -->\n<title>Topdon Phoenix Plus 2 | ECU Remap Center<\/title>\n<meta name=\"robots\" content=\"index, follow, max-snippet:-1, max-image-preview:large, max-video-preview:-1\" \/>\n<link rel=\"canonical\" href=\"https:\/\/ecuremapcenter.com\/pt\/comprar\/topdon-phoenix-mais-2\/\" \/>\n<meta property=\"og:locale\" content=\"pt_PT\" \/>\n<meta property=\"og:type\" content=\"article\" \/>\n<meta property=\"og:title\" content=\"Topdon Phoenix Plus 2 | ECU Remap Center\" \/>\n<meta property=\"og:description\" content=\"Unlock advanced diagnostics with the TOPDON Phoenix Plus 2, an enhanced version of the Phoenix Plus. With new CAN-FD support, this tool now covers a broader range of modern vehicles.\" \/>\n<meta property=\"og:url\" content=\"https:\/\/ecuremapcenter.com\/pt\/comprar\/topdon-phoenix-mais-2\/\" \/>\n<meta property=\"og:site_name\" content=\"ECU Remap Center\" \/>\n<meta property=\"article:publisher\" content=\"https:\/\/www.facebook.com\/ecuremapcenter\" \/>\n<meta property=\"article:modified_time\" content=\"2025-11-26T12:57:18+00:00\" \/>\n<meta property=\"og:image\" content=\"https:\/\/ecuremapcenter.com\/wp-content\/uploads\/2025\/03\/topdon_phoenix_plus_1.jpg\" \/>\n\t<meta property=\"og:image:width\" content=\"1200\" \/>\n\t<meta property=\"og:image:height\" content=\"1200\" \/>\n\t<meta property=\"og:image:type\" content=\"image\/jpeg\" \/>\n<meta name=\"twitter:card\" content=\"summary_large_image\" \/>\n<meta name=\"twitter:label1\" content=\"Tempo estimado de leitura\" \/>\n\t<meta name=\"twitter:data1\" content=\"6 minutos\" \/>\n<script type=\"application\/ld+json\" class=\"yoast-schema-graph\">{\"@context\":\"https:\\\/\\\/schema.org\",\"@graph\":[{\"@type\":\"WebPage\",\"@id\":\"https:\\\/\\\/ecuremapcenter.com\\\/shop\\\/topdon-phoenix-plus-2\\\/\",\"url\":\"https:\\\/\\\/ecuremapcenter.com\\\/shop\\\/topdon-phoenix-plus-2\\\/\",\"name\":\"Topdon Phoenix Plus 2 | ECU Remap Center\",\"isPartOf\":{\"@id\":\"https:\\\/\\\/ecuremapcenter.com\\\/#website\"},\"primaryImageOfPage\":{\"@id\":\"https:\\\/\\\/ecuremapcenter.com\\\/shop\\\/topdon-phoenix-plus-2\\\/#primaryimage\"},\"image\":{\"@id\":\"https:\\\/\\\/ecuremapcenter.com\\\/shop\\\/topdon-phoenix-plus-2\\\/#primaryimage\"},\"thumbnailUrl\":\"https:\\\/\\\/ecuremapcenter.com\\\/wp-content\\\/uploads\\\/2025\\\/03\\\/topdon_phoenix_plus_1.jpg\",\"datePublished\":\"2025-02-13T14:26:09+00:00\",\"dateModified\":\"2025-11-26T12:57:18+00:00\",\"breadcrumb\":{\"@id\":\"https:\\\/\\\/ecuremapcenter.com\\\/shop\\\/topdon-phoenix-plus-2\\\/#breadcrumb\"},\"inLanguage\":\"pt-PT\",\"potentialAction\":[{\"@type\":\"ReadAction\",\"target\":[\"https:\\\/\\\/ecuremapcenter.com\\\/shop\\\/topdon-phoenix-plus-2\\\/\"]}]},{\"@type\":\"ImageObject\",\"inLanguage\":\"pt-PT\",\"@id\":\"https:\\\/\\\/ecuremapcenter.com\\\/shop\\\/topdon-phoenix-plus-2\\\/#primaryimage\",\"url\":\"https:\\\/\\\/ecuremapcenter.com\\\/wp-content\\\/uploads\\\/2025\\\/03\\\/topdon_phoenix_plus_1.jpg\",\"contentUrl\":\"https:\\\/\\\/ecuremapcenter.com\\\/wp-content\\\/uploads\\\/2025\\\/03\\\/topdon_phoenix_plus_1.jpg\",\"width\":1200,\"height\":1200},{\"@type\":\"BreadcrumbList\",\"@id\":\"https:\\\/\\\/ecuremapcenter.com\\\/shop\\\/topdon-phoenix-plus-2\\\/#breadcrumb\",\"itemListElement\":[{\"@type\":\"ListItem\",\"position\":1,\"name\":\"Home\",\"item\":\"https:\\\/\\\/ecuremapcenter.com\\\/\"},{\"@type\":\"ListItem\",\"position\":2,\"name\":\"Shop\",\"item\":\"https:\\\/\\\/ecuremapcenter.com\\\/shop\\\/\"},{\"@type\":\"ListItem\",\"position\":3,\"name\":\"Topdon Phoenix Plus 2\"}]},{\"@type\":\"WebSite\",\"@id\":\"https:\\\/\\\/ecuremapcenter.com\\\/#website\",\"url\":\"https:\\\/\\\/ecuremapcenter.com\\\/\",\"name\":\"ECU Remap Center\",\"description\":\"High quality ECU, TCU remaps and DPF Off, EGR Off, SCR Off solutions for chip tuning professionals\",\"publisher\":{\"@id\":\"https:\\\/\\\/ecuremapcenter.com\\\/#organization\"},\"alternateName\":\"ERC\",\"potentialAction\":[{\"@type\":\"SearchAction\",\"target\":{\"@type\":\"EntryPoint\",\"urlTemplate\":\"https:\\\/\\\/ecuremapcenter.com\\\/?s={search_term_string}\"},\"query-input\":{\"@type\":\"PropertyValueSpecification\",\"valueRequired\":true,\"valueName\":\"search_term_string\"}}],\"inLanguage\":\"pt-PT\"},{\"@type\":\"Organization\",\"@id\":\"https:\\\/\\\/ecuremapcenter.com\\\/#organization\",\"name\":\"ECU Remap Center\",\"alternateName\":\"ERC\",\"url\":\"https:\\\/\\\/ecuremapcenter.com\\\/\",\"logo\":{\"@type\":\"ImageObject\",\"inLanguage\":\"pt-PT\",\"@id\":\"https:\\\/\\\/ecuremapcenter.com\\\/#\\\/schema\\\/logo\\\/image\\\/\",\"url\":\"https:\\\/\\\/ecuremapcenter.com\\\/wp-content\\\/uploads\\\/2021\\\/06\\\/erc-logo.svg\",\"contentUrl\":\"https:\\\/\\\/ecuremapcenter.com\\\/wp-content\\\/uploads\\\/2021\\\/06\\\/erc-logo.svg\",\"width\":780,\"height\":236,\"caption\":\"ECU Remap Center\"},\"image\":{\"@id\":\"https:\\\/\\\/ecuremapcenter.com\\\/#\\\/schema\\\/logo\\\/image\\\/\"},\"sameAs\":[\"https:\\\/\\\/www.facebook.com\\\/ecuremapcenter\",\"https:\\\/\\\/www.instagram.com\\\/ecuremapcenter\\\/\"]}]}<\/script>\n<!-- \/ Yoast SEO plugin. -->","yoast_head_json":{"title":"Topdon Phoenix Plus 2 | Centro de Remapeamento de ECU","robots":{"index":"index","follow":"follow","max-snippet":"max-snippet:-1","max-image-preview":"max-image-preview:large","max-video-preview":"max-video-preview:-1"},"canonical":"https:\/\/ecuremapcenter.com\/pt\/comprar\/topdon-phoenix-mais-2\/","og_locale":"pt_PT","og_type":"article","og_title":"Topdon Phoenix Plus 2 | ECU Remap Center","og_description":"Unlock advanced diagnostics with the TOPDON Phoenix Plus 2, an enhanced version of the Phoenix Plus. With new CAN-FD support, this tool now covers a broader range of modern vehicles.","og_url":"https:\/\/ecuremapcenter.com\/pt\/comprar\/topdon-phoenix-mais-2\/","og_site_name":"ECU Remap Center","article_publisher":"https:\/\/www.facebook.com\/ecuremapcenter","article_modified_time":"2025-11-26T12:57:18+00:00","og_image":[{"width":1200,"height":1200,"url":"https:\/\/ecuremapcenter.com\/wp-content\/uploads\/2025\/03\/topdon_phoenix_plus_1.jpg","type":"image\/jpeg"}],"twitter_card":"summary_large_image","twitter_misc":{"Tempo estimado de leitura":"6 minutos"},"schema":{"@context":"https:\/\/schema.org","@graph":[{"@type":"WebPage","@id":"https:\/\/ecuremapcenter.com\/shop\/topdon-phoenix-plus-2\/","url":"https:\/\/ecuremapcenter.com\/shop\/topdon-phoenix-plus-2\/","name":"Topdon Phoenix Plus 2 | Centro de Remapeamento de ECU","isPartOf":{"@id":"https:\/\/ecuremapcenter.com\/#website"},"primaryImageOfPage":{"@id":"https:\/\/ecuremapcenter.com\/shop\/topdon-phoenix-plus-2\/#primaryimage"},"image":{"@id":"https:\/\/ecuremapcenter.com\/shop\/topdon-phoenix-plus-2\/#primaryimage"},"thumbnailUrl":"https:\/\/ecuremapcenter.com\/wp-content\/uploads\/2025\/03\/topdon_phoenix_plus_1.jpg","datePublished":"2025-02-13T14:26:09+00:00","dateModified":"2025-11-26T12:57:18+00:00","breadcrumb":{"@id":"https:\/\/ecuremapcenter.com\/shop\/topdon-phoenix-plus-2\/#breadcrumb"},"inLanguage":"pt-PT","potentialAction":[{"@type":"ReadAction","target":["https:\/\/ecuremapcenter.com\/shop\/topdon-phoenix-plus-2\/"]}]},{"@type":"ImageObject","inLanguage":"pt-PT","@id":"https:\/\/ecuremapcenter.com\/shop\/topdon-phoenix-plus-2\/#primaryimage","url":"https:\/\/ecuremapcenter.com\/wp-content\/uploads\/2025\/03\/topdon_phoenix_plus_1.jpg","contentUrl":"https:\/\/ecuremapcenter.com\/wp-content\/uploads\/2025\/03\/topdon_phoenix_plus_1.jpg","width":1200,"height":1200},{"@type":"BreadcrumbList","@id":"https:\/\/ecuremapcenter.com\/shop\/topdon-phoenix-plus-2\/#breadcrumb","itemListElement":[{"@type":"ListItem","position":1,"name":"Home","item":"https:\/\/ecuremapcenter.com\/"},{"@type":"ListItem","position":2,"name":"Shop","item":"https:\/\/ecuremapcenter.com\/shop\/"},{"@type":"ListItem","position":3,"name":"Topdon Phoenix Plus 2"}]},{"@type":"WebSite","@id":"https:\/\/ecuremapcenter.com\/#website","url":"https:\/\/ecuremapcenter.com\/","name":"Centro de Remapeamento ECU","description":"ECU de alta qualidade, remapeamentos de TCU e solu\u00e7\u00f5es DPF Off, EGR Off, SCR Off para profissionais de ajuste de chip","publisher":{"@id":"https:\/\/ecuremapcenter.com\/#organization"},"alternateName":"ERC","potentialAction":[{"@type":"SearchAction","target":{"@type":"EntryPoint","urlTemplate":"https:\/\/ecuremapcenter.com\/?s={search_term_string}"},"query-input":{"@type":"PropertyValueSpecification","valueRequired":true,"valueName":"search_term_string"}}],"inLanguage":"pt-PT"},{"@type":"Organization","@id":"https:\/\/ecuremapcenter.com\/#organization","name":"Centro de Remapeamento ECU","alternateName":"ERC","url":"https:\/\/ecuremapcenter.com\/","logo":{"@type":"ImageObject","inLanguage":"pt-PT","@id":"https:\/\/ecuremapcenter.com\/#\/schema\/logo\/image\/","url":"https:\/\/ecuremapcenter.com\/wp-content\/uploads\/2021\/06\/erc-logo.svg","contentUrl":"https:\/\/ecuremapcenter.com\/wp-content\/uploads\/2021\/06\/erc-logo.svg","width":780,"height":236,"caption":"ECU Remap Center"},"image":{"@id":"https:\/\/ecuremapcenter.com\/#\/schema\/logo\/image\/"},"sameAs":["https:\/\/www.facebook.com\/ecuremapcenter","https:\/\/www.instagram.com\/ecuremapcenter\/"]}]}},"_links":{"self":[{"href":"https:\/\/ecuremapcenter.com\/pt\/wp-json\/wp\/v2\/product\/7707","targetHints":{"allow":["GET"]}}],"collection":[{"href":"https:\/\/ecuremapcenter.com\/pt\/wp-json\/wp\/v2\/product"}],"about":[{"href":"https:\/\/ecuremapcenter.com\/pt\/wp-json\/wp\/v2\/types\/product"}],"wp:featuredmedia":[{"embeddable":true,"href":"https:\/\/ecuremapcenter.com\/pt\/wp-json\/wp\/v2\/media\/7719"}],"wp:attachment":[{"href":"https:\/\/ecuremapcenter.com\/pt\/wp-json\/wp\/v2\/media?parent=7707"}],"wp:term":[{"taxonomy":"product_brand","embeddable":true,"href":"https:\/\/ecuremapcenter.com\/pt\/wp-json\/wp\/v2\/product_brand?post=7707"},{"taxonomy":"product_cat","embeddable":true,"href":"https:\/\/ecuremapcenter.com\/pt\/wp-json\/wp\/v2\/product_cat?post=7707"},{"taxonomy":"product_tag","embeddable":true,"href":"https:\/\/ecuremapcenter.com\/pt\/wp-json\/wp\/v2\/product_tag?post=7707"},{"taxonomy":"tool_configuration","embeddable":true,"href":"https:\/\/ecuremapcenter.com\/pt\/wp-json\/wp\/v2\/tool_configuration?post=7707"},{"taxonomy":"tool_interface","embeddable":true,"href":"https:\/\/ecuremapcenter.com\/pt\/wp-json\/wp\/v2\/tool_interface?post=7707"},{"taxonomy":"flashing_tools","embeddable":true,"href":"https:\/\/ecuremapcenter.com\/pt\/wp-json\/wp\/v2\/flashing_tools?post=7707"},{"taxonomy":"vehicle_types","embeddable":true,"href":"https:\/\/ecuremapcenter.com\/pt\/wp-json\/wp\/v2\/vehicle_types?post=7707"}],"curies":[{"name":"wp","href":"https:\/\/api.w.org\/{rel}","templated":true}]}}