{"id":7735,"date":"2025-02-14T10:45:47","date_gmt":"2025-02-14T09:45:47","guid":{"rendered":"https:\/\/ecuremapcenter.com\/?post_type=product&#038;p=7735"},"modified":"2025-09-25T11:12:05","modified_gmt":"2025-09-25T10:12:05","slug":"topdon-phoenix-elite","status":"publish","type":"product","link":"https:\/\/ecuremapcenter.com\/pt\/comprar\/topdon-phoenix-elite\/","title":{"rendered":"Topdon Phoenix Elite"},"content":{"rendered":"<p>O Phoenix Elite \u00e9 um scanner de diagn\u00f3stico de n\u00edvel profissional que oferece recursos de n\u00edvel OE. Com uma tela LCD de 10,1\u2033, processador de 4 n\u00facleos de 2,0 GHz e sistema operacional Android 10, esta ferramenta fornece recursos de diagn\u00f3stico r\u00e1pidos e precisos. Seu recurso de topologia permite que os t\u00e9cnicos tenham uma imagem clara dos sistemas de sensores do autom\u00f3vel e encontrem rapidamente problemas de comunica\u00e7\u00e3o ou identifiquem c\u00f3digos de problemas. O Elite oferece fun\u00e7\u00f5es especiais de manuten\u00e7\u00e3o e codifica\u00e7\u00e3o online para v\u00e1rias marcas. Esta ferramenta pode executar testes ativos, codifica\u00e7\u00e3o, inicializa\u00e7\u00f5es, redefini\u00e7\u00f5es de mem\u00f3ria e muito mais.<\/p>\n<h5>Caracter\u00edsticas<\/h5>\n<p><strong>CONECTE-SE AOS VE\u00cdCULOS MAIS NOVOS<br \/>\n<\/strong>A comunica\u00e7\u00e3o do ve\u00edculo \u00e9 aprimorada com a maioria dos protocolos de comunica\u00e7\u00e3o mais recentes. O Phoenix Elite vem equipado com capacidades VCI e CAN-FD sem fio.<\/p>\n<p><strong>TODOS OS DADOS EM UMA TELA<br \/>\n<\/strong>O mapeamento de topologia exibe sistemas de ve\u00edculos relacionados e rede CAN.<br \/>\nDiagnostique problemas de comunica\u00e7\u00e3o instantaneamente.<br \/>\nMapeamento codificado por cores do status de comunica\u00e7\u00e3o de cada m\u00f3dulo.<br \/>\nOfere\u00e7a testes ativos, fun\u00e7\u00f5es especiais, codifica\u00e7\u00e3o, inicializa\u00e7\u00e3o e redefini\u00e7\u00f5es de mem\u00f3ria.<\/p>\n<p><strong>FUN\u00c7\u00d5ES GUIADAS PARA VE\u00cdCULOS VAG<\/strong><br \/>\nProcedimentos de diagn\u00f3stico guiados passo a passo com base no c\u00f3digo para ve\u00edculos VW e Audi.<\/p>\n<p><strong>VIN AUTOM\u00c1TICO DE VE\u00cdCULOS E AUTODETEC\u00c7\u00c3O<\/strong><br \/>\nO Phoenix Elite captura automaticamente o n\u00famero VIN do ve\u00edculo e encontra todas as informa\u00e7\u00f5es relevantes sobre o ve\u00edculo. Use esse recurso para economizar tempo e evitar erros.<\/p>\n<p><strong>RELAT\u00d3RIOS DE PR\u00c9-ESCAN E P\u00d3S-ESCAN<\/strong><br \/>\nOs recursos Pre-Scan e Post-Scan permitem que o t\u00e9cnico registre os c\u00f3digos antes do reparo. Isso permitir\u00e1 que c\u00f3pias sejam fornecidas a companhias de seguros e clientes para aprova\u00e7\u00e3o do reparo.<br \/>\nQuando os reparos forem conclu\u00eddos, o relat\u00f3rio p\u00f3s-digitaliza\u00e7\u00e3o pode ser registrado, mostrando que todos os c\u00f3digos est\u00e3o limpos, exibindo o atestado de sa\u00fade do ve\u00edculo.<\/p>\n<p><strong>EXPANDA SUAS CAPACIDADES COM A CALIBRA\u00c7\u00c3O ADAS<\/strong><br \/>\nIndo al\u00e9m do diagn\u00f3stico, o Phoenix Elite introduz recursos ADAS para oficinas de autom\u00f3veis. Baixe as atualiza\u00e7\u00f5es ADAS e emparelhe com um sistema Phoenix ADAS para transformar seu Phoenix Elite em uma esta\u00e7\u00e3o de calibra\u00e7\u00e3o, criando um novo fluxo de receita para oficinas de autom\u00f3veis.<\/p>\n<h4>Especifica\u00e7\u00f5es<\/h4>\n<p><strong>Elite F\u00eanix:<\/strong><\/p>\n<ul>\n<li>Tela: LCD 10.1\u201d touchscreen, 1280*800<\/li>\n<li>CPU: Processador de 4 n\u00facleos, 2,0 GHz, Android 10.0<\/li>\n<li>Mem\u00f3ria RAM: 4G<\/li>\n<li>ROM 64G<\/li>\n<li>Bateria: 12000 mAh \/ 3,8 V<\/li>\n<li>Tens\u00e3o de opera\u00e7\u00e3o: 9~18V<\/li>\n<li>Temperatura de armazenamento: -20\u2103~60\u2103\uff08-4\u2109~140\u2109\uff09<\/li>\n<li>Temperatura de trabalho: 0\u2103~50\u2103\uff0832\u2109~122\u2109\uff09<\/li>\n<li>Dimens\u00e3o: 278*191*48 mm\uff0810,94*7,52*1,89\u2033\uff09<\/li>\n<li>Tamanho do pacote: 468*320*143 mm (18,43*12,60*5,63\u2033)<\/li>\n<li>Suporte multil\u00edngue: 24 idiomas<br \/>\nIngl\u00eas, alem\u00e3o, espanhol, franc\u00eas, italiano, japon\u00eas, portugu\u00eas, russo, polon\u00eas, turco, holand\u00eas, h\u00fangaro, chin\u00eas (tradicional), coreano, finland\u00eas, grego, eslovaco, romeno, \u00e1rabe, croata, esloveno, tcheco, dinamarqu\u00eas, noruegu\u00eas<\/li>\n<\/ul>\n<p><strong>F\u00eanix VCI:<\/strong><\/p>\n<ul>\n<li>Temperatura de trabalho: -10\u2103 a 50\u2103\uff0814\u2109 a 122\u2109\uff09<\/li>\n<li>Tens\u00e3o de opera\u00e7\u00e3o: 9 a 18 V<\/li>\n<li>Corrente de trabalho: \u2266 150 mA<\/li>\n<li>Dimens\u00e3o: 127 x 82 x 36 mm (5 x 3,22 x 1,42\u201d)<\/li>\n<li>Novo protocolo suportado: CANFD<\/li>\n<\/ul>\n<h4>Lista de embalagem<\/h4>\n<ul>\n<li>1* F\u00eanix Elite<\/li>\n<li>1* Phoenix MDCI (dongle VCI)<\/li>\n<li>1* OBDI Adaptador CAIXA Linha de Transfer\u00eancia<\/li>\n<li>1* Cabo de extens\u00e3o OBDII<\/li>\n<li>1* Cabo de isqueiro<\/li>\n<li>1* Cabo Tipo C para USB<\/li>\n<li>1* Grampos de bateria\/conjunto de cabos<\/li>\n<li>1* Adaptador de energia<\/li>\n<li>1* Manual do usu\u00e1rio<\/li>\n<li>1* Envelope de senha<\/li>\n<li>10* Kit de cabo adaptador n\u00e3o 16 pinos<\/li>\n<li>4* Fus\u00edvel (\u03c65*20mm)<\/li>\n<li>2* Fus\u00edvel (\u03c66*30mm)<\/li>\n<li>1* Cabo de programa\u00e7\u00e3o do chassi BMW F<\/li>\n<\/ul>\n<h4>Garantia e atualiza\u00e7\u00f5es<\/h4>\n<p>Garantia de dois anos.<br \/>\nDois anos de atualiza\u00e7\u00f5es de software gratuitas.<\/p>","protected":false},"excerpt":{"rendered":"<p>Desbloqueie diagn\u00f3sticos avan\u00e7ados com o TOPDON Phoenix Plus 2, uma vers\u00e3o aprimorada do Phoenix Plus.<br \/>\nCom o novo suporte CAN-FD, esta ferramenta agora cobre uma gama mais ampla de ve\u00edculos modernos.<\/p>","protected":false},"featured_media":7736,"template":"","meta":[],"product_brand":[130],"product_cat":[129],"product_tag":[],"tool_configuration":[],"tool_interface":[],"flashing_tools":[103],"vehicle_types":[],"class_list":{"0":"post-7735","1":"product","2":"type-product","3":"status-publish","4":"has-post-thumbnail","6":"product_brand-topdon","7":"product_cat-diagnostic","8":"product_shipping_class-heavy-items","9":"flashing_tools-universal","11":"first","12":"instock","13":"sale","14":"featured","15":"taxable","16":"shipping-taxable","17":"purchasable","18":"product-type-simple"},"bundled_by":[],"bundle_stock_status":"instock","bundle_stock_quantity":1,"bundle_virtual":false,"bundle_layout":"","bundle_add_to_cart_form_location":"","bundle_editable_in_cart":false,"bundle_sold_individually_context":"","bundle_item_grouping":"","bundle_min_size":"","bundle_max_size":"","bundle_price":[],"bundled_items":[],"bundle_sell_ids":[],"group_of_quantity":0,"min_quantity":0,"max_quantity":"","exclude_order_quantity_value_rules":"no","exclude_category_quantity_rules":"no","combine_variations":"no","acf":[],"yoast_head":"<!-- This site is optimized with the Yoast SEO plugin v27.4 - https:\/\/yoast.com\/product\/yoast-seo-wordpress\/ -->\n<title>Topdon Phoenix Elite | ECU Remap Center<\/title>\n<meta name=\"robots\" content=\"index, follow, max-snippet:-1, max-image-preview:large, max-video-preview:-1\" \/>\n<link rel=\"canonical\" href=\"https:\/\/ecuremapcenter.com\/pt\/comprar\/topdon-phoenix-elite\/\" \/>\n<meta property=\"og:locale\" content=\"pt_PT\" \/>\n<meta property=\"og:type\" content=\"article\" \/>\n<meta property=\"og:title\" content=\"Topdon Phoenix Elite | ECU Remap Center\" \/>\n<meta property=\"og:description\" content=\"Unlock advanced diagnostics with the TOPDON Phoenix Plus 2, an enhanced version of the Phoenix Plus. With new CAN-FD support, this tool now covers a broader range of modern vehicles.\" \/>\n<meta property=\"og:url\" content=\"https:\/\/ecuremapcenter.com\/pt\/comprar\/topdon-phoenix-elite\/\" \/>\n<meta property=\"og:site_name\" content=\"ECU Remap Center\" \/>\n<meta property=\"article:publisher\" content=\"https:\/\/www.facebook.com\/ecuremapcenter\" \/>\n<meta property=\"article:modified_time\" content=\"2025-09-25T10:12:05+00:00\" \/>\n<meta property=\"og:image\" content=\"https:\/\/ecuremapcenter.com\/wp-content\/uploads\/2025\/03\/topdon_phoenix_elite_1.jpg\" \/>\n\t<meta property=\"og:image:width\" content=\"1200\" \/>\n\t<meta property=\"og:image:height\" content=\"1200\" \/>\n\t<meta property=\"og:image:type\" content=\"image\/jpeg\" \/>\n<meta name=\"twitter:card\" content=\"summary_large_image\" \/>\n<meta name=\"twitter:label1\" content=\"Tempo estimado de leitura\" \/>\n\t<meta name=\"twitter:data1\" content=\"4 minutos\" \/>\n<script type=\"application\/ld+json\" class=\"yoast-schema-graph\">{\"@context\":\"https:\\\/\\\/schema.org\",\"@graph\":[{\"@type\":\"WebPage\",\"@id\":\"https:\\\/\\\/ecuremapcenter.com\\\/shop\\\/topdon-phoenix-elite\\\/\",\"url\":\"https:\\\/\\\/ecuremapcenter.com\\\/shop\\\/topdon-phoenix-elite\\\/\",\"name\":\"Topdon Phoenix Elite | ECU Remap Center\",\"isPartOf\":{\"@id\":\"https:\\\/\\\/ecuremapcenter.com\\\/#website\"},\"primaryImageOfPage\":{\"@id\":\"https:\\\/\\\/ecuremapcenter.com\\\/shop\\\/topdon-phoenix-elite\\\/#primaryimage\"},\"image\":{\"@id\":\"https:\\\/\\\/ecuremapcenter.com\\\/shop\\\/topdon-phoenix-elite\\\/#primaryimage\"},\"thumbnailUrl\":\"https:\\\/\\\/ecuremapcenter.com\\\/wp-content\\\/uploads\\\/2025\\\/03\\\/topdon_phoenix_elite_1.jpg\",\"datePublished\":\"2025-02-14T09:45:47+00:00\",\"dateModified\":\"2025-09-25T10:12:05+00:00\",\"breadcrumb\":{\"@id\":\"https:\\\/\\\/ecuremapcenter.com\\\/shop\\\/topdon-phoenix-elite\\\/#breadcrumb\"},\"inLanguage\":\"pt-PT\",\"potentialAction\":[{\"@type\":\"ReadAction\",\"target\":[\"https:\\\/\\\/ecuremapcenter.com\\\/shop\\\/topdon-phoenix-elite\\\/\"]}]},{\"@type\":\"ImageObject\",\"inLanguage\":\"pt-PT\",\"@id\":\"https:\\\/\\\/ecuremapcenter.com\\\/shop\\\/topdon-phoenix-elite\\\/#primaryimage\",\"url\":\"https:\\\/\\\/ecuremapcenter.com\\\/wp-content\\\/uploads\\\/2025\\\/03\\\/topdon_phoenix_elite_1.jpg\",\"contentUrl\":\"https:\\\/\\\/ecuremapcenter.com\\\/wp-content\\\/uploads\\\/2025\\\/03\\\/topdon_phoenix_elite_1.jpg\",\"width\":1200,\"height\":1200,\"caption\":\"topdon phoenix elite diagnostic device - product photo\"},{\"@type\":\"BreadcrumbList\",\"@id\":\"https:\\\/\\\/ecuremapcenter.com\\\/shop\\\/topdon-phoenix-elite\\\/#breadcrumb\",\"itemListElement\":[{\"@type\":\"ListItem\",\"position\":1,\"name\":\"Home\",\"item\":\"https:\\\/\\\/ecuremapcenter.com\\\/\"},{\"@type\":\"ListItem\",\"position\":2,\"name\":\"Shop\",\"item\":\"https:\\\/\\\/ecuremapcenter.com\\\/shop\\\/\"},{\"@type\":\"ListItem\",\"position\":3,\"name\":\"Topdon Phoenix Elite\"}]},{\"@type\":\"WebSite\",\"@id\":\"https:\\\/\\\/ecuremapcenter.com\\\/#website\",\"url\":\"https:\\\/\\\/ecuremapcenter.com\\\/\",\"name\":\"ECU Remap Center\",\"description\":\"High quality ECU, TCU remaps and DPF Off, EGR Off, SCR Off solutions for chip tuning professionals\",\"publisher\":{\"@id\":\"https:\\\/\\\/ecuremapcenter.com\\\/#organization\"},\"alternateName\":\"ERC\",\"potentialAction\":[{\"@type\":\"SearchAction\",\"target\":{\"@type\":\"EntryPoint\",\"urlTemplate\":\"https:\\\/\\\/ecuremapcenter.com\\\/?s={search_term_string}\"},\"query-input\":{\"@type\":\"PropertyValueSpecification\",\"valueRequired\":true,\"valueName\":\"search_term_string\"}}],\"inLanguage\":\"pt-PT\"},{\"@type\":\"Organization\",\"@id\":\"https:\\\/\\\/ecuremapcenter.com\\\/#organization\",\"name\":\"ECU Remap Center\",\"alternateName\":\"ERC\",\"url\":\"https:\\\/\\\/ecuremapcenter.com\\\/\",\"logo\":{\"@type\":\"ImageObject\",\"inLanguage\":\"pt-PT\",\"@id\":\"https:\\\/\\\/ecuremapcenter.com\\\/#\\\/schema\\\/logo\\\/image\\\/\",\"url\":\"https:\\\/\\\/ecuremapcenter.com\\\/wp-content\\\/uploads\\\/2021\\\/06\\\/erc-logo.svg\",\"contentUrl\":\"https:\\\/\\\/ecuremapcenter.com\\\/wp-content\\\/uploads\\\/2021\\\/06\\\/erc-logo.svg\",\"width\":780,\"height\":236,\"caption\":\"ECU Remap Center\"},\"image\":{\"@id\":\"https:\\\/\\\/ecuremapcenter.com\\\/#\\\/schema\\\/logo\\\/image\\\/\"},\"sameAs\":[\"https:\\\/\\\/www.facebook.com\\\/ecuremapcenter\",\"https:\\\/\\\/www.instagram.com\\\/ecuremapcenter\\\/\"]}]}<\/script>\n<!-- \/ Yoast SEO plugin. -->","yoast_head_json":{"title":"Topdon Phoenix Elite | Centro de Remapeamento de ECU","robots":{"index":"index","follow":"follow","max-snippet":"max-snippet:-1","max-image-preview":"max-image-preview:large","max-video-preview":"max-video-preview:-1"},"canonical":"https:\/\/ecuremapcenter.com\/pt\/comprar\/topdon-phoenix-elite\/","og_locale":"pt_PT","og_type":"article","og_title":"Topdon Phoenix Elite | ECU Remap Center","og_description":"Unlock advanced diagnostics with the TOPDON Phoenix Plus 2, an enhanced version of the Phoenix Plus. With new CAN-FD support, this tool now covers a broader range of modern vehicles.","og_url":"https:\/\/ecuremapcenter.com\/pt\/comprar\/topdon-phoenix-elite\/","og_site_name":"ECU Remap Center","article_publisher":"https:\/\/www.facebook.com\/ecuremapcenter","article_modified_time":"2025-09-25T10:12:05+00:00","og_image":[{"width":1200,"height":1200,"url":"https:\/\/ecuremapcenter.com\/wp-content\/uploads\/2025\/03\/topdon_phoenix_elite_1.jpg","type":"image\/jpeg"}],"twitter_card":"summary_large_image","twitter_misc":{"Tempo estimado de leitura":"4 minutos"},"schema":{"@context":"https:\/\/schema.org","@graph":[{"@type":"WebPage","@id":"https:\/\/ecuremapcenter.com\/shop\/topdon-phoenix-elite\/","url":"https:\/\/ecuremapcenter.com\/shop\/topdon-phoenix-elite\/","name":"Topdon Phoenix Elite | Centro de Remapeamento de ECU","isPartOf":{"@id":"https:\/\/ecuremapcenter.com\/#website"},"primaryImageOfPage":{"@id":"https:\/\/ecuremapcenter.com\/shop\/topdon-phoenix-elite\/#primaryimage"},"image":{"@id":"https:\/\/ecuremapcenter.com\/shop\/topdon-phoenix-elite\/#primaryimage"},"thumbnailUrl":"https:\/\/ecuremapcenter.com\/wp-content\/uploads\/2025\/03\/topdon_phoenix_elite_1.jpg","datePublished":"2025-02-14T09:45:47+00:00","dateModified":"2025-09-25T10:12:05+00:00","breadcrumb":{"@id":"https:\/\/ecuremapcenter.com\/shop\/topdon-phoenix-elite\/#breadcrumb"},"inLanguage":"pt-PT","potentialAction":[{"@type":"ReadAction","target":["https:\/\/ecuremapcenter.com\/shop\/topdon-phoenix-elite\/"]}]},{"@type":"ImageObject","inLanguage":"pt-PT","@id":"https:\/\/ecuremapcenter.com\/shop\/topdon-phoenix-elite\/#primaryimage","url":"https:\/\/ecuremapcenter.com\/wp-content\/uploads\/2025\/03\/topdon_phoenix_elite_1.jpg","contentUrl":"https:\/\/ecuremapcenter.com\/wp-content\/uploads\/2025\/03\/topdon_phoenix_elite_1.jpg","width":1200,"height":1200,"caption":"topdon phoenix elite diagnostic device - product photo"},{"@type":"BreadcrumbList","@id":"https:\/\/ecuremapcenter.com\/shop\/topdon-phoenix-elite\/#breadcrumb","itemListElement":[{"@type":"ListItem","position":1,"name":"Home","item":"https:\/\/ecuremapcenter.com\/"},{"@type":"ListItem","position":2,"name":"Shop","item":"https:\/\/ecuremapcenter.com\/shop\/"},{"@type":"ListItem","position":3,"name":"Topdon Phoenix Elite"}]},{"@type":"WebSite","@id":"https:\/\/ecuremapcenter.com\/#website","url":"https:\/\/ecuremapcenter.com\/","name":"Centro de Remapeamento ECU","description":"ECU de alta qualidade, remapeamentos de TCU e solu\u00e7\u00f5es DPF Off, EGR Off, SCR Off para profissionais de ajuste de chip","publisher":{"@id":"https:\/\/ecuremapcenter.com\/#organization"},"alternateName":"ERC","potentialAction":[{"@type":"SearchAction","target":{"@type":"EntryPoint","urlTemplate":"https:\/\/ecuremapcenter.com\/?s={search_term_string}"},"query-input":{"@type":"PropertyValueSpecification","valueRequired":true,"valueName":"search_term_string"}}],"inLanguage":"pt-PT"},{"@type":"Organization","@id":"https:\/\/ecuremapcenter.com\/#organization","name":"Centro de Remapeamento ECU","alternateName":"ERC","url":"https:\/\/ecuremapcenter.com\/","logo":{"@type":"ImageObject","inLanguage":"pt-PT","@id":"https:\/\/ecuremapcenter.com\/#\/schema\/logo\/image\/","url":"https:\/\/ecuremapcenter.com\/wp-content\/uploads\/2021\/06\/erc-logo.svg","contentUrl":"https:\/\/ecuremapcenter.com\/wp-content\/uploads\/2021\/06\/erc-logo.svg","width":780,"height":236,"caption":"ECU Remap Center"},"image":{"@id":"https:\/\/ecuremapcenter.com\/#\/schema\/logo\/image\/"},"sameAs":["https:\/\/www.facebook.com\/ecuremapcenter","https:\/\/www.instagram.com\/ecuremapcenter\/"]}]}},"_links":{"self":[{"href":"https:\/\/ecuremapcenter.com\/pt\/wp-json\/wp\/v2\/product\/7735","targetHints":{"allow":["GET"]}}],"collection":[{"href":"https:\/\/ecuremapcenter.com\/pt\/wp-json\/wp\/v2\/product"}],"about":[{"href":"https:\/\/ecuremapcenter.com\/pt\/wp-json\/wp\/v2\/types\/product"}],"wp:featuredmedia":[{"embeddable":true,"href":"https:\/\/ecuremapcenter.com\/pt\/wp-json\/wp\/v2\/media\/7736"}],"wp:attachment":[{"href":"https:\/\/ecuremapcenter.com\/pt\/wp-json\/wp\/v2\/media?parent=7735"}],"wp:term":[{"taxonomy":"product_brand","embeddable":true,"href":"https:\/\/ecuremapcenter.com\/pt\/wp-json\/wp\/v2\/product_brand?post=7735"},{"taxonomy":"product_cat","embeddable":true,"href":"https:\/\/ecuremapcenter.com\/pt\/wp-json\/wp\/v2\/product_cat?post=7735"},{"taxonomy":"product_tag","embeddable":true,"href":"https:\/\/ecuremapcenter.com\/pt\/wp-json\/wp\/v2\/product_tag?post=7735"},{"taxonomy":"tool_configuration","embeddable":true,"href":"https:\/\/ecuremapcenter.com\/pt\/wp-json\/wp\/v2\/tool_configuration?post=7735"},{"taxonomy":"tool_interface","embeddable":true,"href":"https:\/\/ecuremapcenter.com\/pt\/wp-json\/wp\/v2\/tool_interface?post=7735"},{"taxonomy":"flashing_tools","embeddable":true,"href":"https:\/\/ecuremapcenter.com\/pt\/wp-json\/wp\/v2\/flashing_tools?post=7735"},{"taxonomy":"vehicle_types","embeddable":true,"href":"https:\/\/ecuremapcenter.com\/pt\/wp-json\/wp\/v2\/vehicle_types?post=7735"}],"curies":[{"name":"wp","href":"https:\/\/api.w.org\/{rel}","templated":true}]}}